{"id":2559,"date":"2023-05-03T11:17:04","date_gmt":"2023-05-03T09:17:04","guid":{"rendered":"https:\/\/mind-treats.com\/product\/power-greens-vitality-2\/"},"modified":"2026-02-06T17:44:19","modified_gmt":"2026-02-06T16:44:19","slug":"power-greens-vitality","status":"publish","type":"product","link":"https:\/\/mind-treats.com\/nl\/product\/power-greens-vitality\/","title":{"rendered":"Power-Greens | VITALITY"},"content":{"rendered":"<h2><span data-text-color=\"primary\">Maak kennis met Power Greens | VITALITY<\/span><\/h2>\n<h3 class=\"uppercase\">Voor een evenwichtiger leven!<\/h3>\n<p>Met 60 capsules per fles past <a href=\"https:\/\/mind-treats.com\/nl\/product\/power-greens-vitality\/\">Power Greens | VITALITY<\/a> naadloos in je dagelijkse routine. Ervaar de revitaliserende effecten terwijl je deze Super Greens capsules in je welzijnsreis opneemt. Of je nu een drukke professional bent die deadlines uitdaagt of een actief betrokken individu dat avonturen in het leven omarmt. Misschien ben je gewoon iemand die op zoek is naar een extra dosis natuurlijke energie. Je kunt erop vertrouwen dat we deze capsules met Power Greens poeder speciaal voor jou hebben gemaakt.<\/p>\n<p>Ontworpen om niet alleen je lichaam te voeden maar ook je geest te versterken, hierdoor past dit uitzonderlijke supplement naadloos in je routine en geeft je de kracht om de dag met vernieuwde vitaliteit te grijpen.<\/p>\n<p>De dagelijks aanbevolen dosis is 2 capsules per dag.<\/p>\n<h4 class=\"uppercase\">Een natuurlijke alles-in-\u00e9\u00e9n oplossing voor vitaliteit.<\/h4>\n<p>Verhoog je welzijn met onze zorgvuldig samengestelde Super Greens capsule mix van de beste ingredi\u00ebnten van de natuur, gevangen in HPMC capsules. Ontketen de kracht van vitaliteit bij elke Power Greens capsule, een uitgebreide mix van Alfalfa, Spirulina, Chlorella, Brandnetel, Lithothamnium Calcareum, Gerstegras, Lucuma en Moringa. Boordevol essenti\u00eble vitaminen zoals <a href=\"https:\/\/mind-treats.com\/nl\/voedingsstudies\/#vitamin-a\">A<\/a>, <a href=\"https:\/\/mind-treats.com\/nl\/voedingsstudies\/#vitamin-c\">C<\/a>, <a href=\"https:\/\/mind-treats.com\/nl\/voedingsstudies\/#vitamin-d\">D<\/a> en <a href=\"https:\/\/mind-treats.com\/nl\/voedingsstudies\/#vitamin-k\">K<\/a>, evenals een rijke reeks mineralen zoals calcium, ijzer en kalium. Daarom is deze krachtige formule je paspoort naar een gezonder, levendiger leven.<\/p>\n<p>De voordelen van elk zorgvuldig gekozen Super Greens zijn samengevoegd om een holistische synergie te cre\u00ebren die je immuunsysteem ondersteunt, energieniveaus verhoogt en algemeen welzijn bevordert. Alfalfa biedt een voedingsstofrijke samenstelling, terwijl Spirulina en Chlorella zorgen voor een stoot van plantaardige eiwitten. Brandnetel brengt zijn ontgiftende kracht, en <a href=\"https:\/\/www.sourcevital.com\/pages\/amazing-benefits-of-algae-seaweed#:~:text=Lithothamnium%20Calcareum%20%E2%80%93%20This%20is%20a,easing%20the%20effects%20of%20stress.\">Lithothamnium Calcareum<\/a> levert mariene mineralen voor de gezondheid van de botten. <a href=\"https:\/\/en.wikipedia.org\/wiki\/Barley\">Gerstegras<\/a>, <a href=\"https:\/\/www.webmd.com\/diet\/health-benefits-lucuma#:~:text=Lucuma%20fruit%20contains%20a%20lot,clear%20waste%20from%20the%20system.&amp;text=Lucuma%20has%20high%20levels%20of,disease%20as%20well%20as%20diabetes.\">Lucuma<\/a> en <a href=\"https:\/\/www.medicalnewstoday.com\/articles\/319916#nutrients\">Moringa<\/a> verrijken de mix met hun respectieve unieke voedingsbijdragen.<\/p>\n<p>We zijn toegewijd aan niet alleen je gezondheid, maar ook het welzijn van de planeet. Hierom wordt het product geleverd in een verpakking gemaakt van milieuvriendelijk graskarton, wat je ecologische voetafdruk vermindert. Ten slotte zijn zelfs de labels composteerbaar, wat onze toewijding aan duurzaamheid weerspiegelt.<\/p>\n<p>Verhoog vandaag nog je vitaliteit met Power Greens poeder &#8211; je alles-in-\u00e9\u00e9n oplossing voor een natuurlijk verrijkt leven. Herlaad, revitaliseer en overwin elke dag met de kracht van Power Greens | VITALITY.<\/p>\n<p>Bij Mind-treats vervaardigen en verpakken we elk product nauwgezet met behulp van milieuvriendelijke materialen. We zorgen voor mens en natuur.<\/p>\n<p>Verpakkingsdetails:<\/p>\n<p><img loading=\"lazy\" decoding=\"async\" class=\"alignnone wp-image-1244\" src=\"https:\/\/mind-treats.com\/wp-content\/uploads\/2023\/05\/compostable_en_icon-1-150x150.png\" alt=\"\" width=\"60\" height=\"60\" srcset=\"https:\/\/mind-treats.com\/wp-content\/uploads\/2023\/05\/compostable_en_icon-1-150x150.png 150w, https:\/\/mind-treats.com\/wp-content\/uploads\/2023\/05\/compostable_en_icon-1-300x300.png 300w, https:\/\/mind-treats.com\/wp-content\/uploads\/2023\/05\/compostable_en_icon-1-100x100.png 100w, https:\/\/mind-treats.com\/wp-content\/uploads\/2023\/05\/compostable_en_icon-1.png 331w\" sizes=\"auto, (max-width: 60px) 100vw, 60px\" \/> <img loading=\"lazy\" decoding=\"async\" class=\"alignnone wp-image-1246\" src=\"https:\/\/mind-treats.com\/wp-content\/uploads\/2023\/05\/hdpe_icon-150x150.png\" alt=\"\" width=\"60\" height=\"60\" srcset=\"https:\/\/mind-treats.com\/wp-content\/uploads\/2023\/05\/hdpe_icon-150x150.png 150w, https:\/\/mind-treats.com\/wp-content\/uploads\/2023\/05\/hdpe_icon-300x300.png 300w, https:\/\/mind-treats.com\/wp-content\/uploads\/2023\/05\/hdpe_icon-100x100.png 100w, https:\/\/mind-treats.com\/wp-content\/uploads\/2023\/05\/hdpe_icon.png 331w\" sizes=\"auto, (max-width: 60px) 100vw, 60px\" \/><img loading=\"lazy\" decoding=\"async\" class=\"alignnone wp-image-1243\" style=\"font-size: 14.4px;\" src=\"https:\/\/mind-treats.com\/wp-content\/uploads\/2023\/05\/alu_icon-150x150.png\" alt=\"\" width=\"60\" height=\"60\" srcset=\"https:\/\/mind-treats.com\/wp-content\/uploads\/2023\/05\/alu_icon-150x150.png 150w, https:\/\/mind-treats.com\/wp-content\/uploads\/2023\/05\/alu_icon-300x300.png 300w, https:\/\/mind-treats.com\/wp-content\/uploads\/2023\/05\/alu_icon-100x100.png 100w, https:\/\/mind-treats.com\/wp-content\/uploads\/2023\/05\/alu_icon.png 331w\" sizes=\"auto, (max-width: 60px) 100vw, 60px\" \/><\/p>\n","protected":false},"excerpt":{"rendered":"<p><span style=\"font-weight: 400;\">Verbeter je dieet op natuurlijke wijze met een zorgvuldig samengestelde mix van groenten en bladgroenten in \u00e9\u00e9n capsule. Elke capsule bevat een uitgebreide hoeveelheid micronutri\u00ebnten zoals essenti\u00eble vitaminen, calcium, ijzer en kalium. Met zorg samengesteld, bevat elke fles 60 op planten gebaseerde capsules, speciaal voor degenen die hun welzijn prioriteren.<\/span><\/p>\n<h4 data-wp-editing=\"1\"><img loading=\"lazy\" decoding=\"async\" class=\"alignnone wp-image-4392\" src=\"https:\/\/mind-treats.com\/wp-content\/uploads\/2023\/10\/checkmark_web.png\" alt=\"\" width=\"30\" height=\"30\" srcset=\"https:\/\/mind-treats.com\/wp-content\/uploads\/2023\/10\/checkmark_web.png 242w, https:\/\/mind-treats.com\/wp-content\/uploads\/2023\/10\/checkmark_web-100x100.png 100w\" sizes=\"auto, (max-width: 30px) 100vw, 30px\" \/> <span data-text-color=\"success\">Natuurlijke bron voor een spectrum aan vitaminen en mineralen<\/span><\/h4>\n<h4 data-wp-editing=\"1\"><span data-text-color=\"success\"><img loading=\"lazy\" decoding=\"async\" class=\"alignnone wp-image-4392\" src=\"https:\/\/mind-treats.com\/wp-content\/uploads\/2023\/10\/checkmark_web.png\" alt=\"\" width=\"30\" height=\"30\" srcset=\"https:\/\/mind-treats.com\/wp-content\/uploads\/2023\/10\/checkmark_web.png 242w, https:\/\/mind-treats.com\/wp-content\/uploads\/2023\/10\/checkmark_web-100x100.png 100w\" sizes=\"auto, (max-width: 30px) 100vw, 30px\" \/> <\/span><span data-text-color=\"success\">Ondersteunt het immuunsysteem en andere essenti\u00eble functies<\/span><\/h4>\n<h4 data-wp-editing=\"1\"><span data-text-color=\"success\"><img loading=\"lazy\" decoding=\"async\" class=\"alignnone wp-image-4392\" src=\"https:\/\/mind-treats.com\/wp-content\/uploads\/2023\/10\/checkmark_web.png\" alt=\"\" width=\"30\" height=\"30\" srcset=\"https:\/\/mind-treats.com\/wp-content\/uploads\/2023\/10\/checkmark_web.png 242w, https:\/\/mind-treats.com\/wp-content\/uploads\/2023\/10\/checkmark_web-100x100.png 100w\" sizes=\"auto, (max-width: 30px) 100vw, 30px\" \/> <\/span><span data-text-color=\"success\">100% Natuurlijk supplement<\/span><\/h4>\n<div class=\"row icon-row\"  id=\"row-2020199674\">\n\n\t<div id=\"col-1061348780\" class=\"col medium-1\/4 large-3\"  >\n\t\t\t\t<div class=\"col-inner\"  >\n\t\t\t\n\t\t\t\n\n\t\t<div class=\"icon-box featured-box icon-box icon-box-top text-left\"  >\n\t\t\t\t<div class=\"icon-box-text last-reset\">\n\t\t\t\t\t\t\t\t\t\n<p><img loading=\"lazy\" decoding=\"async\" class=\"wp-image-490 alignnone aligncenter\" src=\"https:\/\/mind-treats.com\/wp-content\/uploads\/2023\/05\/natural_icon-150x150.png\" alt=\"\" width=\"72\" height=\"72\" srcset=\"https:\/\/mind-treats.com\/wp-content\/uploads\/2023\/05\/natural_icon-150x150.png 150w, https:\/\/mind-treats.com\/wp-content\/uploads\/2023\/05\/natural_icon-100x100.png 100w, https:\/\/mind-treats.com\/wp-content\/uploads\/2023\/05\/natural_icon.png 195w\" sizes=\"auto, (max-width: 72px) 100vw, 72px\" \/><\/p>\n<h5 class=\"uppercase\" style=\"text-align: center;\"><span data-text-color=\"secondary\">100% Natuurlijk en biologisch<\/span><\/h5>\n\t\t<\/div>\n\t<\/div>\n\t\n\t\n<p style=\"text-align: left;\">\t\t<\/div>\n\t\t\t\t\t<\/div>\n\n\t\n\n\t<div id=\"col-1099321952\" class=\"col medium-1\/4 large-3\"  >\n\t\t\t\t<div class=\"col-inner\"  >\n\t\t\t\n\t\t\t\n\n\t\t<div class=\"icon-box featured-box icon-box icon-box-top text-left\"  >\n\t\t\t\t<div class=\"icon-box-text last-reset\">\n\t\t\t\t\t\t\t\t\t\n<p><img loading=\"lazy\" decoding=\"async\" class=\"aligncenter wp-image-487\" src=\"https:\/\/mind-treats.com\/wp-content\/uploads\/2023\/05\/comp_icon-150x150.png\" alt=\"\" width=\"72\" height=\"72\" srcset=\"https:\/\/mind-treats.com\/wp-content\/uploads\/2023\/05\/comp_icon-150x150.png 150w, https:\/\/mind-treats.com\/wp-content\/uploads\/2023\/05\/comp_icon-100x100.png 100w, https:\/\/mind-treats.com\/wp-content\/uploads\/2023\/05\/comp_icon.png 195w\" sizes=\"auto, (max-width: 72px) 100vw, 72px\" \/><\/p>\n<h5 class=\"uppercase\" style=\"text-align: center;\"><span data-text-color=\"secondary\">Milieu vriendelijk verpakt<\/span><\/h5>\n\t\t<\/div>\n\t<\/div>\n\t\n\t\n\t\t<\/div>\n\t\t\t\t\t<\/div>\n\n\t\n\n\t<div id=\"col-414127163\" class=\"col medium-1\/4 large-3\"  >\n\t\t\t\t<div class=\"col-inner\"  >\n\t\t\t\n\t\t\t\n\n\t\t<div class=\"icon-box featured-box icon-box icon-box-top text-left\"  >\n\t\t\t\t<div class=\"icon-box-text last-reset\">\n\t\t\t\t\t\t\t\t\t\n<p><img loading=\"lazy\" decoding=\"async\" class=\"wp-image-486 aligncenter\" src=\"https:\/\/mind-treats.com\/wp-content\/uploads\/2023\/05\/vegan_icon-150x150.png\" alt=\"\" width=\"72\" height=\"72\" srcset=\"https:\/\/mind-treats.com\/wp-content\/uploads\/2023\/05\/vegan_icon-150x150.png 150w, https:\/\/mind-treats.com\/wp-content\/uploads\/2023\/05\/vegan_icon-100x100.png 100w, https:\/\/mind-treats.com\/wp-content\/uploads\/2023\/05\/vegan_icon.png 195w\" sizes=\"auto, (max-width: 72px) 100vw, 72px\" \/><\/p>\n<h5 class=\"uppercase\" style=\"text-align: center;\"><span data-text-color=\"secondary\">Geschikt voor veganisten<\/span><\/h5>\n\t\t<\/div>\n\t<\/div>\n\t\n\t\n\t\t<\/div>\n\t\t\t\t\t<\/div>\n\n\t\n\n\t<div id=\"col-1788146998\" class=\"col medium-1\/4 large-3\"  >\n\t\t\t\t<div class=\"col-inner\"  >\n\t\t\t\n\t\t\t\n\n\t\t<div class=\"icon-box featured-box icon-box icon-box-top text-left\"  >\n\t\t\t\t<div class=\"icon-box-text last-reset\">\n\t\t\t\t\t\t\t\t\t\n<p><img loading=\"lazy\" decoding=\"async\" class=\"aligncenter wp-image-488\" src=\"https:\/\/mind-treats.com\/wp-content\/uploads\/2023\/05\/free_shipping-150x150.png\" alt=\"\" width=\"72\" height=\"72\" srcset=\"https:\/\/mind-treats.com\/wp-content\/uploads\/2023\/05\/free_shipping-150x150.png 150w, https:\/\/mind-treats.com\/wp-content\/uploads\/2023\/05\/free_shipping-100x100.png 100w, https:\/\/mind-treats.com\/wp-content\/uploads\/2023\/05\/free_shipping.png 195w\" sizes=\"auto, (max-width: 72px) 100vw, 72px\" \/><\/p>\n<h5 class=\"uppercase\" style=\"text-align: center;\"><span data-text-color=\"secondary\">Gratis verzending vanaf 55\u20ac<\/span><\/h5>\n\t\t<\/div>\n\t<\/div>\n\t\n\t\n\t\t<\/div>\n\t\t\t\t\t<\/div>\n\n\t\n<\/div>\n<p>&nbsp;<\/p>\n<h4 class=\"uppercase\"><span data-text-color=\"primary\"><strong>Volumekorting<\/strong><\/span><\/h4>\n<p>Je kunt <a href=\"https:\/\/mind-treats.com\/nl\/product-categorie\/adaptogeen\/kruidensupplementen\/\">KRUIDEN<\/a> producten combineren om de volumekorting te ontvangen!<\/p>\n","protected":false},"featured_media":5764,"template":"","meta":[],"product_brand":[],"product_cat":[89,91,99],"product_tag":[109,111,141],"class_list":{"0":"post-2559","1":"product","2":"type-product","3":"status-publish","4":"has-post-thumbnail","6":"product_cat-adaptogeen","7":"product_cat-kruidensupplementen","8":"product_cat-vitaminen-en-supplementen","9":"product_tag-adaptogenen","10":"product_tag-capsules","11":"product_tag-natuurlijke-supplementen","13":"first","14":"instock","15":"taxable","16":"shipping-taxable","17":"purchasable","18":"product-type-simple"},"yoast_head":"<!-- This site is optimized with the Yoast SEO plugin v26.4 - https:\/\/yoast.com\/wordpress\/plugins\/seo\/ -->\n<title>Power Greens VITALITY Capsules | Mind-treats<\/title>\n<meta name=\"description\" content=\"Deze super greens poeder capsules versterken vitaliteit met natuurlijke groente mix en micronutri\u00ebnten in \u00e9\u00e9n dosis. GRATIS verzending in Europa. \u2714\ufe0f\" \/>\n<meta name=\"robots\" content=\"index, follow, max-snippet:-1, max-image-preview:large, max-video-preview:-1\" \/>\n<link rel=\"canonical\" href=\"https:\/\/mind-treats.com\/nl\/product\/power-greens-vitality\/\" \/>\n<meta property=\"og:locale\" content=\"nl_NL\" \/>\n<meta property=\"og:type\" content=\"article\" \/>\n<meta property=\"og:title\" content=\"Power Greens VITALITY Capsules | Mind-treats\" \/>\n<meta property=\"og:description\" content=\"Deze super greens poeder capsules versterken vitaliteit met natuurlijke groente mix en micronutri\u00ebnten in \u00e9\u00e9n dosis. GRATIS verzending in Europa. \u2714\ufe0f\" \/>\n<meta property=\"og:url\" content=\"https:\/\/mind-treats.com\/nl\/product\/power-greens-vitality\/\" \/>\n<meta property=\"og:site_name\" content=\"Mind-treats\" \/>\n<meta property=\"article:publisher\" content=\"https:\/\/www.facebook.com\/mind.treats.microdosing\" \/>\n<meta property=\"article:modified_time\" content=\"2026-02-06T16:44:19+00:00\" \/>\n<meta property=\"og:image\" content=\"https:\/\/mind-treats.com\/wp-content\/uploads\/2024\/01\/PG60_capsule_box_NL.webp\" \/>\n\t<meta property=\"og:image:width\" content=\"1000\" \/>\n\t<meta property=\"og:image:height\" content=\"1000\" \/>\n\t<meta property=\"og:image:type\" content=\"image\/webp\" \/>\n<meta name=\"twitter:card\" content=\"summary_large_image\" \/>\n<meta name=\"twitter:label1\" content=\"Geschatte leestijd\" \/>\n\t<meta name=\"twitter:data1\" content=\"3 minuten\" \/>\n<script type=\"application\/ld+json\" class=\"yoast-schema-graph\">{\"@context\":\"https:\/\/schema.org\",\"@graph\":[{\"@type\":[\"WebPage\",\"ItemPage\"],\"@id\":\"https:\/\/mind-treats.com\/nl\/product\/power-greens-vitality\/\",\"url\":\"https:\/\/mind-treats.com\/nl\/product\/power-greens-vitality\/\",\"name\":\"Power Greens VITALITY Capsules | Mind-treats\",\"isPartOf\":{\"@id\":\"https:\/\/mind-treats.com\/nl\/#website\"},\"primaryImageOfPage\":{\"@id\":\"https:\/\/mind-treats.com\/nl\/product\/power-greens-vitality\/#primaryimage\"},\"image\":{\"@id\":\"https:\/\/mind-treats.com\/nl\/product\/power-greens-vitality\/#primaryimage\"},\"thumbnailUrl\":\"https:\/\/mind-treats.com\/wp-content\/uploads\/2024\/01\/PG60_capsule_box_NL.webp\",\"datePublished\":\"2023-05-03T09:17:04+00:00\",\"dateModified\":\"2026-02-06T16:44:19+00:00\",\"description\":\"Deze super greens poeder capsules versterken vitaliteit met natuurlijke groente mix en micronutri\u00ebnten in \u00e9\u00e9n dosis. GRATIS verzending in Europa. \u2714\ufe0f\",\"breadcrumb\":{\"@id\":\"https:\/\/mind-treats.com\/nl\/product\/power-greens-vitality\/#breadcrumb\"},\"inLanguage\":\"nl-NL\",\"potentialAction\":[{\"@type\":\"ReadAction\",\"target\":[\"https:\/\/mind-treats.com\/nl\/product\/power-greens-vitality\/\"]}]},{\"@type\":\"ImageObject\",\"inLanguage\":\"nl-NL\",\"@id\":\"https:\/\/mind-treats.com\/nl\/product\/power-greens-vitality\/#primaryimage\",\"url\":\"https:\/\/mind-treats.com\/wp-content\/uploads\/2024\/01\/PG60_capsule_box_NL.webp\",\"contentUrl\":\"https:\/\/mind-treats.com\/wp-content\/uploads\/2024\/01\/PG60_capsule_box_NL.webp\",\"width\":1000,\"height\":1000,\"caption\":\"power greens capsules, super greens capsules, poeder doos composteerbaar\"},{\"@type\":\"BreadcrumbList\",\"@id\":\"https:\/\/mind-treats.com\/nl\/product\/power-greens-vitality\/#breadcrumb\",\"itemListElement\":[{\"@type\":\"ListItem\",\"position\":1,\"name\":\"Startpagina\",\"item\":\"https:\/\/mind-treats.com\/nl\/\"},{\"@type\":\"ListItem\",\"position\":2,\"name\":\"Onlinewinkel\",\"item\":\"https:\/\/mind-treats.com\/shop\/\"},{\"@type\":\"ListItem\",\"position\":3,\"name\":\"Adaptogeen\",\"item\":\"https:\/\/mind-treats.com\/nl\/product-categorie\/adaptogeen\/\"},{\"@type\":\"ListItem\",\"position\":4,\"name\":\"Kruidensupplementen\",\"item\":\"https:\/\/mind-treats.com\/nl\/product-categorie\/adaptogeen\/kruidensupplementen\/\"},{\"@type\":\"ListItem\",\"position\":5,\"name\":\"Power-Greens | VITALITY\"}]},{\"@type\":\"WebSite\",\"@id\":\"https:\/\/mind-treats.com\/nl\/#website\",\"url\":\"https:\/\/mind-treats.com\/nl\/\",\"name\":\"Mind-treats\",\"description\":\"Treat yourself smart!\",\"publisher\":{\"@id\":\"https:\/\/mind-treats.com\/nl\/#organization\"},\"alternateName\":\"Mind treats\",\"potentialAction\":[{\"@type\":\"SearchAction\",\"target\":{\"@type\":\"EntryPoint\",\"urlTemplate\":\"https:\/\/mind-treats.com\/nl\/?s={search_term_string}\"},\"query-input\":{\"@type\":\"PropertyValueSpecification\",\"valueRequired\":true,\"valueName\":\"search_term_string\"}}],\"inLanguage\":\"nl-NL\"},{\"@type\":\"Organization\",\"@id\":\"https:\/\/mind-treats.com\/nl\/#organization\",\"name\":\"Mind treats Microdosing\",\"alternateName\":\"Mind treats\",\"url\":\"https:\/\/mind-treats.com\/nl\/\",\"logo\":{\"@type\":\"ImageObject\",\"inLanguage\":\"nl-NL\",\"@id\":\"https:\/\/mind-treats.com\/nl\/#\/schema\/logo\/image\/\",\"url\":\"https:\/\/mind-treats.com\/wp-content\/uploads\/2023\/08\/mind-treats-logo_round.png\",\"contentUrl\":\"https:\/\/mind-treats.com\/wp-content\/uploads\/2023\/08\/mind-treats-logo_round.png\",\"width\":494,\"height\":494,\"caption\":\"Mind treats Microdosing\"},\"image\":{\"@id\":\"https:\/\/mind-treats.com\/nl\/#\/schema\/logo\/image\/\"},\"sameAs\":[\"https:\/\/www.facebook.com\/mind.treats.microdosing\",\"https:\/\/www.instagram.com\/mind.treats\/\"]}]}<\/script>\n<!-- \/ Yoast SEO plugin. -->","yoast_head_json":{"title":"Power Greens VITALITY Capsules | Mind-treats","description":"Deze super greens poeder capsules versterken vitaliteit met natuurlijke groente mix en micronutri\u00ebnten in \u00e9\u00e9n dosis. GRATIS verzending in Europa. \u2714\ufe0f","robots":{"index":"index","follow":"follow","max-snippet":"max-snippet:-1","max-image-preview":"max-image-preview:large","max-video-preview":"max-video-preview:-1"},"canonical":"https:\/\/mind-treats.com\/nl\/product\/power-greens-vitality\/","og_locale":"nl_NL","og_type":"article","og_title":"Power Greens VITALITY Capsules | Mind-treats","og_description":"Deze super greens poeder capsules versterken vitaliteit met natuurlijke groente mix en micronutri\u00ebnten in \u00e9\u00e9n dosis. GRATIS verzending in Europa. \u2714\ufe0f","og_url":"https:\/\/mind-treats.com\/nl\/product\/power-greens-vitality\/","og_site_name":"Mind-treats","article_publisher":"https:\/\/www.facebook.com\/mind.treats.microdosing","article_modified_time":"2026-02-06T16:44:19+00:00","og_image":[{"width":1000,"height":1000,"url":"https:\/\/mind-treats.com\/wp-content\/uploads\/2024\/01\/PG60_capsule_box_NL.webp","type":"image\/webp"}],"twitter_card":"summary_large_image","twitter_misc":{"Geschatte leestijd":"3 minuten"},"schema":{"@context":"https:\/\/schema.org","@graph":[{"@type":["WebPage","ItemPage"],"@id":"https:\/\/mind-treats.com\/nl\/product\/power-greens-vitality\/","url":"https:\/\/mind-treats.com\/nl\/product\/power-greens-vitality\/","name":"Power Greens VITALITY Capsules | Mind-treats","isPartOf":{"@id":"https:\/\/mind-treats.com\/nl\/#website"},"primaryImageOfPage":{"@id":"https:\/\/mind-treats.com\/nl\/product\/power-greens-vitality\/#primaryimage"},"image":{"@id":"https:\/\/mind-treats.com\/nl\/product\/power-greens-vitality\/#primaryimage"},"thumbnailUrl":"https:\/\/mind-treats.com\/wp-content\/uploads\/2024\/01\/PG60_capsule_box_NL.webp","datePublished":"2023-05-03T09:17:04+00:00","dateModified":"2026-02-06T16:44:19+00:00","description":"Deze super greens poeder capsules versterken vitaliteit met natuurlijke groente mix en micronutri\u00ebnten in \u00e9\u00e9n dosis. GRATIS verzending in Europa. \u2714\ufe0f","breadcrumb":{"@id":"https:\/\/mind-treats.com\/nl\/product\/power-greens-vitality\/#breadcrumb"},"inLanguage":"nl-NL","potentialAction":[{"@type":"ReadAction","target":["https:\/\/mind-treats.com\/nl\/product\/power-greens-vitality\/"]}]},{"@type":"ImageObject","inLanguage":"nl-NL","@id":"https:\/\/mind-treats.com\/nl\/product\/power-greens-vitality\/#primaryimage","url":"https:\/\/mind-treats.com\/wp-content\/uploads\/2024\/01\/PG60_capsule_box_NL.webp","contentUrl":"https:\/\/mind-treats.com\/wp-content\/uploads\/2024\/01\/PG60_capsule_box_NL.webp","width":1000,"height":1000,"caption":"power greens capsules, super greens capsules, poeder doos composteerbaar"},{"@type":"BreadcrumbList","@id":"https:\/\/mind-treats.com\/nl\/product\/power-greens-vitality\/#breadcrumb","itemListElement":[{"@type":"ListItem","position":1,"name":"Startpagina","item":"https:\/\/mind-treats.com\/nl\/"},{"@type":"ListItem","position":2,"name":"Onlinewinkel","item":"https:\/\/mind-treats.com\/shop\/"},{"@type":"ListItem","position":3,"name":"Adaptogeen","item":"https:\/\/mind-treats.com\/nl\/product-categorie\/adaptogeen\/"},{"@type":"ListItem","position":4,"name":"Kruidensupplementen","item":"https:\/\/mind-treats.com\/nl\/product-categorie\/adaptogeen\/kruidensupplementen\/"},{"@type":"ListItem","position":5,"name":"Power-Greens | VITALITY"}]},{"@type":"WebSite","@id":"https:\/\/mind-treats.com\/nl\/#website","url":"https:\/\/mind-treats.com\/nl\/","name":"Mind-treats","description":"Treat yourself smart!","publisher":{"@id":"https:\/\/mind-treats.com\/nl\/#organization"},"alternateName":"Mind treats","potentialAction":[{"@type":"SearchAction","target":{"@type":"EntryPoint","urlTemplate":"https:\/\/mind-treats.com\/nl\/?s={search_term_string}"},"query-input":{"@type":"PropertyValueSpecification","valueRequired":true,"valueName":"search_term_string"}}],"inLanguage":"nl-NL"},{"@type":"Organization","@id":"https:\/\/mind-treats.com\/nl\/#organization","name":"Mind treats Microdosing","alternateName":"Mind treats","url":"https:\/\/mind-treats.com\/nl\/","logo":{"@type":"ImageObject","inLanguage":"nl-NL","@id":"https:\/\/mind-treats.com\/nl\/#\/schema\/logo\/image\/","url":"https:\/\/mind-treats.com\/wp-content\/uploads\/2023\/08\/mind-treats-logo_round.png","contentUrl":"https:\/\/mind-treats.com\/wp-content\/uploads\/2023\/08\/mind-treats-logo_round.png","width":494,"height":494,"caption":"Mind treats Microdosing"},"image":{"@id":"https:\/\/mind-treats.com\/nl\/#\/schema\/logo\/image\/"},"sameAs":["https:\/\/www.facebook.com\/mind.treats.microdosing","https:\/\/www.instagram.com\/mind.treats\/"]}]}},"_links":{"self":[{"href":"https:\/\/mind-treats.com\/nl\/wp-json\/wp\/v2\/product\/2559","targetHints":{"allow":["GET"]}}],"collection":[{"href":"https:\/\/mind-treats.com\/nl\/wp-json\/wp\/v2\/product"}],"about":[{"href":"https:\/\/mind-treats.com\/nl\/wp-json\/wp\/v2\/types\/product"}],"wp:featuredmedia":[{"embeddable":true,"href":"https:\/\/mind-treats.com\/nl\/wp-json\/wp\/v2\/media\/5764"}],"wp:attachment":[{"href":"https:\/\/mind-treats.com\/nl\/wp-json\/wp\/v2\/media?parent=2559"}],"wp:term":[{"taxonomy":"product_brand","embeddable":true,"href":"https:\/\/mind-treats.com\/nl\/wp-json\/wp\/v2\/product_brand?post=2559"},{"taxonomy":"product_cat","embeddable":true,"href":"https:\/\/mind-treats.com\/nl\/wp-json\/wp\/v2\/product_cat?post=2559"},{"taxonomy":"product_tag","embeddable":true,"href":"https:\/\/mind-treats.com\/nl\/wp-json\/wp\/v2\/product_tag?post=2559"}],"curies":[{"name":"wp","href":"https:\/\/api.w.org\/{rel}","templated":true}]}}