{"id":2398,"date":"2023-05-03T11:22:31","date_gmt":"2023-05-03T09:22:31","guid":{"rendered":"https:\/\/mind-treats.com\/product\/vitamine-b-complex-synergy\/"},"modified":"2026-02-06T17:44:13","modified_gmt":"2026-02-06T16:44:13","slug":"vitamin-b-complex-synergy","status":"publish","type":"product","link":"https:\/\/mind-treats.com\/nl\/product\/vitamin-b-complex-synergy\/","title":{"rendered":"Vitamine B-Complex | SYNERGY"},"content":{"rendered":"<h2><span data-text-color=\"primary\">Maak kennis met Vitamine B Complex | SYNERGY<\/span><\/h2>\n<h3 class=\"uppercase\">Ontgrendel je gezondheidspotentieel!<\/h3>\n<p>Ondersteun jouw gezondheid met het Vitamine B Complex | SYNERGY supplement. Dit hoogwaardige product biedt het volledige B-vitaminespectrum in \u00e9\u00e9n gemakkelijk in te nemen capsule. Elke fles bevat 60 capsules, zorgvuldig vervaardigd met behulp van HPMC (Hydroxypropyl Methylcellulose), waardoor ze geschikt zijn voor verschillende dieetvoorkeuren. Ontgrendel de synergetische kracht van alle acht essenti\u00eble B-vitamines, zorgvuldig verpakt in elke capsule. Omdat Vitamine B12 aanwezig is als Methylcobalamine, de meest biobeschikbare vorm, kun je vertrouwen op een optimale opname en benutting. Bovendien verbetert het je energieniveau en cognitieve functie.<\/p>\n<p>B-vitamines spelen een cruciale rol bij het behouden van de algehele gezondheid en vitaliteit, en de voordelen zijn diepgaand.<\/p>\n<ol>\n<li><strong>Verbeterde energieproductie<\/strong>: Zeg vaarwel tegen middagdips en vermoeidheid. Vitamine B Complex | SYNERGY stimuleert de energieproductie door de afbraak van koolhydraten, vetten en eiwitten te ondersteunen. Voel je gerevitaliseerd en klaar om uw dag met volharding te veroveren.<\/li>\n<li><strong>Gezond zenuwstelsel<\/strong>: Voed jouw zenuwstelsel met B-vitamines die bijdragen aan de gezondheid van zenuwcellen en de productie van neurotransmitters ondersteunen. Ervaar een vernieuwd gevoel van rust en mentale helderheid terwijl jouw zenuwstelsel optimaal functioneert.<\/li>\n<li><strong>Ondersteuning van de stofwisseling en gewichtsbeheer<\/strong>: B-vitamines zijn essenti\u00eble co-factoren in metabole processen, die je lichaam helpen voedsel om te zetten in energie. Door een effici\u00ebnte stofwisseling te bevorderen, kan Vitamine B Complex | SYNERGY bijdragen aan een gezond gewichtsbeheer en algemene vitaliteit.<\/li>\n<\/ol>\n<p>In lijn met onze toewijding aan zowel je gezondheid als het milieu, wordt het Vitamine B Complex | SYNERGY supplement geleverd in een product verpakking gemaakt van recyclebaar gras-karton, wat onze toewijding aan duurzaamheid onderstreept. De etiketten zijn ook composteerbaar, waardoor onze ecologische voetafdruk wordt geminimaliseerd.<\/p>\n<h4 class=\"uppercase\">DE alles-in-\u00e9\u00e9n oplossing.<\/h4>\n<p class=\"whitespace-pre-wrap\">Vitamine B Complex is een voedingssupplement samengesteld uit <a href=\"https:\/\/mind-treats.com\/nl\/voedingsstudies\/#vitamin-b\">acht essenti\u00eble B-vitamines<\/a>: thiamine (B1), <a href=\"https:\/\/mind-treats.com\/nl\/voedingsstudies\/#vitamin-b2\">riboflavine (B2)<\/a>, <a href=\"https:\/\/mind-treats.com\/nl\/voedingsstudies\/#vitamin-b3\">niacine (B3)<\/a>, pantotheenzuur (B5), <a href=\"https:\/\/mind-treats.com\/nl\/voedingsstudies\/#vitamin-b6\">pyridoxine (B6)<\/a>, biotine (B7), <a href=\"https:\/\/mind-treats.com\/nl\/voedingsstudies\/#vitamin-b9\">foliumzuur (B9)<\/a> en <a href=\"https:\/\/mind-treats.com\/nl\/voedingsstudies\/#vitamin-b12\">methylcobalamine (B12)<\/a>. Deze vitamines spelen een cruciale rol bij het behouden van de algehele gezondheid van het lichaam door te helpen bij verschillende functies zoals energieproductie, celgroei en onderhoud van het zenuwstelsel.<\/p>\n<p class=\"whitespace-pre-wrap\">Bij regelmatig gebruik kan Vitamine B Complex je algehele gezondheid en welzijn ondersteunen, de cognitieve functie verbeteren, energieniveaus verhogen en bijdragen aan een gezonde huid, haar en nagels. Door het opnemen van dit supplement in jouw dagelijkse routine kan het je helpen je algehele gezondheid en vitaliteit te behouden, zodat je kunt genieten van een gelukkiger en actiever leven.<\/p>\n<p>Bij Mind-treats vervaardigen en verpakken we elk product nauwgezet met behulp van milieuvriendelijke materialen. We zorgen voor mens en natuur.<\/p>\n<p>Verpakkingsdetails:<\/p>\n<p><img loading=\"lazy\" decoding=\"async\" class=\"alignnone wp-image-1244\" src=\"https:\/\/mind-treats.com\/wp-content\/uploads\/2023\/05\/compostable_en_icon-1-150x150.png\" alt=\"\" width=\"60\" height=\"60\" srcset=\"https:\/\/mind-treats.com\/wp-content\/uploads\/2023\/05\/compostable_en_icon-1-150x150.png 150w, https:\/\/mind-treats.com\/wp-content\/uploads\/2023\/05\/compostable_en_icon-1-300x300.png 300w, https:\/\/mind-treats.com\/wp-content\/uploads\/2023\/05\/compostable_en_icon-1-100x100.png 100w, https:\/\/mind-treats.com\/wp-content\/uploads\/2023\/05\/compostable_en_icon-1.png 331w\" sizes=\"auto, (max-width: 60px) 100vw, 60px\" \/> <img loading=\"lazy\" decoding=\"async\" class=\"alignnone wp-image-1246\" src=\"https:\/\/mind-treats.com\/wp-content\/uploads\/2023\/05\/hdpe_icon-150x150.png\" alt=\"\" width=\"60\" height=\"60\" srcset=\"https:\/\/mind-treats.com\/wp-content\/uploads\/2023\/05\/hdpe_icon-150x150.png 150w, https:\/\/mind-treats.com\/wp-content\/uploads\/2023\/05\/hdpe_icon-300x300.png 300w, https:\/\/mind-treats.com\/wp-content\/uploads\/2023\/05\/hdpe_icon-100x100.png 100w, https:\/\/mind-treats.com\/wp-content\/uploads\/2023\/05\/hdpe_icon.png 331w\" sizes=\"auto, (max-width: 60px) 100vw, 60px\" \/><img loading=\"lazy\" decoding=\"async\" class=\"alignnone wp-image-1243\" style=\"font-size: 14.4px;\" src=\"https:\/\/mind-treats.com\/wp-content\/uploads\/2023\/05\/alu_icon-150x150.png\" alt=\"\" width=\"60\" height=\"60\" srcset=\"https:\/\/mind-treats.com\/wp-content\/uploads\/2023\/05\/alu_icon-150x150.png 150w, https:\/\/mind-treats.com\/wp-content\/uploads\/2023\/05\/alu_icon-300x300.png 300w, https:\/\/mind-treats.com\/wp-content\/uploads\/2023\/05\/alu_icon-100x100.png 100w, https:\/\/mind-treats.com\/wp-content\/uploads\/2023\/05\/alu_icon.png 331w\" sizes=\"auto, (max-width: 60px) 100vw, 60px\" \/><\/p>\n","protected":false},"excerpt":{"rendered":"<p><span style=\"font-weight: 400;\">Deze capsules zijn een hoogwaardig vitamine B-complex. B-vitamines vormen de basis voor de belangrijkste metabole reacties en zijn ook essentieel voor bloedcellen, hormonen, stemming, evenals functies van het zenuwstelsel. Bovendien ondersteunen B-vitamines de energiestofwisseling en verminderen ze vermoeidheid.<\/span><\/p>\n<h4 data-wp-editing=\"1\"><img loading=\"lazy\" decoding=\"async\" class=\"alignnone wp-image-4392\" src=\"https:\/\/mind-treats.com\/wp-content\/uploads\/2023\/10\/checkmark_web.png\" alt=\"\" width=\"30\" height=\"30\" srcset=\"https:\/\/mind-treats.com\/wp-content\/uploads\/2023\/10\/checkmark_web.png 242w, https:\/\/mind-treats.com\/wp-content\/uploads\/2023\/10\/checkmark_web-100x100.png 100w\" sizes=\"auto, (max-width: 30px) 100vw, 30px\" \/> <span data-text-color=\"success\">Bevat ALLE essenti\u00eble B-vitaminen in \u00e9\u00e9n capsule<\/span><\/h4>\n<h4 data-wp-editing=\"1\"><span data-text-color=\"success\"><img loading=\"lazy\" decoding=\"async\" class=\"alignnone wp-image-4392\" src=\"https:\/\/mind-treats.com\/wp-content\/uploads\/2023\/10\/checkmark_web.png\" alt=\"\" width=\"30\" height=\"30\" srcset=\"https:\/\/mind-treats.com\/wp-content\/uploads\/2023\/10\/checkmark_web.png 242w, https:\/\/mind-treats.com\/wp-content\/uploads\/2023\/10\/checkmark_web-100x100.png 100w\" sizes=\"auto, (max-width: 30px) 100vw, 30px\" \/> <\/span><span data-text-color=\"success\">Ondersteunt het zenuwstelsel en de cellulaire gezondheid<\/span><\/h4>\n<h4 data-wp-editing=\"1\"><span data-text-color=\"success\"><img loading=\"lazy\" decoding=\"async\" class=\"alignnone wp-image-4392\" src=\"https:\/\/mind-treats.com\/wp-content\/uploads\/2023\/10\/checkmark_web.png\" alt=\"\" width=\"30\" height=\"30\" srcset=\"https:\/\/mind-treats.com\/wp-content\/uploads\/2023\/10\/checkmark_web.png 242w, https:\/\/mind-treats.com\/wp-content\/uploads\/2023\/10\/checkmark_web-100x100.png 100w\" sizes=\"auto, (max-width: 30px) 100vw, 30px\" \/> <\/span><span data-text-color=\"success\">Reguleert de stemming en ondersteunt de gezondheid van het hart<\/span><\/h4>\n<div class=\"row icon-row\"  id=\"row-812125171\">\n\n\t<div id=\"col-329016394\" class=\"col medium-1\/4 large-3\"  >\n\t\t\t\t<div class=\"col-inner\"  >\n\t\t\t\n\t\t\t\n\n\t\t<div class=\"icon-box featured-box icon-box icon-box-top text-left\"  >\n\t\t\t\t<div class=\"icon-box-text last-reset\">\n\t\t\t\t\t\t\t\t\t\n<p><img loading=\"lazy\" decoding=\"async\" class=\"aligncenter wp-image-491\" src=\"https:\/\/mind-treats.com\/wp-content\/uploads\/2023\/05\/science-150x150.png\" alt=\"\" width=\"72\" height=\"72\" srcset=\"https:\/\/mind-treats.com\/wp-content\/uploads\/2023\/05\/science-150x150.png 150w, https:\/\/mind-treats.com\/wp-content\/uploads\/2023\/05\/science-100x100.png 100w, https:\/\/mind-treats.com\/wp-content\/uploads\/2023\/05\/science.png 195w\" sizes=\"auto, (max-width: 72px) 100vw, 72px\" \/><\/p>\n<h5 class=\"uppercase\" style=\"text-align: center;\"><span data-text-color=\"secondary\">Hoogwaardige ingredi\u00ebnten<\/span><\/h5>\n\t\t<\/div>\n\t<\/div>\n\t\n\t\n<p style=\"text-align: left;\">\t\t<\/div>\n\t\t\t\t\t<\/div>\n\n\t\n\n\t<div id=\"col-5715027\" class=\"col medium-1\/4 large-3\"  >\n\t\t\t\t<div class=\"col-inner\"  >\n\t\t\t\n\t\t\t\n\n\t\t<div class=\"icon-box featured-box icon-box icon-box-top text-left\"  >\n\t\t\t\t<div class=\"icon-box-text last-reset\">\n\t\t\t\t\t\t\t\t\t\n<p><img loading=\"lazy\" decoding=\"async\" class=\"aligncenter wp-image-487\" src=\"https:\/\/mind-treats.com\/wp-content\/uploads\/2023\/05\/comp_icon-150x150.png\" alt=\"\" width=\"72\" height=\"72\" srcset=\"https:\/\/mind-treats.com\/wp-content\/uploads\/2023\/05\/comp_icon-150x150.png 150w, https:\/\/mind-treats.com\/wp-content\/uploads\/2023\/05\/comp_icon-100x100.png 100w, https:\/\/mind-treats.com\/wp-content\/uploads\/2023\/05\/comp_icon.png 195w\" sizes=\"auto, (max-width: 72px) 100vw, 72px\" \/><\/p>\n<h5 class=\"uppercase\" style=\"text-align: center;\"><span data-text-color=\"secondary\">Milieu vriendelijk verpakt<\/span><\/h5>\n\t\t<\/div>\n\t<\/div>\n\t\n\t\n\t\t<\/div>\n\t\t\t\t\t<\/div>\n\n\t\n\n\t<div id=\"col-518755764\" class=\"col medium-1\/4 large-3\"  >\n\t\t\t\t<div class=\"col-inner\"  >\n\t\t\t\n\t\t\t\n\n\t\t<div class=\"icon-box featured-box icon-box icon-box-top text-left\"  >\n\t\t\t\t<div class=\"icon-box-text last-reset\">\n\t\t\t\t\t\t\t\t\t\n<p><img loading=\"lazy\" decoding=\"async\" class=\"wp-image-486 aligncenter\" src=\"https:\/\/mind-treats.com\/wp-content\/uploads\/2023\/05\/vegan_icon-150x150.png\" alt=\"\" width=\"72\" height=\"72\" srcset=\"https:\/\/mind-treats.com\/wp-content\/uploads\/2023\/05\/vegan_icon-150x150.png 150w, https:\/\/mind-treats.com\/wp-content\/uploads\/2023\/05\/vegan_icon-100x100.png 100w, https:\/\/mind-treats.com\/wp-content\/uploads\/2023\/05\/vegan_icon.png 195w\" sizes=\"auto, (max-width: 72px) 100vw, 72px\" \/><\/p>\n<h5 class=\"uppercase\" style=\"text-align: center;\"><span data-text-color=\"secondary\">Geschikt voor veganisten<\/span><\/h5>\n\t\t<\/div>\n\t<\/div>\n\t\n\t\n\t\t<\/div>\n\t\t\t\t\t<\/div>\n\n\t\n\n\t<div id=\"col-819856246\" class=\"col medium-1\/4 large-3\"  >\n\t\t\t\t<div class=\"col-inner\"  >\n\t\t\t\n\t\t\t\n\n\t\t<div class=\"icon-box featured-box icon-box icon-box-top text-left\"  >\n\t\t\t\t<div class=\"icon-box-text last-reset\">\n\t\t\t\t\t\t\t\t\t\n<p><img loading=\"lazy\" decoding=\"async\" class=\"aligncenter wp-image-488\" src=\"https:\/\/mind-treats.com\/wp-content\/uploads\/2023\/05\/free_shipping-150x150.png\" alt=\"\" width=\"72\" height=\"72\" srcset=\"https:\/\/mind-treats.com\/wp-content\/uploads\/2023\/05\/free_shipping-150x150.png 150w, https:\/\/mind-treats.com\/wp-content\/uploads\/2023\/05\/free_shipping-100x100.png 100w, https:\/\/mind-treats.com\/wp-content\/uploads\/2023\/05\/free_shipping.png 195w\" sizes=\"auto, (max-width: 72px) 100vw, 72px\" \/><\/p>\n<h5 class=\"uppercase\" style=\"text-align: center;\"><span data-text-color=\"secondary\">Gratis verzending vanaf 55\u20ac<\/span><\/h5>\n\t\t<\/div>\n\t<\/div>\n\t\n\t\n\t\t<\/div>\n\t\t\t\t\t<\/div>\n\n\t\n<\/div>\n<p>&nbsp;<\/p>\n<h4 class=\"uppercase\"><span data-text-color=\"primary\"><strong>Volumekorting<\/strong><\/span><\/h4>\n<p>Je kunt <a href=\"https:\/\/mind-treats.com\/nl\/product-categorie\/vitaminen-en-supplementen\/synergie\/\">SYNERGY <\/a>producten combineren om volumekorting te ontvangen!<\/p>\n","protected":false},"featured_media":5770,"template":"","meta":[],"product_brand":[],"product_cat":[99,101],"product_tag":[111,130],"class_list":{"0":"post-2398","1":"product","2":"type-product","3":"status-publish","4":"has-post-thumbnail","6":"product_cat-vitaminen-en-supplementen","7":"product_cat-synergie","8":"product_tag-capsules","9":"product_tag-vitaminen","11":"first","12":"instock","13":"taxable","14":"shipping-taxable","15":"purchasable","16":"product-type-simple"},"yoast_head":"<!-- This site is optimized with the Yoast SEO plugin v26.4 - https:\/\/yoast.com\/wordpress\/plugins\/seo\/ -->\n<title>Vitamine B Complex - SYNERGY | Mind-treats<\/title>\n<meta name=\"description\" content=\"Elke capsule van het Vitamine B Complex-supplement bevat een uitgebreide mix van alle acht essenti\u00eble B-vitaminen, samengesteld voor een optimale balans.\" \/>\n<meta name=\"robots\" content=\"index, follow, max-snippet:-1, max-image-preview:large, max-video-preview:-1\" \/>\n<link rel=\"canonical\" href=\"https:\/\/mind-treats.com\/nl\/product\/vitamin-b-complex-synergy\/\" \/>\n<meta property=\"og:locale\" content=\"nl_NL\" \/>\n<meta property=\"og:type\" content=\"article\" \/>\n<meta property=\"og:title\" content=\"Vitamine B Complex - SYNERGY | Mind-treats\" \/>\n<meta property=\"og:description\" content=\"Elke capsule van het Vitamine B Complex-supplement bevat een uitgebreide mix van alle acht essenti\u00eble B-vitaminen, samengesteld voor een optimale balans.\" \/>\n<meta property=\"og:url\" content=\"https:\/\/mind-treats.com\/nl\/product\/vitamin-b-complex-synergy\/\" \/>\n<meta property=\"og:site_name\" content=\"Mind-treats\" \/>\n<meta property=\"article:publisher\" content=\"https:\/\/www.facebook.com\/mind.treats.microdosing\" \/>\n<meta property=\"article:modified_time\" content=\"2026-02-06T16:44:13+00:00\" \/>\n<meta property=\"og:image\" content=\"https:\/\/mind-treats.com\/wp-content\/uploads\/2024\/01\/VBC60_capsule_box_NL.webp\" \/>\n\t<meta property=\"og:image:width\" content=\"1000\" \/>\n\t<meta property=\"og:image:height\" content=\"1000\" \/>\n\t<meta property=\"og:image:type\" content=\"image\/webp\" \/>\n<meta name=\"twitter:card\" content=\"summary_large_image\" \/>\n<meta name=\"twitter:label1\" content=\"Geschatte leestijd\" \/>\n\t<meta name=\"twitter:data1\" content=\"3 minuten\" \/>\n<script type=\"application\/ld+json\" class=\"yoast-schema-graph\">{\"@context\":\"https:\/\/schema.org\",\"@graph\":[{\"@type\":[\"WebPage\",\"ItemPage\"],\"@id\":\"https:\/\/mind-treats.com\/nl\/product\/vitamin-b-complex-synergy\/\",\"url\":\"https:\/\/mind-treats.com\/nl\/product\/vitamin-b-complex-synergy\/\",\"name\":\"Vitamine B Complex - SYNERGY | Mind-treats\",\"isPartOf\":{\"@id\":\"https:\/\/mind-treats.com\/nl\/#website\"},\"primaryImageOfPage\":{\"@id\":\"https:\/\/mind-treats.com\/nl\/product\/vitamin-b-complex-synergy\/#primaryimage\"},\"image\":{\"@id\":\"https:\/\/mind-treats.com\/nl\/product\/vitamin-b-complex-synergy\/#primaryimage\"},\"thumbnailUrl\":\"https:\/\/mind-treats.com\/wp-content\/uploads\/2024\/01\/VBC60_capsule_box_NL.webp\",\"datePublished\":\"2023-05-03T09:22:31+00:00\",\"dateModified\":\"2026-02-06T16:44:13+00:00\",\"description\":\"Elke capsule van het Vitamine B Complex-supplement bevat een uitgebreide mix van alle acht essenti\u00eble B-vitaminen, samengesteld voor een optimale balans.\",\"breadcrumb\":{\"@id\":\"https:\/\/mind-treats.com\/nl\/product\/vitamin-b-complex-synergy\/#breadcrumb\"},\"inLanguage\":\"nl-NL\",\"potentialAction\":[{\"@type\":\"ReadAction\",\"target\":[\"https:\/\/mind-treats.com\/nl\/product\/vitamin-b-complex-synergy\/\"]}]},{\"@type\":\"ImageObject\",\"inLanguage\":\"nl-NL\",\"@id\":\"https:\/\/mind-treats.com\/nl\/product\/vitamin-b-complex-synergy\/#primaryimage\",\"url\":\"https:\/\/mind-treats.com\/wp-content\/uploads\/2024\/01\/VBC60_capsule_box_NL.webp\",\"contentUrl\":\"https:\/\/mind-treats.com\/wp-content\/uploads\/2024\/01\/VBC60_capsule_box_NL.webp\",\"width\":1000,\"height\":1000,\"caption\":\"vitamine b complex capsules, thiamine B1 riboflavine B2, niacine B3, pantotheenzuur B5, pyridoxine B6, biotine B7, foliumzuur B9, methylcobalamine B12, verpakking doos composteerbaar\"},{\"@type\":\"BreadcrumbList\",\"@id\":\"https:\/\/mind-treats.com\/nl\/product\/vitamin-b-complex-synergy\/#breadcrumb\",\"itemListElement\":[{\"@type\":\"ListItem\",\"position\":1,\"name\":\"Startpagina\",\"item\":\"https:\/\/mind-treats.com\/nl\/\"},{\"@type\":\"ListItem\",\"position\":2,\"name\":\"Onlinewinkel\",\"item\":\"https:\/\/mind-treats.com\/shop\/\"},{\"@type\":\"ListItem\",\"position\":3,\"name\":\"Vitaminen en supplementen\",\"item\":\"https:\/\/mind-treats.com\/nl\/product-categorie\/vitaminen-en-supplementen\/\"},{\"@type\":\"ListItem\",\"position\":4,\"name\":\"Synergie\",\"item\":\"https:\/\/mind-treats.com\/nl\/product-categorie\/vitaminen-en-supplementen\/synergie\/\"},{\"@type\":\"ListItem\",\"position\":5,\"name\":\"Vitamine B-Complex | SYNERGY\"}]},{\"@type\":\"WebSite\",\"@id\":\"https:\/\/mind-treats.com\/nl\/#website\",\"url\":\"https:\/\/mind-treats.com\/nl\/\",\"name\":\"Mind-treats\",\"description\":\"Treat yourself smart!\",\"publisher\":{\"@id\":\"https:\/\/mind-treats.com\/nl\/#organization\"},\"alternateName\":\"Mind treats\",\"potentialAction\":[{\"@type\":\"SearchAction\",\"target\":{\"@type\":\"EntryPoint\",\"urlTemplate\":\"https:\/\/mind-treats.com\/nl\/?s={search_term_string}\"},\"query-input\":{\"@type\":\"PropertyValueSpecification\",\"valueRequired\":true,\"valueName\":\"search_term_string\"}}],\"inLanguage\":\"nl-NL\"},{\"@type\":\"Organization\",\"@id\":\"https:\/\/mind-treats.com\/nl\/#organization\",\"name\":\"Mind treats Microdosing\",\"alternateName\":\"Mind treats\",\"url\":\"https:\/\/mind-treats.com\/nl\/\",\"logo\":{\"@type\":\"ImageObject\",\"inLanguage\":\"nl-NL\",\"@id\":\"https:\/\/mind-treats.com\/nl\/#\/schema\/logo\/image\/\",\"url\":\"https:\/\/mind-treats.com\/wp-content\/uploads\/2023\/08\/mind-treats-logo_round.png\",\"contentUrl\":\"https:\/\/mind-treats.com\/wp-content\/uploads\/2023\/08\/mind-treats-logo_round.png\",\"width\":494,\"height\":494,\"caption\":\"Mind treats Microdosing\"},\"image\":{\"@id\":\"https:\/\/mind-treats.com\/nl\/#\/schema\/logo\/image\/\"},\"sameAs\":[\"https:\/\/www.facebook.com\/mind.treats.microdosing\",\"https:\/\/www.instagram.com\/mind.treats\/\"]}]}<\/script>\n<!-- \/ Yoast SEO plugin. -->","yoast_head_json":{"title":"Vitamine B Complex - SYNERGY | Mind-treats","description":"Elke capsule van het Vitamine B Complex-supplement bevat een uitgebreide mix van alle acht essenti\u00eble B-vitaminen, samengesteld voor een optimale balans.","robots":{"index":"index","follow":"follow","max-snippet":"max-snippet:-1","max-image-preview":"max-image-preview:large","max-video-preview":"max-video-preview:-1"},"canonical":"https:\/\/mind-treats.com\/nl\/product\/vitamin-b-complex-synergy\/","og_locale":"nl_NL","og_type":"article","og_title":"Vitamine B Complex - SYNERGY | Mind-treats","og_description":"Elke capsule van het Vitamine B Complex-supplement bevat een uitgebreide mix van alle acht essenti\u00eble B-vitaminen, samengesteld voor een optimale balans.","og_url":"https:\/\/mind-treats.com\/nl\/product\/vitamin-b-complex-synergy\/","og_site_name":"Mind-treats","article_publisher":"https:\/\/www.facebook.com\/mind.treats.microdosing","article_modified_time":"2026-02-06T16:44:13+00:00","og_image":[{"width":1000,"height":1000,"url":"https:\/\/mind-treats.com\/wp-content\/uploads\/2024\/01\/VBC60_capsule_box_NL.webp","type":"image\/webp"}],"twitter_card":"summary_large_image","twitter_misc":{"Geschatte leestijd":"3 minuten"},"schema":{"@context":"https:\/\/schema.org","@graph":[{"@type":["WebPage","ItemPage"],"@id":"https:\/\/mind-treats.com\/nl\/product\/vitamin-b-complex-synergy\/","url":"https:\/\/mind-treats.com\/nl\/product\/vitamin-b-complex-synergy\/","name":"Vitamine B Complex - SYNERGY | Mind-treats","isPartOf":{"@id":"https:\/\/mind-treats.com\/nl\/#website"},"primaryImageOfPage":{"@id":"https:\/\/mind-treats.com\/nl\/product\/vitamin-b-complex-synergy\/#primaryimage"},"image":{"@id":"https:\/\/mind-treats.com\/nl\/product\/vitamin-b-complex-synergy\/#primaryimage"},"thumbnailUrl":"https:\/\/mind-treats.com\/wp-content\/uploads\/2024\/01\/VBC60_capsule_box_NL.webp","datePublished":"2023-05-03T09:22:31+00:00","dateModified":"2026-02-06T16:44:13+00:00","description":"Elke capsule van het Vitamine B Complex-supplement bevat een uitgebreide mix van alle acht essenti\u00eble B-vitaminen, samengesteld voor een optimale balans.","breadcrumb":{"@id":"https:\/\/mind-treats.com\/nl\/product\/vitamin-b-complex-synergy\/#breadcrumb"},"inLanguage":"nl-NL","potentialAction":[{"@type":"ReadAction","target":["https:\/\/mind-treats.com\/nl\/product\/vitamin-b-complex-synergy\/"]}]},{"@type":"ImageObject","inLanguage":"nl-NL","@id":"https:\/\/mind-treats.com\/nl\/product\/vitamin-b-complex-synergy\/#primaryimage","url":"https:\/\/mind-treats.com\/wp-content\/uploads\/2024\/01\/VBC60_capsule_box_NL.webp","contentUrl":"https:\/\/mind-treats.com\/wp-content\/uploads\/2024\/01\/VBC60_capsule_box_NL.webp","width":1000,"height":1000,"caption":"vitamine b complex capsules, thiamine B1 riboflavine B2, niacine B3, pantotheenzuur B5, pyridoxine B6, biotine B7, foliumzuur B9, methylcobalamine B12, verpakking doos composteerbaar"},{"@type":"BreadcrumbList","@id":"https:\/\/mind-treats.com\/nl\/product\/vitamin-b-complex-synergy\/#breadcrumb","itemListElement":[{"@type":"ListItem","position":1,"name":"Startpagina","item":"https:\/\/mind-treats.com\/nl\/"},{"@type":"ListItem","position":2,"name":"Onlinewinkel","item":"https:\/\/mind-treats.com\/shop\/"},{"@type":"ListItem","position":3,"name":"Vitaminen en supplementen","item":"https:\/\/mind-treats.com\/nl\/product-categorie\/vitaminen-en-supplementen\/"},{"@type":"ListItem","position":4,"name":"Synergie","item":"https:\/\/mind-treats.com\/nl\/product-categorie\/vitaminen-en-supplementen\/synergie\/"},{"@type":"ListItem","position":5,"name":"Vitamine B-Complex | SYNERGY"}]},{"@type":"WebSite","@id":"https:\/\/mind-treats.com\/nl\/#website","url":"https:\/\/mind-treats.com\/nl\/","name":"Mind-treats","description":"Treat yourself smart!","publisher":{"@id":"https:\/\/mind-treats.com\/nl\/#organization"},"alternateName":"Mind treats","potentialAction":[{"@type":"SearchAction","target":{"@type":"EntryPoint","urlTemplate":"https:\/\/mind-treats.com\/nl\/?s={search_term_string}"},"query-input":{"@type":"PropertyValueSpecification","valueRequired":true,"valueName":"search_term_string"}}],"inLanguage":"nl-NL"},{"@type":"Organization","@id":"https:\/\/mind-treats.com\/nl\/#organization","name":"Mind treats Microdosing","alternateName":"Mind treats","url":"https:\/\/mind-treats.com\/nl\/","logo":{"@type":"ImageObject","inLanguage":"nl-NL","@id":"https:\/\/mind-treats.com\/nl\/#\/schema\/logo\/image\/","url":"https:\/\/mind-treats.com\/wp-content\/uploads\/2023\/08\/mind-treats-logo_round.png","contentUrl":"https:\/\/mind-treats.com\/wp-content\/uploads\/2023\/08\/mind-treats-logo_round.png","width":494,"height":494,"caption":"Mind treats Microdosing"},"image":{"@id":"https:\/\/mind-treats.com\/nl\/#\/schema\/logo\/image\/"},"sameAs":["https:\/\/www.facebook.com\/mind.treats.microdosing","https:\/\/www.instagram.com\/mind.treats\/"]}]}},"_links":{"self":[{"href":"https:\/\/mind-treats.com\/nl\/wp-json\/wp\/v2\/product\/2398","targetHints":{"allow":["GET"]}}],"collection":[{"href":"https:\/\/mind-treats.com\/nl\/wp-json\/wp\/v2\/product"}],"about":[{"href":"https:\/\/mind-treats.com\/nl\/wp-json\/wp\/v2\/types\/product"}],"wp:featuredmedia":[{"embeddable":true,"href":"https:\/\/mind-treats.com\/nl\/wp-json\/wp\/v2\/media\/5770"}],"wp:attachment":[{"href":"https:\/\/mind-treats.com\/nl\/wp-json\/wp\/v2\/media?parent=2398"}],"wp:term":[{"taxonomy":"product_brand","embeddable":true,"href":"https:\/\/mind-treats.com\/nl\/wp-json\/wp\/v2\/product_brand?post=2398"},{"taxonomy":"product_cat","embeddable":true,"href":"https:\/\/mind-treats.com\/nl\/wp-json\/wp\/v2\/product_cat?post=2398"},{"taxonomy":"product_tag","embeddable":true,"href":"https:\/\/mind-treats.com\/nl\/wp-json\/wp\/v2\/product_tag?post=2398"}],"curies":[{"name":"wp","href":"https:\/\/api.w.org\/{rel}","templated":true}]}}