{"id":2910,"date":"2023-05-06T20:25:52","date_gmt":"2023-05-06T18:25:52","guid":{"rendered":"https:\/\/mind-treats.com\/product\/microdosing-xp-6x1g\/"},"modified":"2026-02-06T17:45:19","modified_gmt":"2026-02-06T16:45:19","slug":"microdosing-xp","status":"publish","type":"product","link":"https:\/\/mind-treats.com\/de\/produkt\/microdosing-xp\/","title":{"rendered":"Microdosing XP 6x1g"},"content":{"rendered":"<h2><span data-text-color=\"primary\">Microdosing XP 6x1g<\/span><\/h2>\n<h3 class=\"uppercase\">ENTFALTE DEIN POTENZIAL!<\/h3>\n<p>Microdosing XP Tr\u00fcffel, die praktische Blisterpackung mit 6x1g: Verbessere deine Tage mit Pr\u00e4zision und Qualit\u00e4t. Jeder individuell vakuumversiegelte Blister enth\u00e4lt sechs sorgf\u00e4ltig vorbereitete 1g-Portionen erstklassiger Tr\u00fcffel, die den Weg f\u00fcr eine verbesserte Reise der Produktivit\u00e4t und des Wohlbefindens bereiten. Kaufe noch heute Microdosing XP Tr\u00fcffel und begib dich in ein mystisches Reich!<\/p>\n<p>Eine wachsende Zahl von anekdotischen Berichten unterst\u00fctzt die Mikrodosierung und lobt das Potenzial f\u00fcr eine Vielzahl von Vorteilen. Die Nutzer berichten von gesteigerter Konzentration, Kreativit\u00e4t und einer allgemeinen Stimmungsverbesserung ohne die intensiven Effekte, die mit h\u00f6heren Dosen verbunden sind. <a href=\"https:\/\/mind-treats.com\/de\/produkt\/microdosing-xp\/\">Microdosing XP<\/a> bietet dir die M\u00f6glichkeit, diese Vorteile mit einem H\u00f6chstma\u00df an Komfort und Pr\u00e4zision zu nutzen.<\/p>\n<p>Ob du eine gesteigerte kognitive Leistung, eine ausgeglichenere Stimmung oder verbesserte Kreativit\u00e4t suchst, Microdosing XP Tr\u00fcffel mit 6x1g ist dein Anfang zu einer fein abgestimmten Erfahrung. Optimiere deine Routine, umarme dein Wohlbefinden und tauche in das Potenzial des Microdosings mit diesem sorgf\u00e4ltig gefertigten und qualit\u00e4tsgepr\u00fcften Produkt ein.<\/p>\n<h4>BESTE QUALIT\u00c4T F\u00dcR DIE BESTE MICRODOSING-ERFAHRUNG<\/h4>\n<p>Im Herzen von Microdosing XP liegt ein Bekenntnis zur kompromisslosen Qualit\u00e4t. Diese Tr\u00fcffel stammen aus einer einzigartigen Sorte, die speziell f\u00fcr das Mikrodosieren entwickelt wurde und f\u00fcr ihre konsistenten und zuverl\u00e4ssigen Effekte bekannt ist. Die Tr\u00fcffel werden unter strengsten Bedingungen kultiviert und verarbeitet und entsprechen den <a href=\"https:\/\/leap.unep.org\/countries\/eu\/national-legislation\/commission-regulation-ec-no-18812006-setting-maximum-levels#:~:text=1881%2F2006%20setting%20maximum%20levels%20for%20certain%20contaminants%20in%20foodstuffs.,-Country&amp;text=With%20a%20view%20to%20protecting,levels%20which%20are%20toxicologically%20acceptable.\">EU 1881\/2006<\/a>-Standards. Zweifellos gew\u00e4hrleistet dies, dass jeder Blister, den Du erh\u00e4ltst, die h\u00f6chsten Sicherheits- und Qualit\u00e4tsstandards erf\u00fcllt und dir die Gewissheit gibt, deine Microdosing-Reise mit Selbstbewusstsein anzutreten.<\/p>\n<p>Um das h\u00f6chste Ma\u00df an Frische und Potenz sicherzustellen, sind die Tr\u00fcffel in jedem Blister in 1-Gramm-Portionen einzeln vakuumverpackt. Diese innovative Verpackungstechnik stellt sicher, dass jede Microdosing-Portion ihre optimale Qualit\u00e4t bewahrt, bis sie dich erreicht, und ein Erlebnis bietet, das genauso frisch ist wie an dem Tag, an dem die Tr\u00fcffel geerntet wurden.<\/p>\n<p>Eine Packung enth\u00e4lt Tr\u00fcffel f\u00fcr etwa 2 Wochen Microdosing, gem\u00e4\u00df dem <a href=\"https:\/\/mind-treats.com\/de\/die-protokolle\/#fadiman-protocol\">Fadiman-Protokoll<\/a> oder dem <a href=\"https:\/\/mind-treats.com\/de\/die-protokolle\/#two-days-a-week\">2-Tage-pro-Woche-Protokoll<\/a>. F\u00fcr ein komplettes Protokoll empfehlen wir den Einsatz von drei Packungen Microdosing XP (18x1g). Bestelle Microdosing XP Tr\u00fcffel und profitiere von unserem speziellen Volumenrabatt f\u00fcr zwei oder mehr Packungen.<\/p>\n","protected":false},"excerpt":{"rendered":"<p>Erlebe deine Microdosing-Reise mit dem praktischen MicrodosingXP (Sklerotien).<\/p>\n<ul>\n<li>Eine Packung enth\u00e4lt 6x1g.<\/li>\n<li>Kultiviert in den Niederlanden gem\u00e4\u00df EU-Verordnung 1881\/2006<\/li>\n<li>F\u00fcr jedes Protokoll geeignet<\/li>\n<li>Eine Packung reicht f\u00fcr ca. 2 Wochen Microdosing<\/li>\n<li>Bequem in 1g Portionen verpackt.<\/li>\n<li>Mengenrabatt<\/li>\n<\/ul>\n<p>Du hast noch keine Waage? Schaue dir das <a href=\"https:\/\/mind-treats.com\/de\/produkt\/microdosing-starter-bundle\/\">Microdosing Starter Bundle<\/a> an!<\/p>\n<div class=\"row icon-row\"  id=\"row-138343054\">\n\n\t<div id=\"col-1879825213\" class=\"col medium-1\/4 large-3\"  >\n\t\t\t\t<div class=\"col-inner\"  >\n\t\t\t\n\t\t\t\n\n\t\t<div class=\"icon-box featured-box icon-box icon-box-top text-left\"  >\n\t\t\t\t<div class=\"icon-box-text last-reset\">\n\t\t\t\t\t\t\t\t\t\n<p><img loading=\"lazy\" decoding=\"async\" class=\"aligncenter wp-image-5289\" src=\"https:\/\/mind-treats.com\/wp-content\/uploads\/2023\/11\/discreet-shipping.webp\" alt=\"\" width=\"72\" height=\"72\" srcset=\"https:\/\/mind-treats.com\/wp-content\/uploads\/2023\/11\/discreet-shipping.webp 195w, https:\/\/mind-treats.com\/wp-content\/uploads\/2023\/11\/discreet-shipping-100x100.webp 100w\" sizes=\"auto, (max-width: 72px) 100vw, 72px\" \/><\/p>\n<h5 class=\"uppercase\" style=\"text-align: center;\"><span data-text-color=\"secondary\">Diskreter Versand<\/span><\/h5>\n\t\t<\/div>\n\t<\/div>\n\t\n\t\n<p style=\"text-align: left;\">\t\t<\/div>\n\t\t\t\t\t<\/div>\n\n\t\n\n\t<div id=\"col-571034091\" class=\"col medium-1\/4 large-3\"  >\n\t\t\t\t<div class=\"col-inner\"  >\n\t\t\t\n\t\t\t\n\n\t\t<div class=\"icon-box featured-box icon-box icon-box-top text-left\"  >\n\t\t\t\t<div class=\"icon-box-text last-reset\">\n\t\t\t\t\t\t\t\t\t\n<p><img loading=\"lazy\" decoding=\"async\" class=\"aligncenter wp-image-5265\" src=\"https:\/\/mind-treats.com\/wp-content\/uploads\/2023\/11\/ecofriendly-packaging.webp\" alt=\"eco friendly packaging\" width=\"72\" height=\"72\" srcset=\"https:\/\/mind-treats.com\/wp-content\/uploads\/2023\/11\/ecofriendly-packaging.webp 195w, https:\/\/mind-treats.com\/wp-content\/uploads\/2023\/11\/ecofriendly-packaging-100x100.webp 100w\" sizes=\"auto, (max-width: 72px) 100vw, 72px\" \/><\/p>\n<h5 class=\"uppercase\" style=\"text-align: center;\"><span data-text-color=\"secondary\">Nachhaltige Verpackung<\/span><\/h5>\n\t\t<\/div>\n\t<\/div>\n\t\n\t\n\t\t<\/div>\n\t\t\t\t\t<\/div>\n\n\t\n\n\t<div id=\"col-1810828826\" class=\"col medium-1\/4 large-3\"  >\n\t\t\t\t<div class=\"col-inner\"  >\n\t\t\t\n\t\t\t\n\n\t\t<div class=\"icon-box featured-box icon-box icon-box-top text-left\"  >\n\t\t\t\t<div class=\"icon-box-text last-reset\">\n\t\t\t\t\t\t\t\t\t\n<p><img loading=\"lazy\" decoding=\"async\" class=\"aligncenter wp-image-5286\" src=\"https:\/\/mind-treats.com\/wp-content\/uploads\/2023\/11\/discount.webp\" alt=\"volume discount, bundle discount\" width=\"72\" height=\"72\" srcset=\"https:\/\/mind-treats.com\/wp-content\/uploads\/2023\/11\/discount.webp 195w, https:\/\/mind-treats.com\/wp-content\/uploads\/2023\/11\/discount-100x100.webp 100w\" sizes=\"auto, (max-width: 72px) 100vw, 72px\" \/><\/p>\n<h5 class=\"uppercase\" style=\"text-align: center;\"><span data-text-color=\"secondary\">Spare mit Bundles<\/span><\/h5>\n\t\t<\/div>\n\t<\/div>\n\t\n\t\n\t\t<\/div>\n\t\t\t\t\t<\/div>\n\n\t\n\n\t<div id=\"col-1565618695\" class=\"col medium-1\/4 large-3\"  >\n\t\t\t\t<div class=\"col-inner\"  >\n\t\t\t\n\t\t\t\n\n\t\t<div class=\"icon-box featured-box icon-box icon-box-top text-left\"  >\n\t\t\t\t<div class=\"icon-box-text last-reset\">\n\t\t\t\t\t\t\t\t\t\n<p><img loading=\"lazy\" decoding=\"async\" class=\"aligncenter wp-image-5268\" src=\"https:\/\/mind-treats.com\/wp-content\/uploads\/2023\/11\/free-shipping.webp\" alt=\"free shipping\" width=\"72\" height=\"72\" srcset=\"https:\/\/mind-treats.com\/wp-content\/uploads\/2023\/11\/free-shipping.webp 195w, https:\/\/mind-treats.com\/wp-content\/uploads\/2023\/11\/free-shipping-100x100.webp 100w\" sizes=\"auto, (max-width: 72px) 100vw, 72px\" \/><\/p>\n<h5 class=\"uppercase\" style=\"text-align: center;\"><span data-text-color=\"secondary\">Kostenloser Versand ab 55\u20ac<\/span><\/h5>\n\t\t<\/div>\n\t<\/div>\n\t\n\t\n\t\t<\/div>\n\t\t\t\t\t<\/div>\n\n\t\n<\/div>\n<p>&nbsp;<\/p>\n<h3><span data-text-color=\"primary\">MENGENRABATT<\/span><\/h3>\n","protected":false},"featured_media":5228,"template":"","meta":[],"product_brand":[],"product_cat":[96],"product_tag":[123],"class_list":{"0":"post-2910","1":"product","2":"type-product","3":"status-publish","4":"has-post-thumbnail","6":"product_cat-microdosing-truffel","7":"product_tag-microdosing","9":"first","10":"instock","11":"featured","12":"taxable","13":"shipping-taxable","14":"purchasable","15":"product-type-simple"},"yoast_head":"<!-- This site is optimized with the Yoast SEO plugin v26.4 - https:\/\/yoast.com\/wordpress\/plugins\/seo\/ -->\n<title>Microdosing XP - Erschlie\u00dfe dein Potenzial!<\/title>\n<meta name=\"description\" content=\"Bestelle Microdosing XP Tr\u00fcffel bei Mind treats. Verbessere deine Stimmung, steigere deine Kreativit\u00e4t und sch\u00e4rfe deine Konzentration noch heute!\" \/>\n<meta name=\"robots\" content=\"index, follow, max-snippet:-1, max-image-preview:large, max-video-preview:-1\" \/>\n<link rel=\"canonical\" href=\"https:\/\/mind-treats.com\/de\/produkt\/microdosing-xp\/\" \/>\n<meta property=\"og:locale\" content=\"de_DE\" \/>\n<meta property=\"og:type\" content=\"article\" \/>\n<meta property=\"og:title\" content=\"Microdosing XP - Erschlie\u00dfe dein Potenzial!\" \/>\n<meta property=\"og:description\" content=\"Bestelle Microdosing XP Tr\u00fcffel bei Mind treats. Verbessere deine Stimmung, steigere deine Kreativit\u00e4t und sch\u00e4rfe deine Konzentration noch heute!\" \/>\n<meta property=\"og:url\" content=\"https:\/\/mind-treats.com\/de\/produkt\/microdosing-xp\/\" \/>\n<meta property=\"og:site_name\" content=\"Mind-treats\" \/>\n<meta property=\"article:publisher\" content=\"https:\/\/www.facebook.com\/mind.treats.microdosing\" \/>\n<meta property=\"article:modified_time\" content=\"2026-02-06T16:45:19+00:00\" \/>\n<meta property=\"og:image\" content=\"https:\/\/mind-treats.com\/wp-content\/uploads\/2023\/05\/XP_Truffles.webp\" \/>\n\t<meta property=\"og:image:width\" content=\"1000\" \/>\n\t<meta property=\"og:image:height\" content=\"1000\" \/>\n\t<meta property=\"og:image:type\" content=\"image\/webp\" \/>\n<meta name=\"twitter:card\" content=\"summary_large_image\" \/>\n<meta name=\"twitter:label1\" content=\"Gesch\u00e4tzte Lesezeit\" \/>\n\t<meta name=\"twitter:data1\" content=\"2\u00a0Minuten\" \/>\n<script type=\"application\/ld+json\" class=\"yoast-schema-graph\">{\"@context\":\"https:\/\/schema.org\",\"@graph\":[{\"@type\":[\"WebPage\",\"ItemPage\"],\"@id\":\"https:\/\/mind-treats.com\/de\/produkt\/microdosing-xp\/\",\"url\":\"https:\/\/mind-treats.com\/de\/produkt\/microdosing-xp\/\",\"name\":\"Microdosing XP - Erschlie\u00dfe dein Potenzial!\",\"isPartOf\":{\"@id\":\"https:\/\/mind-treats.com\/de\/#website\"},\"primaryImageOfPage\":{\"@id\":\"https:\/\/mind-treats.com\/de\/produkt\/microdosing-xp\/#primaryimage\"},\"image\":{\"@id\":\"https:\/\/mind-treats.com\/de\/produkt\/microdosing-xp\/#primaryimage\"},\"thumbnailUrl\":\"https:\/\/mind-treats.com\/wp-content\/uploads\/2023\/05\/XP_Truffles.webp\",\"datePublished\":\"2023-05-06T18:25:52+00:00\",\"dateModified\":\"2026-02-06T16:45:19+00:00\",\"description\":\"Bestelle Microdosing XP Tr\u00fcffel bei Mind treats. Verbessere deine Stimmung, steigere deine Kreativit\u00e4t und sch\u00e4rfe deine Konzentration noch heute!\",\"breadcrumb\":{\"@id\":\"https:\/\/mind-treats.com\/de\/produkt\/microdosing-xp\/#breadcrumb\"},\"inLanguage\":\"de\",\"potentialAction\":[{\"@type\":\"ReadAction\",\"target\":[\"https:\/\/mind-treats.com\/de\/produkt\/microdosing-xp\/\"]}]},{\"@type\":\"ImageObject\",\"inLanguage\":\"de\",\"@id\":\"https:\/\/mind-treats.com\/de\/produkt\/microdosing-xp\/#primaryimage\",\"url\":\"https:\/\/mind-treats.com\/wp-content\/uploads\/2023\/05\/XP_Truffles.webp\",\"contentUrl\":\"https:\/\/mind-treats.com\/wp-content\/uploads\/2023\/05\/XP_Truffles.webp\",\"width\":1000,\"height\":1000,\"caption\":\"microdosing xp, microdosing tr\u00fcffel. microdosing truffles\"},{\"@type\":\"BreadcrumbList\",\"@id\":\"https:\/\/mind-treats.com\/de\/produkt\/microdosing-xp\/#breadcrumb\",\"itemListElement\":[{\"@type\":\"ListItem\",\"position\":1,\"name\":\"Startseite\",\"item\":\"https:\/\/mind-treats.com\/de\/\"},{\"@type\":\"ListItem\",\"position\":2,\"name\":\"Online Shop\",\"item\":\"https:\/\/mind-treats.com\/de\/shop\/\"},{\"@type\":\"ListItem\",\"position\":3,\"name\":\"Microdosing\",\"item\":\"https:\/\/mind-treats.com\/de\/produkt-kategorie\/microdosing-truffel\/\"},{\"@type\":\"ListItem\",\"position\":4,\"name\":\"Microdosing XP 6x1g\"}]},{\"@type\":\"WebSite\",\"@id\":\"https:\/\/mind-treats.com\/de\/#website\",\"url\":\"https:\/\/mind-treats.com\/de\/\",\"name\":\"Mind-treats\",\"description\":\"Treat yourself smart!\",\"publisher\":{\"@id\":\"https:\/\/mind-treats.com\/de\/#organization\"},\"alternateName\":\"Mind treats\",\"potentialAction\":[{\"@type\":\"SearchAction\",\"target\":{\"@type\":\"EntryPoint\",\"urlTemplate\":\"https:\/\/mind-treats.com\/de\/?s={search_term_string}\"},\"query-input\":{\"@type\":\"PropertyValueSpecification\",\"valueRequired\":true,\"valueName\":\"search_term_string\"}}],\"inLanguage\":\"de\"},{\"@type\":\"Organization\",\"@id\":\"https:\/\/mind-treats.com\/de\/#organization\",\"name\":\"Mind treats Microdosing\",\"alternateName\":\"Mind treats\",\"url\":\"https:\/\/mind-treats.com\/de\/\",\"logo\":{\"@type\":\"ImageObject\",\"inLanguage\":\"de\",\"@id\":\"https:\/\/mind-treats.com\/de\/#\/schema\/logo\/image\/\",\"url\":\"https:\/\/mind-treats.com\/wp-content\/uploads\/2023\/08\/mind-treats-logo_round.png\",\"contentUrl\":\"https:\/\/mind-treats.com\/wp-content\/uploads\/2023\/08\/mind-treats-logo_round.png\",\"width\":494,\"height\":494,\"caption\":\"Mind treats Microdosing\"},\"image\":{\"@id\":\"https:\/\/mind-treats.com\/de\/#\/schema\/logo\/image\/\"},\"sameAs\":[\"https:\/\/www.facebook.com\/mind.treats.microdosing\",\"https:\/\/www.instagram.com\/mind.treats\/\"]}]}<\/script>\n<!-- \/ Yoast SEO plugin. -->","yoast_head_json":{"title":"Microdosing XP - Erschlie\u00dfe dein Potenzial!","description":"Bestelle Microdosing XP Tr\u00fcffel bei Mind treats. Verbessere deine Stimmung, steigere deine Kreativit\u00e4t und sch\u00e4rfe deine Konzentration noch heute!","robots":{"index":"index","follow":"follow","max-snippet":"max-snippet:-1","max-image-preview":"max-image-preview:large","max-video-preview":"max-video-preview:-1"},"canonical":"https:\/\/mind-treats.com\/de\/produkt\/microdosing-xp\/","og_locale":"de_DE","og_type":"article","og_title":"Microdosing XP - Erschlie\u00dfe dein Potenzial!","og_description":"Bestelle Microdosing XP Tr\u00fcffel bei Mind treats. Verbessere deine Stimmung, steigere deine Kreativit\u00e4t und sch\u00e4rfe deine Konzentration noch heute!","og_url":"https:\/\/mind-treats.com\/de\/produkt\/microdosing-xp\/","og_site_name":"Mind-treats","article_publisher":"https:\/\/www.facebook.com\/mind.treats.microdosing","article_modified_time":"2026-02-06T16:45:19+00:00","og_image":[{"width":1000,"height":1000,"url":"https:\/\/mind-treats.com\/wp-content\/uploads\/2023\/05\/XP_Truffles.webp","type":"image\/webp"}],"twitter_card":"summary_large_image","twitter_misc":{"Gesch\u00e4tzte Lesezeit":"2\u00a0Minuten"},"schema":{"@context":"https:\/\/schema.org","@graph":[{"@type":["WebPage","ItemPage"],"@id":"https:\/\/mind-treats.com\/de\/produkt\/microdosing-xp\/","url":"https:\/\/mind-treats.com\/de\/produkt\/microdosing-xp\/","name":"Microdosing XP - Erschlie\u00dfe dein Potenzial!","isPartOf":{"@id":"https:\/\/mind-treats.com\/de\/#website"},"primaryImageOfPage":{"@id":"https:\/\/mind-treats.com\/de\/produkt\/microdosing-xp\/#primaryimage"},"image":{"@id":"https:\/\/mind-treats.com\/de\/produkt\/microdosing-xp\/#primaryimage"},"thumbnailUrl":"https:\/\/mind-treats.com\/wp-content\/uploads\/2023\/05\/XP_Truffles.webp","datePublished":"2023-05-06T18:25:52+00:00","dateModified":"2026-02-06T16:45:19+00:00","description":"Bestelle Microdosing XP Tr\u00fcffel bei Mind treats. Verbessere deine Stimmung, steigere deine Kreativit\u00e4t und sch\u00e4rfe deine Konzentration noch heute!","breadcrumb":{"@id":"https:\/\/mind-treats.com\/de\/produkt\/microdosing-xp\/#breadcrumb"},"inLanguage":"de","potentialAction":[{"@type":"ReadAction","target":["https:\/\/mind-treats.com\/de\/produkt\/microdosing-xp\/"]}]},{"@type":"ImageObject","inLanguage":"de","@id":"https:\/\/mind-treats.com\/de\/produkt\/microdosing-xp\/#primaryimage","url":"https:\/\/mind-treats.com\/wp-content\/uploads\/2023\/05\/XP_Truffles.webp","contentUrl":"https:\/\/mind-treats.com\/wp-content\/uploads\/2023\/05\/XP_Truffles.webp","width":1000,"height":1000,"caption":"microdosing xp, microdosing tr\u00fcffel. microdosing truffles"},{"@type":"BreadcrumbList","@id":"https:\/\/mind-treats.com\/de\/produkt\/microdosing-xp\/#breadcrumb","itemListElement":[{"@type":"ListItem","position":1,"name":"Startseite","item":"https:\/\/mind-treats.com\/de\/"},{"@type":"ListItem","position":2,"name":"Online Shop","item":"https:\/\/mind-treats.com\/de\/shop\/"},{"@type":"ListItem","position":3,"name":"Microdosing","item":"https:\/\/mind-treats.com\/de\/produkt-kategorie\/microdosing-truffel\/"},{"@type":"ListItem","position":4,"name":"Microdosing XP 6x1g"}]},{"@type":"WebSite","@id":"https:\/\/mind-treats.com\/de\/#website","url":"https:\/\/mind-treats.com\/de\/","name":"Mind-treats","description":"Treat yourself smart!","publisher":{"@id":"https:\/\/mind-treats.com\/de\/#organization"},"alternateName":"Mind treats","potentialAction":[{"@type":"SearchAction","target":{"@type":"EntryPoint","urlTemplate":"https:\/\/mind-treats.com\/de\/?s={search_term_string}"},"query-input":{"@type":"PropertyValueSpecification","valueRequired":true,"valueName":"search_term_string"}}],"inLanguage":"de"},{"@type":"Organization","@id":"https:\/\/mind-treats.com\/de\/#organization","name":"Mind treats Microdosing","alternateName":"Mind treats","url":"https:\/\/mind-treats.com\/de\/","logo":{"@type":"ImageObject","inLanguage":"de","@id":"https:\/\/mind-treats.com\/de\/#\/schema\/logo\/image\/","url":"https:\/\/mind-treats.com\/wp-content\/uploads\/2023\/08\/mind-treats-logo_round.png","contentUrl":"https:\/\/mind-treats.com\/wp-content\/uploads\/2023\/08\/mind-treats-logo_round.png","width":494,"height":494,"caption":"Mind treats Microdosing"},"image":{"@id":"https:\/\/mind-treats.com\/de\/#\/schema\/logo\/image\/"},"sameAs":["https:\/\/www.facebook.com\/mind.treats.microdosing","https:\/\/www.instagram.com\/mind.treats\/"]}]}},"_links":{"self":[{"href":"https:\/\/mind-treats.com\/de\/wp-json\/wp\/v2\/product\/2910","targetHints":{"allow":["GET"]}}],"collection":[{"href":"https:\/\/mind-treats.com\/de\/wp-json\/wp\/v2\/product"}],"about":[{"href":"https:\/\/mind-treats.com\/de\/wp-json\/wp\/v2\/types\/product"}],"wp:featuredmedia":[{"embeddable":true,"href":"https:\/\/mind-treats.com\/de\/wp-json\/wp\/v2\/media\/5228"}],"wp:attachment":[{"href":"https:\/\/mind-treats.com\/de\/wp-json\/wp\/v2\/media?parent=2910"}],"wp:term":[{"taxonomy":"product_brand","embeddable":true,"href":"https:\/\/mind-treats.com\/de\/wp-json\/wp\/v2\/product_brand?post=2910"},{"taxonomy":"product_cat","embeddable":true,"href":"https:\/\/mind-treats.com\/de\/wp-json\/wp\/v2\/product_cat?post=2910"},{"taxonomy":"product_tag","embeddable":true,"href":"https:\/\/mind-treats.com\/de\/wp-json\/wp\/v2\/product_tag?post=2910"}],"curies":[{"name":"wp","href":"https:\/\/api.w.org\/{rel}","templated":true}]}}