{"id":2676,"date":"2023-05-06T20:22:53","date_gmt":"2023-05-06T18:22:53","guid":{"rendered":"https:\/\/mind-treats.com\/product\/magische-truffel-hollandia-15g\/"},"modified":"2026-02-06T17:45:29","modified_gmt":"2026-02-06T16:45:29","slug":"microdosing-truffel-hollandia","status":"publish","type":"product","link":"https:\/\/mind-treats.com\/de\/produkt\/microdosing-truffel-hollandia\/","title":{"rendered":"Magische Tr\u00fcffel &#8222;Hollandia&#8220; 15g"},"content":{"rendered":"<div class=\"message-2CShn3 cozyMessage-1DWF9U wrapper-30-Nkg cozy-VmLDNB zalgo-26OfGz\" tabindex=\"-1\" role=\"article\" data-list-item-id=\"chat-messages___chat-messages-798256222624546856-1104743445236555877\" aria-setsize=\"-1\" aria-roledescription=\"Nachricht\" aria-labelledby=\"message-username-1104742821883297904 uid_1 message-content-1104743445236555877 uid_2 message-timestamp-1104743445236555877\">\n<div class=\"contents-2MsGLg\">\n<div>\n<h2><span data-text-color=\"primary\">Microdosing Magische Tr\u00fcffel Hollandia<\/span><\/h2>\n<h3 class=\"uppercase\">ENTFALTE DEIN POTENZIAL!<\/h3>\n<\/div>\n<p>Lasse dich von der faszinierenden Anziehungskraft des Microdosing von frischen Magischen Tr\u00fcffel Hollandia verzaubern und \u00f6ffne die T\u00fcren zu deinem Potenzial. Ob erfahrener Psychonaut oder neugieriger Entdecker, unsere Tr\u00fcffel bieten eine einzigartige Reise, die deine Wahrnehmung nachhaltig pr\u00e4gen wird. \u00d6ffne deinen Geist f\u00fcr die au\u00dfergew\u00f6hnlichen M\u00f6glichkeiten, die in jeder Packung warten, und lasse die Magie entfalten. Hebe deine Sinne an und erkunde die Bereiche deines Geistes mit diesen sorgf\u00e4ltig gez\u00fcchteten Tr\u00fcffeln, die die Essenz des spirituellen Erwachens verk\u00f6rpern.<\/p>\n<p>Unsere frischen magischen Tr\u00fcffel, die f\u00fcr ihre au\u00dfergew\u00f6hnliche Qualit\u00e4t und St\u00e4rke bekannt sind, werden sorgf\u00e4ltig angebaut und geerntet, um eine unvergleichliche Microdosing-Reise zu bieten.Tauche ein in die Welt des Microdosing, einer Praxis, die aufgrund ihrer berichteten Vorteile weit verbreitete Aufmerksamkeit erlangt hat. Benutzer haben eine <strong>gesteigerte Kreativit\u00e4t, verbesserte Stimmung und erh\u00f6hte Achtsamkeit<\/strong> beschrieben. Dies macht das Mikrodosierung von magischen Tr\u00fcffel zu einer beliebten Wahl f\u00fcr diejenigen, die eine frische Perspektive auf die Erlebnisse des Lebens suchen.<\/p>\n<div><\/div>\n<h4><span style=\"text-transform: uppercase;\">Beste Qualit\u00e4t f\u00fcr das beste Microdosing-Erlebnis<\/span><\/h4>\n<div><\/div>\n<\/div>\n<\/div>\n<div class=\"message-2CShn3 cozyMessage-1DWF9U wrapper-30-Nkg cozy-VmLDNB zalgo-26OfGz\" tabindex=\"-1\" role=\"article\" data-list-item-id=\"chat-messages___chat-messages-798256222624546856-1104743445236555877\" aria-setsize=\"-1\" aria-roledescription=\"Nachricht\" aria-labelledby=\"message-username-1104742821883297904 uid_1 message-content-1104743445236555877 uid_2 message-timestamp-1104743445236555877\">\n<div class=\"contents-2MsGLg\">\n<p>Um sicherzustellen, dass jeder Tr\u00fcffel seine optimale Frische und Potenz beh\u00e4lt, wird jede 15g-Packung in einem Beutel vakuumversiegelt. Wir sind stolz auf unser Engagement f\u00fcr Nachhaltigkeit, daher ist unsere Verpackung nicht nur wirksam bei der Konservierung des Produkts, sondern auch umweltfreundlich. Dar\u00fcber hinaus sind die Etiketten auf unseren Beuteln kompostierbar, was unsere Hingabe zur Minimierung unseres \u00f6kologischen Fu\u00dfabdrucks widerspiegelt.<\/p>\n<p>Ohne Zweifel erf\u00fcllen unsere frischen Tr\u00fcffel <a href=\"https:\/\/microdosingxp.com\/nl\/magic-truffles-xp\/psilocybe-hollandia-xp\/\">Hollandia<\/a> die strengen Qualit\u00e4tsstandards gem\u00e4\u00df der EU-Verordnung 1881\/2006. Dies stellt sicher, dass du ein Produkt erh\u00e4ltst, das nicht nur au\u00dfergew\u00f6hnlich, sondern auch sicher f\u00fcr den Verzehr ist. Zweifellos sind diese Tr\u00fcffel das Ergebnis jahrelanger Erfahrung, Leidenschaft und Hingabe.<\/p>\n<\/div>\n<div class=\"contents-2MsGLg\">\n<p class=\"markup-eYLPri messageContent-2t3eCI\">Eine Packung enth\u00e4lt Tr\u00fcffel f\u00fcr etwa 4 bis 6 Wochen des Microdosierens, gem\u00e4\u00df dem <a href=\"https:\/\/mind-treats.com\/de\/die-protokolle\/#fadiman-protocol\">Fadiman-Protokoll<\/a> oder dem <a href=\"https:\/\/mind-treats.com\/de\/die-protokolle\/#two-days-a-week\">2-Tage-pro-Woche-Protokoll<\/a>.<\/p>\n<p class=\"markup-eYLPri messageContent-2t3eCI\"><span style=\"color: #555555;\">Bei Mind-treats stellen wir jedes Produkt sorgf\u00e4ltig her und verpacken es mit umweltfreundlichen Materialien. Uns liegen Mensch und Natur am Herzen.<\/span><\/p>\n<div class=\"markup-eYLPri messageContent-2t3eCI\"><span style=\"color: #555555;\">Verpackungsdetails:<\/span><\/div>\n<\/div>\n<div>\n<p data-wp-editing=\"1\"><img loading=\"lazy\" decoding=\"async\" class=\"alignnone wp-image-5336\" src=\"https:\/\/mind-treats.com\/wp-content\/uploads\/2023\/05\/EN13432-250x250.webp\" alt=\"compostable\" width=\"60\" height=\"60\" srcset=\"https:\/\/mind-treats.com\/wp-content\/uploads\/2023\/05\/EN13432-250x250.webp 250w, https:\/\/mind-treats.com\/wp-content\/uploads\/2023\/05\/EN13432-300x300.webp 300w, https:\/\/mind-treats.com\/wp-content\/uploads\/2023\/05\/EN13432-100x100.webp 100w, https:\/\/mind-treats.com\/wp-content\/uploads\/2023\/05\/EN13432.webp 331w\" sizes=\"auto, (max-width: 60px) 100vw, 60px\" \/> <img loading=\"lazy\" decoding=\"async\" class=\"alignnone wp-image-5327\" src=\"https:\/\/mind-treats.com\/wp-content\/uploads\/2023\/05\/PET-250x250.webp\" alt=\"Pet\" width=\"60\" height=\"60\" srcset=\"https:\/\/mind-treats.com\/wp-content\/uploads\/2023\/05\/PET-250x250.webp 250w, https:\/\/mind-treats.com\/wp-content\/uploads\/2023\/05\/PET-300x300.webp 300w, https:\/\/mind-treats.com\/wp-content\/uploads\/2023\/05\/PET-100x100.webp 100w, https:\/\/mind-treats.com\/wp-content\/uploads\/2023\/05\/PET.webp 331w\" sizes=\"auto, (max-width: 60px) 100vw, 60px\" \/><\/p>\n<p data-wp-editing=\"1\">Hinweis: Eine <a href=\"https:\/\/mind-treats.com\/de\/produkt\/on-balance-taschen-waage\/\">Taschenwaage<\/a> ist unerl\u00e4sslich, um deine Dosen genau zu messen. Bestelle noch heute und spare bis zu 15% mit dem <a href=\"https:\/\/mind-treats.com\/de\/produkt\/microdosing-starter-bundle\/\">Starter Bundle<\/a>!<\/p>\n<p data-wp-editing=\"1\">\n<\/div>\n<div class=\"button-3bklZh\" tabindex=\"0\" role=\"button\" aria-label=\"Reaktion hinzuf\u00fcgen\" aria-expanded=\"false\"><\/div>\n<\/div>\n","protected":false},"excerpt":{"rendered":"<p>Erlebe deine Microdosing-Reise mit frischen Psilocybin-Tr\u00fcffel &#8222;Hollandia&#8220; (Sklerotia).<\/p>\n<ul>\n<li>Eine Packung enth\u00e4lt 15g<\/li>\n<li>Kultiviert in den Niederlanden gem\u00e4\u00df EU-Verordnung 1881\/2006<\/li>\n<li>F\u00fcr jedes Protokoll geeignet<\/li>\n<li>Genug f\u00fcr 4 &#8211; 6 Wochen Microdosing<\/li>\n<li>Du kontrollierst die Dosierung (Pr\u00e4zisionswaage ben\u00f6tigt)<\/li>\n<li>Mengenrabatt<\/li>\n<\/ul>\n<p>Du hast noch keine Waage? Schaue dir das <a href=\"https:\/\/mind-treats.com\/de\/produkt\/microdosing-starter-bundle\/\">Microdosing Starter Bundle<\/a> an!<\/p>\n<div class=\"row icon-row\"  id=\"row-1084596110\">\n\n\t<div id=\"col-257181405\" class=\"col medium-1\/4 large-3\"  >\n\t\t\t\t<div class=\"col-inner\"  >\n\t\t\t\n\t\t\t\n\n\t\t<div class=\"icon-box featured-box icon-box icon-box-top text-left\"  >\n\t\t\t\t<div class=\"icon-box-text last-reset\">\n\t\t\t\t\t\t\t\t\t\n<p><img loading=\"lazy\" decoding=\"async\" class=\"aligncenter wp-image-5289\" src=\"https:\/\/mind-treats.com\/wp-content\/uploads\/2023\/11\/discreet-shipping.webp\" alt=\"\" width=\"72\" height=\"72\" srcset=\"https:\/\/mind-treats.com\/wp-content\/uploads\/2023\/11\/discreet-shipping.webp 195w, https:\/\/mind-treats.com\/wp-content\/uploads\/2023\/11\/discreet-shipping-100x100.webp 100w\" sizes=\"auto, (max-width: 72px) 100vw, 72px\" \/><\/p>\n<h5 class=\"uppercase\" style=\"text-align: center;\"><span data-text-color=\"secondary\">Diskreter Versand<\/span><\/h5>\n\t\t<\/div>\n\t<\/div>\n\t\n\t\n<p style=\"text-align: left;\">\t\t<\/div>\n\t\t\t\t\t<\/div>\n\n\t\n\n\t<div id=\"col-1905132479\" class=\"col medium-1\/4 large-3\"  >\n\t\t\t\t<div class=\"col-inner\"  >\n\t\t\t\n\t\t\t\n\n\t\t<div class=\"icon-box featured-box icon-box icon-box-top text-left\"  >\n\t\t\t\t<div class=\"icon-box-text last-reset\">\n\t\t\t\t\t\t\t\t\t\n<p><img loading=\"lazy\" decoding=\"async\" class=\"aligncenter wp-image-5265\" src=\"https:\/\/mind-treats.com\/wp-content\/uploads\/2023\/11\/ecofriendly-packaging.webp\" alt=\"eco friendly packaging\" width=\"72\" height=\"72\" srcset=\"https:\/\/mind-treats.com\/wp-content\/uploads\/2023\/11\/ecofriendly-packaging.webp 195w, https:\/\/mind-treats.com\/wp-content\/uploads\/2023\/11\/ecofriendly-packaging-100x100.webp 100w\" sizes=\"auto, (max-width: 72px) 100vw, 72px\" \/><\/p>\n<h5 class=\"uppercase\" style=\"text-align: center;\"><span data-text-color=\"secondary\">Nachhaltige Verpackung<\/span><\/h5>\n\t\t<\/div>\n\t<\/div>\n\t\n\t\n\t\t<\/div>\n\t\t\t\t\t<\/div>\n\n\t\n\n\t<div id=\"col-1681653383\" class=\"col medium-1\/4 large-3\"  >\n\t\t\t\t<div class=\"col-inner\"  >\n\t\t\t\n\t\t\t\n\n\t\t<div class=\"icon-box featured-box icon-box icon-box-top text-left\"  >\n\t\t\t\t<div class=\"icon-box-text last-reset\">\n\t\t\t\t\t\t\t\t\t\n<p><img loading=\"lazy\" decoding=\"async\" class=\"aligncenter wp-image-5286\" src=\"https:\/\/mind-treats.com\/wp-content\/uploads\/2023\/11\/discount.webp\" alt=\"volume discount, bundle discount\" width=\"72\" height=\"72\" srcset=\"https:\/\/mind-treats.com\/wp-content\/uploads\/2023\/11\/discount.webp 195w, https:\/\/mind-treats.com\/wp-content\/uploads\/2023\/11\/discount-100x100.webp 100w\" sizes=\"auto, (max-width: 72px) 100vw, 72px\" \/><\/p>\n<h5 class=\"uppercase\" style=\"text-align: center;\"><span data-text-color=\"secondary\">Spare mit Bundles<\/span><\/h5>\n\t\t<\/div>\n\t<\/div>\n\t\n\t\n\t\t<\/div>\n\t\t\t\t\t<\/div>\n\n\t\n\n\t<div id=\"col-213657822\" class=\"col medium-1\/4 large-3\"  >\n\t\t\t\t<div class=\"col-inner\"  >\n\t\t\t\n\t\t\t\n\n\t\t<div class=\"icon-box featured-box icon-box icon-box-top text-left\"  >\n\t\t\t\t<div class=\"icon-box-text last-reset\">\n\t\t\t\t\t\t\t\t\t\n<p><img loading=\"lazy\" decoding=\"async\" class=\"aligncenter wp-image-5268\" src=\"https:\/\/mind-treats.com\/wp-content\/uploads\/2023\/11\/free-shipping.webp\" alt=\"free shipping\" width=\"72\" height=\"72\" srcset=\"https:\/\/mind-treats.com\/wp-content\/uploads\/2023\/11\/free-shipping.webp 195w, https:\/\/mind-treats.com\/wp-content\/uploads\/2023\/11\/free-shipping-100x100.webp 100w\" sizes=\"auto, (max-width: 72px) 100vw, 72px\" \/><\/p>\n<h5 class=\"uppercase\" style=\"text-align: center;\"><span data-text-color=\"secondary\">Kostenloser Versand ab 55\u20ac<\/span><\/h5>\n\t\t<\/div>\n\t<\/div>\n\t\n\t\n\t\t<\/div>\n\t\t\t\t\t<\/div>\n\n\t\n<\/div>\n<p>&nbsp;<\/p>\n<h3><span data-text-color=\"primary\">MENGENRABATT<\/span><\/h3>\n","protected":false},"featured_media":5198,"template":"","meta":[],"product_brand":[],"product_cat":[96],"product_tag":[123],"class_list":{"0":"post-2676","1":"product","2":"type-product","3":"status-publish","4":"has-post-thumbnail","6":"product_cat-microdosing-truffel","7":"product_tag-microdosing","9":"first","10":"instock","11":"featured","12":"taxable","13":"shipping-taxable","14":"purchasable","15":"product-type-simple"},"yoast_head":"<!-- This site is optimized with the Yoast SEO plugin v26.4 - https:\/\/yoast.com\/wordpress\/plugins\/seo\/ -->\n<title>Bestelle Microdosing Frische Tr\u00fcffel: Hollandia 15g pack<\/title>\n<meta name=\"description\" content=\"Microdosing frische Tr\u00fcffel mit Mind treats. Bestelle Magische Tr\u00fcffel Hollandia und starte deine Reise noch heute. \u2714\ufe0f KOSTENLOSER Versand innerhalb Europas\" \/>\n<meta name=\"robots\" content=\"index, follow, max-snippet:-1, max-image-preview:large, max-video-preview:-1\" \/>\n<link rel=\"canonical\" href=\"https:\/\/mind-treats.com\/de\/produkt\/microdosing-truffel-hollandia\/\" \/>\n<meta property=\"og:locale\" content=\"de_DE\" \/>\n<meta property=\"og:type\" content=\"article\" \/>\n<meta property=\"og:title\" content=\"Bestelle Microdosing Frische Tr\u00fcffel: Hollandia 15g pack\" \/>\n<meta property=\"og:description\" content=\"Microdosing frische Tr\u00fcffel mit Mind treats. Bestelle Magische Tr\u00fcffel Hollandia und starte deine Reise noch heute. \u2714\ufe0f KOSTENLOSER Versand innerhalb Europas\" \/>\n<meta property=\"og:url\" content=\"https:\/\/mind-treats.com\/de\/produkt\/microdosing-truffel-hollandia\/\" \/>\n<meta property=\"og:site_name\" content=\"Mind-treats\" \/>\n<meta property=\"article:publisher\" content=\"https:\/\/www.facebook.com\/mind.treats.microdosing\" \/>\n<meta property=\"article:modified_time\" content=\"2026-02-06T16:45:29+00:00\" \/>\n<meta property=\"og:image\" content=\"https:\/\/mind-treats.com\/wp-content\/uploads\/2023\/05\/MD_Truffles.webp\" \/>\n\t<meta property=\"og:image:width\" content=\"1000\" \/>\n\t<meta property=\"og:image:height\" content=\"1000\" \/>\n\t<meta property=\"og:image:type\" content=\"image\/webp\" \/>\n<meta name=\"twitter:card\" content=\"summary_large_image\" \/>\n<meta name=\"twitter:label1\" content=\"Gesch\u00e4tzte Lesezeit\" \/>\n\t<meta name=\"twitter:data1\" content=\"2\u00a0Minuten\" \/>\n<script type=\"application\/ld+json\" class=\"yoast-schema-graph\">{\"@context\":\"https:\/\/schema.org\",\"@graph\":[{\"@type\":[\"WebPage\",\"ItemPage\"],\"@id\":\"https:\/\/mind-treats.com\/de\/produkt\/microdosing-truffel-hollandia\/\",\"url\":\"https:\/\/mind-treats.com\/de\/produkt\/microdosing-truffel-hollandia\/\",\"name\":\"Bestelle Microdosing Frische Tr\u00fcffel: Hollandia 15g pack\",\"isPartOf\":{\"@id\":\"https:\/\/mind-treats.com\/de\/#website\"},\"primaryImageOfPage\":{\"@id\":\"https:\/\/mind-treats.com\/de\/produkt\/microdosing-truffel-hollandia\/#primaryimage\"},\"image\":{\"@id\":\"https:\/\/mind-treats.com\/de\/produkt\/microdosing-truffel-hollandia\/#primaryimage\"},\"thumbnailUrl\":\"https:\/\/mind-treats.com\/wp-content\/uploads\/2023\/05\/MD_Truffles.webp\",\"datePublished\":\"2023-05-06T18:22:53+00:00\",\"dateModified\":\"2026-02-06T16:45:29+00:00\",\"description\":\"Microdosing frische Tr\u00fcffel mit Mind treats. Bestelle Magische Tr\u00fcffel Hollandia und starte deine Reise noch heute. \u2714\ufe0f KOSTENLOSER Versand innerhalb Europas\",\"breadcrumb\":{\"@id\":\"https:\/\/mind-treats.com\/de\/produkt\/microdosing-truffel-hollandia\/#breadcrumb\"},\"inLanguage\":\"de\",\"potentialAction\":[{\"@type\":\"ReadAction\",\"target\":[\"https:\/\/mind-treats.com\/de\/produkt\/microdosing-truffel-hollandia\/\"]}]},{\"@type\":\"ImageObject\",\"inLanguage\":\"de\",\"@id\":\"https:\/\/mind-treats.com\/de\/produkt\/microdosing-truffel-hollandia\/#primaryimage\",\"url\":\"https:\/\/mind-treats.com\/wp-content\/uploads\/2023\/05\/MD_Truffles.webp\",\"contentUrl\":\"https:\/\/mind-treats.com\/wp-content\/uploads\/2023\/05\/MD_Truffles.webp\",\"width\":1000,\"height\":1000,\"caption\":\"microdosing truffles hollandia 15g\"},{\"@type\":\"BreadcrumbList\",\"@id\":\"https:\/\/mind-treats.com\/de\/produkt\/microdosing-truffel-hollandia\/#breadcrumb\",\"itemListElement\":[{\"@type\":\"ListItem\",\"position\":1,\"name\":\"Startseite\",\"item\":\"https:\/\/mind-treats.com\/de\/\"},{\"@type\":\"ListItem\",\"position\":2,\"name\":\"Online Shop\",\"item\":\"https:\/\/mind-treats.com\/de\/shop\/\"},{\"@type\":\"ListItem\",\"position\":3,\"name\":\"Microdosing\",\"item\":\"https:\/\/mind-treats.com\/de\/produkt-kategorie\/microdosing-truffel\/\"},{\"@type\":\"ListItem\",\"position\":4,\"name\":\"Magische Tr\u00fcffel &#8220;Hollandia&#8221; 15g\"}]},{\"@type\":\"WebSite\",\"@id\":\"https:\/\/mind-treats.com\/de\/#website\",\"url\":\"https:\/\/mind-treats.com\/de\/\",\"name\":\"Mind-treats\",\"description\":\"Treat yourself smart!\",\"publisher\":{\"@id\":\"https:\/\/mind-treats.com\/de\/#organization\"},\"alternateName\":\"Mind treats\",\"potentialAction\":[{\"@type\":\"SearchAction\",\"target\":{\"@type\":\"EntryPoint\",\"urlTemplate\":\"https:\/\/mind-treats.com\/de\/?s={search_term_string}\"},\"query-input\":{\"@type\":\"PropertyValueSpecification\",\"valueRequired\":true,\"valueName\":\"search_term_string\"}}],\"inLanguage\":\"de\"},{\"@type\":\"Organization\",\"@id\":\"https:\/\/mind-treats.com\/de\/#organization\",\"name\":\"Mind treats Microdosing\",\"alternateName\":\"Mind treats\",\"url\":\"https:\/\/mind-treats.com\/de\/\",\"logo\":{\"@type\":\"ImageObject\",\"inLanguage\":\"de\",\"@id\":\"https:\/\/mind-treats.com\/de\/#\/schema\/logo\/image\/\",\"url\":\"https:\/\/mind-treats.com\/wp-content\/uploads\/2023\/08\/mind-treats-logo_round.png\",\"contentUrl\":\"https:\/\/mind-treats.com\/wp-content\/uploads\/2023\/08\/mind-treats-logo_round.png\",\"width\":494,\"height\":494,\"caption\":\"Mind treats Microdosing\"},\"image\":{\"@id\":\"https:\/\/mind-treats.com\/de\/#\/schema\/logo\/image\/\"},\"sameAs\":[\"https:\/\/www.facebook.com\/mind.treats.microdosing\",\"https:\/\/www.instagram.com\/mind.treats\/\"]}]}<\/script>\n<!-- \/ Yoast SEO plugin. -->","yoast_head_json":{"title":"Bestelle Microdosing Frische Tr\u00fcffel: Hollandia 15g pack","description":"Microdosing frische Tr\u00fcffel mit Mind treats. Bestelle Magische Tr\u00fcffel Hollandia und starte deine Reise noch heute. \u2714\ufe0f KOSTENLOSER Versand innerhalb Europas","robots":{"index":"index","follow":"follow","max-snippet":"max-snippet:-1","max-image-preview":"max-image-preview:large","max-video-preview":"max-video-preview:-1"},"canonical":"https:\/\/mind-treats.com\/de\/produkt\/microdosing-truffel-hollandia\/","og_locale":"de_DE","og_type":"article","og_title":"Bestelle Microdosing Frische Tr\u00fcffel: Hollandia 15g pack","og_description":"Microdosing frische Tr\u00fcffel mit Mind treats. Bestelle Magische Tr\u00fcffel Hollandia und starte deine Reise noch heute. \u2714\ufe0f KOSTENLOSER Versand innerhalb Europas","og_url":"https:\/\/mind-treats.com\/de\/produkt\/microdosing-truffel-hollandia\/","og_site_name":"Mind-treats","article_publisher":"https:\/\/www.facebook.com\/mind.treats.microdosing","article_modified_time":"2026-02-06T16:45:29+00:00","og_image":[{"width":1000,"height":1000,"url":"https:\/\/mind-treats.com\/wp-content\/uploads\/2023\/05\/MD_Truffles.webp","type":"image\/webp"}],"twitter_card":"summary_large_image","twitter_misc":{"Gesch\u00e4tzte Lesezeit":"2\u00a0Minuten"},"schema":{"@context":"https:\/\/schema.org","@graph":[{"@type":["WebPage","ItemPage"],"@id":"https:\/\/mind-treats.com\/de\/produkt\/microdosing-truffel-hollandia\/","url":"https:\/\/mind-treats.com\/de\/produkt\/microdosing-truffel-hollandia\/","name":"Bestelle Microdosing Frische Tr\u00fcffel: Hollandia 15g pack","isPartOf":{"@id":"https:\/\/mind-treats.com\/de\/#website"},"primaryImageOfPage":{"@id":"https:\/\/mind-treats.com\/de\/produkt\/microdosing-truffel-hollandia\/#primaryimage"},"image":{"@id":"https:\/\/mind-treats.com\/de\/produkt\/microdosing-truffel-hollandia\/#primaryimage"},"thumbnailUrl":"https:\/\/mind-treats.com\/wp-content\/uploads\/2023\/05\/MD_Truffles.webp","datePublished":"2023-05-06T18:22:53+00:00","dateModified":"2026-02-06T16:45:29+00:00","description":"Microdosing frische Tr\u00fcffel mit Mind treats. Bestelle Magische Tr\u00fcffel Hollandia und starte deine Reise noch heute. \u2714\ufe0f KOSTENLOSER Versand innerhalb Europas","breadcrumb":{"@id":"https:\/\/mind-treats.com\/de\/produkt\/microdosing-truffel-hollandia\/#breadcrumb"},"inLanguage":"de","potentialAction":[{"@type":"ReadAction","target":["https:\/\/mind-treats.com\/de\/produkt\/microdosing-truffel-hollandia\/"]}]},{"@type":"ImageObject","inLanguage":"de","@id":"https:\/\/mind-treats.com\/de\/produkt\/microdosing-truffel-hollandia\/#primaryimage","url":"https:\/\/mind-treats.com\/wp-content\/uploads\/2023\/05\/MD_Truffles.webp","contentUrl":"https:\/\/mind-treats.com\/wp-content\/uploads\/2023\/05\/MD_Truffles.webp","width":1000,"height":1000,"caption":"microdosing truffles hollandia 15g"},{"@type":"BreadcrumbList","@id":"https:\/\/mind-treats.com\/de\/produkt\/microdosing-truffel-hollandia\/#breadcrumb","itemListElement":[{"@type":"ListItem","position":1,"name":"Startseite","item":"https:\/\/mind-treats.com\/de\/"},{"@type":"ListItem","position":2,"name":"Online Shop","item":"https:\/\/mind-treats.com\/de\/shop\/"},{"@type":"ListItem","position":3,"name":"Microdosing","item":"https:\/\/mind-treats.com\/de\/produkt-kategorie\/microdosing-truffel\/"},{"@type":"ListItem","position":4,"name":"Magische Tr\u00fcffel &#8220;Hollandia&#8221; 15g"}]},{"@type":"WebSite","@id":"https:\/\/mind-treats.com\/de\/#website","url":"https:\/\/mind-treats.com\/de\/","name":"Mind-treats","description":"Treat yourself smart!","publisher":{"@id":"https:\/\/mind-treats.com\/de\/#organization"},"alternateName":"Mind treats","potentialAction":[{"@type":"SearchAction","target":{"@type":"EntryPoint","urlTemplate":"https:\/\/mind-treats.com\/de\/?s={search_term_string}"},"query-input":{"@type":"PropertyValueSpecification","valueRequired":true,"valueName":"search_term_string"}}],"inLanguage":"de"},{"@type":"Organization","@id":"https:\/\/mind-treats.com\/de\/#organization","name":"Mind treats Microdosing","alternateName":"Mind treats","url":"https:\/\/mind-treats.com\/de\/","logo":{"@type":"ImageObject","inLanguage":"de","@id":"https:\/\/mind-treats.com\/de\/#\/schema\/logo\/image\/","url":"https:\/\/mind-treats.com\/wp-content\/uploads\/2023\/08\/mind-treats-logo_round.png","contentUrl":"https:\/\/mind-treats.com\/wp-content\/uploads\/2023\/08\/mind-treats-logo_round.png","width":494,"height":494,"caption":"Mind treats Microdosing"},"image":{"@id":"https:\/\/mind-treats.com\/de\/#\/schema\/logo\/image\/"},"sameAs":["https:\/\/www.facebook.com\/mind.treats.microdosing","https:\/\/www.instagram.com\/mind.treats\/"]}]}},"_links":{"self":[{"href":"https:\/\/mind-treats.com\/de\/wp-json\/wp\/v2\/product\/2676","targetHints":{"allow":["GET"]}}],"collection":[{"href":"https:\/\/mind-treats.com\/de\/wp-json\/wp\/v2\/product"}],"about":[{"href":"https:\/\/mind-treats.com\/de\/wp-json\/wp\/v2\/types\/product"}],"wp:featuredmedia":[{"embeddable":true,"href":"https:\/\/mind-treats.com\/de\/wp-json\/wp\/v2\/media\/5198"}],"wp:attachment":[{"href":"https:\/\/mind-treats.com\/de\/wp-json\/wp\/v2\/media?parent=2676"}],"wp:term":[{"taxonomy":"product_brand","embeddable":true,"href":"https:\/\/mind-treats.com\/de\/wp-json\/wp\/v2\/product_brand?post=2676"},{"taxonomy":"product_cat","embeddable":true,"href":"https:\/\/mind-treats.com\/de\/wp-json\/wp\/v2\/product_cat?post=2676"},{"taxonomy":"product_tag","embeddable":true,"href":"https:\/\/mind-treats.com\/de\/wp-json\/wp\/v2\/product_tag?post=2676"}],"curies":[{"name":"wp","href":"https:\/\/api.w.org\/{rel}","templated":true}]}}