{"id":2675,"date":"2023-05-03T11:21:17","date_gmt":"2023-05-03T09:21:17","guid":{"rendered":"https:\/\/mind-treats.com\/product\/niacin-640mg-no-flush\/"},"modified":"2026-02-06T17:45:35","modified_gmt":"2026-02-06T16:45:35","slug":"no-flush-niacin-640mg","status":"publish","type":"product","link":"https:\/\/mind-treats.com\/de\/produkt\/no-flush-niacin-640mg\/","title":{"rendered":"Niacin 640mg No Flush"},"content":{"rendered":"<h2><span data-text-color=\"primary\">No Flush Niacin 640mg <\/span><\/h2>\n<p>Vitamin B3, No Flush <a href=\"https:\/\/www.healthline.com\/nutrition\/niacin-benefits\">Niacin<\/a> Kapseln mit 640 mg von Life Extension enthalten Inositol-Hexanicotinat, eine besondere Form von Niacin. Inositol-Hexanicotinat besteht aus sechs Molek\u00fclen Niacin, die chemisch mit einem Inositol-Molek\u00fcl verbunden sind. Der K\u00f6rper hydrolysiert einen Teil des aufgenommenen Inositol-Hexanicotinats, um allm\u00e4hlich freies Niacin und Inositol freizusetzen. Da der K\u00f6rper jedoch einen Gro\u00dfteil davon beh\u00e4lt, glauben Experten, dass Inositol-Hexanicotinat den K\u00f6rper direkt beeinflussen k\u00f6nnte, zus\u00e4tzlich zu seinen Inositol- und Niacin-Komponenten, und <strong>nicht die \u00fcbliche Niacin-R\u00f6te ausl\u00f6st<\/strong>.<\/p>\n<p>Bei einem Vitamin-B-Mangel kann die Umwandlung von konsumierter Nahrung in lebenswichtige Energie f\u00fcr K\u00f6rperfunktionen herausfordernd sein. Dar\u00fcber hinaus sind ausreichende B-Vitamin-Spiegel wichtig, da sie mit Enzymen zusammenarbeiten, um die Freisetzung von Energie aus den Kohlenhydraten, Fetten und Proteinen in deiner Ern\u00e4hrung zu erm\u00f6glichen. Die optimale Funktion des K\u00f6rpers h\u00e4ngt von einer kontinuierlichen Energieversorgung ab. Diese Energie, die von deinen Zellen produziert wird, wird im gesamten K\u00f6rper verteilt. Aufgrund ihrer voneinander abh\u00e4ngigen Stoffwechselaktivit\u00e4ten kann ein Mangel an einem B-Vitamin die normale Funktion von Organsystemen im gesamten K\u00f6rper beeintr\u00e4chtigen.<\/p>\n<h4>Weitere Fakten zu <a href=\"https:\/\/mind-treats.com\/de\/ernahrungsstudien\/#vitamin-b3\">Vitamin B3<\/a> No Flush Niacin:<\/h4>\n<ul>\n<li><strong>Stoffwechsel:<\/strong> Niacin ist ein wasserl\u00f6slicher N\u00e4hrstoff, der f\u00fcr die Energie\u00fcbertragungsreaktionen, insbesondere diejenigen, die ihrem K\u00f6rper bei der Verstoffwechselung von Glukose (Zucker), Fett und Alkohol helfen, entscheidend ist. Vitamin B3 wird ben\u00f6tigt, damit der K\u00f6rper Nahrungsfette und Kohlenhydrate nutzen und Alkohol verstoffwechseln kann.<\/li>\n<li><strong>Zellul\u00e4re Energie:<\/strong> Vitamin-B-Coenzyme (wie Niacin) sind entscheidend f\u00fcr die Stoffwechselwege, die die zellul\u00e4re Energie erzeugen. Niacin hilft bei der Verstoffwechselung der aufgenommenen Nahrung und f\u00f6rdert die gesunde Produktion von Zellenergie.<\/li>\n<li><strong>Cholesterin<\/strong>: Niacin kann sich g\u00fcnstig auf die Blutfette auswirken und dazu beitragen, gesunde Cholesterinspiegel aufrechtzuerhalten, die bereits im normalen Bereich liegen. Diese Eigenschaft wurde in den 1950er Jahren identifiziert und macht Niacin zu einem der am meisten untersuchten N\u00e4hrstoffe f\u00fcr diesen Zweck.<\/li>\n<\/ul>\n<p>Jede Kapsel von Life Extension No Flush Niacin enth\u00e4lt 640 mg dieses lebenswichtigen N\u00e4hrstoffs. Unterst\u00fctze eine gesunde zellul\u00e4re Energie, erhalte deinen Cholesterinspiegel, die bereits im normalen Bereich liegt. F\u00f6rdere au\u00dferdem einen gesunden Fett-, Kohlenhydrat- und Alkoholstoffwechsel mit <a href=\"https:\/\/mind-treats.com\/de\/produkt\/no-flush-niacin-640mg\/\">Vitamin B3 No Flush Niacin 640mg<\/a>.<\/p>\n","protected":false},"excerpt":{"rendered":"<ul>\n<li>Erm\u00f6glicht Niacin-Aktivit\u00e4t ohne R\u00f6tungen<\/li>\n<li>Unterst\u00fctze die Herz-Kreislauf-Gesundheit, neurologische Gesundheit und die allgemeine Gesundheit<\/li>\n<li>F\u00f6rdere einen gesunden Stoffwechsel, der zellul\u00e4re Energie erzeugen kann<\/li>\n<\/ul>\n<p>No-Flush Niacin enth\u00e4lt eine besondere Form von Niacin (Vitamin B3), Inositol-Hexanicotinat, dessen innovative Eigenschaften eine echte Niacin-Aktivit\u00e4t ohne die charakteristische Niacin-R\u00f6tung erm\u00f6glichen.<\/p>\n<div class=\"row icon-row\"  id=\"row-794859309\">\n\n\t<div id=\"col-83333903\" class=\"col medium-1\/3 large-4\"  >\n\t\t\t\t<div class=\"col-inner\"  >\n\t\t\t\n\t\t\t\n\n\t\t<div class=\"icon-box featured-box icon-box icon-box-top text-left\"  >\n\t\t\t\t<div class=\"icon-box-text last-reset\">\n\t\t\t\t\t\t\t\t\t\n<p><img loading=\"lazy\" decoding=\"async\" class=\"aligncenter wp-image-5280\" src=\"https:\/\/mind-treats.com\/wp-content\/uploads\/2023\/11\/science.webp\" alt=\"based on science\" width=\"72\" height=\"72\" srcset=\"https:\/\/mind-treats.com\/wp-content\/uploads\/2023\/11\/science.webp 195w, https:\/\/mind-treats.com\/wp-content\/uploads\/2023\/11\/science-100x100.webp 100w\" sizes=\"auto, (max-width: 72px) 100vw, 72px\" \/><\/p>\n<h5 class=\"uppercase\" style=\"text-align: center;\"><span data-text-color=\"secondary\">Hochwertige Inhaltsstoffe<\/span><\/h5>\n\t\t<\/div>\n\t<\/div>\n\t\n\t\n<p style=\"text-align: left;\">\t\t<\/div>\n\t\t\t\t\t<\/div>\n\n\t\n\n\t<div id=\"col-734577362\" class=\"col medium-1\/3 large-4\"  >\n\t\t\t\t<div class=\"col-inner\"  >\n\t\t\t\n\t\t\t\n\n\t\t<div class=\"icon-box featured-box icon-box icon-box-top text-left\"  >\n\t\t\t\t<div class=\"icon-box-text last-reset\">\n\t\t\t\t\t\t\t\t\t\n<p><img loading=\"lazy\" decoding=\"async\" class=\"aligncenter wp-image-5277\" src=\"https:\/\/mind-treats.com\/wp-content\/uploads\/2023\/11\/Non-gmo.webp\" alt=\"non-gmo\" width=\"72\" height=\"72\" srcset=\"https:\/\/mind-treats.com\/wp-content\/uploads\/2023\/11\/Non-gmo.webp 195w, https:\/\/mind-treats.com\/wp-content\/uploads\/2023\/11\/Non-gmo-100x100.webp 100w\" sizes=\"auto, (max-width: 72px) 100vw, 72px\" \/><\/p>\n<h5 class=\"uppercase\" style=\"text-align: center;\"><span data-text-color=\"secondary\">Frei VON GMO<\/span><\/h5>\n\t\t<\/div>\n\t<\/div>\n\t\n\t\n\t\t<\/div>\n\t\t\t\t\t<\/div>\n\n\t\n\n\t<div id=\"col-417781393\" class=\"col medium-1\/3 large-4\"  >\n\t\t\t\t<div class=\"col-inner\"  >\n\t\t\t\n\t\t\t\n\n\t\t<div class=\"icon-box featured-box icon-box icon-box-top text-left\"  >\n\t\t\t\t<div class=\"icon-box-text last-reset\">\n\t\t\t\t\t\t\t\t\t\n<p><img loading=\"lazy\" decoding=\"async\" class=\"aligncenter wp-image-5268\" src=\"https:\/\/mind-treats.com\/wp-content\/uploads\/2023\/11\/free-shipping.webp\" alt=\"free shipping\" width=\"72\" height=\"72\" srcset=\"https:\/\/mind-treats.com\/wp-content\/uploads\/2023\/11\/free-shipping.webp 195w, https:\/\/mind-treats.com\/wp-content\/uploads\/2023\/11\/free-shipping-100x100.webp 100w\" sizes=\"auto, (max-width: 72px) 100vw, 72px\" \/><\/p>\n<h5 class=\"uppercase\" style=\"text-align: center;\"><span data-text-color=\"secondary\">Kostenloser Versand ab 55\u20ac<\/span><\/h5>\n\t\t<\/div>\n\t<\/div>\n\t\n\t\n\t\t<\/div>\n\t\t\t\t\t<\/div>\n\n\t\n<\/div>\n","protected":false},"featured_media":5156,"template":"","meta":[],"product_brand":[],"product_cat":[98],"product_tag":[118,129],"class_list":{"0":"post-2675","1":"product","2":"type-product","3":"status-publish","4":"has-post-thumbnail","6":"product_cat-vitamine-und-erganzungen","7":"product_tag-kapseln","8":"product_tag-vitamine","10":"first","11":"outofstock","12":"taxable","13":"shipping-taxable","14":"purchasable","15":"product-type-simple"},"yoast_head":"<!-- This site is optimized with the Yoast SEO plugin v26.4 - https:\/\/yoast.com\/wordpress\/plugins\/seo\/ -->\n<title>No Flush Niacin 640mg | Mind-treats<\/title>\n<meta name=\"description\" content=\"Vitamin B3, No Flush Niacin 640mg Kapseln von Life Extension ist ein entscheidender N\u00e4hrstoff zur Umwandlung von Energie aus der Nahrung. \u2714\ufe0f KOSTENLOSER Versand innerhalb Europas\" \/>\n<meta name=\"robots\" content=\"index, follow, max-snippet:-1, max-image-preview:large, max-video-preview:-1\" \/>\n<link rel=\"canonical\" href=\"https:\/\/mind-treats.com\/de\/produkt\/no-flush-niacin-640mg\/\" \/>\n<meta property=\"og:locale\" content=\"de_DE\" \/>\n<meta property=\"og:type\" content=\"article\" \/>\n<meta property=\"og:title\" content=\"No Flush Niacin 640mg | Mind-treats\" \/>\n<meta property=\"og:description\" content=\"Vitamin B3, No Flush Niacin 640mg Kapseln von Life Extension ist ein entscheidender N\u00e4hrstoff zur Umwandlung von Energie aus der Nahrung. \u2714\ufe0f KOSTENLOSER Versand innerhalb Europas\" \/>\n<meta property=\"og:url\" content=\"https:\/\/mind-treats.com\/de\/produkt\/no-flush-niacin-640mg\/\" \/>\n<meta property=\"og:site_name\" content=\"Mind-treats\" \/>\n<meta property=\"article:publisher\" content=\"https:\/\/www.facebook.com\/mind.treats.microdosing\" \/>\n<meta property=\"article:modified_time\" content=\"2026-02-06T16:45:35+00:00\" \/>\n<meta property=\"og:image\" content=\"https:\/\/mind-treats.com\/wp-content\/uploads\/2023\/05\/N640NF.webp\" \/>\n\t<meta property=\"og:image:width\" content=\"1000\" \/>\n\t<meta property=\"og:image:height\" content=\"1000\" \/>\n\t<meta property=\"og:image:type\" content=\"image\/webp\" \/>\n<meta name=\"twitter:card\" content=\"summary_large_image\" \/>\n<meta name=\"twitter:label1\" content=\"Gesch\u00e4tzte Lesezeit\" \/>\n\t<meta name=\"twitter:data1\" content=\"2\u00a0Minuten\" \/>\n<script type=\"application\/ld+json\" class=\"yoast-schema-graph\">{\"@context\":\"https:\/\/schema.org\",\"@graph\":[{\"@type\":[\"WebPage\",\"ItemPage\"],\"@id\":\"https:\/\/mind-treats.com\/de\/produkt\/no-flush-niacin-640mg\/\",\"url\":\"https:\/\/mind-treats.com\/de\/produkt\/no-flush-niacin-640mg\/\",\"name\":\"No Flush Niacin 640mg | Mind-treats\",\"isPartOf\":{\"@id\":\"https:\/\/mind-treats.com\/de\/#website\"},\"primaryImageOfPage\":{\"@id\":\"https:\/\/mind-treats.com\/de\/produkt\/no-flush-niacin-640mg\/#primaryimage\"},\"image\":{\"@id\":\"https:\/\/mind-treats.com\/de\/produkt\/no-flush-niacin-640mg\/#primaryimage\"},\"thumbnailUrl\":\"https:\/\/mind-treats.com\/wp-content\/uploads\/2023\/05\/N640NF.webp\",\"datePublished\":\"2023-05-03T09:21:17+00:00\",\"dateModified\":\"2026-02-06T16:45:35+00:00\",\"description\":\"Vitamin B3, No Flush Niacin 640mg Kapseln von Life Extension ist ein entscheidender N\u00e4hrstoff zur Umwandlung von Energie aus der Nahrung. \u2714\ufe0f KOSTENLOSER Versand innerhalb Europas\",\"breadcrumb\":{\"@id\":\"https:\/\/mind-treats.com\/de\/produkt\/no-flush-niacin-640mg\/#breadcrumb\"},\"inLanguage\":\"de\",\"potentialAction\":[{\"@type\":\"ReadAction\",\"target\":[\"https:\/\/mind-treats.com\/de\/produkt\/no-flush-niacin-640mg\/\"]}]},{\"@type\":\"ImageObject\",\"inLanguage\":\"de\",\"@id\":\"https:\/\/mind-treats.com\/de\/produkt\/no-flush-niacin-640mg\/#primaryimage\",\"url\":\"https:\/\/mind-treats.com\/wp-content\/uploads\/2023\/05\/N640NF.webp\",\"contentUrl\":\"https:\/\/mind-treats.com\/wp-content\/uploads\/2023\/05\/N640NF.webp\",\"width\":1000,\"height\":1000,\"caption\":\"vitamin b3 no flush niacin life extension b 3\"},{\"@type\":\"BreadcrumbList\",\"@id\":\"https:\/\/mind-treats.com\/de\/produkt\/no-flush-niacin-640mg\/#breadcrumb\",\"itemListElement\":[{\"@type\":\"ListItem\",\"position\":1,\"name\":\"Startseite\",\"item\":\"https:\/\/mind-treats.com\/de\/\"},{\"@type\":\"ListItem\",\"position\":2,\"name\":\"Online Shop\",\"item\":\"https:\/\/mind-treats.com\/de\/shop\/\"},{\"@type\":\"ListItem\",\"position\":3,\"name\":\"Vitamine und Erg\u00e4nzungen\",\"item\":\"https:\/\/mind-treats.com\/de\/produkt-kategorie\/vitamine-und-erganzungen\/\"},{\"@type\":\"ListItem\",\"position\":4,\"name\":\"Niacin 640mg No Flush\"}]},{\"@type\":\"WebSite\",\"@id\":\"https:\/\/mind-treats.com\/de\/#website\",\"url\":\"https:\/\/mind-treats.com\/de\/\",\"name\":\"Mind-treats\",\"description\":\"Treat yourself smart!\",\"publisher\":{\"@id\":\"https:\/\/mind-treats.com\/de\/#organization\"},\"alternateName\":\"Mind treats\",\"potentialAction\":[{\"@type\":\"SearchAction\",\"target\":{\"@type\":\"EntryPoint\",\"urlTemplate\":\"https:\/\/mind-treats.com\/de\/?s={search_term_string}\"},\"query-input\":{\"@type\":\"PropertyValueSpecification\",\"valueRequired\":true,\"valueName\":\"search_term_string\"}}],\"inLanguage\":\"de\"},{\"@type\":\"Organization\",\"@id\":\"https:\/\/mind-treats.com\/de\/#organization\",\"name\":\"Mind treats Microdosing\",\"alternateName\":\"Mind treats\",\"url\":\"https:\/\/mind-treats.com\/de\/\",\"logo\":{\"@type\":\"ImageObject\",\"inLanguage\":\"de\",\"@id\":\"https:\/\/mind-treats.com\/de\/#\/schema\/logo\/image\/\",\"url\":\"https:\/\/mind-treats.com\/wp-content\/uploads\/2023\/08\/mind-treats-logo_round.png\",\"contentUrl\":\"https:\/\/mind-treats.com\/wp-content\/uploads\/2023\/08\/mind-treats-logo_round.png\",\"width\":494,\"height\":494,\"caption\":\"Mind treats Microdosing\"},\"image\":{\"@id\":\"https:\/\/mind-treats.com\/de\/#\/schema\/logo\/image\/\"},\"sameAs\":[\"https:\/\/www.facebook.com\/mind.treats.microdosing\",\"https:\/\/www.instagram.com\/mind.treats\/\"]}]}<\/script>\n<!-- \/ Yoast SEO plugin. -->","yoast_head_json":{"title":"No Flush Niacin 640mg | Mind-treats","description":"Vitamin B3, No Flush Niacin 640mg Kapseln von Life Extension ist ein entscheidender N\u00e4hrstoff zur Umwandlung von Energie aus der Nahrung. \u2714\ufe0f KOSTENLOSER Versand innerhalb Europas","robots":{"index":"index","follow":"follow","max-snippet":"max-snippet:-1","max-image-preview":"max-image-preview:large","max-video-preview":"max-video-preview:-1"},"canonical":"https:\/\/mind-treats.com\/de\/produkt\/no-flush-niacin-640mg\/","og_locale":"de_DE","og_type":"article","og_title":"No Flush Niacin 640mg | Mind-treats","og_description":"Vitamin B3, No Flush Niacin 640mg Kapseln von Life Extension ist ein entscheidender N\u00e4hrstoff zur Umwandlung von Energie aus der Nahrung. \u2714\ufe0f KOSTENLOSER Versand innerhalb Europas","og_url":"https:\/\/mind-treats.com\/de\/produkt\/no-flush-niacin-640mg\/","og_site_name":"Mind-treats","article_publisher":"https:\/\/www.facebook.com\/mind.treats.microdosing","article_modified_time":"2026-02-06T16:45:35+00:00","og_image":[{"width":1000,"height":1000,"url":"https:\/\/mind-treats.com\/wp-content\/uploads\/2023\/05\/N640NF.webp","type":"image\/webp"}],"twitter_card":"summary_large_image","twitter_misc":{"Gesch\u00e4tzte Lesezeit":"2\u00a0Minuten"},"schema":{"@context":"https:\/\/schema.org","@graph":[{"@type":["WebPage","ItemPage"],"@id":"https:\/\/mind-treats.com\/de\/produkt\/no-flush-niacin-640mg\/","url":"https:\/\/mind-treats.com\/de\/produkt\/no-flush-niacin-640mg\/","name":"No Flush Niacin 640mg | Mind-treats","isPartOf":{"@id":"https:\/\/mind-treats.com\/de\/#website"},"primaryImageOfPage":{"@id":"https:\/\/mind-treats.com\/de\/produkt\/no-flush-niacin-640mg\/#primaryimage"},"image":{"@id":"https:\/\/mind-treats.com\/de\/produkt\/no-flush-niacin-640mg\/#primaryimage"},"thumbnailUrl":"https:\/\/mind-treats.com\/wp-content\/uploads\/2023\/05\/N640NF.webp","datePublished":"2023-05-03T09:21:17+00:00","dateModified":"2026-02-06T16:45:35+00:00","description":"Vitamin B3, No Flush Niacin 640mg Kapseln von Life Extension ist ein entscheidender N\u00e4hrstoff zur Umwandlung von Energie aus der Nahrung. \u2714\ufe0f KOSTENLOSER Versand innerhalb Europas","breadcrumb":{"@id":"https:\/\/mind-treats.com\/de\/produkt\/no-flush-niacin-640mg\/#breadcrumb"},"inLanguage":"de","potentialAction":[{"@type":"ReadAction","target":["https:\/\/mind-treats.com\/de\/produkt\/no-flush-niacin-640mg\/"]}]},{"@type":"ImageObject","inLanguage":"de","@id":"https:\/\/mind-treats.com\/de\/produkt\/no-flush-niacin-640mg\/#primaryimage","url":"https:\/\/mind-treats.com\/wp-content\/uploads\/2023\/05\/N640NF.webp","contentUrl":"https:\/\/mind-treats.com\/wp-content\/uploads\/2023\/05\/N640NF.webp","width":1000,"height":1000,"caption":"vitamin b3 no flush niacin life extension b 3"},{"@type":"BreadcrumbList","@id":"https:\/\/mind-treats.com\/de\/produkt\/no-flush-niacin-640mg\/#breadcrumb","itemListElement":[{"@type":"ListItem","position":1,"name":"Startseite","item":"https:\/\/mind-treats.com\/de\/"},{"@type":"ListItem","position":2,"name":"Online Shop","item":"https:\/\/mind-treats.com\/de\/shop\/"},{"@type":"ListItem","position":3,"name":"Vitamine und Erg\u00e4nzungen","item":"https:\/\/mind-treats.com\/de\/produkt-kategorie\/vitamine-und-erganzungen\/"},{"@type":"ListItem","position":4,"name":"Niacin 640mg No Flush"}]},{"@type":"WebSite","@id":"https:\/\/mind-treats.com\/de\/#website","url":"https:\/\/mind-treats.com\/de\/","name":"Mind-treats","description":"Treat yourself smart!","publisher":{"@id":"https:\/\/mind-treats.com\/de\/#organization"},"alternateName":"Mind treats","potentialAction":[{"@type":"SearchAction","target":{"@type":"EntryPoint","urlTemplate":"https:\/\/mind-treats.com\/de\/?s={search_term_string}"},"query-input":{"@type":"PropertyValueSpecification","valueRequired":true,"valueName":"search_term_string"}}],"inLanguage":"de"},{"@type":"Organization","@id":"https:\/\/mind-treats.com\/de\/#organization","name":"Mind treats Microdosing","alternateName":"Mind treats","url":"https:\/\/mind-treats.com\/de\/","logo":{"@type":"ImageObject","inLanguage":"de","@id":"https:\/\/mind-treats.com\/de\/#\/schema\/logo\/image\/","url":"https:\/\/mind-treats.com\/wp-content\/uploads\/2023\/08\/mind-treats-logo_round.png","contentUrl":"https:\/\/mind-treats.com\/wp-content\/uploads\/2023\/08\/mind-treats-logo_round.png","width":494,"height":494,"caption":"Mind treats Microdosing"},"image":{"@id":"https:\/\/mind-treats.com\/de\/#\/schema\/logo\/image\/"},"sameAs":["https:\/\/www.facebook.com\/mind.treats.microdosing","https:\/\/www.instagram.com\/mind.treats\/"]}]}},"_links":{"self":[{"href":"https:\/\/mind-treats.com\/de\/wp-json\/wp\/v2\/product\/2675","targetHints":{"allow":["GET"]}}],"collection":[{"href":"https:\/\/mind-treats.com\/de\/wp-json\/wp\/v2\/product"}],"about":[{"href":"https:\/\/mind-treats.com\/de\/wp-json\/wp\/v2\/types\/product"}],"wp:featuredmedia":[{"embeddable":true,"href":"https:\/\/mind-treats.com\/de\/wp-json\/wp\/v2\/media\/5156"}],"wp:attachment":[{"href":"https:\/\/mind-treats.com\/de\/wp-json\/wp\/v2\/media?parent=2675"}],"wp:term":[{"taxonomy":"product_brand","embeddable":true,"href":"https:\/\/mind-treats.com\/de\/wp-json\/wp\/v2\/product_brand?post=2675"},{"taxonomy":"product_cat","embeddable":true,"href":"https:\/\/mind-treats.com\/de\/wp-json\/wp\/v2\/product_cat?post=2675"},{"taxonomy":"product_tag","embeddable":true,"href":"https:\/\/mind-treats.com\/de\/wp-json\/wp\/v2\/product_tag?post=2675"}],"curies":[{"name":"wp","href":"https:\/\/api.w.org\/{rel}","templated":true}]}}