{"id":2435,"date":"2023-05-03T11:19:50","date_gmt":"2023-05-03T09:19:50","guid":{"rendered":"https:\/\/mind-treats.com\/product\/niacin-500mg\/"},"modified":"2026-02-06T17:45:37","modified_gmt":"2026-02-06T16:45:37","slug":"niacin-500mg","status":"publish","type":"product","link":"https:\/\/mind-treats.com\/de\/produkt\/niacin-500mg\/","title":{"rendered":"Niacin 500mg"},"content":{"rendered":"<h2><span data-text-color=\"primary\">Vorstellung von Niacin (Vitamin B3) 500 mg von Life Extension<\/span><\/h2>\n<p>Mit dieser sorgf\u00e4ltig entwickelten Formel von Life Extension erh\u00e4ltst du alle Vorteile dieses essentiellen N\u00e4hrstoffs in einer praktischen Kapsel. Niacin, auch als Vitamin B3 bekannt, spielt eine entscheidende Rolle bei der F\u00f6rderung der Gesundheit im Allgemeinen. Ohne eine ordnungsgem\u00e4\u00dfe Umwandlung von Nahrung in Energie k\u00f6nnen Zellen im gesamten K\u00f6rper nicht richtig funktionieren. Daher sollte die Sicherung einer normalen Umwandlung von Kohlenhydraten, Fetten und Proteinen in Energie f\u00fcr die Zellen eine Priorit\u00e4t f\u00fcr einen gesunden K\u00f6rper sein. Die Aufrechterhaltung angemessener Vitamin-B3-Spiegel ist f\u00fcr den K\u00f6rper auf sehr grundlegender Ebene entscheidend, da <a href=\"https:\/\/mind-treats.com\/de\/ernahrungsstudien\/#vitamin-b3\">Vitamin B3 bei der Umwandlung von Nahrung in Energie hilft<\/a>. Life Extension Niacin-Kapseln f\u00f6rdern ein gesundes Energiegleichgewicht.<\/p>\n<p>Bei einem Vitamin-B-Mangel kann die Umwandlung von konsumierter Nahrung in lebenswichtige Energie f\u00fcr K\u00f6rperfunktionen herausfordernd sein. Dar\u00fcberhinaus sind angemessene B-Vitamin-Spiegel entscheidend. Sie arbeiten mit Enzymen zusammen, um die Freisetzung von Energie aus Kohlenhydraten, Fett und Protein in deiner Ern\u00e4hrung zu erm\u00f6glichen. Die optimale Funktion des K\u00f6rpers h\u00e4ngt von einer kontinuierlichen Energieversorgung ab. Deine Zellen produzieren diese Energie und verteilen sie im gesamten K\u00f6rper. Aufgrund ihrer voneinander abh\u00e4ngigen Stoffwechselaktivit\u00e4ten kann ein Mangel an einem B-Vitamin die normale Funktion der Organsysteme im ganzen K\u00f6rper beeintr\u00e4chtigen.<\/p>\n<p><a href=\"https:\/\/www.healthline.com\/nutrition\/niacin-benefits\">Niacin<\/a> ist das einzige B-Vitamin, das in der Leber aus der Aminos\u00e4ure Tryptophan synthetisiert werden kann. In Koenzym-form profitiert Niacin von Reaktionen des Energiestoffwechsels, insbesondere bei der Umwandlung von Glukose, Fett und Alkohol in zellul\u00e4re Energie. Dar\u00fcber hinaus haben Forscher die vorteilhaften Wirkungen von Niacin auf Blutfette gut dokumentiert.<\/p>\n<h4>Gesundheitsvorteile von Life Extension Vitamin B3 (Niacin) 500mg Kapseln<\/h4>\n<p><strong>Cholesterin\u2014<\/strong> Niacin hat positive Auswirkungen auf die Blutfettwerte und tr\u00e4gt dazu bei, einen gesunden Cholesterinspiegel zu erhalten, welcher schon im Normalbereich liegen.<\/p>\n<p><strong>Zellul\u00e4re Energie\u2014<\/strong> Vitamin-B-Coenzyme (wie Niacin) sind entscheidend f\u00fcr die Stoffwechselwege, die zellul\u00e4re Energie erzeugen.<\/p>\n<p><strong>Stoffwechsel\u2014<\/strong> Vitamin B3 wird vom K\u00f6rper ben\u00f6tigt, um Nahrungsfette und Kohlenhydrate zu nutzen und beim Abbau von Alkohol zu helfen.<\/p>\n<p>Jede Kapsel von Life Extension Vitamin B3 Niacin enth\u00e4lt 500 mg dieses wichtigen N\u00e4hrstoffs. Unterst\u00fctze eine gesunde zellul\u00e4re Energie, erhalte deinen Cholesterinspiegel, der bereits im Normalbereich liegt, und f\u00f6rdere einen gesunden Stoffwechsel von Fett, Kohlenhydraten und Alkohol mit <a href=\"https:\/\/mind-treats.com\/de\/produkt\/niacin-500mg\/\">Vitamin B3 Niacin 500 mg<\/a>.<\/p>\n","protected":false},"excerpt":{"rendered":"<ul>\n<li>Unterst\u00fctzung des gesunden Stoffwechsels von Glukose, Fett und Alkohol<\/li>\n<li>F\u00f6rderung der Gesundheit des gesamten K\u00f6rpers auf der grundlegendsten Ebene<\/li>\n<li>Anregung der Produktion von zellul\u00e4rer Energie<\/li>\n<li>Unterst\u00fctzung eines gesunden Blutfettspiegels<\/li>\n<\/ul>\n<p>Niacin ist f\u00fcr die Umwandlung von Nahrung in Energie im K\u00f6rper unerl\u00e4sslich, insbesondere f\u00fcr den Stoffwechsel von Fett, Kohlenhydraten, Protein und Alkohol, und ist daher entscheidend f\u00fcr einen gesunden K\u00f6rper auf der grundlegendsten Ebene.<\/p>\n<div class=\"row icon-row\"  id=\"row-1532140290\">\n\n\t<div id=\"col-233809568\" class=\"col medium-1\/3 large-4\"  >\n\t\t\t\t<div class=\"col-inner\"  >\n\t\t\t\n\t\t\t\n\n\t\t<div class=\"icon-box featured-box icon-box icon-box-top text-left\"  >\n\t\t\t\t<div class=\"icon-box-text last-reset\">\n\t\t\t\t\t\t\t\t\t\n<p><img loading=\"lazy\" decoding=\"async\" class=\"aligncenter wp-image-5280\" src=\"https:\/\/mind-treats.com\/wp-content\/uploads\/2023\/11\/science.webp\" alt=\"based on science\" width=\"72\" height=\"72\" srcset=\"https:\/\/mind-treats.com\/wp-content\/uploads\/2023\/11\/science.webp 195w, https:\/\/mind-treats.com\/wp-content\/uploads\/2023\/11\/science-100x100.webp 100w\" sizes=\"auto, (max-width: 72px) 100vw, 72px\" \/><\/p>\n<h5 class=\"uppercase\" style=\"text-align: center;\"><span data-text-color=\"secondary\">Hochwertige Inhaltsstoffe<\/span><\/h5>\n\t\t<\/div>\n\t<\/div>\n\t\n\t\n<p style=\"text-align: left;\">\t\t<\/div>\n\t\t\t\t\t<\/div>\n\n\t\n\n\t<div id=\"col-1493814376\" class=\"col medium-1\/3 large-4\"  >\n\t\t\t\t<div class=\"col-inner\"  >\n\t\t\t\n\t\t\t\n\n\t\t<div class=\"icon-box featured-box icon-box icon-box-top text-left\"  >\n\t\t\t\t<div class=\"icon-box-text last-reset\">\n\t\t\t\t\t\t\t\t\t\n<p><img loading=\"lazy\" decoding=\"async\" class=\"wp-image-5277 aligncenter\" src=\"https:\/\/mind-treats.com\/wp-content\/uploads\/2023\/11\/Non-gmo.webp\" alt=\"non-gmo\" width=\"72\" height=\"72\" srcset=\"https:\/\/mind-treats.com\/wp-content\/uploads\/2023\/11\/Non-gmo.webp 195w, https:\/\/mind-treats.com\/wp-content\/uploads\/2023\/11\/Non-gmo-100x100.webp 100w\" sizes=\"auto, (max-width: 72px) 100vw, 72px\" \/><\/p>\n<h5 class=\"uppercase\" style=\"text-align: center;\"><span data-text-color=\"secondary\">FREI VON GMO<\/span><\/h5>\n\t\t<\/div>\n\t<\/div>\n\t\n\t\n\t\t<\/div>\n\t\t\t\t\t<\/div>\n\n\t\n\n\t<div id=\"col-1214306558\" class=\"col medium-1\/3 large-4\"  >\n\t\t\t\t<div class=\"col-inner\"  >\n\t\t\t\n\t\t\t\n\n\t\t<div class=\"icon-box featured-box icon-box icon-box-top text-left\"  >\n\t\t\t\t<div class=\"icon-box-text last-reset\">\n\t\t\t\t\t\t\t\t\t\n<p><img loading=\"lazy\" decoding=\"async\" class=\"aligncenter wp-image-5268\" src=\"https:\/\/mind-treats.com\/wp-content\/uploads\/2023\/11\/free-shipping.webp\" alt=\"free shipping\" width=\"72\" height=\"72\" srcset=\"https:\/\/mind-treats.com\/wp-content\/uploads\/2023\/11\/free-shipping.webp 195w, https:\/\/mind-treats.com\/wp-content\/uploads\/2023\/11\/free-shipping-100x100.webp 100w\" sizes=\"auto, (max-width: 72px) 100vw, 72px\" \/><\/p>\n<h5 class=\"uppercase\" style=\"text-align: center;\"><span data-text-color=\"secondary\">Kostenloser Versand ab 55\u20ac<\/span><\/h5>\n\t\t<\/div>\n\t<\/div>\n\t\n\t\n\t\t<\/div>\n\t\t\t\t\t<\/div>\n\n\t\n<\/div>\n","protected":false},"featured_media":5153,"template":"","meta":[],"product_brand":[],"product_cat":[98],"product_tag":[118,129],"class_list":{"0":"post-2435","1":"product","2":"type-product","3":"status-publish","4":"has-post-thumbnail","6":"product_cat-vitamine-und-erganzungen","7":"product_tag-kapseln","8":"product_tag-vitamine","10":"first","11":"outofstock","12":"taxable","13":"shipping-taxable","14":"purchasable","15":"product-type-simple"},"yoast_head":"<!-- This site is optimized with the Yoast SEO plugin v26.4 - https:\/\/yoast.com\/wordpress\/plugins\/seo\/ -->\n<title>Niacin 500mg | Mind-treats<\/title>\n<meta name=\"description\" content=\"Niacin, Vitamin B3, 500mg Kapseln von Life Extension. Profitiere von einem effizienten Energiehaushalt. \u2714\ufe0f KOSTENLOSER Versand innerhalb Europas\" \/>\n<meta name=\"robots\" content=\"index, follow, max-snippet:-1, max-image-preview:large, max-video-preview:-1\" \/>\n<link rel=\"canonical\" href=\"https:\/\/mind-treats.com\/de\/produkt\/niacin-500mg\/\" \/>\n<meta property=\"og:locale\" content=\"de_DE\" \/>\n<meta property=\"og:type\" content=\"article\" \/>\n<meta property=\"og:title\" content=\"Niacin 500mg | Mind-treats\" \/>\n<meta property=\"og:description\" content=\"Niacin, Vitamin B3, 500mg Kapseln von Life Extension. Profitiere von einem effizienten Energiehaushalt. \u2714\ufe0f KOSTENLOSER Versand innerhalb Europas\" \/>\n<meta property=\"og:url\" content=\"https:\/\/mind-treats.com\/de\/produkt\/niacin-500mg\/\" \/>\n<meta property=\"og:site_name\" content=\"Mind-treats\" \/>\n<meta property=\"article:publisher\" content=\"https:\/\/www.facebook.com\/mind.treats.microdosing\" \/>\n<meta property=\"article:modified_time\" content=\"2026-02-06T16:45:37+00:00\" \/>\n<meta property=\"og:image\" content=\"https:\/\/mind-treats.com\/wp-content\/uploads\/2023\/05\/N500.webp\" \/>\n\t<meta property=\"og:image:width\" content=\"1000\" \/>\n\t<meta property=\"og:image:height\" content=\"1000\" \/>\n\t<meta property=\"og:image:type\" content=\"image\/webp\" \/>\n<meta name=\"twitter:card\" content=\"summary_large_image\" \/>\n<meta name=\"twitter:label1\" content=\"Gesch\u00e4tzte Lesezeit\" \/>\n\t<meta name=\"twitter:data1\" content=\"2\u00a0Minuten\" \/>\n<script type=\"application\/ld+json\" class=\"yoast-schema-graph\">{\"@context\":\"https:\/\/schema.org\",\"@graph\":[{\"@type\":[\"WebPage\",\"ItemPage\"],\"@id\":\"https:\/\/mind-treats.com\/de\/produkt\/niacin-500mg\/\",\"url\":\"https:\/\/mind-treats.com\/de\/produkt\/niacin-500mg\/\",\"name\":\"Niacin 500mg | Mind-treats\",\"isPartOf\":{\"@id\":\"https:\/\/mind-treats.com\/de\/#website\"},\"primaryImageOfPage\":{\"@id\":\"https:\/\/mind-treats.com\/de\/produkt\/niacin-500mg\/#primaryimage\"},\"image\":{\"@id\":\"https:\/\/mind-treats.com\/de\/produkt\/niacin-500mg\/#primaryimage\"},\"thumbnailUrl\":\"https:\/\/mind-treats.com\/wp-content\/uploads\/2023\/05\/N500.webp\",\"datePublished\":\"2023-05-03T09:19:50+00:00\",\"dateModified\":\"2026-02-06T16:45:37+00:00\",\"description\":\"Niacin, Vitamin B3, 500mg Kapseln von Life Extension. Profitiere von einem effizienten Energiehaushalt. \u2714\ufe0f KOSTENLOSER Versand innerhalb Europas\",\"breadcrumb\":{\"@id\":\"https:\/\/mind-treats.com\/de\/produkt\/niacin-500mg\/#breadcrumb\"},\"inLanguage\":\"de\",\"potentialAction\":[{\"@type\":\"ReadAction\",\"target\":[\"https:\/\/mind-treats.com\/de\/produkt\/niacin-500mg\/\"]}]},{\"@type\":\"ImageObject\",\"inLanguage\":\"de\",\"@id\":\"https:\/\/mind-treats.com\/de\/produkt\/niacin-500mg\/#primaryimage\",\"url\":\"https:\/\/mind-treats.com\/wp-content\/uploads\/2023\/05\/N500.webp\",\"contentUrl\":\"https:\/\/mind-treats.com\/wp-content\/uploads\/2023\/05\/N500.webp\",\"width\":1000,\"height\":1000,\"caption\":\"vitamine b3\"},{\"@type\":\"BreadcrumbList\",\"@id\":\"https:\/\/mind-treats.com\/de\/produkt\/niacin-500mg\/#breadcrumb\",\"itemListElement\":[{\"@type\":\"ListItem\",\"position\":1,\"name\":\"Startseite\",\"item\":\"https:\/\/mind-treats.com\/de\/\"},{\"@type\":\"ListItem\",\"position\":2,\"name\":\"Online Shop\",\"item\":\"https:\/\/mind-treats.com\/de\/shop\/\"},{\"@type\":\"ListItem\",\"position\":3,\"name\":\"Vitamine und Erg\u00e4nzungen\",\"item\":\"https:\/\/mind-treats.com\/de\/produkt-kategorie\/vitamine-und-erganzungen\/\"},{\"@type\":\"ListItem\",\"position\":4,\"name\":\"Niacin 500mg\"}]},{\"@type\":\"WebSite\",\"@id\":\"https:\/\/mind-treats.com\/de\/#website\",\"url\":\"https:\/\/mind-treats.com\/de\/\",\"name\":\"Mind-treats\",\"description\":\"Treat yourself smart!\",\"publisher\":{\"@id\":\"https:\/\/mind-treats.com\/de\/#organization\"},\"alternateName\":\"Mind treats\",\"potentialAction\":[{\"@type\":\"SearchAction\",\"target\":{\"@type\":\"EntryPoint\",\"urlTemplate\":\"https:\/\/mind-treats.com\/de\/?s={search_term_string}\"},\"query-input\":{\"@type\":\"PropertyValueSpecification\",\"valueRequired\":true,\"valueName\":\"search_term_string\"}}],\"inLanguage\":\"de\"},{\"@type\":\"Organization\",\"@id\":\"https:\/\/mind-treats.com\/de\/#organization\",\"name\":\"Mind treats Microdosing\",\"alternateName\":\"Mind treats\",\"url\":\"https:\/\/mind-treats.com\/de\/\",\"logo\":{\"@type\":\"ImageObject\",\"inLanguage\":\"de\",\"@id\":\"https:\/\/mind-treats.com\/de\/#\/schema\/logo\/image\/\",\"url\":\"https:\/\/mind-treats.com\/wp-content\/uploads\/2023\/08\/mind-treats-logo_round.png\",\"contentUrl\":\"https:\/\/mind-treats.com\/wp-content\/uploads\/2023\/08\/mind-treats-logo_round.png\",\"width\":494,\"height\":494,\"caption\":\"Mind treats Microdosing\"},\"image\":{\"@id\":\"https:\/\/mind-treats.com\/de\/#\/schema\/logo\/image\/\"},\"sameAs\":[\"https:\/\/www.facebook.com\/mind.treats.microdosing\",\"https:\/\/www.instagram.com\/mind.treats\/\"]}]}<\/script>\n<!-- \/ Yoast SEO plugin. -->","yoast_head_json":{"title":"Niacin 500mg | Mind-treats","description":"Niacin, Vitamin B3, 500mg Kapseln von Life Extension. Profitiere von einem effizienten Energiehaushalt. \u2714\ufe0f KOSTENLOSER Versand innerhalb Europas","robots":{"index":"index","follow":"follow","max-snippet":"max-snippet:-1","max-image-preview":"max-image-preview:large","max-video-preview":"max-video-preview:-1"},"canonical":"https:\/\/mind-treats.com\/de\/produkt\/niacin-500mg\/","og_locale":"de_DE","og_type":"article","og_title":"Niacin 500mg | Mind-treats","og_description":"Niacin, Vitamin B3, 500mg Kapseln von Life Extension. Profitiere von einem effizienten Energiehaushalt. \u2714\ufe0f KOSTENLOSER Versand innerhalb Europas","og_url":"https:\/\/mind-treats.com\/de\/produkt\/niacin-500mg\/","og_site_name":"Mind-treats","article_publisher":"https:\/\/www.facebook.com\/mind.treats.microdosing","article_modified_time":"2026-02-06T16:45:37+00:00","og_image":[{"width":1000,"height":1000,"url":"https:\/\/mind-treats.com\/wp-content\/uploads\/2023\/05\/N500.webp","type":"image\/webp"}],"twitter_card":"summary_large_image","twitter_misc":{"Gesch\u00e4tzte Lesezeit":"2\u00a0Minuten"},"schema":{"@context":"https:\/\/schema.org","@graph":[{"@type":["WebPage","ItemPage"],"@id":"https:\/\/mind-treats.com\/de\/produkt\/niacin-500mg\/","url":"https:\/\/mind-treats.com\/de\/produkt\/niacin-500mg\/","name":"Niacin 500mg | Mind-treats","isPartOf":{"@id":"https:\/\/mind-treats.com\/de\/#website"},"primaryImageOfPage":{"@id":"https:\/\/mind-treats.com\/de\/produkt\/niacin-500mg\/#primaryimage"},"image":{"@id":"https:\/\/mind-treats.com\/de\/produkt\/niacin-500mg\/#primaryimage"},"thumbnailUrl":"https:\/\/mind-treats.com\/wp-content\/uploads\/2023\/05\/N500.webp","datePublished":"2023-05-03T09:19:50+00:00","dateModified":"2026-02-06T16:45:37+00:00","description":"Niacin, Vitamin B3, 500mg Kapseln von Life Extension. Profitiere von einem effizienten Energiehaushalt. \u2714\ufe0f KOSTENLOSER Versand innerhalb Europas","breadcrumb":{"@id":"https:\/\/mind-treats.com\/de\/produkt\/niacin-500mg\/#breadcrumb"},"inLanguage":"de","potentialAction":[{"@type":"ReadAction","target":["https:\/\/mind-treats.com\/de\/produkt\/niacin-500mg\/"]}]},{"@type":"ImageObject","inLanguage":"de","@id":"https:\/\/mind-treats.com\/de\/produkt\/niacin-500mg\/#primaryimage","url":"https:\/\/mind-treats.com\/wp-content\/uploads\/2023\/05\/N500.webp","contentUrl":"https:\/\/mind-treats.com\/wp-content\/uploads\/2023\/05\/N500.webp","width":1000,"height":1000,"caption":"vitamine b3"},{"@type":"BreadcrumbList","@id":"https:\/\/mind-treats.com\/de\/produkt\/niacin-500mg\/#breadcrumb","itemListElement":[{"@type":"ListItem","position":1,"name":"Startseite","item":"https:\/\/mind-treats.com\/de\/"},{"@type":"ListItem","position":2,"name":"Online Shop","item":"https:\/\/mind-treats.com\/de\/shop\/"},{"@type":"ListItem","position":3,"name":"Vitamine und Erg\u00e4nzungen","item":"https:\/\/mind-treats.com\/de\/produkt-kategorie\/vitamine-und-erganzungen\/"},{"@type":"ListItem","position":4,"name":"Niacin 500mg"}]},{"@type":"WebSite","@id":"https:\/\/mind-treats.com\/de\/#website","url":"https:\/\/mind-treats.com\/de\/","name":"Mind-treats","description":"Treat yourself smart!","publisher":{"@id":"https:\/\/mind-treats.com\/de\/#organization"},"alternateName":"Mind treats","potentialAction":[{"@type":"SearchAction","target":{"@type":"EntryPoint","urlTemplate":"https:\/\/mind-treats.com\/de\/?s={search_term_string}"},"query-input":{"@type":"PropertyValueSpecification","valueRequired":true,"valueName":"search_term_string"}}],"inLanguage":"de"},{"@type":"Organization","@id":"https:\/\/mind-treats.com\/de\/#organization","name":"Mind treats Microdosing","alternateName":"Mind treats","url":"https:\/\/mind-treats.com\/de\/","logo":{"@type":"ImageObject","inLanguage":"de","@id":"https:\/\/mind-treats.com\/de\/#\/schema\/logo\/image\/","url":"https:\/\/mind-treats.com\/wp-content\/uploads\/2023\/08\/mind-treats-logo_round.png","contentUrl":"https:\/\/mind-treats.com\/wp-content\/uploads\/2023\/08\/mind-treats-logo_round.png","width":494,"height":494,"caption":"Mind treats Microdosing"},"image":{"@id":"https:\/\/mind-treats.com\/de\/#\/schema\/logo\/image\/"},"sameAs":["https:\/\/www.facebook.com\/mind.treats.microdosing","https:\/\/www.instagram.com\/mind.treats\/"]}]}},"_links":{"self":[{"href":"https:\/\/mind-treats.com\/de\/wp-json\/wp\/v2\/product\/2435","targetHints":{"allow":["GET"]}}],"collection":[{"href":"https:\/\/mind-treats.com\/de\/wp-json\/wp\/v2\/product"}],"about":[{"href":"https:\/\/mind-treats.com\/de\/wp-json\/wp\/v2\/types\/product"}],"wp:featuredmedia":[{"embeddable":true,"href":"https:\/\/mind-treats.com\/de\/wp-json\/wp\/v2\/media\/5153"}],"wp:attachment":[{"href":"https:\/\/mind-treats.com\/de\/wp-json\/wp\/v2\/media?parent=2435"}],"wp:term":[{"taxonomy":"product_brand","embeddable":true,"href":"https:\/\/mind-treats.com\/de\/wp-json\/wp\/v2\/product_brand?post=2435"},{"taxonomy":"product_cat","embeddable":true,"href":"https:\/\/mind-treats.com\/de\/wp-json\/wp\/v2\/product_cat?post=2435"},{"taxonomy":"product_tag","embeddable":true,"href":"https:\/\/mind-treats.com\/de\/wp-json\/wp\/v2\/product_tag?post=2435"}],"curies":[{"name":"wp","href":"https:\/\/api.w.org\/{rel}","templated":true}]}}