{"id":2434,"date":"2023-05-03T11:30:41","date_gmt":"2023-05-03T09:30:41","guid":{"rendered":"https:\/\/mind-treats.com\/product\/on-balance-mx-100\/"},"modified":"2026-02-06T17:45:31","modified_gmt":"2026-02-06T16:45:31","slug":"on-balance-pocket-scale","status":"publish","type":"product","link":"https:\/\/mind-treats.com\/de\/produkt\/on-balance-pocket-scale\/","title":{"rendered":"On Balance MX-100"},"content":{"rendered":"<div>\n<h2><span data-text-color=\"primary\">On Balance MX-100 <\/span><\/h2>\n<h3 class=\"uppercase\">Eine Taschenwaage, perfekt f\u00fcr Microdosing!<\/h3>\n<p>Die On Balance MX-100 ist eine digitale Waage aus der bekannten MYCO-Serie. Sie wurde speziell f\u00fcr die Mikrodosierung entwickelt. Mit viel Liebe zum Detail gefertigt, zeugt diese kompakte Waage von Pr\u00e4zision und Zuverl\u00e4ssigkeit.<\/p>\n<p>Die MX-100 ist Teil der renommierten <a href=\"https:\/\/www.obscales.com\/products\/myco-mx-100?_pos=1&amp;_sid=5548ca1c6&amp;_ss=r\">MYCO-Produktlinie<\/a> und wurde sorgf\u00e4ltig entwickelt, um den Anforderungen von <a href=\"https:\/\/mind-treats.com\/de\/beginne-mit-microdosing\/\">Microdosing<\/a>-Enthusiasten gerecht zu werden. Seine Genauigkeit macht es zum perfekten Werkzeug zur Messung winziger Mengen, sodass du deine Microdosing-Reise mit Vertrauen und Kontrolle antreten k\u00f6nnen.<br \/>\nDas schlanke und tragbare Design macht es zu einem idealen Begleiter f\u00fcr Menschen, die viel unterwegs sind. Stecke es einfach in deine Tasche oder Handtasche und nimm es \u00fcberallhin mit, wo du genaue Messungen m\u00fchelos durchf\u00fchren m\u00f6chtest. Die benutzerfreundliche Oberfl\u00e4che und die intuitiven Bedienelemente verbessern dein Erlebnis und machen das Messen zum Kinderspiel.<\/p>\n<p>Erhalte einen Rabatt auf die On Balance Mx-100 mit unserem <a href=\"https:\/\/mind-treats.com\/de\/produkt\/microdosing-starter-bundle\/\">Starter Bundle<\/a>!<\/p>\n<\/div>\n<div class=\"toggle-title\"><span style=\"color: #555555;\">Die On Balance MX-100 Digitalwaage zeichnet sich durch ein schlankes, kompaktes Design und ein hervorragendes Preis-Leistungs-Verh\u00e4ltnis aus. Die robuste Kunststoffabdeckung sch\u00fctzt den pr\u00e4zisen Wiegesensor w\u00e4hrend des Transports oder der Lagerung und dient gleichzeitig als Erweiterungsfach. Die Ergebnisse sind auf dem gr\u00fcn beleuchteten LCD-Display unter allen Lichtverh\u00e4ltnissen leicht ablesbar. Die integrierte \u00dcberlastungsschutzfunktion hilft, Sch\u00e4den an der Waage zu verhindern.<\/span><\/div>\n<div id=\"tab-product-description-mobile\" class=\"toggle-content\">\n<div class=\"metafield-rich_text_field\">\n<p>Weitere Funktionen umfassen den stromsparenden automatischen Ausschaltmodus nach 3 Minuten Inaktivit\u00e4t, die Tarafunktion zum Abziehen des Gewichts eines Beh\u00e4lters oder einer Erweiterungsschale sowie die einfache Ein-Tasten-Kalibrierung. Beinhaltet zwei AAA Batterien.<\/p>\n<p><strong>Spezifikationen:<\/strong><\/p>\n<ul>\n<li>Kapazit\u00e4t: 100g<\/li>\n<li>Ablesbarkeit: 0,01g<\/li>\n<li>Barcode: 506034797 1666<\/li>\n<li>Gewicht in der Verpackung: 78,8g<\/li>\n<li>Abmessungen der Verpackung: 10,4 x 6,3 x 2,2 cm<\/li>\n<li>Nettogewicht (mit Batterien): 65,6g<\/li>\n<li>Abmessungen der Waage: 9,2 x 6 x 2 cm<\/li>\n<li>Plattformgr\u00f6\u00dfe: 5,6 x 5,6 cm<\/li>\n<\/ul>\n<\/div>\n<\/div>\n","protected":false},"excerpt":{"rendered":"<p>Mit einem eleganten, kompakten Design und einem unglaublichen Preis-Leistungs-Verh\u00e4ltnis. Die robuste Kunststoffabdeckung sch\u00fctzt den pr\u00e4zisen Wiegesensor w\u00e4hrend des Transports oder der Lagerung und dient gleichzeitig als Erweiterungsfach. Die Ergebnisse sind auf dem gr\u00fcn beleuchteten LCD-Display unter allen Lichtverh\u00e4ltnissen leicht ablesbar. Die integrierte \u00dcberlastungsschutzfunktion hilft, Sch\u00e4den an der Waage zu verhindern.<\/p>\n<p>Weitere Funktionen umfassen den stromsparenden automatischen Ausschaltmodus nach 3 Minuten Inaktivit\u00e4t, die Tarafunktion zum Abziehen des Gewichts eines Beh\u00e4lters oder einer Erweiterungsschale sowie die einfache Ein-Tasten-Kalibrierung.<\/p>\n","protected":false},"featured_media":5252,"template":"","meta":[],"product_brand":[],"product_cat":[96],"product_tag":[123],"class_list":{"0":"post-2434","1":"product","2":"type-product","3":"status-publish","4":"has-post-thumbnail","6":"product_cat-microdosing-truffel","7":"product_tag-microdosing","9":"first","10":"instock","11":"taxable","12":"shipping-taxable","13":"purchasable","14":"product-type-simple"},"yoast_head":"<!-- This site is optimized with the Yoast SEO plugin v26.4 - https:\/\/yoast.com\/wordpress\/plugins\/seo\/ -->\n<title>On Balance pocket scale 0.01g | Mind-treats<\/title>\n<meta name=\"description\" content=\"Die digitale Taschenwaage von On Balance mit einer Pr\u00e4zision von 0,01 g ist der perfekte Begleiter f\u00fcr das Microdosing. Ein hervorragendes Preis-Leistungs-Verh\u00e4ltnis in einem schlanken und kompakten Design verpackt.\" \/>\n<meta name=\"robots\" content=\"index, follow, max-snippet:-1, max-image-preview:large, max-video-preview:-1\" \/>\n<link rel=\"canonical\" href=\"https:\/\/mind-treats.com\/de\/produkt\/on-balance-pocket-scale\/\" \/>\n<meta property=\"og:locale\" content=\"de_DE\" \/>\n<meta property=\"og:type\" content=\"article\" \/>\n<meta property=\"og:title\" content=\"On Balance pocket scale 0.01g | Mind-treats\" \/>\n<meta property=\"og:description\" content=\"Die digitale Taschenwaage von On Balance mit einer Pr\u00e4zision von 0,01 g ist der perfekte Begleiter f\u00fcr das Microdosing. Ein hervorragendes Preis-Leistungs-Verh\u00e4ltnis in einem schlanken und kompakten Design verpackt.\" \/>\n<meta property=\"og:url\" content=\"https:\/\/mind-treats.com\/de\/produkt\/on-balance-pocket-scale\/\" \/>\n<meta property=\"og:site_name\" content=\"Mind-treats\" \/>\n<meta property=\"article:publisher\" content=\"https:\/\/www.facebook.com\/mind.treats.microdosing\" \/>\n<meta property=\"article:modified_time\" content=\"2026-02-06T16:45:31+00:00\" \/>\n<meta property=\"og:image\" content=\"https:\/\/mind-treats.com\/wp-content\/uploads\/2023\/05\/MX_100_BK_lid_300dpi_1800x1440-1.webp\" \/>\n\t<meta property=\"og:image:width\" content=\"1800\" \/>\n\t<meta property=\"og:image:height\" content=\"1440\" \/>\n\t<meta property=\"og:image:type\" content=\"image\/webp\" \/>\n<meta name=\"twitter:card\" content=\"summary_large_image\" \/>\n<meta name=\"twitter:label1\" content=\"Gesch\u00e4tzte Lesezeit\" \/>\n\t<meta name=\"twitter:data1\" content=\"2\u00a0Minuten\" \/>\n<script type=\"application\/ld+json\" class=\"yoast-schema-graph\">{\"@context\":\"https:\/\/schema.org\",\"@graph\":[{\"@type\":[\"WebPage\",\"ItemPage\"],\"@id\":\"https:\/\/mind-treats.com\/de\/produkt\/on-balance-pocket-scale\/\",\"url\":\"https:\/\/mind-treats.com\/de\/produkt\/on-balance-pocket-scale\/\",\"name\":\"On Balance pocket scale 0.01g | Mind-treats\",\"isPartOf\":{\"@id\":\"https:\/\/mind-treats.com\/de\/#website\"},\"primaryImageOfPage\":{\"@id\":\"https:\/\/mind-treats.com\/de\/produkt\/on-balance-pocket-scale\/#primaryimage\"},\"image\":{\"@id\":\"https:\/\/mind-treats.com\/de\/produkt\/on-balance-pocket-scale\/#primaryimage\"},\"thumbnailUrl\":\"https:\/\/mind-treats.com\/wp-content\/uploads\/2023\/05\/MX_100_BK_lid_300dpi_1800x1440-1.webp\",\"datePublished\":\"2023-05-03T09:30:41+00:00\",\"dateModified\":\"2026-02-06T16:45:31+00:00\",\"description\":\"Die digitale Taschenwaage von On Balance mit einer Pr\u00e4zision von 0,01 g ist der perfekte Begleiter f\u00fcr das Microdosing. Ein hervorragendes Preis-Leistungs-Verh\u00e4ltnis in einem schlanken und kompakten Design verpackt.\",\"breadcrumb\":{\"@id\":\"https:\/\/mind-treats.com\/de\/produkt\/on-balance-pocket-scale\/#breadcrumb\"},\"inLanguage\":\"de\",\"potentialAction\":[{\"@type\":\"ReadAction\",\"target\":[\"https:\/\/mind-treats.com\/de\/produkt\/on-balance-pocket-scale\/\"]}]},{\"@type\":\"ImageObject\",\"inLanguage\":\"de\",\"@id\":\"https:\/\/mind-treats.com\/de\/produkt\/on-balance-pocket-scale\/#primaryimage\",\"url\":\"https:\/\/mind-treats.com\/wp-content\/uploads\/2023\/05\/MX_100_BK_lid_300dpi_1800x1440-1.webp\",\"contentUrl\":\"https:\/\/mind-treats.com\/wp-content\/uploads\/2023\/05\/MX_100_BK_lid_300dpi_1800x1440-1.webp\",\"width\":1800,\"height\":1440,\"caption\":\"on balance scale pocket scale 0,01g microdosing\"},{\"@type\":\"BreadcrumbList\",\"@id\":\"https:\/\/mind-treats.com\/de\/produkt\/on-balance-pocket-scale\/#breadcrumb\",\"itemListElement\":[{\"@type\":\"ListItem\",\"position\":1,\"name\":\"Startseite\",\"item\":\"https:\/\/mind-treats.com\/de\/\"},{\"@type\":\"ListItem\",\"position\":2,\"name\":\"Online Shop\",\"item\":\"https:\/\/mind-treats.com\/de\/shop\/\"},{\"@type\":\"ListItem\",\"position\":3,\"name\":\"Microdosing\",\"item\":\"https:\/\/mind-treats.com\/de\/produkt-kategorie\/microdosing-truffel\/\"},{\"@type\":\"ListItem\",\"position\":4,\"name\":\"On Balance MX-100\"}]},{\"@type\":\"WebSite\",\"@id\":\"https:\/\/mind-treats.com\/de\/#website\",\"url\":\"https:\/\/mind-treats.com\/de\/\",\"name\":\"Mind-treats\",\"description\":\"Treat yourself smart!\",\"publisher\":{\"@id\":\"https:\/\/mind-treats.com\/de\/#organization\"},\"alternateName\":\"Mind treats\",\"potentialAction\":[{\"@type\":\"SearchAction\",\"target\":{\"@type\":\"EntryPoint\",\"urlTemplate\":\"https:\/\/mind-treats.com\/de\/?s={search_term_string}\"},\"query-input\":{\"@type\":\"PropertyValueSpecification\",\"valueRequired\":true,\"valueName\":\"search_term_string\"}}],\"inLanguage\":\"de\"},{\"@type\":\"Organization\",\"@id\":\"https:\/\/mind-treats.com\/de\/#organization\",\"name\":\"Mind treats Microdosing\",\"alternateName\":\"Mind treats\",\"url\":\"https:\/\/mind-treats.com\/de\/\",\"logo\":{\"@type\":\"ImageObject\",\"inLanguage\":\"de\",\"@id\":\"https:\/\/mind-treats.com\/de\/#\/schema\/logo\/image\/\",\"url\":\"https:\/\/mind-treats.com\/wp-content\/uploads\/2023\/08\/mind-treats-logo_round.png\",\"contentUrl\":\"https:\/\/mind-treats.com\/wp-content\/uploads\/2023\/08\/mind-treats-logo_round.png\",\"width\":494,\"height\":494,\"caption\":\"Mind treats Microdosing\"},\"image\":{\"@id\":\"https:\/\/mind-treats.com\/de\/#\/schema\/logo\/image\/\"},\"sameAs\":[\"https:\/\/www.facebook.com\/mind.treats.microdosing\",\"https:\/\/www.instagram.com\/mind.treats\/\"]}]}<\/script>\n<!-- \/ Yoast SEO plugin. -->","yoast_head_json":{"title":"On Balance pocket scale 0.01g | Mind-treats","description":"Die digitale Taschenwaage von On Balance mit einer Pr\u00e4zision von 0,01 g ist der perfekte Begleiter f\u00fcr das Microdosing. Ein hervorragendes Preis-Leistungs-Verh\u00e4ltnis in einem schlanken und kompakten Design verpackt.","robots":{"index":"index","follow":"follow","max-snippet":"max-snippet:-1","max-image-preview":"max-image-preview:large","max-video-preview":"max-video-preview:-1"},"canonical":"https:\/\/mind-treats.com\/de\/produkt\/on-balance-pocket-scale\/","og_locale":"de_DE","og_type":"article","og_title":"On Balance pocket scale 0.01g | Mind-treats","og_description":"Die digitale Taschenwaage von On Balance mit einer Pr\u00e4zision von 0,01 g ist der perfekte Begleiter f\u00fcr das Microdosing. Ein hervorragendes Preis-Leistungs-Verh\u00e4ltnis in einem schlanken und kompakten Design verpackt.","og_url":"https:\/\/mind-treats.com\/de\/produkt\/on-balance-pocket-scale\/","og_site_name":"Mind-treats","article_publisher":"https:\/\/www.facebook.com\/mind.treats.microdosing","article_modified_time":"2026-02-06T16:45:31+00:00","og_image":[{"width":1800,"height":1440,"url":"https:\/\/mind-treats.com\/wp-content\/uploads\/2023\/05\/MX_100_BK_lid_300dpi_1800x1440-1.webp","type":"image\/webp"}],"twitter_card":"summary_large_image","twitter_misc":{"Gesch\u00e4tzte Lesezeit":"2\u00a0Minuten"},"schema":{"@context":"https:\/\/schema.org","@graph":[{"@type":["WebPage","ItemPage"],"@id":"https:\/\/mind-treats.com\/de\/produkt\/on-balance-pocket-scale\/","url":"https:\/\/mind-treats.com\/de\/produkt\/on-balance-pocket-scale\/","name":"On Balance pocket scale 0.01g | Mind-treats","isPartOf":{"@id":"https:\/\/mind-treats.com\/de\/#website"},"primaryImageOfPage":{"@id":"https:\/\/mind-treats.com\/de\/produkt\/on-balance-pocket-scale\/#primaryimage"},"image":{"@id":"https:\/\/mind-treats.com\/de\/produkt\/on-balance-pocket-scale\/#primaryimage"},"thumbnailUrl":"https:\/\/mind-treats.com\/wp-content\/uploads\/2023\/05\/MX_100_BK_lid_300dpi_1800x1440-1.webp","datePublished":"2023-05-03T09:30:41+00:00","dateModified":"2026-02-06T16:45:31+00:00","description":"Die digitale Taschenwaage von On Balance mit einer Pr\u00e4zision von 0,01 g ist der perfekte Begleiter f\u00fcr das Microdosing. Ein hervorragendes Preis-Leistungs-Verh\u00e4ltnis in einem schlanken und kompakten Design verpackt.","breadcrumb":{"@id":"https:\/\/mind-treats.com\/de\/produkt\/on-balance-pocket-scale\/#breadcrumb"},"inLanguage":"de","potentialAction":[{"@type":"ReadAction","target":["https:\/\/mind-treats.com\/de\/produkt\/on-balance-pocket-scale\/"]}]},{"@type":"ImageObject","inLanguage":"de","@id":"https:\/\/mind-treats.com\/de\/produkt\/on-balance-pocket-scale\/#primaryimage","url":"https:\/\/mind-treats.com\/wp-content\/uploads\/2023\/05\/MX_100_BK_lid_300dpi_1800x1440-1.webp","contentUrl":"https:\/\/mind-treats.com\/wp-content\/uploads\/2023\/05\/MX_100_BK_lid_300dpi_1800x1440-1.webp","width":1800,"height":1440,"caption":"on balance scale pocket scale 0,01g microdosing"},{"@type":"BreadcrumbList","@id":"https:\/\/mind-treats.com\/de\/produkt\/on-balance-pocket-scale\/#breadcrumb","itemListElement":[{"@type":"ListItem","position":1,"name":"Startseite","item":"https:\/\/mind-treats.com\/de\/"},{"@type":"ListItem","position":2,"name":"Online Shop","item":"https:\/\/mind-treats.com\/de\/shop\/"},{"@type":"ListItem","position":3,"name":"Microdosing","item":"https:\/\/mind-treats.com\/de\/produkt-kategorie\/microdosing-truffel\/"},{"@type":"ListItem","position":4,"name":"On Balance MX-100"}]},{"@type":"WebSite","@id":"https:\/\/mind-treats.com\/de\/#website","url":"https:\/\/mind-treats.com\/de\/","name":"Mind-treats","description":"Treat yourself smart!","publisher":{"@id":"https:\/\/mind-treats.com\/de\/#organization"},"alternateName":"Mind treats","potentialAction":[{"@type":"SearchAction","target":{"@type":"EntryPoint","urlTemplate":"https:\/\/mind-treats.com\/de\/?s={search_term_string}"},"query-input":{"@type":"PropertyValueSpecification","valueRequired":true,"valueName":"search_term_string"}}],"inLanguage":"de"},{"@type":"Organization","@id":"https:\/\/mind-treats.com\/de\/#organization","name":"Mind treats Microdosing","alternateName":"Mind treats","url":"https:\/\/mind-treats.com\/de\/","logo":{"@type":"ImageObject","inLanguage":"de","@id":"https:\/\/mind-treats.com\/de\/#\/schema\/logo\/image\/","url":"https:\/\/mind-treats.com\/wp-content\/uploads\/2023\/08\/mind-treats-logo_round.png","contentUrl":"https:\/\/mind-treats.com\/wp-content\/uploads\/2023\/08\/mind-treats-logo_round.png","width":494,"height":494,"caption":"Mind treats Microdosing"},"image":{"@id":"https:\/\/mind-treats.com\/de\/#\/schema\/logo\/image\/"},"sameAs":["https:\/\/www.facebook.com\/mind.treats.microdosing","https:\/\/www.instagram.com\/mind.treats\/"]}]}},"_links":{"self":[{"href":"https:\/\/mind-treats.com\/de\/wp-json\/wp\/v2\/product\/2434","targetHints":{"allow":["GET"]}}],"collection":[{"href":"https:\/\/mind-treats.com\/de\/wp-json\/wp\/v2\/product"}],"about":[{"href":"https:\/\/mind-treats.com\/de\/wp-json\/wp\/v2\/types\/product"}],"wp:featuredmedia":[{"embeddable":true,"href":"https:\/\/mind-treats.com\/de\/wp-json\/wp\/v2\/media\/5252"}],"wp:attachment":[{"href":"https:\/\/mind-treats.com\/de\/wp-json\/wp\/v2\/media?parent=2434"}],"wp:term":[{"taxonomy":"product_brand","embeddable":true,"href":"https:\/\/mind-treats.com\/de\/wp-json\/wp\/v2\/product_brand?post=2434"},{"taxonomy":"product_cat","embeddable":true,"href":"https:\/\/mind-treats.com\/de\/wp-json\/wp\/v2\/product_cat?post=2434"},{"taxonomy":"product_tag","embeddable":true,"href":"https:\/\/mind-treats.com\/de\/wp-json\/wp\/v2\/product_tag?post=2434"}],"curies":[{"name":"wp","href":"https:\/\/api.w.org\/{rel}","templated":true}]}}