{"id":2432,"date":"2023-05-03T11:25:18","date_gmt":"2023-05-03T09:25:18","guid":{"rendered":"https:\/\/mind-treats.com\/product\/vitamin-d3k2-synergy\/"},"modified":"2026-02-06T17:45:32","modified_gmt":"2026-02-06T16:45:32","slug":"vitamin-d3-synergy-spray","status":"publish","type":"product","link":"https:\/\/mind-treats.com\/de\/produkt\/vitamin-d3-synergy-spray\/","title":{"rendered":"Vitamin D3+K2 | SYNERGY"},"content":{"rendered":"<h2><span data-text-color=\"primary\">Vitamin D3+K2 | SYNERGY Spray<\/span><\/h2>\n<h3 class=\"uppercase\">Sonnenschein in einer Spr\u00fchflasche!<\/h3>\n<p class=\"whitespace-pre-wrap par-color\">Das Vitamin D-Spray ist ein speziell zusammengestelltes Nahrungserg\u00e4nzungsmittel, das optimale Mengen von zwei essenziellen Vitaminen bereitstellt. <a href=\"https:\/\/mind-treats.com\/de\/ernahrungsstudien\/#vitamin-d\">Vitamin D3<\/a>, auch als das &#8222;Sonnenschein-Vitamin&#8220; bekannt, spielt eine entscheidende Rolle bei der Erhaltung starker Knochen, der Unterst\u00fctzung der Immunfunktion und der F\u00f6rderung einer positiven Stimmung. Erg\u00e4nzend dazu sorgt <a href=\"https:\/\/mind-treats.com\/de\/ernahrungsstudien\/#vitamin-k\">Vitamin K2<\/a> in Form von <a href=\"https:\/\/www.nutraceuticalbusinessreview.com\/news\/article_page\/Vitamin_K2_MK-7_healthy_bone_healthy_body\/115898\">Mk7<\/a> (K2 Vital\u00ae) daf\u00fcr, dass Calcium effizient zu Ihren Knochen und Z\u00e4hnen geleitet wird, um ihre strukturelle Integrit\u00e4t zu unterst\u00fctzen, w\u00e4hrend unerw\u00fcnschte Calciumablagerungen in den Arterien verhindert werden.<\/p>\n<p class=\"whitespace-pre-wrap\">Wir stellen unser Vitamin D-Spray aus hochwertigen Zutaten her, um maximale Potenz und Wirksamkeit zu gew\u00e4hrleisten. Dar\u00fcber hinaus ist es vegan-freundlich und frei von k\u00fcnstlichen Farbstoffen, Aromen und Konservierungsstoffen, was es zu einer sicheren und nat\u00fcrlichen Option f\u00fcr den t\u00e4glichen Gebrauch macht. Nimm deine Gesundheit selbst in die Hand mit Vitamin D3 + K2 und genie\u00dfe die zahlreichen Vorteile, die mit der Aufrechterhaltung optimaler Spiegel dieser lebenswichtigen Vitamine einhergehen.<\/p>\n<h4 class=\"uppercase\">Es k\u00f6nnte nicht praktischer sein!<\/h4>\n<p>Mit seinem schlanken und kompakten Design ist unser Vitamin-D-Spray der perfekte Begleiter f\u00fcr Ihren gesch\u00e4ftigen Lebensstil. Egal, ob du auf Reisen bist, bei der Arbeit oder einfach unterwegs &#8211; Du kannst es problemlos in deine Tasche oder Handtasche stecken. Kein Wasser oder zus\u00e4tzliches Zubeh\u00f6r erforderlich &#8211; einfach spr\u00fchen und los geht&#8217;s.<\/p>\n<p>Dar\u00fcber hinaus kann es f\u00fcr Menschen, mit Tremor oder Muskelspasmen eine Herausforderung sein, herk\u00f6mmliche Nahrungserg\u00e4nzungsmittel einzunehmen. Genau hier kommt unser innovativer Spray ins Spiel. Mit einer kraftvollen Mischung aus Vitamin D3 und K2 in MK7-Form liefert diese Formel m\u00fchelos lebenswichtige N\u00e4hrstoffe. Es profitieren insbesondere Personen, die Schwierigkeiten mit herk\u00f6mmlichen Verabreichungsformen wie Tropfen, Kapseln oder Tabletten haben.<\/p>\n<p>Hebe deine Wellness-Routine mit <a href=\"https:\/\/mind-treats.com\/de\/produkt\/vitamin-d3k2-synergy-spray\/\">Vitamin D3+K2 | SYNERGY<\/a> 30ml Spray auf ein h\u00f6heres Niveau und erlebe die Kraft von bioverf\u00fcgbaren N\u00e4hrstoffen, die entwickelt wurden, um deine einzigartigen Bed\u00fcrfnisse zu erf\u00fcllen. \u00dcbernehme die Kontrolle \u00fcber dein Wohlbefinden, unabh\u00e4ngig von Herausforderungen, und begebe dich auf eine Reise zur optimalen Gesundheit. Dein Wohlbefinden ist wichtig, und ebenso deine Bequemlichkeit.<\/p>\n<p>Bei Mind-treats fertigen und verpacken wir jedes Produkt sorgf\u00e4ltig unter Verwendung umweltfreundlicher Materialien. Uns liegen Mensch und Natur am Herzen.<\/p>\n<p>Verpackungsdetails:<\/p>\n<p><img loading=\"lazy\" decoding=\"async\" class=\"alignnone wp-image-5336\" src=\"https:\/\/mind-treats.com\/wp-content\/uploads\/2023\/05\/EN13432-250x250.webp\" alt=\"compostable\" width=\"60\" height=\"60\" srcset=\"https:\/\/mind-treats.com\/wp-content\/uploads\/2023\/05\/EN13432-250x250.webp 250w, https:\/\/mind-treats.com\/wp-content\/uploads\/2023\/05\/EN13432-300x300.webp 300w, https:\/\/mind-treats.com\/wp-content\/uploads\/2023\/05\/EN13432-100x100.webp 100w, https:\/\/mind-treats.com\/wp-content\/uploads\/2023\/05\/EN13432.webp 331w\" sizes=\"auto, (max-width: 60px) 100vw, 60px\" \/> <img loading=\"lazy\" decoding=\"async\" class=\"alignnone wp-image-5324\" src=\"https:\/\/mind-treats.com\/wp-content\/uploads\/2023\/05\/GL-250x250.webp\" alt=\"\" width=\"60\" height=\"60\" srcset=\"https:\/\/mind-treats.com\/wp-content\/uploads\/2023\/05\/GL-250x250.webp 250w, https:\/\/mind-treats.com\/wp-content\/uploads\/2023\/05\/GL-300x300.webp 300w, https:\/\/mind-treats.com\/wp-content\/uploads\/2023\/05\/GL-100x100.webp 100w, https:\/\/mind-treats.com\/wp-content\/uploads\/2023\/05\/GL.webp 331w\" sizes=\"auto, (max-width: 60px) 100vw, 60px\" \/> <img loading=\"lazy\" decoding=\"async\" class=\"alignnone wp-image-5327\" src=\"https:\/\/mind-treats.com\/wp-content\/uploads\/2023\/05\/PET-250x250.webp\" alt=\"Pet\" width=\"60\" height=\"60\" srcset=\"https:\/\/mind-treats.com\/wp-content\/uploads\/2023\/05\/PET-250x250.webp 250w, https:\/\/mind-treats.com\/wp-content\/uploads\/2023\/05\/PET-300x300.webp 300w, https:\/\/mind-treats.com\/wp-content\/uploads\/2023\/05\/PET-100x100.webp 100w, https:\/\/mind-treats.com\/wp-content\/uploads\/2023\/05\/PET.webp 331w\" sizes=\"auto, (max-width: 60px) 100vw, 60px\" \/><\/p>\n","protected":false},"excerpt":{"rendered":"<p><span style=\"font-weight: 400;\">Vitamin D3 + K2 | Synergy Spray unterst\u00fctzt die Stimmung und tr\u00e4gt zu einem starken Immunsystem bei. Das bekannte Vitamin D ist ein wahres Kraftpaket. Es hilft bei der Erhaltung von Knochen und Z\u00e4hnen, der normalen Muskelfunktion und der Aufnahme von Calcium und Phosphor. Es unterst\u00fctzt das Immunsystem, hat einen enormen Einfluss auf das Hormonsystem und die allgemeine Vitalit\u00e4t.<\/span><\/p>\n<p><span style=\"font-weight: 400;\">Die praktische Spr\u00fchflasche ist einfach und schnell zu verwenden und eignet sich besonders f\u00fcr vielbesch\u00e4ftigte Menschen oder Personen mit motorischen Problemen.<br \/>\nReisegr\u00f6\u00dfe &#8211; Du kannst es im Handgep\u00e4ck mit auf deine Reisen nehmen. <\/span><\/p>\n<div class=\"row icon-row\"  id=\"row-1017128922\">\n\n\t<div id=\"col-1114000423\" class=\"col medium-1\/4 large-3\"  >\n\t\t\t\t<div class=\"col-inner\"  >\n\t\t\t\n\t\t\t\n\n\t\t<div class=\"icon-box featured-box icon-box icon-box-top text-left\"  >\n\t\t\t\t<div class=\"icon-box-text last-reset\">\n\t\t\t\t\t\t\t\t\t\n<p><img loading=\"lazy\" decoding=\"async\" class=\"aligncenter wp-image-5280\" src=\"https:\/\/mind-treats.com\/wp-content\/uploads\/2023\/11\/science.webp\" alt=\"based on science\" width=\"72\" height=\"72\" srcset=\"https:\/\/mind-treats.com\/wp-content\/uploads\/2023\/11\/science.webp 195w, https:\/\/mind-treats.com\/wp-content\/uploads\/2023\/11\/science-100x100.webp 100w\" sizes=\"auto, (max-width: 72px) 100vw, 72px\" \/><\/p>\n<h5 class=\"uppercase\" style=\"text-align: center;\"><span data-text-color=\"secondary\">Hochwertige Inhaltsstoffe<\/span><\/h5>\n\t\t<\/div>\n\t<\/div>\n\t\n\t\n<p style=\"text-align: left;\">\t\t<\/div>\n\t\t\t\t\t<\/div>\n\n\t\n\n\t<div id=\"col-1060243498\" class=\"col medium-1\/4 large-3\"  >\n\t\t\t\t<div class=\"col-inner\"  >\n\t\t\t\n\t\t\t\n\n\t\t<div class=\"icon-box featured-box icon-box icon-box-top text-left\"  >\n\t\t\t\t<div class=\"icon-box-text last-reset\">\n\t\t\t\t\t\t\t\t\t\n<p><img loading=\"lazy\" decoding=\"async\" class=\"aligncenter wp-image-5265\" src=\"https:\/\/mind-treats.com\/wp-content\/uploads\/2023\/11\/ecofriendly-packaging.webp\" alt=\"eco friendly packaging\" width=\"72\" height=\"72\" srcset=\"https:\/\/mind-treats.com\/wp-content\/uploads\/2023\/11\/ecofriendly-packaging.webp 195w, https:\/\/mind-treats.com\/wp-content\/uploads\/2023\/11\/ecofriendly-packaging-100x100.webp 100w\" sizes=\"auto, (max-width: 72px) 100vw, 72px\" \/><\/p>\n<h5 class=\"uppercase\" style=\"text-align: center;\"><span data-text-color=\"secondary\">Nachhaltige Verpackung<\/span><\/h5>\n\t\t<\/div>\n\t<\/div>\n\t\n\t\n\t\t<\/div>\n\t\t\t\t\t<\/div>\n\n\t\n\n\t<div id=\"col-230581442\" class=\"col medium-1\/4 large-3\"  >\n\t\t\t\t<div class=\"col-inner\"  >\n\t\t\t\n\t\t\t\n\n\t\t<div class=\"icon-box featured-box icon-box icon-box-top text-left\"  >\n\t\t\t\t<div class=\"icon-box-text last-reset\">\n\t\t\t\t\t\t\t\t\t\n<p><img loading=\"lazy\" decoding=\"async\" class=\"aligncenter wp-image-5283\" src=\"https:\/\/mind-treats.com\/wp-content\/uploads\/2023\/11\/vegan.webp\" alt=\"vegan friendly\" width=\"72\" height=\"72\" srcset=\"https:\/\/mind-treats.com\/wp-content\/uploads\/2023\/11\/vegan.webp 195w, https:\/\/mind-treats.com\/wp-content\/uploads\/2023\/11\/vegan-100x100.webp 100w\" sizes=\"auto, (max-width: 72px) 100vw, 72px\" \/><\/p>\n<h5 class=\"uppercase\" style=\"text-align: center;\"><span data-text-color=\"secondary\">Vegan<\/span><\/h5>\n\t\t<\/div>\n\t<\/div>\n\t\n\t\n\t\t<\/div>\n\t\t\t\t\t<\/div>\n\n\t\n\n\t<div id=\"col-1463819514\" class=\"col medium-1\/4 large-3\"  >\n\t\t\t\t<div class=\"col-inner\"  >\n\t\t\t\n\t\t\t\n\n\t\t<div class=\"icon-box featured-box icon-box icon-box-top text-left\"  >\n\t\t\t\t<div class=\"icon-box-text last-reset\">\n\t\t\t\t\t\t\t\t\t\n<p><img loading=\"lazy\" decoding=\"async\" class=\"aligncenter wp-image-5268\" src=\"https:\/\/mind-treats.com\/wp-content\/uploads\/2023\/11\/free-shipping.webp\" alt=\"free shipping\" width=\"72\" height=\"72\" srcset=\"https:\/\/mind-treats.com\/wp-content\/uploads\/2023\/11\/free-shipping.webp 195w, https:\/\/mind-treats.com\/wp-content\/uploads\/2023\/11\/free-shipping-100x100.webp 100w\" sizes=\"auto, (max-width: 72px) 100vw, 72px\" \/><\/p>\n<h5 class=\"uppercase\" style=\"text-align: center;\"><span data-text-color=\"secondary\">Kostenloser Versand ab 55\u20ac<\/span><\/h5>\n\t\t<\/div>\n\t<\/div>\n\t\n\t\n\t\t<\/div>\n\t\t\t\t\t<\/div>\n\n\t\n<\/div>\n<p>&nbsp;<\/p>\n<h4 class=\"uppercase\"><span data-text-color=\"primary\"><strong>Mengenrabatt<\/strong><\/span><\/h4>\n<p>Du kannst <a href=\"https:\/\/mind-treats.com\/de\/produkt-kategorie\/vitamine-und-erganzungen\/synergie\/\">SYNERGIE<\/a> Produkte kombinieren, um Mengenrabatt zu erhalten!<\/p>\n","protected":false},"featured_media":5171,"template":"","meta":[],"product_brand":[],"product_cat":[98,100],"product_tag":[139,129],"class_list":{"0":"post-2432","1":"product","2":"type-product","3":"status-publish","4":"has-post-thumbnail","6":"product_cat-vitamine-und-erganzungen","7":"product_cat-synergie","8":"product_tag-spray","9":"product_tag-vitamine","11":"first","12":"instock","13":"taxable","14":"shipping-taxable","15":"purchasable","16":"product-type-simple"},"yoast_head":"<!-- This site is optimized with the Yoast SEO plugin v26.4 - https:\/\/yoast.com\/wordpress\/plugins\/seo\/ -->\n<title>Vitamin Spray D3+K2 Spray - SYNERGY | Mind-treats<\/title>\n<meta name=\"description\" content=\"Vitamin D + K Spray (Mk7 K2 Vital\u00ae) ist ein speziell formuliertes Nahrungserg\u00e4nzungsmittel, das entwickelt wurde, um optimale Mengen von zwei essentiellen Vitaminen bereitzustellen.\" \/>\n<meta name=\"robots\" content=\"index, follow, max-snippet:-1, max-image-preview:large, max-video-preview:-1\" \/>\n<link rel=\"canonical\" href=\"https:\/\/mind-treats.com\/de\/produkt\/vitamin-d3-synergy-spray\/\" \/>\n<meta property=\"og:locale\" content=\"de_DE\" \/>\n<meta property=\"og:type\" content=\"article\" \/>\n<meta property=\"og:title\" content=\"Vitamin Spray D3+K2 Spray - SYNERGY | Mind-treats\" \/>\n<meta property=\"og:description\" content=\"Vitamin D + K Spray (Mk7 K2 Vital\u00ae) ist ein speziell formuliertes Nahrungserg\u00e4nzungsmittel, das entwickelt wurde, um optimale Mengen von zwei essentiellen Vitaminen bereitzustellen.\" \/>\n<meta property=\"og:url\" content=\"https:\/\/mind-treats.com\/de\/produkt\/vitamin-d3-synergy-spray\/\" \/>\n<meta property=\"og:site_name\" content=\"Mind-treats\" \/>\n<meta property=\"article:publisher\" content=\"https:\/\/www.facebook.com\/mind.treats.microdosing\" \/>\n<meta property=\"article:modified_time\" content=\"2026-02-06T16:45:32+00:00\" \/>\n<meta property=\"og:image\" content=\"https:\/\/mind-treats.com\/wp-content\/uploads\/2023\/05\/VD3S.webp\" \/>\n\t<meta property=\"og:image:width\" content=\"1000\" \/>\n\t<meta property=\"og:image:height\" content=\"1000\" \/>\n\t<meta property=\"og:image:type\" content=\"image\/webp\" \/>\n<meta name=\"twitter:card\" content=\"summary_large_image\" \/>\n<meta name=\"twitter:label1\" content=\"Gesch\u00e4tzte Lesezeit\" \/>\n\t<meta name=\"twitter:data1\" content=\"3\u00a0Minuten\" \/>\n<script type=\"application\/ld+json\" class=\"yoast-schema-graph\">{\"@context\":\"https:\/\/schema.org\",\"@graph\":[{\"@type\":[\"WebPage\",\"ItemPage\"],\"@id\":\"https:\/\/mind-treats.com\/de\/produkt\/vitamin-d3-synergy-spray\/\",\"url\":\"https:\/\/mind-treats.com\/de\/produkt\/vitamin-d3-synergy-spray\/\",\"name\":\"Vitamin Spray D3+K2 Spray - SYNERGY | Mind-treats\",\"isPartOf\":{\"@id\":\"https:\/\/mind-treats.com\/de\/#website\"},\"primaryImageOfPage\":{\"@id\":\"https:\/\/mind-treats.com\/de\/produkt\/vitamin-d3-synergy-spray\/#primaryimage\"},\"image\":{\"@id\":\"https:\/\/mind-treats.com\/de\/produkt\/vitamin-d3-synergy-spray\/#primaryimage\"},\"thumbnailUrl\":\"https:\/\/mind-treats.com\/wp-content\/uploads\/2023\/05\/VD3S.webp\",\"datePublished\":\"2023-05-03T09:25:18+00:00\",\"dateModified\":\"2026-02-06T16:45:32+00:00\",\"description\":\"Vitamin D + K Spray (Mk7 K2 Vital\u00ae) ist ein speziell formuliertes Nahrungserg\u00e4nzungsmittel, das entwickelt wurde, um optimale Mengen von zwei essentiellen Vitaminen bereitzustellen.\",\"breadcrumb\":{\"@id\":\"https:\/\/mind-treats.com\/de\/produkt\/vitamin-d3-synergy-spray\/#breadcrumb\"},\"inLanguage\":\"de\",\"potentialAction\":[{\"@type\":\"ReadAction\",\"target\":[\"https:\/\/mind-treats.com\/de\/produkt\/vitamin-d3-synergy-spray\/\"]}]},{\"@type\":\"ImageObject\",\"inLanguage\":\"de\",\"@id\":\"https:\/\/mind-treats.com\/de\/produkt\/vitamin-d3-synergy-spray\/#primaryimage\",\"url\":\"https:\/\/mind-treats.com\/wp-content\/uploads\/2023\/05\/VD3S.webp\",\"contentUrl\":\"https:\/\/mind-treats.com\/wp-content\/uploads\/2023\/05\/VD3S.webp\",\"width\":1000,\"height\":1000,\"caption\":\"vitamin d3 vitamin k2 mk7 k2 vital spray\"},{\"@type\":\"BreadcrumbList\",\"@id\":\"https:\/\/mind-treats.com\/de\/produkt\/vitamin-d3-synergy-spray\/#breadcrumb\",\"itemListElement\":[{\"@type\":\"ListItem\",\"position\":1,\"name\":\"Startseite\",\"item\":\"https:\/\/mind-treats.com\/de\/\"},{\"@type\":\"ListItem\",\"position\":2,\"name\":\"Online Shop\",\"item\":\"https:\/\/mind-treats.com\/de\/shop\/\"},{\"@type\":\"ListItem\",\"position\":3,\"name\":\"Vitamine und Erg\u00e4nzungen\",\"item\":\"https:\/\/mind-treats.com\/de\/produkt-kategorie\/vitamine-und-erganzungen\/\"},{\"@type\":\"ListItem\",\"position\":4,\"name\":\"Synergie\",\"item\":\"https:\/\/mind-treats.com\/de\/produkt-kategorie\/vitamine-und-erganzungen\/synergie\/\"},{\"@type\":\"ListItem\",\"position\":5,\"name\":\"Vitamin D3+K2 | SYNERGY\"}]},{\"@type\":\"WebSite\",\"@id\":\"https:\/\/mind-treats.com\/de\/#website\",\"url\":\"https:\/\/mind-treats.com\/de\/\",\"name\":\"Mind-treats\",\"description\":\"Treat yourself smart!\",\"publisher\":{\"@id\":\"https:\/\/mind-treats.com\/de\/#organization\"},\"alternateName\":\"Mind treats\",\"potentialAction\":[{\"@type\":\"SearchAction\",\"target\":{\"@type\":\"EntryPoint\",\"urlTemplate\":\"https:\/\/mind-treats.com\/de\/?s={search_term_string}\"},\"query-input\":{\"@type\":\"PropertyValueSpecification\",\"valueRequired\":true,\"valueName\":\"search_term_string\"}}],\"inLanguage\":\"de\"},{\"@type\":\"Organization\",\"@id\":\"https:\/\/mind-treats.com\/de\/#organization\",\"name\":\"Mind treats Microdosing\",\"alternateName\":\"Mind treats\",\"url\":\"https:\/\/mind-treats.com\/de\/\",\"logo\":{\"@type\":\"ImageObject\",\"inLanguage\":\"de\",\"@id\":\"https:\/\/mind-treats.com\/de\/#\/schema\/logo\/image\/\",\"url\":\"https:\/\/mind-treats.com\/wp-content\/uploads\/2023\/08\/mind-treats-logo_round.png\",\"contentUrl\":\"https:\/\/mind-treats.com\/wp-content\/uploads\/2023\/08\/mind-treats-logo_round.png\",\"width\":494,\"height\":494,\"caption\":\"Mind treats Microdosing\"},\"image\":{\"@id\":\"https:\/\/mind-treats.com\/de\/#\/schema\/logo\/image\/\"},\"sameAs\":[\"https:\/\/www.facebook.com\/mind.treats.microdosing\",\"https:\/\/www.instagram.com\/mind.treats\/\"]}]}<\/script>\n<!-- \/ Yoast SEO plugin. -->","yoast_head_json":{"title":"Vitamin Spray D3+K2 Spray - SYNERGY | Mind-treats","description":"Vitamin D + K Spray (Mk7 K2 Vital\u00ae) ist ein speziell formuliertes Nahrungserg\u00e4nzungsmittel, das entwickelt wurde, um optimale Mengen von zwei essentiellen Vitaminen bereitzustellen.","robots":{"index":"index","follow":"follow","max-snippet":"max-snippet:-1","max-image-preview":"max-image-preview:large","max-video-preview":"max-video-preview:-1"},"canonical":"https:\/\/mind-treats.com\/de\/produkt\/vitamin-d3-synergy-spray\/","og_locale":"de_DE","og_type":"article","og_title":"Vitamin Spray D3+K2 Spray - SYNERGY | Mind-treats","og_description":"Vitamin D + K Spray (Mk7 K2 Vital\u00ae) ist ein speziell formuliertes Nahrungserg\u00e4nzungsmittel, das entwickelt wurde, um optimale Mengen von zwei essentiellen Vitaminen bereitzustellen.","og_url":"https:\/\/mind-treats.com\/de\/produkt\/vitamin-d3-synergy-spray\/","og_site_name":"Mind-treats","article_publisher":"https:\/\/www.facebook.com\/mind.treats.microdosing","article_modified_time":"2026-02-06T16:45:32+00:00","og_image":[{"width":1000,"height":1000,"url":"https:\/\/mind-treats.com\/wp-content\/uploads\/2023\/05\/VD3S.webp","type":"image\/webp"}],"twitter_card":"summary_large_image","twitter_misc":{"Gesch\u00e4tzte Lesezeit":"3\u00a0Minuten"},"schema":{"@context":"https:\/\/schema.org","@graph":[{"@type":["WebPage","ItemPage"],"@id":"https:\/\/mind-treats.com\/de\/produkt\/vitamin-d3-synergy-spray\/","url":"https:\/\/mind-treats.com\/de\/produkt\/vitamin-d3-synergy-spray\/","name":"Vitamin Spray D3+K2 Spray - SYNERGY | Mind-treats","isPartOf":{"@id":"https:\/\/mind-treats.com\/de\/#website"},"primaryImageOfPage":{"@id":"https:\/\/mind-treats.com\/de\/produkt\/vitamin-d3-synergy-spray\/#primaryimage"},"image":{"@id":"https:\/\/mind-treats.com\/de\/produkt\/vitamin-d3-synergy-spray\/#primaryimage"},"thumbnailUrl":"https:\/\/mind-treats.com\/wp-content\/uploads\/2023\/05\/VD3S.webp","datePublished":"2023-05-03T09:25:18+00:00","dateModified":"2026-02-06T16:45:32+00:00","description":"Vitamin D + K Spray (Mk7 K2 Vital\u00ae) ist ein speziell formuliertes Nahrungserg\u00e4nzungsmittel, das entwickelt wurde, um optimale Mengen von zwei essentiellen Vitaminen bereitzustellen.","breadcrumb":{"@id":"https:\/\/mind-treats.com\/de\/produkt\/vitamin-d3-synergy-spray\/#breadcrumb"},"inLanguage":"de","potentialAction":[{"@type":"ReadAction","target":["https:\/\/mind-treats.com\/de\/produkt\/vitamin-d3-synergy-spray\/"]}]},{"@type":"ImageObject","inLanguage":"de","@id":"https:\/\/mind-treats.com\/de\/produkt\/vitamin-d3-synergy-spray\/#primaryimage","url":"https:\/\/mind-treats.com\/wp-content\/uploads\/2023\/05\/VD3S.webp","contentUrl":"https:\/\/mind-treats.com\/wp-content\/uploads\/2023\/05\/VD3S.webp","width":1000,"height":1000,"caption":"vitamin d3 vitamin k2 mk7 k2 vital spray"},{"@type":"BreadcrumbList","@id":"https:\/\/mind-treats.com\/de\/produkt\/vitamin-d3-synergy-spray\/#breadcrumb","itemListElement":[{"@type":"ListItem","position":1,"name":"Startseite","item":"https:\/\/mind-treats.com\/de\/"},{"@type":"ListItem","position":2,"name":"Online Shop","item":"https:\/\/mind-treats.com\/de\/shop\/"},{"@type":"ListItem","position":3,"name":"Vitamine und Erg\u00e4nzungen","item":"https:\/\/mind-treats.com\/de\/produkt-kategorie\/vitamine-und-erganzungen\/"},{"@type":"ListItem","position":4,"name":"Synergie","item":"https:\/\/mind-treats.com\/de\/produkt-kategorie\/vitamine-und-erganzungen\/synergie\/"},{"@type":"ListItem","position":5,"name":"Vitamin D3+K2 | SYNERGY"}]},{"@type":"WebSite","@id":"https:\/\/mind-treats.com\/de\/#website","url":"https:\/\/mind-treats.com\/de\/","name":"Mind-treats","description":"Treat yourself smart!","publisher":{"@id":"https:\/\/mind-treats.com\/de\/#organization"},"alternateName":"Mind treats","potentialAction":[{"@type":"SearchAction","target":{"@type":"EntryPoint","urlTemplate":"https:\/\/mind-treats.com\/de\/?s={search_term_string}"},"query-input":{"@type":"PropertyValueSpecification","valueRequired":true,"valueName":"search_term_string"}}],"inLanguage":"de"},{"@type":"Organization","@id":"https:\/\/mind-treats.com\/de\/#organization","name":"Mind treats Microdosing","alternateName":"Mind treats","url":"https:\/\/mind-treats.com\/de\/","logo":{"@type":"ImageObject","inLanguage":"de","@id":"https:\/\/mind-treats.com\/de\/#\/schema\/logo\/image\/","url":"https:\/\/mind-treats.com\/wp-content\/uploads\/2023\/08\/mind-treats-logo_round.png","contentUrl":"https:\/\/mind-treats.com\/wp-content\/uploads\/2023\/08\/mind-treats-logo_round.png","width":494,"height":494,"caption":"Mind treats Microdosing"},"image":{"@id":"https:\/\/mind-treats.com\/de\/#\/schema\/logo\/image\/"},"sameAs":["https:\/\/www.facebook.com\/mind.treats.microdosing","https:\/\/www.instagram.com\/mind.treats\/"]}]}},"_links":{"self":[{"href":"https:\/\/mind-treats.com\/de\/wp-json\/wp\/v2\/product\/2432","targetHints":{"allow":["GET"]}}],"collection":[{"href":"https:\/\/mind-treats.com\/de\/wp-json\/wp\/v2\/product"}],"about":[{"href":"https:\/\/mind-treats.com\/de\/wp-json\/wp\/v2\/types\/product"}],"wp:featuredmedia":[{"embeddable":true,"href":"https:\/\/mind-treats.com\/de\/wp-json\/wp\/v2\/media\/5171"}],"wp:attachment":[{"href":"https:\/\/mind-treats.com\/de\/wp-json\/wp\/v2\/media?parent=2432"}],"wp:term":[{"taxonomy":"product_brand","embeddable":true,"href":"https:\/\/mind-treats.com\/de\/wp-json\/wp\/v2\/product_brand?post=2432"},{"taxonomy":"product_cat","embeddable":true,"href":"https:\/\/mind-treats.com\/de\/wp-json\/wp\/v2\/product_cat?post=2432"},{"taxonomy":"product_tag","embeddable":true,"href":"https:\/\/mind-treats.com\/de\/wp-json\/wp\/v2\/product_tag?post=2432"}],"curies":[{"name":"wp","href":"https:\/\/api.w.org\/{rel}","templated":true}]}}