{"id":2431,"date":"2023-05-03T11:07:35","date_gmt":"2023-05-03T09:07:35","guid":{"rendered":"https:\/\/mind-treats.com\/product\/cordyceps-energy\/"},"modified":"2026-02-06T17:45:45","modified_gmt":"2026-02-06T16:45:45","slug":"cordyceps-energy","status":"publish","type":"product","link":"https:\/\/mind-treats.com\/de\/produkt\/cordyceps-energy\/","title":{"rendered":"Cordyceps | ENERGY"},"content":{"rendered":"<h2><span data-text-color=\"primary\">Cordyceps | ENERGIE<\/span><\/h2>\n<h3 class=\"uppercase\">Entfalte dein k\u00f6rperliches Potenzial!<\/h3>\n<p>Steigere deine Vitalit\u00e4t mit unserem Premium-Produkt, <a href=\"https:\/\/mind-treats.com\/de\/produkt\/cordyceps-energy\/\">Cordyceps | ENERGIE<\/a> Kapseln, einer dynamischen Quelle f\u00fcr Ausdauer und Vitalit\u00e4t. Jede Flasche enth\u00e4lt 60 sorgf\u00e4ltig hergestellte Kapseln mit biologischem Extrakt, um erneute Vitalit\u00e4t in deinen Tag zu bringen.<\/p>\n<p>In den hohen Regionen des tibetischen Gebirges, ca. 3000 bis 5000 Metern, findet man den funktionellen Pilz <a href=\"https:\/\/en.wikipedia.org\/wiki\/Ophiocordyceps_sinensis\">Cordyceps sinensis<\/a>, auch Raupenpilz genannt. Jahrhundertelang wird Cordyceps Extrakt in der traditionellen chinesischen Medizin gesch\u00e4tzt. Dieser Pilz wurde als Heilmittel f\u00fcr verschiedene Beschwerden verwendet, einschlie\u00dflich Leber- und Nierenbeschwerden.<\/p>\n<p>Indem wir uns die Kraft der Natur zunutze machen, stellen wir jede Kapsel mit HPMC her, einem veganen und umweltfreundlichen Material. Im Kern dieser Kapseln findest du 350 mg Cordyceps-Extrakt im Verh\u00e4ltnis 10:1, eine Konzentration, die aus Fruchtk\u00f6rpern vorsichtig und sorgf\u00e4ltig gewonnen wurde. Raupenpilz-Extrakt wird seit Jahrhunderten in traditionellen Wellness-Praktiken verehrt. Es liefert sein volles Spektrum an Vorteilen und steigert Energie und das allgemeine Wohlbefinden.<\/p>\n<p>Doch die Vorteile gehen dar\u00fcber hinaus. Unsere Formel ist angereichert mit Acerola, einer nat\u00fcrlichen Quelle f\u00fcr <a href=\"https:\/\/mind-treats.com\/de\/ernahrungsstudien\/#vitamin-c\">Vitamin C<\/a>. Dieser essentielle N\u00e4hrstoff erh\u00f6ht nicht nur durch die Bioverf\u00fcgbarkeit von Cordyceps, sondern bietet auch eine wichtige Unterst\u00fctzung f\u00fcr dein Immunsystem.<\/p>\n<p>Die empfohlene Dosierung ist 2 Kapseln pro Tag.<\/p>\n<h4 class=\"uppercase\">Cordyceps, der beste Freund f\u00fcr Fitness!<\/h4>\n<p><a href=\"https:\/\/mind-treats.com\/de\/ernahrungsstudien\/#cordyceps\">Aktuelle Studien<\/a> deuten darauf hin, dass Cordyceps das Potenzial hat, die Gehirnfunktion, das Ged\u00e4chtnis und die kognitive Gesundheit zu st\u00e4rken. In Cordyceps liegt Cordycepin, eine Substanz, die die Produktion von Adenosintriphosphat (ATP) erh\u00f6ht, einer entscheidenden Komponente, die sowohl die zellul\u00e4re Energie als auch die Gehirnfunktion vitalisiert. Dieser bemerkenswerte funktionelle Pilz \u00fcbt auch einen gef\u00e4\u00dferweiternden Einfluss aus und f\u00f6rdert eine robuste Durchblutung des K\u00f6rpers. Daher ist der Raupenpilz perfekt f\u00fcr Fitness und Sport geeignet. Dar\u00fcber hinaus zeigt der Pilz die F\u00e4higkeit, den Blutdruck zu senken, was sich positiv auf das gesamte Herz-Kreislauf-System auswirkt.<\/p>\n<p>Bei Mind-treats verfolgen wir einen ganzheitlichen Ansatz zur t\u00e4glichen Vitalit\u00e4t. Ob du einen anstrengenden Arbeitstag meistern willst oder zus\u00e4tzliche Energie f\u00fcr deinen Fitnessplan brauchst, jede Kapsel gibt dir einen belebenden und sp\u00fcrbaren Boost. Tanke Energie, steigere dein Wohlbefinden und nutze den Tag mit Cordyceps | ENERGIE Kapseln. St\u00e4rke dich auf nat\u00fcrliche Weise, die zu deinem aktiven Lebensstil passt.<\/p>\n<p>Unsere Raupenpilz-Kapseln sind 100% nat\u00fcrlich und frei von k\u00fcnstlichen Zusatzstoffen. Das ist das Markenzeichen unseres Engagements f\u00fcr dein Wohlbefinden und f\u00fcr den Schutz unseres Planeten. Mache Cordyceps | ENERGIE zu einem festen Bestandteil deines t\u00e4glichen Lebens und erlebe die Synergie der nat\u00fcrlichen Energie, die dich von innen heraus revitalisiert.<\/p>\n<p>Bei Mind-treats stellen wir jedes Produkt sorgf\u00e4ltig her und verpacken es mit umweltfreundlichen Materialien. Wir k\u00fcmmern uns um Menschen und die Natur.<\/p>\n<p>Verpackungsdetails:<br \/>\n<img loading=\"lazy\" decoding=\"async\" class=\"alignnone wp-image-5334\" src=\"https:\/\/mind-treats.com\/wp-content\/uploads\/2023\/05\/EN13432-250x250.webp\" alt=\"\" width=\"60\" height=\"60\" srcset=\"https:\/\/mind-treats.com\/wp-content\/uploads\/2023\/05\/EN13432-250x250.webp 250w, https:\/\/mind-treats.com\/wp-content\/uploads\/2023\/05\/EN13432-300x300.webp 300w, https:\/\/mind-treats.com\/wp-content\/uploads\/2023\/05\/EN13432-100x100.webp 100w, https:\/\/mind-treats.com\/wp-content\/uploads\/2023\/05\/EN13432.webp 331w\" sizes=\"auto, (max-width: 60px) 100vw, 60px\" \/> <img loading=\"lazy\" decoding=\"async\" class=\"alignnone wp-image-5325\" src=\"https:\/\/mind-treats.com\/wp-content\/uploads\/2023\/05\/PET-250x250.webp\" alt=\"\" width=\"60\" height=\"60\" srcset=\"https:\/\/mind-treats.com\/wp-content\/uploads\/2023\/05\/PET-250x250.webp 250w, https:\/\/mind-treats.com\/wp-content\/uploads\/2023\/05\/PET-300x300.webp 300w, https:\/\/mind-treats.com\/wp-content\/uploads\/2023\/05\/PET-100x100.webp 100w, https:\/\/mind-treats.com\/wp-content\/uploads\/2023\/05\/PET.webp 331w\" sizes=\"auto, (max-width: 60px) 100vw, 60px\" \/><img loading=\"lazy\" decoding=\"async\" class=\"alignnone wp-image-5328\" style=\"font-size: 14.4px;\" src=\"https:\/\/mind-treats.com\/wp-content\/uploads\/2023\/05\/ALU-250x250.webp\" alt=\"\" width=\"60\" height=\"60\" srcset=\"https:\/\/mind-treats.com\/wp-content\/uploads\/2023\/05\/ALU-250x250.webp 250w, https:\/\/mind-treats.com\/wp-content\/uploads\/2023\/05\/ALU-300x300.webp 300w, https:\/\/mind-treats.com\/wp-content\/uploads\/2023\/05\/ALU-100x100.webp 100w, https:\/\/mind-treats.com\/wp-content\/uploads\/2023\/05\/ALU.webp 331w\" sizes=\"auto, (max-width: 60px) 100vw, 60px\" \/><\/p>\n","protected":false},"excerpt":{"rendered":"<p>Erlebe gesteigerte Ausdauer und k\u00f6rperliches Potenzial mit Cordyceps | ENERGY Kapseln. Mit Sorgfalt hergestellt, enth\u00e4lt jede Flasche 60 pflanzliche Kapseln und richtet sich an jene Menschen, die ihre k\u00f6rperliche Gesundheit priorisieren.<\/p>\n<h4 data-wp-editing=\"1\"><span data-text-color=\"success\"><img loading=\"lazy\" decoding=\"async\" class=\"alignnone wp-image-4392\" src=\"https:\/\/mind-treats.com\/wp-content\/uploads\/2023\/10\/checkmark_web.png\" alt=\"\" width=\"30\" height=\"30\" srcset=\"https:\/\/mind-treats.com\/wp-content\/uploads\/2023\/10\/checkmark_web.png 242w, https:\/\/mind-treats.com\/wp-content\/uploads\/2023\/10\/checkmark_web-100x100.png 100w\" sizes=\"auto, (max-width: 30px) 100vw, 30px\" \/> Steigert Energie und Ausdauer &#8211; ideal f\u00fcr Sportliebhaber und Athleten! <\/span><\/h4>\n<h4 data-wp-editing=\"1\"><span data-text-color=\"success\"><img loading=\"lazy\" decoding=\"async\" class=\"alignnone wp-image-4392\" src=\"https:\/\/mind-treats.com\/wp-content\/uploads\/2023\/10\/checkmark_web.png\" alt=\"\" width=\"30\" height=\"30\" srcset=\"https:\/\/mind-treats.com\/wp-content\/uploads\/2023\/10\/checkmark_web.png 242w, https:\/\/mind-treats.com\/wp-content\/uploads\/2023\/10\/checkmark_web-100x100.png 100w\" sizes=\"auto, (max-width: 30px) 100vw, 30px\" \/> Unterst\u00fctzt die Gesundheit der Atemwege<\/span><span data-text-color=\"success\">\u00a0<\/span><\/h4>\n<h4 data-wp-editing=\"1\"><span data-text-color=\"success\"><img loading=\"lazy\" decoding=\"async\" class=\"alignnone wp-image-4392\" src=\"https:\/\/mind-treats.com\/wp-content\/uploads\/2023\/10\/checkmark_web.png\" alt=\"\" width=\"30\" height=\"30\" srcset=\"https:\/\/mind-treats.com\/wp-content\/uploads\/2023\/10\/checkmark_web.png 242w, https:\/\/mind-treats.com\/wp-content\/uploads\/2023\/10\/checkmark_web-100x100.png 100w\" sizes=\"auto, (max-width: 30px) 100vw, 30px\" \/> min. 30% Polysaccharide<\/span><\/h4>\n\t<div id=\"gap-882355103\" class=\"gap-element clearfix\" style=\"display:block; height:auto;\">\n\t\t\n<style>\n#gap-882355103 {\n  padding-top: 30px;\n}\n<\/style>\n\t<\/div>\n\t\n<div class=\"row icon-row\"  id=\"row-987205048\">\n\n\t<div id=\"col-1970373438\" class=\"col medium-1\/4 large-3\"  >\n\t\t\t\t<div class=\"col-inner\"  >\n\t\t\t\n\t\t\t\n\n\t\t<div class=\"icon-box featured-box icon-box icon-box-top text-left\"  >\n\t\t\t\t<div class=\"icon-box-text last-reset\">\n\t\t\t\t\t\t\t\t\t\n<p><img loading=\"lazy\" decoding=\"async\" class=\"aligncenter wp-image-5272\" src=\"https:\/\/mind-treats.com\/wp-content\/uploads\/2023\/11\/natural.webp\" alt=\"100% nat\u00fcrlich\" width=\"72\" height=\"72\" srcset=\"https:\/\/mind-treats.com\/wp-content\/uploads\/2023\/11\/natural.webp 195w, https:\/\/mind-treats.com\/wp-content\/uploads\/2023\/11\/natural-100x100.webp 100w\" sizes=\"auto, (max-width: 72px) 100vw, 72px\" \/><\/p>\n<h5 class=\"uppercase\" style=\"text-align: center;\"><span data-text-color=\"secondary\">100% Nat\u00fcrlich und Bio<\/span><\/h5>\n\t\t<\/div>\n\t<\/div>\n\t\n\t\n<p style=\"text-align: left;\">\t\t<\/div>\n\t\t\t\t\t<\/div>\n\n\t\n\n\t<div id=\"col-954582649\" class=\"col medium-1\/4 large-3\"  >\n\t\t\t\t<div class=\"col-inner\"  >\n\t\t\t\n\t\t\t\n\n\t\t<div class=\"icon-box featured-box icon-box icon-box-top text-left\"  >\n\t\t\t\t<div class=\"icon-box-text last-reset\">\n\t\t\t\t\t\t\t\t\t\n<p><img loading=\"lazy\" decoding=\"async\" class=\"aligncenter wp-image-5263\" src=\"https:\/\/mind-treats.com\/wp-content\/uploads\/2023\/11\/ecofriendly-packaging.webp\" alt=\"umweltfreundliche verpackung erg\u00e4nzungen mikrodosierung tr\u00fcffel bundle set\" width=\"72\" height=\"72\" srcset=\"https:\/\/mind-treats.com\/wp-content\/uploads\/2023\/11\/ecofriendly-packaging.webp 195w, https:\/\/mind-treats.com\/wp-content\/uploads\/2023\/11\/ecofriendly-packaging-100x100.webp 100w\" sizes=\"auto, (max-width: 72px) 100vw, 72px\" \/><\/p>\n<h5 class=\"uppercase\" style=\"text-align: center;\"><span data-text-color=\"secondary\">Nachhaltige Verpackung<\/span><\/h5>\n\t\t<\/div>\n\t<\/div>\n\t\n\t\n\t\t<\/div>\n\t\t\t\t\t<\/div>\n\n\t\n\n\t<div id=\"col-569177078\" class=\"col medium-1\/4 large-3\"  >\n\t\t\t\t<div class=\"col-inner\"  >\n\t\t\t\n\t\t\t\n\n\t\t<div class=\"icon-box featured-box icon-box icon-box-top text-left\"  >\n\t\t\t\t<div class=\"icon-box-text last-reset\">\n\t\t\t\t\t\t\t\t\t\n<p><img loading=\"lazy\" decoding=\"async\" class=\"aligncenter wp-image-5281\" src=\"https:\/\/mind-treats.com\/wp-content\/uploads\/2023\/11\/vegan.webp\" alt=\"vegan\" width=\"72\" height=\"72\" srcset=\"https:\/\/mind-treats.com\/wp-content\/uploads\/2023\/11\/vegan.webp 195w, https:\/\/mind-treats.com\/wp-content\/uploads\/2023\/11\/vegan-100x100.webp 100w\" sizes=\"auto, (max-width: 72px) 100vw, 72px\" \/><\/p>\n<h5 class=\"uppercase\" style=\"text-align: center;\"><span data-text-color=\"secondary\">Vegan<\/span><\/h5>\n\t\t<\/div>\n\t<\/div>\n\t\n\t\n\t\t<\/div>\n\t\t\t\t\t<\/div>\n\n\t\n\n\t<div id=\"col-1797869898\" class=\"col medium-1\/4 large-3\"  >\n\t\t\t\t<div class=\"col-inner\"  >\n\t\t\t\n\t\t\t\n\n\t\t<div class=\"icon-box featured-box icon-box icon-box-top text-left\"  >\n\t\t\t\t<div class=\"icon-box-text last-reset\">\n\t\t\t\t\t\t\t\t\t\n<p><img loading=\"lazy\" decoding=\"async\" class=\"aligncenter wp-image-5266\" src=\"https:\/\/mind-treats.com\/wp-content\/uploads\/2023\/11\/free-shipping.webp\" alt=\"schneller und kostenloser Versand Mikrodosierung Erg\u00e4nzungen B\u00fcndel Set\" width=\"72\" height=\"72\" srcset=\"https:\/\/mind-treats.com\/wp-content\/uploads\/2023\/11\/free-shipping.webp 195w, https:\/\/mind-treats.com\/wp-content\/uploads\/2023\/11\/free-shipping-100x100.webp 100w\" sizes=\"auto, (max-width: 72px) 100vw, 72px\" \/><\/p>\n<h5 class=\"uppercase\" style=\"text-align: center;\"><span data-text-color=\"secondary\">Kostenloser Versand ab 55\u20ac<\/span><\/h5>\n\t\t<\/div>\n\t<\/div>\n\t\n\t\n\t\t<\/div>\n\t\t\t\t\t<\/div>\n\n\t\n<\/div>\n<p>&nbsp;<\/p>\n<h4 class=\"uppercase\"><span data-text-color=\"primary\"><strong>Mengenrabatt<\/strong><\/span><\/h4>\n<p>Du kannst <a href=\"https:\/\/mind-treats.com\/de\/produkt-kategorie\/adaptogen\/funktionelle-pilze\/\">MYCOLOGY<\/a>-Produkte kombinieren, um Mengenrabatt zu erhalten!<\/p>\n","protected":false},"featured_media":5774,"template":"","meta":[],"product_brand":[],"product_cat":[88,92,98],"product_tag":[119,120,118],"class_list":{"0":"post-2431","1":"product","2":"type-product","3":"status-publish","4":"has-post-thumbnail","6":"product_cat-adaptogen","7":"product_cat-funktionelle-pilze","8":"product_cat-vitamine-und-erganzungen","9":"product_tag-cordyceps","10":"product_tag-funktioneller-pilz","11":"product_tag-kapseln","13":"first","14":"instock","15":"taxable","16":"shipping-taxable","17":"purchasable","18":"product-type-simple"},"yoast_head":"<!-- This site is optimized with the Yoast SEO plugin v26.4 - https:\/\/yoast.com\/wordpress\/plugins\/seo\/ -->\n<title>Cordyceps ENERGIE | Mind-treats<\/title>\n<meta name=\"description\" content=\"Belebe deinen Tag mit Cordyceps ENERGIE. Steigere deine Ausdauer und Vitalit\u00e4t auf nat\u00fcrliche Weise. Raupenpilz Extrakt, perfekt f\u00fcr Fitness und Sport!\" \/>\n<meta name=\"robots\" content=\"index, follow, max-snippet:-1, max-image-preview:large, max-video-preview:-1\" \/>\n<link rel=\"canonical\" href=\"https:\/\/mind-treats.com\/de\/produkt\/cordyceps-energy\/\" \/>\n<meta property=\"og:locale\" content=\"de_DE\" \/>\n<meta property=\"og:type\" content=\"article\" \/>\n<meta property=\"og:title\" content=\"Cordyceps ENERGIE | Mind-treats\" \/>\n<meta property=\"og:description\" content=\"Belebe deinen Tag mit Cordyceps ENERGIE. Steigere deine Ausdauer und Vitalit\u00e4t auf nat\u00fcrliche Weise. Raupenpilz Extrakt, perfekt f\u00fcr Fitness und Sport!\" \/>\n<meta property=\"og:url\" content=\"https:\/\/mind-treats.com\/de\/produkt\/cordyceps-energy\/\" \/>\n<meta property=\"og:site_name\" content=\"Mind-treats\" \/>\n<meta property=\"article:publisher\" content=\"https:\/\/www.facebook.com\/mind.treats.microdosing\" \/>\n<meta property=\"article:modified_time\" content=\"2026-02-06T16:45:45+00:00\" \/>\n<meta property=\"og:image\" content=\"https:\/\/mind-treats.com\/wp-content\/uploads\/2024\/01\/C60_capsule_box_GER.webp\" \/>\n\t<meta property=\"og:image:width\" content=\"1000\" \/>\n\t<meta property=\"og:image:height\" content=\"1000\" \/>\n\t<meta property=\"og:image:type\" content=\"image\/webp\" \/>\n<meta name=\"twitter:card\" content=\"summary_large_image\" \/>\n<meta name=\"twitter:label1\" content=\"Gesch\u00e4tzte Lesezeit\" \/>\n\t<meta name=\"twitter:data1\" content=\"3\u00a0Minuten\" \/>\n<script type=\"application\/ld+json\" class=\"yoast-schema-graph\">{\"@context\":\"https:\/\/schema.org\",\"@graph\":[{\"@type\":[\"WebPage\",\"ItemPage\"],\"@id\":\"https:\/\/mind-treats.com\/de\/produkt\/cordyceps-energy\/\",\"url\":\"https:\/\/mind-treats.com\/de\/produkt\/cordyceps-energy\/\",\"name\":\"Cordyceps ENERGIE | Mind-treats\",\"isPartOf\":{\"@id\":\"https:\/\/mind-treats.com\/de\/#website\"},\"primaryImageOfPage\":{\"@id\":\"https:\/\/mind-treats.com\/de\/produkt\/cordyceps-energy\/#primaryimage\"},\"image\":{\"@id\":\"https:\/\/mind-treats.com\/de\/produkt\/cordyceps-energy\/#primaryimage\"},\"thumbnailUrl\":\"https:\/\/mind-treats.com\/wp-content\/uploads\/2024\/01\/C60_capsule_box_GER.webp\",\"datePublished\":\"2023-05-03T09:07:35+00:00\",\"dateModified\":\"2026-02-06T16:45:45+00:00\",\"description\":\"Belebe deinen Tag mit Cordyceps ENERGIE. Steigere deine Ausdauer und Vitalit\u00e4t auf nat\u00fcrliche Weise. Raupenpilz Extrakt, perfekt f\u00fcr Fitness und Sport!\",\"breadcrumb\":{\"@id\":\"https:\/\/mind-treats.com\/de\/produkt\/cordyceps-energy\/#breadcrumb\"},\"inLanguage\":\"de\",\"potentialAction\":[{\"@type\":\"ReadAction\",\"target\":[\"https:\/\/mind-treats.com\/de\/produkt\/cordyceps-energy\/\"]}]},{\"@type\":\"ImageObject\",\"inLanguage\":\"de\",\"@id\":\"https:\/\/mind-treats.com\/de\/produkt\/cordyceps-energy\/#primaryimage\",\"url\":\"https:\/\/mind-treats.com\/wp-content\/uploads\/2024\/01\/C60_capsule_box_GER.webp\",\"contentUrl\":\"https:\/\/mind-treats.com\/wp-content\/uploads\/2024\/01\/C60_capsule_box_GER.webp\",\"width\":1000,\"height\":1000,\"caption\":\"Cordyceps sinensis energy fitness 30% Polysccharide Box kompostierbare vegane Kapseln\"},{\"@type\":\"BreadcrumbList\",\"@id\":\"https:\/\/mind-treats.com\/de\/produkt\/cordyceps-energy\/#breadcrumb\",\"itemListElement\":[{\"@type\":\"ListItem\",\"position\":1,\"name\":\"Startseite\",\"item\":\"https:\/\/mind-treats.com\/de\/\"},{\"@type\":\"ListItem\",\"position\":2,\"name\":\"Online Shop\",\"item\":\"https:\/\/mind-treats.com\/de\/shop\/\"},{\"@type\":\"ListItem\",\"position\":3,\"name\":\"Adaptogene\",\"item\":\"https:\/\/mind-treats.com\/de\/produkt-kategorie\/adaptogen\/\"},{\"@type\":\"ListItem\",\"position\":4,\"name\":\"Mycology\",\"item\":\"https:\/\/mind-treats.com\/de\/produkt-kategorie\/adaptogen\/funktionelle-pilze\/\"},{\"@type\":\"ListItem\",\"position\":5,\"name\":\"Cordyceps | ENERGY\"}]},{\"@type\":\"WebSite\",\"@id\":\"https:\/\/mind-treats.com\/de\/#website\",\"url\":\"https:\/\/mind-treats.com\/de\/\",\"name\":\"Mind-treats\",\"description\":\"Treat yourself smart!\",\"publisher\":{\"@id\":\"https:\/\/mind-treats.com\/de\/#organization\"},\"alternateName\":\"Mind treats\",\"potentialAction\":[{\"@type\":\"SearchAction\",\"target\":{\"@type\":\"EntryPoint\",\"urlTemplate\":\"https:\/\/mind-treats.com\/de\/?s={search_term_string}\"},\"query-input\":{\"@type\":\"PropertyValueSpecification\",\"valueRequired\":true,\"valueName\":\"search_term_string\"}}],\"inLanguage\":\"de\"},{\"@type\":\"Organization\",\"@id\":\"https:\/\/mind-treats.com\/de\/#organization\",\"name\":\"Mind treats Microdosing\",\"alternateName\":\"Mind treats\",\"url\":\"https:\/\/mind-treats.com\/de\/\",\"logo\":{\"@type\":\"ImageObject\",\"inLanguage\":\"de\",\"@id\":\"https:\/\/mind-treats.com\/de\/#\/schema\/logo\/image\/\",\"url\":\"https:\/\/mind-treats.com\/wp-content\/uploads\/2023\/08\/mind-treats-logo_round.png\",\"contentUrl\":\"https:\/\/mind-treats.com\/wp-content\/uploads\/2023\/08\/mind-treats-logo_round.png\",\"width\":494,\"height\":494,\"caption\":\"Mind treats Microdosing\"},\"image\":{\"@id\":\"https:\/\/mind-treats.com\/de\/#\/schema\/logo\/image\/\"},\"sameAs\":[\"https:\/\/www.facebook.com\/mind.treats.microdosing\",\"https:\/\/www.instagram.com\/mind.treats\/\"]}]}<\/script>\n<!-- \/ Yoast SEO plugin. -->","yoast_head_json":{"title":"Cordyceps ENERGIE | Mind-treats","description":"Belebe deinen Tag mit Cordyceps ENERGIE. Steigere deine Ausdauer und Vitalit\u00e4t auf nat\u00fcrliche Weise. Raupenpilz Extrakt, perfekt f\u00fcr Fitness und Sport!","robots":{"index":"index","follow":"follow","max-snippet":"max-snippet:-1","max-image-preview":"max-image-preview:large","max-video-preview":"max-video-preview:-1"},"canonical":"https:\/\/mind-treats.com\/de\/produkt\/cordyceps-energy\/","og_locale":"de_DE","og_type":"article","og_title":"Cordyceps ENERGIE | Mind-treats","og_description":"Belebe deinen Tag mit Cordyceps ENERGIE. Steigere deine Ausdauer und Vitalit\u00e4t auf nat\u00fcrliche Weise. Raupenpilz Extrakt, perfekt f\u00fcr Fitness und Sport!","og_url":"https:\/\/mind-treats.com\/de\/produkt\/cordyceps-energy\/","og_site_name":"Mind-treats","article_publisher":"https:\/\/www.facebook.com\/mind.treats.microdosing","article_modified_time":"2026-02-06T16:45:45+00:00","og_image":[{"width":1000,"height":1000,"url":"https:\/\/mind-treats.com\/wp-content\/uploads\/2024\/01\/C60_capsule_box_GER.webp","type":"image\/webp"}],"twitter_card":"summary_large_image","twitter_misc":{"Gesch\u00e4tzte Lesezeit":"3\u00a0Minuten"},"schema":{"@context":"https:\/\/schema.org","@graph":[{"@type":["WebPage","ItemPage"],"@id":"https:\/\/mind-treats.com\/de\/produkt\/cordyceps-energy\/","url":"https:\/\/mind-treats.com\/de\/produkt\/cordyceps-energy\/","name":"Cordyceps ENERGIE | Mind-treats","isPartOf":{"@id":"https:\/\/mind-treats.com\/de\/#website"},"primaryImageOfPage":{"@id":"https:\/\/mind-treats.com\/de\/produkt\/cordyceps-energy\/#primaryimage"},"image":{"@id":"https:\/\/mind-treats.com\/de\/produkt\/cordyceps-energy\/#primaryimage"},"thumbnailUrl":"https:\/\/mind-treats.com\/wp-content\/uploads\/2024\/01\/C60_capsule_box_GER.webp","datePublished":"2023-05-03T09:07:35+00:00","dateModified":"2026-02-06T16:45:45+00:00","description":"Belebe deinen Tag mit Cordyceps ENERGIE. Steigere deine Ausdauer und Vitalit\u00e4t auf nat\u00fcrliche Weise. Raupenpilz Extrakt, perfekt f\u00fcr Fitness und Sport!","breadcrumb":{"@id":"https:\/\/mind-treats.com\/de\/produkt\/cordyceps-energy\/#breadcrumb"},"inLanguage":"de","potentialAction":[{"@type":"ReadAction","target":["https:\/\/mind-treats.com\/de\/produkt\/cordyceps-energy\/"]}]},{"@type":"ImageObject","inLanguage":"de","@id":"https:\/\/mind-treats.com\/de\/produkt\/cordyceps-energy\/#primaryimage","url":"https:\/\/mind-treats.com\/wp-content\/uploads\/2024\/01\/C60_capsule_box_GER.webp","contentUrl":"https:\/\/mind-treats.com\/wp-content\/uploads\/2024\/01\/C60_capsule_box_GER.webp","width":1000,"height":1000,"caption":"Cordyceps sinensis energy fitness 30% Polysccharide Box kompostierbare vegane Kapseln"},{"@type":"BreadcrumbList","@id":"https:\/\/mind-treats.com\/de\/produkt\/cordyceps-energy\/#breadcrumb","itemListElement":[{"@type":"ListItem","position":1,"name":"Startseite","item":"https:\/\/mind-treats.com\/de\/"},{"@type":"ListItem","position":2,"name":"Online Shop","item":"https:\/\/mind-treats.com\/de\/shop\/"},{"@type":"ListItem","position":3,"name":"Adaptogene","item":"https:\/\/mind-treats.com\/de\/produkt-kategorie\/adaptogen\/"},{"@type":"ListItem","position":4,"name":"Mycology","item":"https:\/\/mind-treats.com\/de\/produkt-kategorie\/adaptogen\/funktionelle-pilze\/"},{"@type":"ListItem","position":5,"name":"Cordyceps | ENERGY"}]},{"@type":"WebSite","@id":"https:\/\/mind-treats.com\/de\/#website","url":"https:\/\/mind-treats.com\/de\/","name":"Mind-treats","description":"Treat yourself smart!","publisher":{"@id":"https:\/\/mind-treats.com\/de\/#organization"},"alternateName":"Mind treats","potentialAction":[{"@type":"SearchAction","target":{"@type":"EntryPoint","urlTemplate":"https:\/\/mind-treats.com\/de\/?s={search_term_string}"},"query-input":{"@type":"PropertyValueSpecification","valueRequired":true,"valueName":"search_term_string"}}],"inLanguage":"de"},{"@type":"Organization","@id":"https:\/\/mind-treats.com\/de\/#organization","name":"Mind treats Microdosing","alternateName":"Mind treats","url":"https:\/\/mind-treats.com\/de\/","logo":{"@type":"ImageObject","inLanguage":"de","@id":"https:\/\/mind-treats.com\/de\/#\/schema\/logo\/image\/","url":"https:\/\/mind-treats.com\/wp-content\/uploads\/2023\/08\/mind-treats-logo_round.png","contentUrl":"https:\/\/mind-treats.com\/wp-content\/uploads\/2023\/08\/mind-treats-logo_round.png","width":494,"height":494,"caption":"Mind treats Microdosing"},"image":{"@id":"https:\/\/mind-treats.com\/de\/#\/schema\/logo\/image\/"},"sameAs":["https:\/\/www.facebook.com\/mind.treats.microdosing","https:\/\/www.instagram.com\/mind.treats\/"]}]}},"_links":{"self":[{"href":"https:\/\/mind-treats.com\/de\/wp-json\/wp\/v2\/product\/2431","targetHints":{"allow":["GET"]}}],"collection":[{"href":"https:\/\/mind-treats.com\/de\/wp-json\/wp\/v2\/product"}],"about":[{"href":"https:\/\/mind-treats.com\/de\/wp-json\/wp\/v2\/types\/product"}],"wp:featuredmedia":[{"embeddable":true,"href":"https:\/\/mind-treats.com\/de\/wp-json\/wp\/v2\/media\/5774"}],"wp:attachment":[{"href":"https:\/\/mind-treats.com\/de\/wp-json\/wp\/v2\/media?parent=2431"}],"wp:term":[{"taxonomy":"product_brand","embeddable":true,"href":"https:\/\/mind-treats.com\/de\/wp-json\/wp\/v2\/product_brand?post=2431"},{"taxonomy":"product_cat","embeddable":true,"href":"https:\/\/mind-treats.com\/de\/wp-json\/wp\/v2\/product_cat?post=2431"},{"taxonomy":"product_tag","embeddable":true,"href":"https:\/\/mind-treats.com\/de\/wp-json\/wp\/v2\/product_tag?post=2431"}],"curies":[{"name":"wp","href":"https:\/\/api.w.org\/{rel}","templated":true}]}}