{"id":2378,"date":"2023-05-03T11:22:31","date_gmt":"2023-05-03T09:22:31","guid":{"rendered":"https:\/\/mind-treats.com\/product\/vitamin-b-komplex-synergy\/"},"modified":"2026-02-06T17:45:34","modified_gmt":"2026-02-06T16:45:34","slug":"vitamin-b-complex-synergy","status":"publish","type":"product","link":"https:\/\/mind-treats.com\/de\/produkt\/vitamin-b-complex-synergy\/","title":{"rendered":"Vitamin B-Komplex | SYNERGY"},"content":{"rendered":"<h2><span data-text-color=\"primary\">Vorstellung von Vitamin B-Komplex | SYNERGY<\/span><\/h2>\n<h3 class=\"uppercase\">Erschlie\u00dfe dein Gesundheitspotenzial!<\/h3>\n<p>Unterst\u00fctze deine Gesundheit mit Vitamin B Complex | SYNERGY, einem hochwertigen Nahrungserg\u00e4nzungsmittel, das dir das komplette Spektrum der B-Vitamine in einer einzigen, leicht einzunehmenden Kapsel bietet. Jede Flasche enth\u00e4lt 60 Kapseln, die sorgf\u00e4ltig aus HPMC (Hydroxypropylmethylcellulose) hergestellt wurden und somit f\u00fcr verschiedene Ern\u00e4hrungsvorlieben geeignet sind. Setze die synergistische Kraft aller acht essentiellen B-Vitamine frei, die sorgf\u00e4ltig in jede Kapsel gepackt sind. Mit Vitamin B12 in Form von Methylcobalamin, der am besten bioverf\u00fcgbaren Form, kannst du auf eine optimale Aufnahme und Verwertung vertrauen. Dar\u00fcber hinaus steigert es deine Energie und die kognitive Funktion.<\/p>\n<p>B-Vitamine spielen eine entscheidende Rolle bei der Erhaltung von Gesundheit und Vitalit\u00e4t, und die Vorteile sind tiefgreifend.<\/p>\n<ol>\n<li><strong>Verbesserte Energieproduktion<\/strong>: Sage Lebewohl zu &#8222;Mittagstiefs&#8220; und Ersch\u00f6pfung. Vitamin B Komplex | SYNERGY f\u00f6rdert die Energieproduktion deines K\u00f6rpers, indem es bei der Aufspaltung von Kohlenhydraten, Fetten und Proteinen hilft. F\u00fchle dich revitalisiert und bereit, deinen Tag mit anhaltender Energie zu meistern.<\/li>\n<li><strong>Gesundes Nervensystem<\/strong>: Versorge dein Nervensystem mit B-Vitaminen, die zur Gesundheit von Nervenzellen beitragen und die Produktion von Neurotransmittern unterst\u00fctzen. Erlebe ein erneuertes Gef\u00fchl der Ruhe und geistigen Klarheit, wenn dein Nervensystem optimal funktioniert.<\/li>\n<li><strong>Unterst\u00fctzung des Stoffwechsels und des Gewichtsmanagements<\/strong>: B-Vitamine sind wesentliche Cofaktoren in Stoffwechselprozessen, die deinem K\u00f6rper helfen, Nahrung in Energie umzuwandeln. Durch die F\u00f6rderung eines effizienten Stoffwechsels kann Vitamin B Komplex | SYNERGY zu einem gesunden Gewichtsmanagement und allgemeiner Vitalit\u00e4t beitragen.<\/li>\n<\/ol>\n<p>Im Einklang mit unserem Engagement f\u00fcr Gesundheit und Umwelt wird Vitamin B-Komplex | SYNERGY in einer Produktverpackung aus Graskarton angeboten, um unsere Bem\u00fchungen um Nachhaltigkeit zu verdeutlichen. Die Etiketten sind ebenfalls kompostierbar und minimieren unseren \u00f6kologischen Fu\u00dfabdruck.<\/p>\n<h4 class=\"uppercase\">DIE All-in-One-L\u00f6sung<\/h4>\n<p class=\"whitespace-pre-wrap\"><a href=\"https:\/\/mind-treats.com\/de\/produkt\/vitamin-b-complex-synergy\/\">Vitamin B Komplex<\/a> ist ein Nahrungserg\u00e4nzungsmittel, das aus <a href=\"https:\/\/mind-treats.com\/de\/ernahrungsstudien\/#vitamin-b\">acht essenziellen B-Vitaminen<\/a> besteht: Thiamin (B1), <a href=\"https:\/\/mind-treats.com\/de\/ernahrungsstudien\/#vitamin-b2\">Riboflavin (B2)<\/a>, <a href=\"https:\/\/mind-treats.com\/de\/ernahrungsstudien\/#vitamin-b3\">Niacin (B3)<\/a>, Pantothens\u00e4ure (B5), <a href=\"https:\/\/mind-treats.com\/de\/ernahrungsstudien\/#vitamin-b6\">Pyridoxin (B6)<\/a>, Biotin (B7), <a href=\"https:\/\/mind-treats.com\/de\/ernahrungsstudien\/#vitamin-b9\">Fols\u00e4ure (B9)<\/a> und <a href=\"https:\/\/mind-treats.com\/de\/ernahrungsstudien\/#vitamin-b12\">Methylcobalamin (B12)<\/a>. Diese Vitamine spielen eine entscheidende Rolle bei der Aufrechterhaltung der Gesundheit des gesamten K\u00f6rpers, indem sie bei verschiedenen Funktionen wie Energieproduktion, Zellwachstum und der Aufrechterhaltung des Nervensystems helfen.<\/p>\n<p class=\"whitespace-pre-wrap\">Bei regelm\u00e4\u00dfiger Anwendung kann Vitamin B Komplex deine allgemeine Gesundheit und dein Wohlbefinden unterst\u00fctzen, die kognitive Funktion verbessern, die Energie steigern und gesunde Haut, Haare und N\u00e4gel f\u00f6rdern. Dieses Nahrungserg\u00e4nzungsmittels in deine t\u00e4gliche Routine zu integrieren kann dir dabei helfen, deine allgemeine Gesundheit und Vitalit\u00e4t zu erhalten. Dies erm\u00f6glicht dir ein gl\u00fccklicheres und aktiveres Leben.<\/p>\n<p>Bei Mind-treats stellen wir jedes Produkt sorgf\u00e4ltig her und verpacken es mit umweltfreundlichen Materialien. Wir k\u00fcmmern uns um Menschen und die Natur.<\/p>\n<p>Verpackungsdetails:<\/p>\n<p><img loading=\"lazy\" decoding=\"async\" class=\"alignnone wp-image-5336\" src=\"https:\/\/mind-treats.com\/wp-content\/uploads\/2023\/05\/EN13432-250x250.webp\" alt=\"compostable\" width=\"60\" height=\"60\" srcset=\"https:\/\/mind-treats.com\/wp-content\/uploads\/2023\/05\/EN13432-250x250.webp 250w, https:\/\/mind-treats.com\/wp-content\/uploads\/2023\/05\/EN13432-300x300.webp 300w, https:\/\/mind-treats.com\/wp-content\/uploads\/2023\/05\/EN13432-100x100.webp 100w, https:\/\/mind-treats.com\/wp-content\/uploads\/2023\/05\/EN13432.webp 331w\" sizes=\"auto, (max-width: 60px) 100vw, 60px\" \/> <img loading=\"lazy\" decoding=\"async\" class=\"alignnone wp-image-5333\" src=\"https:\/\/mind-treats.com\/wp-content\/uploads\/2023\/05\/bHDPE-250x250.webp\" alt=\"\" width=\"60\" height=\"60\" srcset=\"https:\/\/mind-treats.com\/wp-content\/uploads\/2023\/05\/bHDPE-250x250.webp 250w, https:\/\/mind-treats.com\/wp-content\/uploads\/2023\/05\/bHDPE-300x300.webp 300w, https:\/\/mind-treats.com\/wp-content\/uploads\/2023\/05\/bHDPE-100x100.webp 100w, https:\/\/mind-treats.com\/wp-content\/uploads\/2023\/05\/bHDPE.webp 330w\" sizes=\"auto, (max-width: 60px) 100vw, 60px\" \/><img loading=\"lazy\" decoding=\"async\" class=\"alignnone wp-image-5330\" style=\"font-size: 14.4px;\" src=\"https:\/\/mind-treats.com\/wp-content\/uploads\/2023\/05\/ALU-250x250.webp\" alt=\"\" width=\"60\" height=\"60\" srcset=\"https:\/\/mind-treats.com\/wp-content\/uploads\/2023\/05\/ALU-250x250.webp 250w, https:\/\/mind-treats.com\/wp-content\/uploads\/2023\/05\/ALU-300x300.webp 300w, https:\/\/mind-treats.com\/wp-content\/uploads\/2023\/05\/ALU-100x100.webp 100w, https:\/\/mind-treats.com\/wp-content\/uploads\/2023\/05\/ALU.webp 331w\" sizes=\"auto, (max-width: 60px) 100vw, 60px\" \/><\/p>\n","protected":false},"excerpt":{"rendered":"<p><span style=\"font-weight: 400;\">Diese Kapseln sind ein Premium-Vitamin-B-Komplex. B-Vitamine bilden die Grundlage f\u00fcr die wichtigsten Stoffwechselreaktionen und sind auch f\u00fcr Blutzellen, Hormone, die Stimmung sowie die Funktionen des Nervensystems unerl\u00e4sslich. Dar\u00fcber hinaus unterst\u00fctzen B-Vitamine den Energiestoffwechsel und reduzieren die M\u00fcdigkeit. <\/span><\/p>\n<div class=\"row icon-row\"  id=\"row-1115501908\">\n\n\t<div id=\"col-1728113788\" class=\"col medium-1\/4 large-3\"  >\n\t\t\t\t<div class=\"col-inner\"  >\n\t\t\t\n\t\t\t\n\n\t\t<div class=\"icon-box featured-box icon-box icon-box-top text-left\"  >\n\t\t\t\t<div class=\"icon-box-text last-reset\">\n\t\t\t\t\t\t\t\t\t\n<p><img loading=\"lazy\" decoding=\"async\" class=\"wp-image-5280 aligncenter\" src=\"https:\/\/mind-treats.com\/wp-content\/uploads\/2023\/11\/science.webp\" alt=\"based on science\" width=\"72\" height=\"72\" srcset=\"https:\/\/mind-treats.com\/wp-content\/uploads\/2023\/11\/science.webp 195w, https:\/\/mind-treats.com\/wp-content\/uploads\/2023\/11\/science-100x100.webp 100w\" sizes=\"auto, (max-width: 72px) 100vw, 72px\" \/><\/p>\n<h5 class=\"uppercase\" style=\"text-align: center;\"><span data-text-color=\"secondary\">Hochwertige Inhaltsstoffe<\/span><\/h5>\n\t\t<\/div>\n\t<\/div>\n\t\n\t\n<p style=\"text-align: left;\">\t\t<\/div>\n\t\t\t\t\t<\/div>\n\n\t\n\n\t<div id=\"col-327492164\" class=\"col medium-1\/4 large-3\"  >\n\t\t\t\t<div class=\"col-inner\"  >\n\t\t\t\n\t\t\t\n\n\t\t<div class=\"icon-box featured-box icon-box icon-box-top text-left\"  >\n\t\t\t\t<div class=\"icon-box-text last-reset\">\n\t\t\t\t\t\t\t\t\t\n<p><img loading=\"lazy\" decoding=\"async\" class=\"aligncenter wp-image-5265\" src=\"https:\/\/mind-treats.com\/wp-content\/uploads\/2023\/11\/ecofriendly-packaging.webp\" alt=\"eco friendly packaging\" width=\"72\" height=\"72\" srcset=\"https:\/\/mind-treats.com\/wp-content\/uploads\/2023\/11\/ecofriendly-packaging.webp 195w, https:\/\/mind-treats.com\/wp-content\/uploads\/2023\/11\/ecofriendly-packaging-100x100.webp 100w\" sizes=\"auto, (max-width: 72px) 100vw, 72px\" \/><\/p>\n<h5 class=\"uppercase\" style=\"text-align: center;\"><span data-text-color=\"secondary\">Nachhaltige Verpackung<\/span><\/h5>\n\t\t<\/div>\n\t<\/div>\n\t\n\t\n\t\t<\/div>\n\t\t\t\t\t<\/div>\n\n\t\n\n\t<div id=\"col-1477528989\" class=\"col medium-1\/4 large-3\"  >\n\t\t\t\t<div class=\"col-inner\"  >\n\t\t\t\n\t\t\t\n\n\t\t<div class=\"icon-box featured-box icon-box icon-box-top text-left\"  >\n\t\t\t\t<div class=\"icon-box-text last-reset\">\n\t\t\t\t\t\t\t\t\t\n<p><img loading=\"lazy\" decoding=\"async\" class=\"aligncenter wp-image-5283\" src=\"https:\/\/mind-treats.com\/wp-content\/uploads\/2023\/11\/vegan.webp\" alt=\"vegan friendly\" width=\"72\" height=\"72\" srcset=\"https:\/\/mind-treats.com\/wp-content\/uploads\/2023\/11\/vegan.webp 195w, https:\/\/mind-treats.com\/wp-content\/uploads\/2023\/11\/vegan-100x100.webp 100w\" sizes=\"auto, (max-width: 72px) 100vw, 72px\" \/><\/p>\n<h5 class=\"uppercase\" style=\"text-align: center;\"><span data-text-color=\"secondary\">Vegan<\/span><\/h5>\n\t\t<\/div>\n\t<\/div>\n\t\n\t\n\t\t<\/div>\n\t\t\t\t\t<\/div>\n\n\t\n\n\t<div id=\"col-845934986\" class=\"col medium-1\/4 large-3\"  >\n\t\t\t\t<div class=\"col-inner\"  >\n\t\t\t\n\t\t\t\n\n\t\t<div class=\"icon-box featured-box icon-box icon-box-top text-left\"  >\n\t\t\t\t<div class=\"icon-box-text last-reset\">\n\t\t\t\t\t\t\t\t\t\n<p><img loading=\"lazy\" decoding=\"async\" class=\"aligncenter wp-image-5268\" src=\"https:\/\/mind-treats.com\/wp-content\/uploads\/2023\/11\/free-shipping.webp\" alt=\"free shipping\" width=\"72\" height=\"72\" srcset=\"https:\/\/mind-treats.com\/wp-content\/uploads\/2023\/11\/free-shipping.webp 195w, https:\/\/mind-treats.com\/wp-content\/uploads\/2023\/11\/free-shipping-100x100.webp 100w\" sizes=\"auto, (max-width: 72px) 100vw, 72px\" \/><\/p>\n<h5 class=\"uppercase\" style=\"text-align: center;\"><span data-text-color=\"secondary\">Kostenloser Versand ab 55\u20ac<\/span><\/h5>\n\t\t<\/div>\n\t<\/div>\n\t\n\t\n\t\t<\/div>\n\t\t\t\t\t<\/div>\n\n\t\n<\/div>\n<p>&nbsp;<\/p>\n<h4 class=\"uppercase\"><span data-text-color=\"primary\"><strong>Mengenrabatt<\/strong><\/span><\/h4>\n<p>Du kannst <a href=\"https:\/\/mind-treats.com\/de\/produkt-kategorie\/vitamine-und-erganzungen\/synergie\/\">SYNERGIE<\/a> Produkte kombinieren, um Mengenrabatt zu erhalten!<\/p>\n","protected":false},"featured_media":5771,"template":"","meta":[],"product_brand":[],"product_cat":[100,98],"product_tag":[118,129],"class_list":{"0":"post-2378","1":"product","2":"type-product","3":"status-publish","4":"has-post-thumbnail","6":"product_cat-synergie","7":"product_cat-vitamine-und-erganzungen","8":"product_tag-kapseln","9":"product_tag-vitamine","11":"first","12":"instock","13":"taxable","14":"shipping-taxable","15":"purchasable","16":"product-type-simple"},"yoast_head":"<!-- This site is optimized with the Yoast SEO plugin v26.4 - https:\/\/yoast.com\/wordpress\/plugins\/seo\/ -->\n<title>Vitamin B Komplex - SYNERGY | Mind-treats<\/title>\n<meta name=\"description\" content=\"Jede Kapsel des Vitamin-B-Komplex-Erg\u00e4nzungsmittels enth\u00e4lt eine umfassende Mischung aller acht essentiellen B-Vitamine, zusammengestellt, um ein optimales Gleichgewicht zu bieten.\" \/>\n<meta name=\"robots\" content=\"index, follow, max-snippet:-1, max-image-preview:large, max-video-preview:-1\" \/>\n<link rel=\"canonical\" href=\"https:\/\/mind-treats.com\/de\/produkt\/vitamin-b-complex-synergy\/\" \/>\n<meta property=\"og:locale\" content=\"de_DE\" \/>\n<meta property=\"og:type\" content=\"article\" \/>\n<meta property=\"og:title\" content=\"Vitamin B Komplex - SYNERGY | Mind-treats\" \/>\n<meta property=\"og:description\" content=\"Jede Kapsel des Vitamin-B-Komplex-Erg\u00e4nzungsmittels enth\u00e4lt eine umfassende Mischung aller acht essentiellen B-Vitamine, zusammengestellt, um ein optimales Gleichgewicht zu bieten.\" \/>\n<meta property=\"og:url\" content=\"https:\/\/mind-treats.com\/de\/produkt\/vitamin-b-complex-synergy\/\" \/>\n<meta property=\"og:site_name\" content=\"Mind-treats\" \/>\n<meta property=\"article:publisher\" content=\"https:\/\/www.facebook.com\/mind.treats.microdosing\" \/>\n<meta property=\"article:modified_time\" content=\"2026-02-06T16:45:34+00:00\" \/>\n<meta property=\"og:image\" content=\"https:\/\/mind-treats.com\/wp-content\/uploads\/2024\/01\/VBC60_capsule_box_GER.webp\" \/>\n\t<meta property=\"og:image:width\" content=\"1000\" \/>\n\t<meta property=\"og:image:height\" content=\"1000\" \/>\n\t<meta property=\"og:image:type\" content=\"image\/webp\" \/>\n<meta name=\"twitter:card\" content=\"summary_large_image\" \/>\n<meta name=\"twitter:label1\" content=\"Gesch\u00e4tzte Lesezeit\" \/>\n\t<meta name=\"twitter:data1\" content=\"3\u00a0Minuten\" \/>\n<script type=\"application\/ld+json\" class=\"yoast-schema-graph\">{\"@context\":\"https:\/\/schema.org\",\"@graph\":[{\"@type\":[\"WebPage\",\"ItemPage\"],\"@id\":\"https:\/\/mind-treats.com\/de\/produkt\/vitamin-b-complex-synergy\/\",\"url\":\"https:\/\/mind-treats.com\/de\/produkt\/vitamin-b-complex-synergy\/\",\"name\":\"Vitamin B Komplex - SYNERGY | Mind-treats\",\"isPartOf\":{\"@id\":\"https:\/\/mind-treats.com\/de\/#website\"},\"primaryImageOfPage\":{\"@id\":\"https:\/\/mind-treats.com\/de\/produkt\/vitamin-b-complex-synergy\/#primaryimage\"},\"image\":{\"@id\":\"https:\/\/mind-treats.com\/de\/produkt\/vitamin-b-complex-synergy\/#primaryimage\"},\"thumbnailUrl\":\"https:\/\/mind-treats.com\/wp-content\/uploads\/2024\/01\/VBC60_capsule_box_GER.webp\",\"datePublished\":\"2023-05-03T09:22:31+00:00\",\"dateModified\":\"2026-02-06T16:45:34+00:00\",\"description\":\"Jede Kapsel des Vitamin-B-Komplex-Erg\u00e4nzungsmittels enth\u00e4lt eine umfassende Mischung aller acht essentiellen B-Vitamine, zusammengestellt, um ein optimales Gleichgewicht zu bieten.\",\"breadcrumb\":{\"@id\":\"https:\/\/mind-treats.com\/de\/produkt\/vitamin-b-complex-synergy\/#breadcrumb\"},\"inLanguage\":\"de\",\"potentialAction\":[{\"@type\":\"ReadAction\",\"target\":[\"https:\/\/mind-treats.com\/de\/produkt\/vitamin-b-complex-synergy\/\"]}]},{\"@type\":\"ImageObject\",\"inLanguage\":\"de\",\"@id\":\"https:\/\/mind-treats.com\/de\/produkt\/vitamin-b-complex-synergy\/#primaryimage\",\"url\":\"https:\/\/mind-treats.com\/wp-content\/uploads\/2024\/01\/VBC60_capsule_box_GER.webp\",\"contentUrl\":\"https:\/\/mind-treats.com\/wp-content\/uploads\/2024\/01\/VBC60_capsule_box_GER.webp\",\"width\":1000,\"height\":1000,\"caption\":\"Vitamin-B-Komplex-Kapseln, Thiamin B1, Riboflavin B2, Niacin B3, Pantothens\u00e4ure B5, Pyridoxin B6, Biotin B7, Fols\u00e4ure B9, Methylcobalamin B12, Verpackungsbox kompostierbar\"},{\"@type\":\"BreadcrumbList\",\"@id\":\"https:\/\/mind-treats.com\/de\/produkt\/vitamin-b-complex-synergy\/#breadcrumb\",\"itemListElement\":[{\"@type\":\"ListItem\",\"position\":1,\"name\":\"Startseite\",\"item\":\"https:\/\/mind-treats.com\/de\/\"},{\"@type\":\"ListItem\",\"position\":2,\"name\":\"Online Shop\",\"item\":\"https:\/\/mind-treats.com\/de\/shop\/\"},{\"@type\":\"ListItem\",\"position\":3,\"name\":\"Vitamine und Erg\u00e4nzungen\",\"item\":\"https:\/\/mind-treats.com\/de\/produkt-kategorie\/vitamine-und-erganzungen\/\"},{\"@type\":\"ListItem\",\"position\":4,\"name\":\"Synergie\",\"item\":\"https:\/\/mind-treats.com\/de\/produkt-kategorie\/vitamine-und-erganzungen\/synergie\/\"},{\"@type\":\"ListItem\",\"position\":5,\"name\":\"Vitamin B-Komplex | SYNERGY\"}]},{\"@type\":\"WebSite\",\"@id\":\"https:\/\/mind-treats.com\/de\/#website\",\"url\":\"https:\/\/mind-treats.com\/de\/\",\"name\":\"Mind-treats\",\"description\":\"Treat yourself smart!\",\"publisher\":{\"@id\":\"https:\/\/mind-treats.com\/de\/#organization\"},\"alternateName\":\"Mind treats\",\"potentialAction\":[{\"@type\":\"SearchAction\",\"target\":{\"@type\":\"EntryPoint\",\"urlTemplate\":\"https:\/\/mind-treats.com\/de\/?s={search_term_string}\"},\"query-input\":{\"@type\":\"PropertyValueSpecification\",\"valueRequired\":true,\"valueName\":\"search_term_string\"}}],\"inLanguage\":\"de\"},{\"@type\":\"Organization\",\"@id\":\"https:\/\/mind-treats.com\/de\/#organization\",\"name\":\"Mind treats Microdosing\",\"alternateName\":\"Mind treats\",\"url\":\"https:\/\/mind-treats.com\/de\/\",\"logo\":{\"@type\":\"ImageObject\",\"inLanguage\":\"de\",\"@id\":\"https:\/\/mind-treats.com\/de\/#\/schema\/logo\/image\/\",\"url\":\"https:\/\/mind-treats.com\/wp-content\/uploads\/2023\/08\/mind-treats-logo_round.png\",\"contentUrl\":\"https:\/\/mind-treats.com\/wp-content\/uploads\/2023\/08\/mind-treats-logo_round.png\",\"width\":494,\"height\":494,\"caption\":\"Mind treats Microdosing\"},\"image\":{\"@id\":\"https:\/\/mind-treats.com\/de\/#\/schema\/logo\/image\/\"},\"sameAs\":[\"https:\/\/www.facebook.com\/mind.treats.microdosing\",\"https:\/\/www.instagram.com\/mind.treats\/\"]}]}<\/script>\n<!-- \/ Yoast SEO plugin. -->","yoast_head_json":{"title":"Vitamin B Komplex - SYNERGY | Mind-treats","description":"Jede Kapsel des Vitamin-B-Komplex-Erg\u00e4nzungsmittels enth\u00e4lt eine umfassende Mischung aller acht essentiellen B-Vitamine, zusammengestellt, um ein optimales Gleichgewicht zu bieten.","robots":{"index":"index","follow":"follow","max-snippet":"max-snippet:-1","max-image-preview":"max-image-preview:large","max-video-preview":"max-video-preview:-1"},"canonical":"https:\/\/mind-treats.com\/de\/produkt\/vitamin-b-complex-synergy\/","og_locale":"de_DE","og_type":"article","og_title":"Vitamin B Komplex - SYNERGY | Mind-treats","og_description":"Jede Kapsel des Vitamin-B-Komplex-Erg\u00e4nzungsmittels enth\u00e4lt eine umfassende Mischung aller acht essentiellen B-Vitamine, zusammengestellt, um ein optimales Gleichgewicht zu bieten.","og_url":"https:\/\/mind-treats.com\/de\/produkt\/vitamin-b-complex-synergy\/","og_site_name":"Mind-treats","article_publisher":"https:\/\/www.facebook.com\/mind.treats.microdosing","article_modified_time":"2026-02-06T16:45:34+00:00","og_image":[{"width":1000,"height":1000,"url":"https:\/\/mind-treats.com\/wp-content\/uploads\/2024\/01\/VBC60_capsule_box_GER.webp","type":"image\/webp"}],"twitter_card":"summary_large_image","twitter_misc":{"Gesch\u00e4tzte Lesezeit":"3\u00a0Minuten"},"schema":{"@context":"https:\/\/schema.org","@graph":[{"@type":["WebPage","ItemPage"],"@id":"https:\/\/mind-treats.com\/de\/produkt\/vitamin-b-complex-synergy\/","url":"https:\/\/mind-treats.com\/de\/produkt\/vitamin-b-complex-synergy\/","name":"Vitamin B Komplex - SYNERGY | Mind-treats","isPartOf":{"@id":"https:\/\/mind-treats.com\/de\/#website"},"primaryImageOfPage":{"@id":"https:\/\/mind-treats.com\/de\/produkt\/vitamin-b-complex-synergy\/#primaryimage"},"image":{"@id":"https:\/\/mind-treats.com\/de\/produkt\/vitamin-b-complex-synergy\/#primaryimage"},"thumbnailUrl":"https:\/\/mind-treats.com\/wp-content\/uploads\/2024\/01\/VBC60_capsule_box_GER.webp","datePublished":"2023-05-03T09:22:31+00:00","dateModified":"2026-02-06T16:45:34+00:00","description":"Jede Kapsel des Vitamin-B-Komplex-Erg\u00e4nzungsmittels enth\u00e4lt eine umfassende Mischung aller acht essentiellen B-Vitamine, zusammengestellt, um ein optimales Gleichgewicht zu bieten.","breadcrumb":{"@id":"https:\/\/mind-treats.com\/de\/produkt\/vitamin-b-complex-synergy\/#breadcrumb"},"inLanguage":"de","potentialAction":[{"@type":"ReadAction","target":["https:\/\/mind-treats.com\/de\/produkt\/vitamin-b-complex-synergy\/"]}]},{"@type":"ImageObject","inLanguage":"de","@id":"https:\/\/mind-treats.com\/de\/produkt\/vitamin-b-complex-synergy\/#primaryimage","url":"https:\/\/mind-treats.com\/wp-content\/uploads\/2024\/01\/VBC60_capsule_box_GER.webp","contentUrl":"https:\/\/mind-treats.com\/wp-content\/uploads\/2024\/01\/VBC60_capsule_box_GER.webp","width":1000,"height":1000,"caption":"Vitamin-B-Komplex-Kapseln, Thiamin B1, Riboflavin B2, Niacin B3, Pantothens\u00e4ure B5, Pyridoxin B6, Biotin B7, Fols\u00e4ure B9, Methylcobalamin B12, Verpackungsbox kompostierbar"},{"@type":"BreadcrumbList","@id":"https:\/\/mind-treats.com\/de\/produkt\/vitamin-b-complex-synergy\/#breadcrumb","itemListElement":[{"@type":"ListItem","position":1,"name":"Startseite","item":"https:\/\/mind-treats.com\/de\/"},{"@type":"ListItem","position":2,"name":"Online Shop","item":"https:\/\/mind-treats.com\/de\/shop\/"},{"@type":"ListItem","position":3,"name":"Vitamine und Erg\u00e4nzungen","item":"https:\/\/mind-treats.com\/de\/produkt-kategorie\/vitamine-und-erganzungen\/"},{"@type":"ListItem","position":4,"name":"Synergie","item":"https:\/\/mind-treats.com\/de\/produkt-kategorie\/vitamine-und-erganzungen\/synergie\/"},{"@type":"ListItem","position":5,"name":"Vitamin B-Komplex | SYNERGY"}]},{"@type":"WebSite","@id":"https:\/\/mind-treats.com\/de\/#website","url":"https:\/\/mind-treats.com\/de\/","name":"Mind-treats","description":"Treat yourself smart!","publisher":{"@id":"https:\/\/mind-treats.com\/de\/#organization"},"alternateName":"Mind treats","potentialAction":[{"@type":"SearchAction","target":{"@type":"EntryPoint","urlTemplate":"https:\/\/mind-treats.com\/de\/?s={search_term_string}"},"query-input":{"@type":"PropertyValueSpecification","valueRequired":true,"valueName":"search_term_string"}}],"inLanguage":"de"},{"@type":"Organization","@id":"https:\/\/mind-treats.com\/de\/#organization","name":"Mind treats Microdosing","alternateName":"Mind treats","url":"https:\/\/mind-treats.com\/de\/","logo":{"@type":"ImageObject","inLanguage":"de","@id":"https:\/\/mind-treats.com\/de\/#\/schema\/logo\/image\/","url":"https:\/\/mind-treats.com\/wp-content\/uploads\/2023\/08\/mind-treats-logo_round.png","contentUrl":"https:\/\/mind-treats.com\/wp-content\/uploads\/2023\/08\/mind-treats-logo_round.png","width":494,"height":494,"caption":"Mind treats Microdosing"},"image":{"@id":"https:\/\/mind-treats.com\/de\/#\/schema\/logo\/image\/"},"sameAs":["https:\/\/www.facebook.com\/mind.treats.microdosing","https:\/\/www.instagram.com\/mind.treats\/"]}]}},"_links":{"self":[{"href":"https:\/\/mind-treats.com\/de\/wp-json\/wp\/v2\/product\/2378","targetHints":{"allow":["GET"]}}],"collection":[{"href":"https:\/\/mind-treats.com\/de\/wp-json\/wp\/v2\/product"}],"about":[{"href":"https:\/\/mind-treats.com\/de\/wp-json\/wp\/v2\/types\/product"}],"wp:featuredmedia":[{"embeddable":true,"href":"https:\/\/mind-treats.com\/de\/wp-json\/wp\/v2\/media\/5771"}],"wp:attachment":[{"href":"https:\/\/mind-treats.com\/de\/wp-json\/wp\/v2\/media?parent=2378"}],"wp:term":[{"taxonomy":"product_brand","embeddable":true,"href":"https:\/\/mind-treats.com\/de\/wp-json\/wp\/v2\/product_brand?post=2378"},{"taxonomy":"product_cat","embeddable":true,"href":"https:\/\/mind-treats.com\/de\/wp-json\/wp\/v2\/product_cat?post=2378"},{"taxonomy":"product_tag","embeddable":true,"href":"https:\/\/mind-treats.com\/de\/wp-json\/wp\/v2\/product_tag?post=2378"}],"curies":[{"name":"wp","href":"https:\/\/api.w.org\/{rel}","templated":true}]}}