{"id":2340,"date":"2023-05-03T11:18:45","date_gmt":"2023-05-03T09:18:45","guid":{"rendered":"https:\/\/mind-treats.com\/product\/opc-70-protect\/"},"modified":"2026-02-06T17:45:39","modified_gmt":"2026-02-06T16:45:39","slug":"opc-protect","status":"publish","type":"product","link":"https:\/\/mind-treats.com\/de\/produkt\/opc-protect\/","title":{"rendered":"OPC 70 | PROTECT"},"content":{"rendered":"<h2><span data-text-color=\"primary\">Vorstellung von OPC PLUS | ANTIOXIDANT<\/span><\/h2>\n<h3 class=\"uppercase\">ENTFESSELE DEIN K\u00d6RPERLICHES POTENZIAL!<\/h3>\n<p>Im Zentrum der OPC PLUS | PROTECT Kapseln liegt die kraftvolle Kombination aus 450 mg Traubenkernextrakt und 400 mg Traubenkernmehl. Hergestellt aus den feinsten Traubenkernen, liefern diese Kapseln mit etwa 740 mg Proanthocyanidinen, von denen 315 mg <a href=\"https:\/\/www.healthline.com\/nutrition\/grape-seed-extract-benefits#3.-Could-reduce-oxidative-damage\">oligomere Proanthocyanidine<\/a>(OPC) sind, eine starke Wirkung. OPC ist jedoch mehr als nur ein Nahrungserg\u00e4nzungsmittel, es ist der Schl\u00fcssel zu einer Vielzahl von gesundheitlichen Vorteilen. Proanthocyanidine, welche besonders in Weintraubensamen vorhanden sind, werden f\u00fcr ihre bemerkenswerten antioxidativen Eigenschaften verehrt, die dabei helfen, sch\u00e4dliche freie Radikale zu neutralisieren. Bereits eine OPC-Kapsel st\u00e4rkt dein Immunsystem und unterst\u00fctzt die Herz-Kreislauf-Gesundheit.<\/p>\n<p>Was OPC PLUS Traubenkernextrakt-Kapseln auszeichnet, ist ihr unersch\u00fctterliches Bekenntnis zu wertvollen Inhaltsstoffen. Dar\u00fcber hinaus beziehen wir die Traubensamen sorgf\u00e4ltig von biologisch angebauten Trauben, um beispiellose Authentizit\u00e4t und Reinheit zu gew\u00e4hrleisten. Ohne jegliche k\u00fcnstliche Zusatzstoffe, Farbstoffe oder Konservierungsstoffe kannst du dein vollstes Vertrauen in die au\u00dfergew\u00f6hnlichen ganzheitlichen Vorteile setzen, die dieses Nahrungserg\u00e4nzungsmittel bietet. Integriere OPC-Kapseln in deine t\u00e4gliche Routine und profitiere von einem ges\u00fcnderen Lebensstil!<\/p>\n<p>Die empfohlene Dosis betr\u00e4gt 1-2 Kapseln pro Tag.<\/p>\n<p>Unsere Hingabe zur Nachhaltigkeit endet nicht bei der Formel. Wir stellen die Produktverpackung aus umweltfreundlichem Graskarton her, um unser Engagement f\u00fcr die Verringerung unseres \u00f6kologischen Fu\u00dfabdrucks zu verdeutlichen. Die Etiketten? Auch diese sind aus kompostierbarem Material.<\/p>\n<h4 class=\"uppercase\">OPC PLUS, ein nat\u00fcrlicher Schutzschild gegen Zellsch\u00e4den!<\/h4>\n<p>Mehrere <a href=\"https:\/\/mind-treats.com\/de\/ernahrungsstudien\/#opc\">Studien<\/a> haben gezeigt, dass Traubenkernextrakt ein wertvoller N\u00e4hrstoff ist, der deine gesunde Lebensweise unterst\u00fctzen kann.<\/p>\n<p>F\u00fcr optimale Ergebnisse wird empfohlen, OPC-Kapseln auf n\u00fcchternen Magen einzunehmen, da dies die beste Aufnahme ihrer wertvollen Verbindungen zu f\u00f6rdern scheint. Es ist jedoch wichtig zu beachten, dass das Nahrungserg\u00e4nzungsmittel zwar erhebliche Vorteile bietet, es jedoch eine potenzielle Einschr\u00e4nkung zu ber\u00fccksichtigen gibt. Insbesondere k\u00f6nnten einige Personen, vor allem diejenigen mit empfindlichem Magen, \u00dcbelkeit versp\u00fcren, wenn sie es ohne Nahrung einnehmen. Daher hilft es denjenigen, die sich wegen m\u00f6glicher Beschwerden Sorgen machen, <a href=\"https:\/\/mind-treats.com\/de\/produkt\/opc-protect\/\">OPC 70 | ANTIOXIDANT<\/a> mit einer Mahlzeit einzunehmen, um Unvertr\u00e4glichkeiten zu vermeiden.<\/p>\n<p>Bei Mind-treats stellen wir jedes Produkt sorgf\u00e4ltig her und verpacken es mit umweltfreundlichen Materialien. Uns liegen Mensch und Natur am Herzen.<\/p>\n<p>Verpackungsdetails:<\/p>\n<p><img loading=\"lazy\" decoding=\"async\" class=\"alignnone wp-image-5336\" src=\"https:\/\/mind-treats.com\/wp-content\/uploads\/2023\/05\/EN13432-250x250.webp\" alt=\"compostable\" width=\"60\" height=\"60\" srcset=\"https:\/\/mind-treats.com\/wp-content\/uploads\/2023\/05\/EN13432-250x250.webp 250w, https:\/\/mind-treats.com\/wp-content\/uploads\/2023\/05\/EN13432-300x300.webp 300w, https:\/\/mind-treats.com\/wp-content\/uploads\/2023\/05\/EN13432-100x100.webp 100w, https:\/\/mind-treats.com\/wp-content\/uploads\/2023\/05\/EN13432.webp 331w\" sizes=\"auto, (max-width: 60px) 100vw, 60px\" \/> <img loading=\"lazy\" decoding=\"async\" class=\"alignnone wp-image-5333\" src=\"https:\/\/mind-treats.com\/wp-content\/uploads\/2023\/05\/bHDPE-250x250.webp\" alt=\"\" width=\"60\" height=\"60\" srcset=\"https:\/\/mind-treats.com\/wp-content\/uploads\/2023\/05\/bHDPE-250x250.webp 250w, https:\/\/mind-treats.com\/wp-content\/uploads\/2023\/05\/bHDPE-300x300.webp 300w, https:\/\/mind-treats.com\/wp-content\/uploads\/2023\/05\/bHDPE-100x100.webp 100w, https:\/\/mind-treats.com\/wp-content\/uploads\/2023\/05\/bHDPE.webp 330w\" sizes=\"auto, (max-width: 60px) 100vw, 60px\" \/><img loading=\"lazy\" decoding=\"async\" class=\"alignnone wp-image-5330\" style=\"font-size: 14.4px;\" src=\"https:\/\/mind-treats.com\/wp-content\/uploads\/2023\/05\/ALU-250x250.webp\" alt=\"\" width=\"60\" height=\"60\" srcset=\"https:\/\/mind-treats.com\/wp-content\/uploads\/2023\/05\/ALU-250x250.webp 250w, https:\/\/mind-treats.com\/wp-content\/uploads\/2023\/05\/ALU-300x300.webp 300w, https:\/\/mind-treats.com\/wp-content\/uploads\/2023\/05\/ALU-100x100.webp 100w, https:\/\/mind-treats.com\/wp-content\/uploads\/2023\/05\/ALU.webp 331w\" sizes=\"auto, (max-width: 60px) 100vw, 60px\" \/><\/p>\n","protected":false},"excerpt":{"rendered":"<p>Erlebe die Kraft der Natur mit OPC70 | SCH\u00dcTZEN, einem hochwertigen Nahrungserg\u00e4nzungsmittel, das entwickelt wurde, um deine Gesundheit zu sch\u00fctzen. Mit Sorgfalt hergestellt, enth\u00e4lt jede Flasche 60 pflanzliche Kapseln und richtet sich an jene Menschen, die ihre k\u00f6rperliche Gesundheit priorisieren.<\/p>\n<h4 data-wp-editing=\"1\"><span data-text-color=\"success\"><img loading=\"lazy\" decoding=\"async\" class=\"alignnone wp-image-4392\" src=\"https:\/\/mind-treats.com\/wp-content\/uploads\/2023\/10\/checkmark_web.png\" alt=\"\" width=\"30\" height=\"30\" srcset=\"https:\/\/mind-treats.com\/wp-content\/uploads\/2023\/10\/checkmark_web.png 242w, https:\/\/mind-treats.com\/wp-content\/uploads\/2023\/10\/checkmark_web-100x100.png 100w\" sizes=\"auto, (max-width: 30px) 100vw, 30px\" \/> Starker Antioxidant<\/span><\/h4>\n<h4 data-wp-editing=\"1\"><span data-text-color=\"success\"><img loading=\"lazy\" decoding=\"async\" class=\"alignnone wp-image-4392\" src=\"https:\/\/mind-treats.com\/wp-content\/uploads\/2023\/10\/checkmark_web.png\" alt=\"\" width=\"30\" height=\"30\" srcset=\"https:\/\/mind-treats.com\/wp-content\/uploads\/2023\/10\/checkmark_web.png 242w, https:\/\/mind-treats.com\/wp-content\/uploads\/2023\/10\/checkmark_web-100x100.png 100w\" sizes=\"auto, (max-width: 30px) 100vw, 30px\" \/> Unterst\u00fctzt das kardiovaskul\u00e4re System<\/span><\/h4>\n<h4 data-wp-editing=\"1\"><span data-text-color=\"success\"><img loading=\"lazy\" decoding=\"async\" class=\"alignnone wp-image-4392\" src=\"https:\/\/mind-treats.com\/wp-content\/uploads\/2023\/10\/checkmark_web.png\" alt=\"\" width=\"30\" height=\"30\" srcset=\"https:\/\/mind-treats.com\/wp-content\/uploads\/2023\/10\/checkmark_web.png 242w, https:\/\/mind-treats.com\/wp-content\/uploads\/2023\/10\/checkmark_web-100x100.png 100w\" sizes=\"auto, (max-width: 30px) 100vw, 30px\" \/> 100% nat\u00fcrlich, biologisch und vegan<\/span><\/h4>\n\t<div id=\"gap-750834418\" class=\"gap-element clearfix\" style=\"display:block; height:auto;\">\n\t\t\n<style>\n#gap-750834418 {\n  padding-top: 30px;\n}\n<\/style>\n\t<\/div>\n\t\n<div class=\"row icon-row\"  id=\"row-1075279361\">\n\n\t<div id=\"col-1704712290\" class=\"col medium-1\/4 large-3\"  >\n\t\t\t\t<div class=\"col-inner\"  >\n\t\t\t\n\t\t\t\n\n\t\t<div class=\"icon-box featured-box icon-box icon-box-top text-left\"  >\n\t\t\t\t<div class=\"icon-box-text last-reset\">\n\t\t\t\t\t\t\t\t\t\n<p><img loading=\"lazy\" decoding=\"async\" class=\"aligncenter wp-image-5274\" src=\"https:\/\/mind-treats.com\/wp-content\/uploads\/2023\/11\/natural.webp\" alt=\"100% natural\" width=\"72\" height=\"72\" srcset=\"https:\/\/mind-treats.com\/wp-content\/uploads\/2023\/11\/natural.webp 195w, https:\/\/mind-treats.com\/wp-content\/uploads\/2023\/11\/natural-100x100.webp 100w\" sizes=\"auto, (max-width: 72px) 100vw, 72px\" \/><\/p>\n<h5 class=\"uppercase\" style=\"text-align: center;\"><span data-text-color=\"secondary\">100% Nat\u00fcrlich und Bio<\/span><\/h5>\n\t\t<\/div>\n\t<\/div>\n\t\n\t\n<p style=\"text-align: left;\">\t\t<\/div>\n\t\t\t\t\t<\/div>\n\n\t\n\n\t<div id=\"col-207802066\" class=\"col medium-1\/4 large-3\"  >\n\t\t\t\t<div class=\"col-inner\"  >\n\t\t\t\n\t\t\t\n\n\t\t<div class=\"icon-box featured-box icon-box icon-box-top text-left\"  >\n\t\t\t\t<div class=\"icon-box-text last-reset\">\n\t\t\t\t\t\t\t\t\t\n<p><img loading=\"lazy\" decoding=\"async\" class=\"aligncenter wp-image-5265\" src=\"https:\/\/mind-treats.com\/wp-content\/uploads\/2023\/11\/ecofriendly-packaging.webp\" alt=\"eco friendly packaging\" width=\"72\" height=\"72\" srcset=\"https:\/\/mind-treats.com\/wp-content\/uploads\/2023\/11\/ecofriendly-packaging.webp 195w, https:\/\/mind-treats.com\/wp-content\/uploads\/2023\/11\/ecofriendly-packaging-100x100.webp 100w\" sizes=\"auto, (max-width: 72px) 100vw, 72px\" \/><\/p>\n<h5 class=\"uppercase\" style=\"text-align: center;\"><span data-text-color=\"secondary\">Nachhaltige Verpackung<\/span><\/h5>\n\t\t<\/div>\n\t<\/div>\n\t\n\t\n\t\t<\/div>\n\t\t\t\t\t<\/div>\n\n\t\n\n\t<div id=\"col-113744535\" class=\"col medium-1\/4 large-3\"  >\n\t\t\t\t<div class=\"col-inner\"  >\n\t\t\t\n\t\t\t\n\n\t\t<div class=\"icon-box featured-box icon-box icon-box-top text-left\"  >\n\t\t\t\t<div class=\"icon-box-text last-reset\">\n\t\t\t\t\t\t\t\t\t\n<p><img loading=\"lazy\" decoding=\"async\" class=\"aligncenter wp-image-5283\" src=\"https:\/\/mind-treats.com\/wp-content\/uploads\/2023\/11\/vegan.webp\" alt=\"vegan friendly\" width=\"72\" height=\"72\" srcset=\"https:\/\/mind-treats.com\/wp-content\/uploads\/2023\/11\/vegan.webp 195w, https:\/\/mind-treats.com\/wp-content\/uploads\/2023\/11\/vegan-100x100.webp 100w\" sizes=\"auto, (max-width: 72px) 100vw, 72px\" \/><\/p>\n<h5 class=\"uppercase\" style=\"text-align: center;\"><span data-text-color=\"secondary\">Vegan<\/span><\/h5>\n\t\t<\/div>\n\t<\/div>\n\t\n\t\n\t\t<\/div>\n\t\t\t\t\t<\/div>\n\n\t\n\n\t<div id=\"col-1512899022\" class=\"col medium-1\/4 large-3\"  >\n\t\t\t\t<div class=\"col-inner\"  >\n\t\t\t\n\t\t\t\n\n\t\t<div class=\"icon-box featured-box icon-box icon-box-top text-left\"  >\n\t\t\t\t<div class=\"icon-box-text last-reset\">\n\t\t\t\t\t\t\t\t\t\n<p><img loading=\"lazy\" decoding=\"async\" class=\"wp-image-5268 aligncenter\" src=\"https:\/\/mind-treats.com\/wp-content\/uploads\/2023\/11\/free-shipping.webp\" alt=\"free shipping\" width=\"72\" height=\"72\" srcset=\"https:\/\/mind-treats.com\/wp-content\/uploads\/2023\/11\/free-shipping.webp 195w, https:\/\/mind-treats.com\/wp-content\/uploads\/2023\/11\/free-shipping-100x100.webp 100w\" sizes=\"auto, (max-width: 72px) 100vw, 72px\" \/><\/p>\n<h5 class=\"uppercase\" style=\"text-align: center;\"><span data-text-color=\"secondary\">Kostenloser Versand ab 55\u20ac<\/span><\/h5>\n\t\t<\/div>\n\t<\/div>\n\t\n\t\n\t\t<\/div>\n\t\t\t\t\t<\/div>\n\n\t\n<\/div>\n<p>&nbsp;<\/p>\n<h4 class=\"uppercase\"><span data-text-color=\"primary\"><strong>Mengenrabatt<\/strong><\/span><\/h4>\n<p>Du kannst <a href=\"https:\/\/mind-treats.com\/de\/produkt-kategorie\/adaptogen\/pflanzliche-erganzungsmittel\/\">PFLANZLICHE ERG\u00c4NZUNGSMITTEL<\/a> kombinieren, um Mengenrabatt zu erhalten!<\/p>\n","protected":false},"featured_media":5762,"template":"","meta":[],"product_brand":[],"product_cat":[88,90,98],"product_tag":[116,118,121],"class_list":{"0":"post-2340","1":"product","2":"type-product","3":"status-publish","4":"has-post-thumbnail","6":"product_cat-adaptogen","7":"product_cat-pflanzliche-erganzungsmittel","8":"product_cat-vitamine-und-erganzungen","9":"product_tag-adaptogene","10":"product_tag-kapseln","11":"product_tag-pflanzliche-erganzungsmittel","13":"first","14":"instock","15":"taxable","16":"shipping-taxable","17":"purchasable","18":"product-type-simple"},"yoast_head":"<!-- This site is optimized with the Yoast SEO plugin v26.4 - https:\/\/yoast.com\/wordpress\/plugins\/seo\/ -->\n<title>OPC PLUS Kapseln - Traubenkernextrakt | nat\u00fcrlicher Antioxidant<\/title>\n<meta name=\"description\" content=\"Profitiere von der Kraft der Natur mit OPC Plus Traubenkernextrakt-Kapseln. Ein hochwertiges Erg\u00e4nzungsmitten, das deine Gesundheit sch\u00fctzt!\" \/>\n<meta name=\"robots\" content=\"index, follow, max-snippet:-1, max-image-preview:large, max-video-preview:-1\" \/>\n<link rel=\"canonical\" href=\"https:\/\/mind-treats.com\/de\/produkt\/opc-protect\/\" \/>\n<meta property=\"og:locale\" content=\"de_DE\" \/>\n<meta property=\"og:type\" content=\"article\" \/>\n<meta property=\"og:title\" content=\"OPC PLUS Kapseln - Traubenkernextrakt | nat\u00fcrlicher Antioxidant\" \/>\n<meta property=\"og:description\" content=\"Profitiere von der Kraft der Natur mit OPC Plus Traubenkernextrakt-Kapseln. Ein hochwertiges Erg\u00e4nzungsmitten, das deine Gesundheit sch\u00fctzt!\" \/>\n<meta property=\"og:url\" content=\"https:\/\/mind-treats.com\/de\/produkt\/opc-protect\/\" \/>\n<meta property=\"og:site_name\" content=\"Mind-treats\" \/>\n<meta property=\"article:publisher\" content=\"https:\/\/www.facebook.com\/mind.treats.microdosing\" \/>\n<meta property=\"article:modified_time\" content=\"2026-02-06T16:45:39+00:00\" \/>\n<meta property=\"og:image\" content=\"https:\/\/mind-treats.com\/wp-content\/uploads\/2024\/01\/OPC60_capsule_box_GER.webp\" \/>\n\t<meta property=\"og:image:width\" content=\"1000\" \/>\n\t<meta property=\"og:image:height\" content=\"1000\" \/>\n\t<meta property=\"og:image:type\" content=\"image\/webp\" \/>\n<meta name=\"twitter:card\" content=\"summary_large_image\" \/>\n<meta name=\"twitter:label1\" content=\"Gesch\u00e4tzte Lesezeit\" \/>\n\t<meta name=\"twitter:data1\" content=\"3\u00a0Minuten\" \/>\n<script type=\"application\/ld+json\" class=\"yoast-schema-graph\">{\"@context\":\"https:\/\/schema.org\",\"@graph\":[{\"@type\":[\"WebPage\",\"ItemPage\"],\"@id\":\"https:\/\/mind-treats.com\/de\/produkt\/opc-protect\/\",\"url\":\"https:\/\/mind-treats.com\/de\/produkt\/opc-protect\/\",\"name\":\"OPC PLUS Kapseln - Traubenkernextrakt | nat\u00fcrlicher Antioxidant\",\"isPartOf\":{\"@id\":\"https:\/\/mind-treats.com\/de\/#website\"},\"primaryImageOfPage\":{\"@id\":\"https:\/\/mind-treats.com\/de\/produkt\/opc-protect\/#primaryimage\"},\"image\":{\"@id\":\"https:\/\/mind-treats.com\/de\/produkt\/opc-protect\/#primaryimage\"},\"thumbnailUrl\":\"https:\/\/mind-treats.com\/wp-content\/uploads\/2024\/01\/OPC60_capsule_box_GER.webp\",\"datePublished\":\"2023-05-03T09:18:45+00:00\",\"dateModified\":\"2026-02-06T16:45:39+00:00\",\"description\":\"Profitiere von der Kraft der Natur mit OPC Plus Traubenkernextrakt-Kapseln. Ein hochwertiges Erg\u00e4nzungsmitten, das deine Gesundheit sch\u00fctzt!\",\"breadcrumb\":{\"@id\":\"https:\/\/mind-treats.com\/de\/produkt\/opc-protect\/#breadcrumb\"},\"inLanguage\":\"de\",\"potentialAction\":[{\"@type\":\"ReadAction\",\"target\":[\"https:\/\/mind-treats.com\/de\/produkt\/opc-protect\/\"]}]},{\"@type\":\"ImageObject\",\"inLanguage\":\"de\",\"@id\":\"https:\/\/mind-treats.com\/de\/produkt\/opc-protect\/#primaryimage\",\"url\":\"https:\/\/mind-treats.com\/wp-content\/uploads\/2024\/01\/OPC60_capsule_box_GER.webp\",\"contentUrl\":\"https:\/\/mind-treats.com\/wp-content\/uploads\/2024\/01\/OPC60_capsule_box_GER.webp\",\"width\":1000,\"height\":1000,\"caption\":\"opc plus kapseln antioxidantien traubenkernextrakt verpackung box kompostierbar\"},{\"@type\":\"BreadcrumbList\",\"@id\":\"https:\/\/mind-treats.com\/de\/produkt\/opc-protect\/#breadcrumb\",\"itemListElement\":[{\"@type\":\"ListItem\",\"position\":1,\"name\":\"Startseite\",\"item\":\"https:\/\/mind-treats.com\/de\/\"},{\"@type\":\"ListItem\",\"position\":2,\"name\":\"Online Shop\",\"item\":\"https:\/\/mind-treats.com\/de\/shop\/\"},{\"@type\":\"ListItem\",\"position\":3,\"name\":\"Adaptogene\",\"item\":\"https:\/\/mind-treats.com\/de\/produkt-kategorie\/adaptogen\/\"},{\"@type\":\"ListItem\",\"position\":4,\"name\":\"Nat\u00fcrliche Erg\u00e4nzungsmittel\",\"item\":\"https:\/\/mind-treats.com\/de\/produkt-kategorie\/adaptogen\/pflanzliche-erganzungsmittel\/\"},{\"@type\":\"ListItem\",\"position\":5,\"name\":\"OPC 70 | PROTECT\"}]},{\"@type\":\"WebSite\",\"@id\":\"https:\/\/mind-treats.com\/de\/#website\",\"url\":\"https:\/\/mind-treats.com\/de\/\",\"name\":\"Mind-treats\",\"description\":\"Treat yourself smart!\",\"publisher\":{\"@id\":\"https:\/\/mind-treats.com\/de\/#organization\"},\"alternateName\":\"Mind treats\",\"potentialAction\":[{\"@type\":\"SearchAction\",\"target\":{\"@type\":\"EntryPoint\",\"urlTemplate\":\"https:\/\/mind-treats.com\/de\/?s={search_term_string}\"},\"query-input\":{\"@type\":\"PropertyValueSpecification\",\"valueRequired\":true,\"valueName\":\"search_term_string\"}}],\"inLanguage\":\"de\"},{\"@type\":\"Organization\",\"@id\":\"https:\/\/mind-treats.com\/de\/#organization\",\"name\":\"Mind treats Microdosing\",\"alternateName\":\"Mind treats\",\"url\":\"https:\/\/mind-treats.com\/de\/\",\"logo\":{\"@type\":\"ImageObject\",\"inLanguage\":\"de\",\"@id\":\"https:\/\/mind-treats.com\/de\/#\/schema\/logo\/image\/\",\"url\":\"https:\/\/mind-treats.com\/wp-content\/uploads\/2023\/08\/mind-treats-logo_round.png\",\"contentUrl\":\"https:\/\/mind-treats.com\/wp-content\/uploads\/2023\/08\/mind-treats-logo_round.png\",\"width\":494,\"height\":494,\"caption\":\"Mind treats Microdosing\"},\"image\":{\"@id\":\"https:\/\/mind-treats.com\/de\/#\/schema\/logo\/image\/\"},\"sameAs\":[\"https:\/\/www.facebook.com\/mind.treats.microdosing\",\"https:\/\/www.instagram.com\/mind.treats\/\"]}]}<\/script>\n<!-- \/ Yoast SEO plugin. -->","yoast_head_json":{"title":"OPC PLUS Kapseln - Traubenkernextrakt | nat\u00fcrlicher Antioxidant","description":"Profitiere von der Kraft der Natur mit OPC Plus Traubenkernextrakt-Kapseln. Ein hochwertiges Erg\u00e4nzungsmitten, das deine Gesundheit sch\u00fctzt!","robots":{"index":"index","follow":"follow","max-snippet":"max-snippet:-1","max-image-preview":"max-image-preview:large","max-video-preview":"max-video-preview:-1"},"canonical":"https:\/\/mind-treats.com\/de\/produkt\/opc-protect\/","og_locale":"de_DE","og_type":"article","og_title":"OPC PLUS Kapseln - Traubenkernextrakt | nat\u00fcrlicher Antioxidant","og_description":"Profitiere von der Kraft der Natur mit OPC Plus Traubenkernextrakt-Kapseln. Ein hochwertiges Erg\u00e4nzungsmitten, das deine Gesundheit sch\u00fctzt!","og_url":"https:\/\/mind-treats.com\/de\/produkt\/opc-protect\/","og_site_name":"Mind-treats","article_publisher":"https:\/\/www.facebook.com\/mind.treats.microdosing","article_modified_time":"2026-02-06T16:45:39+00:00","og_image":[{"width":1000,"height":1000,"url":"https:\/\/mind-treats.com\/wp-content\/uploads\/2024\/01\/OPC60_capsule_box_GER.webp","type":"image\/webp"}],"twitter_card":"summary_large_image","twitter_misc":{"Gesch\u00e4tzte Lesezeit":"3\u00a0Minuten"},"schema":{"@context":"https:\/\/schema.org","@graph":[{"@type":["WebPage","ItemPage"],"@id":"https:\/\/mind-treats.com\/de\/produkt\/opc-protect\/","url":"https:\/\/mind-treats.com\/de\/produkt\/opc-protect\/","name":"OPC PLUS Kapseln - Traubenkernextrakt | nat\u00fcrlicher Antioxidant","isPartOf":{"@id":"https:\/\/mind-treats.com\/de\/#website"},"primaryImageOfPage":{"@id":"https:\/\/mind-treats.com\/de\/produkt\/opc-protect\/#primaryimage"},"image":{"@id":"https:\/\/mind-treats.com\/de\/produkt\/opc-protect\/#primaryimage"},"thumbnailUrl":"https:\/\/mind-treats.com\/wp-content\/uploads\/2024\/01\/OPC60_capsule_box_GER.webp","datePublished":"2023-05-03T09:18:45+00:00","dateModified":"2026-02-06T16:45:39+00:00","description":"Profitiere von der Kraft der Natur mit OPC Plus Traubenkernextrakt-Kapseln. Ein hochwertiges Erg\u00e4nzungsmitten, das deine Gesundheit sch\u00fctzt!","breadcrumb":{"@id":"https:\/\/mind-treats.com\/de\/produkt\/opc-protect\/#breadcrumb"},"inLanguage":"de","potentialAction":[{"@type":"ReadAction","target":["https:\/\/mind-treats.com\/de\/produkt\/opc-protect\/"]}]},{"@type":"ImageObject","inLanguage":"de","@id":"https:\/\/mind-treats.com\/de\/produkt\/opc-protect\/#primaryimage","url":"https:\/\/mind-treats.com\/wp-content\/uploads\/2024\/01\/OPC60_capsule_box_GER.webp","contentUrl":"https:\/\/mind-treats.com\/wp-content\/uploads\/2024\/01\/OPC60_capsule_box_GER.webp","width":1000,"height":1000,"caption":"opc plus kapseln antioxidantien traubenkernextrakt verpackung box kompostierbar"},{"@type":"BreadcrumbList","@id":"https:\/\/mind-treats.com\/de\/produkt\/opc-protect\/#breadcrumb","itemListElement":[{"@type":"ListItem","position":1,"name":"Startseite","item":"https:\/\/mind-treats.com\/de\/"},{"@type":"ListItem","position":2,"name":"Online Shop","item":"https:\/\/mind-treats.com\/de\/shop\/"},{"@type":"ListItem","position":3,"name":"Adaptogene","item":"https:\/\/mind-treats.com\/de\/produkt-kategorie\/adaptogen\/"},{"@type":"ListItem","position":4,"name":"Nat\u00fcrliche Erg\u00e4nzungsmittel","item":"https:\/\/mind-treats.com\/de\/produkt-kategorie\/adaptogen\/pflanzliche-erganzungsmittel\/"},{"@type":"ListItem","position":5,"name":"OPC 70 | PROTECT"}]},{"@type":"WebSite","@id":"https:\/\/mind-treats.com\/de\/#website","url":"https:\/\/mind-treats.com\/de\/","name":"Mind-treats","description":"Treat yourself smart!","publisher":{"@id":"https:\/\/mind-treats.com\/de\/#organization"},"alternateName":"Mind treats","potentialAction":[{"@type":"SearchAction","target":{"@type":"EntryPoint","urlTemplate":"https:\/\/mind-treats.com\/de\/?s={search_term_string}"},"query-input":{"@type":"PropertyValueSpecification","valueRequired":true,"valueName":"search_term_string"}}],"inLanguage":"de"},{"@type":"Organization","@id":"https:\/\/mind-treats.com\/de\/#organization","name":"Mind treats Microdosing","alternateName":"Mind treats","url":"https:\/\/mind-treats.com\/de\/","logo":{"@type":"ImageObject","inLanguage":"de","@id":"https:\/\/mind-treats.com\/de\/#\/schema\/logo\/image\/","url":"https:\/\/mind-treats.com\/wp-content\/uploads\/2023\/08\/mind-treats-logo_round.png","contentUrl":"https:\/\/mind-treats.com\/wp-content\/uploads\/2023\/08\/mind-treats-logo_round.png","width":494,"height":494,"caption":"Mind treats Microdosing"},"image":{"@id":"https:\/\/mind-treats.com\/de\/#\/schema\/logo\/image\/"},"sameAs":["https:\/\/www.facebook.com\/mind.treats.microdosing","https:\/\/www.instagram.com\/mind.treats\/"]}]}},"_links":{"self":[{"href":"https:\/\/mind-treats.com\/de\/wp-json\/wp\/v2\/product\/2340","targetHints":{"allow":["GET"]}}],"collection":[{"href":"https:\/\/mind-treats.com\/de\/wp-json\/wp\/v2\/product"}],"about":[{"href":"https:\/\/mind-treats.com\/de\/wp-json\/wp\/v2\/types\/product"}],"wp:featuredmedia":[{"embeddable":true,"href":"https:\/\/mind-treats.com\/de\/wp-json\/wp\/v2\/media\/5762"}],"wp:attachment":[{"href":"https:\/\/mind-treats.com\/de\/wp-json\/wp\/v2\/media?parent=2340"}],"wp:term":[{"taxonomy":"product_brand","embeddable":true,"href":"https:\/\/mind-treats.com\/de\/wp-json\/wp\/v2\/product_brand?post=2340"},{"taxonomy":"product_cat","embeddable":true,"href":"https:\/\/mind-treats.com\/de\/wp-json\/wp\/v2\/product_cat?post=2340"},{"taxonomy":"product_tag","embeddable":true,"href":"https:\/\/mind-treats.com\/de\/wp-json\/wp\/v2\/product_tag?post=2340"}],"curies":[{"name":"wp","href":"https:\/\/api.w.org\/{rel}","templated":true}]}}