{"id":2266,"date":"2023-05-03T11:17:04","date_gmt":"2023-05-03T09:17:04","guid":{"rendered":"https:\/\/mind-treats.com\/product\/power-greens-vitality\/"},"modified":"2026-02-06T17:45:40","modified_gmt":"2026-02-06T16:45:40","slug":"power-greens-vitalitat","status":"publish","type":"product","link":"https:\/\/mind-treats.com\/de\/produkt\/power-greens-vitalitat\/","title":{"rendered":"Power-Greens | VITALITY"},"content":{"rendered":"<h2><span data-text-color=\"primary\">Power Greens | VITALIT\u00c4T<\/span><\/h2>\n<h3 class=\"uppercase\">F\u00fcr ein ausgewogeneres Leben!<\/h3>\n<p>Mit 60 Kapseln pro Flasche passt <a href=\"https:\/\/mind-treats.com\/de\/produkt\/power-greens-vitality\/\">Power Greens | VITALIT\u00c4T<\/a> nahtlos in deine t\u00e4gliche Routine. Erlebe die belebende Wirkung, wenn du diese Super Greens Kapseln in deine Wellness-Reise integrierst. Ganz gleich, ob du berufst\u00e4tig bist und mit Deadlines jonglierst, ein aktiver Mensch bist, der die Abenteuer des Lebens sucht, oder jemand, der eine Extraportion nat\u00fcrlicher Vitalit\u00e4t sucht: Wir haben Super-Greens Kapseln speziell f\u00fcr dich entwickelt.<\/p>\n<p>Die empfohlene Dosierung ist 2 Kapseln pro Tag.<\/p>\n<h4 class=\"uppercase\">Eine nat\u00fcrliche All-in-One-L\u00f6sung<\/h4>\n<p>Steigere dein Wohlbefinden mit unserer sorgf\u00e4ltig zusammengestellten Mischung aus den feinsten und nat\u00fcrlichen Zutaten, verpackt in pflanzlichen Kapseln. Entfessele die Kraft der Vitalit\u00e4t mit jeder Portion Super Greens in einer Kapsel. Jede Super Greens Kapsel enth\u00e4lt eine umfassende Mischung aus Alfalfa, Spirulina, Chlorella, Brennnessel, Lithothamnium Calcareum, Gerstengras, Lucuma und Moringa. Voll mit essentiellen Vitaminen wie <a href=\"https:\/\/mind-treats.com\/de\/ernahrungsstudien\/#vitamin-a\">A<\/a>, <a href=\"https:\/\/mind-treats.com\/de\/ernahrungsstudien\/#vitamin-c\">C<\/a>, <a href=\"https:\/\/mind-treats.com\/de\/ernahrungsstudien\/#vitamin-d\">D<\/a>, and <a href=\"https:\/\/mind-treats.com\/de\/ernahrungsstudien\/#vitamin-k\">K<\/a> sowie einer reichen Vielfalt an Mineralien wie Kalzium, Eisen und Kalium, ist diese kraftvolle Formel dein Pass zu einem ges\u00fcnderen und lebendigeren Leben.<\/p>\n<p>Die Vorteile jedes sorgf\u00e4ltig ausgew\u00e4hlten Super Greens wurden kombiniert, um eine ganzheitliche Synergie zu schaffen, die das Immunsystem unterst\u00fctzt, die Energie steigert und das allgemeine Wohlbefinden f\u00f6rdert. Alfalfa bietet ein n\u00e4hrstoffreiches Profil, w\u00e4hrend Spirulina und Chlorella einen Schub an pflanzlichem Protein bieten. Die Brennnessel bringt ihre entgiftende Kraft mit, und <a href=\"https:\/\/www.sourcevital.com\/pages\/amazing-benefits-of-algae-seaweed#:~:text=Lithothamnium%20Calcareum%20%E2%80%93%20This%20is%20a,easing%20the%20effects%20of%20stress.\">Lithothamnium Calcareum<\/a> tr\u00e4gt Mineralien f\u00fcr die Knochengesundheit bei. <a href=\"https:\/\/en.wikipedia.org\/wiki\/Barley\">Gerstengras<\/a>, <a href=\"https:\/\/www.webmd.com\/diet\/health-benefits-lucuma#:~:text=Lucuma%20fruit%20contains%20a%20lot,clear%20waste%20from%20the%20system.&amp;text=Lucuma%20has%20high%20levels%20of,disease%20as%20well%20as%20diabetes.\">Lucuma<\/a> und <a href=\"https:\/\/www.medicalnewstoday.com\/articles\/319916#nutrients\">Moringa<\/a> bereichern die Mischung mit ihren jeweiligen einzigartigen N\u00e4hrstoffbeitr\u00e4gen.<\/p>\n<p>Wir sind nicht nur deinem Wohlbefinden verpflichtet, sondern auch dem Wohl des Planeten. Das Produkt wird in einer Verpackung aus umweltfreundlichem Graskarton geliefert, um deinen \u00f6kologischen Fu\u00dfabdruck zu reduzieren. Selbst die Etiketten sind kompostierbar und zeigen unsere Hingabe zur Nachhaltigkeit.<\/p>\n<p>Erh\u00f6he noch heute deine Vitalit\u00e4t mit Power Greens &#8211; die All-in-One-L\u00f6sung f\u00fcr ein nat\u00fcrlich bereichertes Leben. Tanke neue Energie, revitalisiere dich und meistere jeden Tag mit der Kraft von Power Greens | VITALIT\u00c4T.<\/p>\n<p>Bei Mind-treats stellen wir jedes Produkt sorgf\u00e4ltig her und verpacken es mit umweltfreundlichen Materialien. Wir k\u00fcmmern uns um Menschen und die Natur.<\/p>\n<p>Verpackungsdetails:<\/p>\n<p><img loading=\"lazy\" decoding=\"async\" class=\"alignnone wp-image-5334\" src=\"https:\/\/mind-treats.com\/wp-content\/uploads\/2023\/05\/EN13432-250x250.webp\" alt=\"kompostierbar\" width=\"60\" height=\"60\" srcset=\"https:\/\/mind-treats.com\/wp-content\/uploads\/2023\/05\/EN13432-250x250.webp 250w, https:\/\/mind-treats.com\/wp-content\/uploads\/2023\/05\/EN13432-300x300.webp 300w, https:\/\/mind-treats.com\/wp-content\/uploads\/2023\/05\/EN13432-100x100.webp 100w, https:\/\/mind-treats.com\/wp-content\/uploads\/2023\/05\/EN13432.webp 331w\" sizes=\"auto, (max-width: 60px) 100vw, 60px\" \/> <img loading=\"lazy\" decoding=\"async\" class=\"alignnone wp-image-5331\" src=\"https:\/\/mind-treats.com\/wp-content\/uploads\/2023\/05\/bHDPE-250x250.webp\" alt=\"\" width=\"60\" height=\"60\" srcset=\"https:\/\/mind-treats.com\/wp-content\/uploads\/2023\/05\/bHDPE-250x250.webp 250w, https:\/\/mind-treats.com\/wp-content\/uploads\/2023\/05\/bHDPE-300x300.webp 300w, https:\/\/mind-treats.com\/wp-content\/uploads\/2023\/05\/bHDPE-100x100.webp 100w, https:\/\/mind-treats.com\/wp-content\/uploads\/2023\/05\/bHDPE.webp 330w\" sizes=\"auto, (max-width: 60px) 100vw, 60px\" \/><img loading=\"lazy\" decoding=\"async\" class=\"alignnone wp-image-5328\" style=\"font-size: 14.4px;\" src=\"https:\/\/mind-treats.com\/wp-content\/uploads\/2023\/05\/ALU-250x250.webp\" alt=\"\" width=\"60\" height=\"60\" srcset=\"https:\/\/mind-treats.com\/wp-content\/uploads\/2023\/05\/ALU-250x250.webp 250w, https:\/\/mind-treats.com\/wp-content\/uploads\/2023\/05\/ALU-300x300.webp 300w, https:\/\/mind-treats.com\/wp-content\/uploads\/2023\/05\/ALU-100x100.webp 100w, https:\/\/mind-treats.com\/wp-content\/uploads\/2023\/05\/ALU.webp 331w\" sizes=\"auto, (max-width: 60px) 100vw, 60px\" \/><\/p>\n","protected":false},"excerpt":{"rendered":"<p><span style=\"font-weight: 400;\">Verbessere deine Ern\u00e4hrung auf nat\u00fcrliche Weise mit einer sorgf\u00e4ltig zusammengestellten Mischung aus Gr\u00e4sern, gr\u00fcnem Gem\u00fcse und Obst, verpackt in einer einzigen Kapsel. Jede Kapsel enth\u00e4lt eine umfassende Menge an Mikron\u00e4hrstoffen wie essenzielle Vitamine, Kalzium, Eisen und Kalium. Mit Sorgfalt hergestellt, enth\u00e4lt jede Flasche 60 pflanzliche Kapseln und richtet sich an diejenigen, die ihr Wohlbefinden priorisieren.<\/span><\/p>\n<h4 data-wp-editing=\"1\"><span data-text-color=\"success\"><img loading=\"lazy\" decoding=\"async\" class=\"alignnone wp-image-4392\" src=\"https:\/\/mind-treats.com\/wp-content\/uploads\/2023\/10\/checkmark_web.png\" alt=\"\" width=\"30\" height=\"30\" srcset=\"https:\/\/mind-treats.com\/wp-content\/uploads\/2023\/10\/checkmark_web.png 242w, https:\/\/mind-treats.com\/wp-content\/uploads\/2023\/10\/checkmark_web-100x100.png 100w\" sizes=\"auto, (max-width: 30px) 100vw, 30px\" \/> Nat\u00fcrliche Quelle f\u00fcr ein Spektrum von Vitaminen und Mineralien<\/span><\/h4>\n<h4 data-wp-editing=\"1\"><span data-text-color=\"success\"><img loading=\"lazy\" decoding=\"async\" class=\"alignnone wp-image-4392\" src=\"https:\/\/mind-treats.com\/wp-content\/uploads\/2023\/10\/checkmark_web.png\" alt=\"\" width=\"30\" height=\"30\" srcset=\"https:\/\/mind-treats.com\/wp-content\/uploads\/2023\/10\/checkmark_web.png 242w, https:\/\/mind-treats.com\/wp-content\/uploads\/2023\/10\/checkmark_web-100x100.png 100w\" sizes=\"auto, (max-width: 30px) 100vw, 30px\" \/> Unterst\u00fctzt das Immunsystem und andere wichtige Funktionen<\/span><\/h4>\n<h4 data-wp-editing=\"1\"><span data-text-color=\"success\"><img loading=\"lazy\" decoding=\"async\" class=\"alignnone wp-image-4392\" src=\"https:\/\/mind-treats.com\/wp-content\/uploads\/2023\/10\/checkmark_web.png\" alt=\"\" width=\"30\" height=\"30\" srcset=\"https:\/\/mind-treats.com\/wp-content\/uploads\/2023\/10\/checkmark_web.png 242w, https:\/\/mind-treats.com\/wp-content\/uploads\/2023\/10\/checkmark_web-100x100.png 100w\" sizes=\"auto, (max-width: 30px) 100vw, 30px\" \/> 100% nat\u00fcrlich und vegan<\/span><\/h4>\n\t<div id=\"gap-1974267746\" class=\"gap-element clearfix\" style=\"display:block; height:auto;\">\n\t\t\n<style>\n#gap-1974267746 {\n  padding-top: 30px;\n}\n<\/style>\n\t<\/div>\n\t\n<div class=\"row icon-row\"  id=\"row-1125720723\">\n\n\t<div id=\"col-1646163218\" class=\"col medium-1\/4 large-3\"  >\n\t\t\t\t<div class=\"col-inner\"  >\n\t\t\t\n\t\t\t\n\n\t\t<div class=\"icon-box featured-box icon-box icon-box-top text-left\"  >\n\t\t\t\t<div class=\"icon-box-text last-reset\">\n\t\t\t\t\t\t\t\t\t\n<p><img loading=\"lazy\" decoding=\"async\" class=\"aligncenter wp-image-5272\" src=\"https:\/\/mind-treats.com\/wp-content\/uploads\/2023\/11\/natural.webp\" alt=\"100% nat\u00fcrlich\" width=\"72\" height=\"72\" srcset=\"https:\/\/mind-treats.com\/wp-content\/uploads\/2023\/11\/natural.webp 195w, https:\/\/mind-treats.com\/wp-content\/uploads\/2023\/11\/natural-100x100.webp 100w\" sizes=\"auto, (max-width: 72px) 100vw, 72px\" \/><\/p>\n<h5 class=\"uppercase\" style=\"text-align: center;\"><span data-text-color=\"secondary\">100% Nat\u00fcrlich und Bio<\/span><\/h5>\n\t\t<\/div>\n\t<\/div>\n\t\n\t\n<p style=\"text-align: left;\">\t\t<\/div>\n\t\t\t\t\t<\/div>\n\n\t\n\n\t<div id=\"col-1901803757\" class=\"col medium-1\/4 large-3\"  >\n\t\t\t\t<div class=\"col-inner\"  >\n\t\t\t\n\t\t\t\n\n\t\t<div class=\"icon-box featured-box icon-box icon-box-top text-left\"  >\n\t\t\t\t<div class=\"icon-box-text last-reset\">\n\t\t\t\t\t\t\t\t\t\n<p><img loading=\"lazy\" decoding=\"async\" class=\"aligncenter wp-image-5263\" src=\"https:\/\/mind-treats.com\/wp-content\/uploads\/2023\/11\/ecofriendly-packaging.webp\" alt=\"umweltfreundliche verpackung erg\u00e4nzungen mikrodosierung tr\u00fcffel bundle set\" width=\"72\" height=\"72\" srcset=\"https:\/\/mind-treats.com\/wp-content\/uploads\/2023\/11\/ecofriendly-packaging.webp 195w, https:\/\/mind-treats.com\/wp-content\/uploads\/2023\/11\/ecofriendly-packaging-100x100.webp 100w\" sizes=\"auto, (max-width: 72px) 100vw, 72px\" \/><\/p>\n<h5 class=\"uppercase\" style=\"text-align: center;\"><span data-text-color=\"secondary\">Nachhaltige Verpackung<\/span><\/h5>\n\t\t<\/div>\n\t<\/div>\n\t\n\t\n\t\t<\/div>\n\t\t\t\t\t<\/div>\n\n\t\n\n\t<div id=\"col-1945776930\" class=\"col medium-1\/4 large-3\"  >\n\t\t\t\t<div class=\"col-inner\"  >\n\t\t\t\n\t\t\t\n\n\t\t<div class=\"icon-box featured-box icon-box icon-box-top text-left\"  >\n\t\t\t\t<div class=\"icon-box-text last-reset\">\n\t\t\t\t\t\t\t\t\t\n<p><img loading=\"lazy\" decoding=\"async\" class=\"wp-image-5281 aligncenter\" src=\"https:\/\/mind-treats.com\/wp-content\/uploads\/2023\/11\/vegan.webp\" alt=\"vegan\" width=\"72\" height=\"72\" srcset=\"https:\/\/mind-treats.com\/wp-content\/uploads\/2023\/11\/vegan.webp 195w, https:\/\/mind-treats.com\/wp-content\/uploads\/2023\/11\/vegan-100x100.webp 100w\" sizes=\"auto, (max-width: 72px) 100vw, 72px\" \/><\/p>\n<h5 class=\"uppercase\" style=\"text-align: center;\"><span data-text-color=\"secondary\">Vegan<\/span><\/h5>\n\t\t<\/div>\n\t<\/div>\n\t\n\t\n\t\t<\/div>\n\t\t\t\t\t<\/div>\n\n\t\n\n\t<div id=\"col-1783955191\" class=\"col medium-1\/4 large-3\"  >\n\t\t\t\t<div class=\"col-inner\"  >\n\t\t\t\n\t\t\t\n\n\t\t<div class=\"icon-box featured-box icon-box icon-box-top text-left\"  >\n\t\t\t\t<div class=\"icon-box-text last-reset\">\n\t\t\t\t\t\t\t\t\t\n<p><img loading=\"lazy\" decoding=\"async\" class=\"aligncenter wp-image-5266\" src=\"https:\/\/mind-treats.com\/wp-content\/uploads\/2023\/11\/free-shipping.webp\" alt=\"schneller und kostenloser Versand Mikrodosierung Erg\u00e4nzungen B\u00fcndel Set\" width=\"72\" height=\"72\" srcset=\"https:\/\/mind-treats.com\/wp-content\/uploads\/2023\/11\/free-shipping.webp 195w, https:\/\/mind-treats.com\/wp-content\/uploads\/2023\/11\/free-shipping-100x100.webp 100w\" sizes=\"auto, (max-width: 72px) 100vw, 72px\" \/><\/p>\n<h5 class=\"uppercase\" style=\"text-align: center;\"><span data-text-color=\"secondary\">Kostenloser Versand ab 55\u20ac<\/span><\/h5>\n\t\t<\/div>\n\t<\/div>\n\t\n\t\n\t\t<\/div>\n\t\t\t\t\t<\/div>\n\n\t\n<\/div>\n<p>&nbsp;<\/p>\n<h4 class=\"uppercase\"><span data-text-color=\"primary\"><strong>Mengenrabatt<\/strong><\/span><\/h4>\n<p>Du kannst <a href=\"https:\/\/mind-treats.com\/de\/produkt-kategorie\/adaptogen\/pflanzliche-erganzungsmittel\/\">PFLANZLICHE ERG\u00c4NZUNGSMITTEL<\/a> kombinieren, um Mengenrabatt zu erhalten!<\/p>\n","protected":false},"featured_media":5765,"template":"","meta":[],"product_brand":[],"product_cat":[88,90,98],"product_tag":[116,118,121],"class_list":{"0":"post-2266","1":"product","2":"type-product","3":"status-publish","4":"has-post-thumbnail","6":"product_cat-adaptogen","7":"product_cat-pflanzliche-erganzungsmittel","8":"product_cat-vitamine-und-erganzungen","9":"product_tag-adaptogene","10":"product_tag-kapseln","11":"product_tag-pflanzliche-erganzungsmittel","13":"first","14":"instock","15":"taxable","16":"shipping-taxable","17":"purchasable","18":"product-type-simple"},"yoast_head":"<!-- This site is optimized with the Yoast SEO plugin v26.4 - https:\/\/yoast.com\/wordpress\/plugins\/seo\/ -->\n<title>Super Greens VITALIT\u00c4T<\/title>\n<meta name=\"description\" content=\"Diese Super-Greens-Kapseln steigern deine Vitalit\u00e4t mit einer nat\u00fcrlichen Mischung aus kraftvollen Gr\u00e4sern, Kr\u00e4utern und Samen. Moringa, Gerstengras, uvm\" \/>\n<meta name=\"robots\" content=\"index, follow, max-snippet:-1, max-image-preview:large, max-video-preview:-1\" \/>\n<link rel=\"canonical\" href=\"https:\/\/mind-treats.com\/de\/produkt\/power-greens-vitalitat\/\" \/>\n<meta property=\"og:locale\" content=\"de_DE\" \/>\n<meta property=\"og:type\" content=\"article\" \/>\n<meta property=\"og:title\" content=\"Super Greens VITALIT\u00c4T\" \/>\n<meta property=\"og:description\" content=\"Diese Super-Greens-Kapseln steigern deine Vitalit\u00e4t mit einer nat\u00fcrlichen Mischung aus kraftvollen Gr\u00e4sern, Kr\u00e4utern und Samen. Moringa, Gerstengras, uvm\" \/>\n<meta property=\"og:url\" content=\"https:\/\/mind-treats.com\/de\/produkt\/power-greens-vitalitat\/\" \/>\n<meta property=\"og:site_name\" content=\"Mind-treats\" \/>\n<meta property=\"article:publisher\" content=\"https:\/\/www.facebook.com\/mind.treats.microdosing\" \/>\n<meta property=\"article:modified_time\" content=\"2026-02-06T16:45:40+00:00\" \/>\n<meta property=\"og:image\" content=\"https:\/\/mind-treats.com\/wp-content\/uploads\/2024\/01\/PG60_capsule_box_GER.webp\" \/>\n\t<meta property=\"og:image:width\" content=\"1000\" \/>\n\t<meta property=\"og:image:height\" content=\"1000\" \/>\n\t<meta property=\"og:image:type\" content=\"image\/webp\" \/>\n<meta name=\"twitter:card\" content=\"summary_large_image\" \/>\n<meta name=\"twitter:label1\" content=\"Gesch\u00e4tzte Lesezeit\" \/>\n\t<meta name=\"twitter:data1\" content=\"3\u00a0Minuten\" \/>\n<script type=\"application\/ld+json\" class=\"yoast-schema-graph\">{\"@context\":\"https:\/\/schema.org\",\"@graph\":[{\"@type\":[\"WebPage\",\"ItemPage\"],\"@id\":\"https:\/\/mind-treats.com\/de\/produkt\/power-greens-vitalitat\/\",\"url\":\"https:\/\/mind-treats.com\/de\/produkt\/power-greens-vitalitat\/\",\"name\":\"Super Greens VITALIT\u00c4T\",\"isPartOf\":{\"@id\":\"https:\/\/mind-treats.com\/de\/#website\"},\"primaryImageOfPage\":{\"@id\":\"https:\/\/mind-treats.com\/de\/produkt\/power-greens-vitalitat\/#primaryimage\"},\"image\":{\"@id\":\"https:\/\/mind-treats.com\/de\/produkt\/power-greens-vitalitat\/#primaryimage\"},\"thumbnailUrl\":\"https:\/\/mind-treats.com\/wp-content\/uploads\/2024\/01\/PG60_capsule_box_GER.webp\",\"datePublished\":\"2023-05-03T09:17:04+00:00\",\"dateModified\":\"2026-02-06T16:45:40+00:00\",\"description\":\"Diese Super-Greens-Kapseln steigern deine Vitalit\u00e4t mit einer nat\u00fcrlichen Mischung aus kraftvollen Gr\u00e4sern, Kr\u00e4utern und Samen. Moringa, Gerstengras, uvm\",\"breadcrumb\":{\"@id\":\"https:\/\/mind-treats.com\/de\/produkt\/power-greens-vitalitat\/#breadcrumb\"},\"inLanguage\":\"de\",\"potentialAction\":[{\"@type\":\"ReadAction\",\"target\":[\"https:\/\/mind-treats.com\/de\/produkt\/power-greens-vitalitat\/\"]}]},{\"@type\":\"ImageObject\",\"inLanguage\":\"de\",\"@id\":\"https:\/\/mind-treats.com\/de\/produkt\/power-greens-vitalitat\/#primaryimage\",\"url\":\"https:\/\/mind-treats.com\/wp-content\/uploads\/2024\/01\/PG60_capsule_box_GER.webp\",\"contentUrl\":\"https:\/\/mind-treats.com\/wp-content\/uploads\/2024\/01\/PG60_capsule_box_GER.webp\",\"width\":1000,\"height\":1000,\"caption\":\"Power-Greens-Kapseln, Super-Greens-Kapseln, Pulververpackungsbox kompostierbar\"},{\"@type\":\"BreadcrumbList\",\"@id\":\"https:\/\/mind-treats.com\/de\/produkt\/power-greens-vitalitat\/#breadcrumb\",\"itemListElement\":[{\"@type\":\"ListItem\",\"position\":1,\"name\":\"Startseite\",\"item\":\"https:\/\/mind-treats.com\/de\/\"},{\"@type\":\"ListItem\",\"position\":2,\"name\":\"Online Shop\",\"item\":\"https:\/\/mind-treats.com\/de\/shop\/\"},{\"@type\":\"ListItem\",\"position\":3,\"name\":\"Adaptogene\",\"item\":\"https:\/\/mind-treats.com\/de\/produkt-kategorie\/adaptogen\/\"},{\"@type\":\"ListItem\",\"position\":4,\"name\":\"Nat\u00fcrliche Erg\u00e4nzungsmittel\",\"item\":\"https:\/\/mind-treats.com\/de\/produkt-kategorie\/adaptogen\/pflanzliche-erganzungsmittel\/\"},{\"@type\":\"ListItem\",\"position\":5,\"name\":\"Power-Greens | VITALITY\"}]},{\"@type\":\"WebSite\",\"@id\":\"https:\/\/mind-treats.com\/de\/#website\",\"url\":\"https:\/\/mind-treats.com\/de\/\",\"name\":\"Mind-treats\",\"description\":\"Treat yourself smart!\",\"publisher\":{\"@id\":\"https:\/\/mind-treats.com\/de\/#organization\"},\"alternateName\":\"Mind treats\",\"potentialAction\":[{\"@type\":\"SearchAction\",\"target\":{\"@type\":\"EntryPoint\",\"urlTemplate\":\"https:\/\/mind-treats.com\/de\/?s={search_term_string}\"},\"query-input\":{\"@type\":\"PropertyValueSpecification\",\"valueRequired\":true,\"valueName\":\"search_term_string\"}}],\"inLanguage\":\"de\"},{\"@type\":\"Organization\",\"@id\":\"https:\/\/mind-treats.com\/de\/#organization\",\"name\":\"Mind treats Microdosing\",\"alternateName\":\"Mind treats\",\"url\":\"https:\/\/mind-treats.com\/de\/\",\"logo\":{\"@type\":\"ImageObject\",\"inLanguage\":\"de\",\"@id\":\"https:\/\/mind-treats.com\/de\/#\/schema\/logo\/image\/\",\"url\":\"https:\/\/mind-treats.com\/wp-content\/uploads\/2023\/08\/mind-treats-logo_round.png\",\"contentUrl\":\"https:\/\/mind-treats.com\/wp-content\/uploads\/2023\/08\/mind-treats-logo_round.png\",\"width\":494,\"height\":494,\"caption\":\"Mind treats Microdosing\"},\"image\":{\"@id\":\"https:\/\/mind-treats.com\/de\/#\/schema\/logo\/image\/\"},\"sameAs\":[\"https:\/\/www.facebook.com\/mind.treats.microdosing\",\"https:\/\/www.instagram.com\/mind.treats\/\"]}]}<\/script>\n<!-- \/ Yoast SEO plugin. -->","yoast_head_json":{"title":"Super Greens VITALIT\u00c4T","description":"Diese Super-Greens-Kapseln steigern deine Vitalit\u00e4t mit einer nat\u00fcrlichen Mischung aus kraftvollen Gr\u00e4sern, Kr\u00e4utern und Samen. Moringa, Gerstengras, uvm","robots":{"index":"index","follow":"follow","max-snippet":"max-snippet:-1","max-image-preview":"max-image-preview:large","max-video-preview":"max-video-preview:-1"},"canonical":"https:\/\/mind-treats.com\/de\/produkt\/power-greens-vitalitat\/","og_locale":"de_DE","og_type":"article","og_title":"Super Greens VITALIT\u00c4T","og_description":"Diese Super-Greens-Kapseln steigern deine Vitalit\u00e4t mit einer nat\u00fcrlichen Mischung aus kraftvollen Gr\u00e4sern, Kr\u00e4utern und Samen. Moringa, Gerstengras, uvm","og_url":"https:\/\/mind-treats.com\/de\/produkt\/power-greens-vitalitat\/","og_site_name":"Mind-treats","article_publisher":"https:\/\/www.facebook.com\/mind.treats.microdosing","article_modified_time":"2026-02-06T16:45:40+00:00","og_image":[{"width":1000,"height":1000,"url":"https:\/\/mind-treats.com\/wp-content\/uploads\/2024\/01\/PG60_capsule_box_GER.webp","type":"image\/webp"}],"twitter_card":"summary_large_image","twitter_misc":{"Gesch\u00e4tzte Lesezeit":"3\u00a0Minuten"},"schema":{"@context":"https:\/\/schema.org","@graph":[{"@type":["WebPage","ItemPage"],"@id":"https:\/\/mind-treats.com\/de\/produkt\/power-greens-vitalitat\/","url":"https:\/\/mind-treats.com\/de\/produkt\/power-greens-vitalitat\/","name":"Super Greens VITALIT\u00c4T","isPartOf":{"@id":"https:\/\/mind-treats.com\/de\/#website"},"primaryImageOfPage":{"@id":"https:\/\/mind-treats.com\/de\/produkt\/power-greens-vitalitat\/#primaryimage"},"image":{"@id":"https:\/\/mind-treats.com\/de\/produkt\/power-greens-vitalitat\/#primaryimage"},"thumbnailUrl":"https:\/\/mind-treats.com\/wp-content\/uploads\/2024\/01\/PG60_capsule_box_GER.webp","datePublished":"2023-05-03T09:17:04+00:00","dateModified":"2026-02-06T16:45:40+00:00","description":"Diese Super-Greens-Kapseln steigern deine Vitalit\u00e4t mit einer nat\u00fcrlichen Mischung aus kraftvollen Gr\u00e4sern, Kr\u00e4utern und Samen. Moringa, Gerstengras, uvm","breadcrumb":{"@id":"https:\/\/mind-treats.com\/de\/produkt\/power-greens-vitalitat\/#breadcrumb"},"inLanguage":"de","potentialAction":[{"@type":"ReadAction","target":["https:\/\/mind-treats.com\/de\/produkt\/power-greens-vitalitat\/"]}]},{"@type":"ImageObject","inLanguage":"de","@id":"https:\/\/mind-treats.com\/de\/produkt\/power-greens-vitalitat\/#primaryimage","url":"https:\/\/mind-treats.com\/wp-content\/uploads\/2024\/01\/PG60_capsule_box_GER.webp","contentUrl":"https:\/\/mind-treats.com\/wp-content\/uploads\/2024\/01\/PG60_capsule_box_GER.webp","width":1000,"height":1000,"caption":"Power-Greens-Kapseln, Super-Greens-Kapseln, Pulververpackungsbox kompostierbar"},{"@type":"BreadcrumbList","@id":"https:\/\/mind-treats.com\/de\/produkt\/power-greens-vitalitat\/#breadcrumb","itemListElement":[{"@type":"ListItem","position":1,"name":"Startseite","item":"https:\/\/mind-treats.com\/de\/"},{"@type":"ListItem","position":2,"name":"Online Shop","item":"https:\/\/mind-treats.com\/de\/shop\/"},{"@type":"ListItem","position":3,"name":"Adaptogene","item":"https:\/\/mind-treats.com\/de\/produkt-kategorie\/adaptogen\/"},{"@type":"ListItem","position":4,"name":"Nat\u00fcrliche Erg\u00e4nzungsmittel","item":"https:\/\/mind-treats.com\/de\/produkt-kategorie\/adaptogen\/pflanzliche-erganzungsmittel\/"},{"@type":"ListItem","position":5,"name":"Power-Greens | VITALITY"}]},{"@type":"WebSite","@id":"https:\/\/mind-treats.com\/de\/#website","url":"https:\/\/mind-treats.com\/de\/","name":"Mind-treats","description":"Treat yourself smart!","publisher":{"@id":"https:\/\/mind-treats.com\/de\/#organization"},"alternateName":"Mind treats","potentialAction":[{"@type":"SearchAction","target":{"@type":"EntryPoint","urlTemplate":"https:\/\/mind-treats.com\/de\/?s={search_term_string}"},"query-input":{"@type":"PropertyValueSpecification","valueRequired":true,"valueName":"search_term_string"}}],"inLanguage":"de"},{"@type":"Organization","@id":"https:\/\/mind-treats.com\/de\/#organization","name":"Mind treats Microdosing","alternateName":"Mind treats","url":"https:\/\/mind-treats.com\/de\/","logo":{"@type":"ImageObject","inLanguage":"de","@id":"https:\/\/mind-treats.com\/de\/#\/schema\/logo\/image\/","url":"https:\/\/mind-treats.com\/wp-content\/uploads\/2023\/08\/mind-treats-logo_round.png","contentUrl":"https:\/\/mind-treats.com\/wp-content\/uploads\/2023\/08\/mind-treats-logo_round.png","width":494,"height":494,"caption":"Mind treats Microdosing"},"image":{"@id":"https:\/\/mind-treats.com\/de\/#\/schema\/logo\/image\/"},"sameAs":["https:\/\/www.facebook.com\/mind.treats.microdosing","https:\/\/www.instagram.com\/mind.treats\/"]}]}},"_links":{"self":[{"href":"https:\/\/mind-treats.com\/de\/wp-json\/wp\/v2\/product\/2266","targetHints":{"allow":["GET"]}}],"collection":[{"href":"https:\/\/mind-treats.com\/de\/wp-json\/wp\/v2\/product"}],"about":[{"href":"https:\/\/mind-treats.com\/de\/wp-json\/wp\/v2\/types\/product"}],"wp:featuredmedia":[{"embeddable":true,"href":"https:\/\/mind-treats.com\/de\/wp-json\/wp\/v2\/media\/5765"}],"wp:attachment":[{"href":"https:\/\/mind-treats.com\/de\/wp-json\/wp\/v2\/media?parent=2266"}],"wp:term":[{"taxonomy":"product_brand","embeddable":true,"href":"https:\/\/mind-treats.com\/de\/wp-json\/wp\/v2\/product_brand?post=2266"},{"taxonomy":"product_cat","embeddable":true,"href":"https:\/\/mind-treats.com\/de\/wp-json\/wp\/v2\/product_cat?post=2266"},{"taxonomy":"product_tag","embeddable":true,"href":"https:\/\/mind-treats.com\/de\/wp-json\/wp\/v2\/product_tag?post=2266"}],"curies":[{"name":"wp","href":"https:\/\/api.w.org\/{rel}","templated":true}]}}