{"id":2249,"date":"2023-05-03T11:14:47","date_gmt":"2023-05-03T09:14:47","guid":{"rendered":"https:\/\/mind-treats.com\/product\/lions-mane-focus\/"},"modified":"2026-02-06T17:45:44","modified_gmt":"2026-02-06T16:45:44","slug":"lions-mane-focus","status":"publish","type":"product","link":"https:\/\/mind-treats.com\/de\/produkt\/lions-mane-focus\/","title":{"rendered":"Lion&#8217;s Mane | FOCUS"},"content":{"rendered":"<h2><span data-text-color=\"primary\">Lion&#8217;s Mane | FOKUS\u00a0<\/span><\/h2>\n<h3 class=\"uppercase\">Entfalte dein kognitives Potenzial!<\/h3>\n<p>Der L\u00f6wenm\u00e4hnenpilz wird im deutschen auch Igel-Stachelbart genannt (eng. Lion&#8217;s Mane). Es ist ein einzigartiger Pilz mit einem charakteristischen Erscheinungsbild. Er bietet eine Vielzahl potenzieller gesundheitlicher Vorteile. Tats\u00e4chlich wurde der Igel-Stachelbart mit einer verbesserten kognitiven Funktion in Verbindung gebracht, einschlie\u00dflich einer Steigerung von Ged\u00e4chtnis und Fokus. Das macht es zu einer beliebten Wahl f\u00fcr diejenigen, die geistige Klarheit und Sch\u00e4rfe suchen.<\/p>\n<h4 class=\"uppercase\">mentale Klarheit auf ganz nat\u00fcrliche Weise<\/h4>\n<p>Jede Igel-Stachelbart Kapsel enth\u00e4lt 350 mg reinen Extrakt, welcher schonend und sorgf\u00e4ltig aus den Fruchtk\u00f6rpern des L\u00f6wenm\u00e4hnenpilzes gewonnen wird. Lion&#8217;s Mane ist f\u00fcr seine Eigenschaften bekannt kognitive F\u00e4higkeiten zu unterst\u00fctzen und zu erweitern. Mit einem beeindruckenden Extraktverh\u00e4ltnis von 12:1 erh\u00e4ltst du eine konzentrierte Dosis dieses nat\u00fcrlichen kognitiven Verst\u00e4rkers. Unsere Kapseln erg\u00e4nzen den L\u00f6wenm\u00e4hnenpilz mit 20 mg Acerola-Extrakt. Diese nat\u00fcrliche Quelle von <a href=\"https:\/\/mind-treats.com\/de\/ernahrungsstudien\/\">Vitamin C<\/a> unterst\u00fctzt nicht nur das Immunsystem, sondern erh\u00f6ht auch die Bioverf\u00fcgbarkeit des Pilzes. Dies stellt sicher, dass du den maximalen Nutzen aus jeder Kapsel ziehen kannst.<\/p>\n<p><span style=\"font-weight: 400;\">Die empfohlene Dosis betr\u00e4gt 2 Kapseln pro Tag. <\/span><\/p>\n<p>Jahrhundertelang haben verschiedene traditionelle Medizinsysteme diesen Pilz, <a href=\"https:\/\/en.wikipedia.org\/wiki\/Hericium_erinaceus\">Hericium erinaceus<\/a>, gefeiert und ihn hoch gesch\u00e4tzt f\u00fcr seine F\u00e4higkeit, das Ged\u00e4chtnis, die Konzentration und die allgemeine kognitive Funktion zu st\u00e4rken. Wenn du Lion&#8217;s Mane in deinen Alltag integrierst, findest du vielleicht den Schl\u00fcssel, um dein geistiges Potenzial zu entfalten und den Herausforderungen des modernen Lebens mit gr\u00f6\u00dferer Klarheit und Sch\u00e4rfe zu begegnen.<\/p>\n<h4 class=\"uppercase\">achtsam und sorgf\u00e4ltig hergestellt<\/h4>\n<p>Dein Wohlbefinden und die Umwelt haben f\u00fcr uns Priorit\u00e4t. Daher haben wir unsere Kapseln aus HPMC hergestellt, einer pflanzlichen Alternative zu herk\u00f6mmlichen Gelatinekapseln. Diese Wahl gew\u00e4hrleistet, dass jeder die Vorteile der Lion&#8217;s Mane | FOKUS Kapseln nutzen kann. Au\u00dferdem wird unser Engagement f\u00fcr Nachhaltigkeit durch unsere Verpackung weiter betont \u2013 die Produktverpackung besteht aus Graskarton und kompostierbaren Etiketten.<\/p>\n<p>Beginne deine Reise zu verbesserter geistiger Gesundheit mit <a href=\"https:\/\/mind-treats.com\/de\/produkt\/lions-mane-focus\/\">Lion&#8217;s Mane | FOKUS<\/a> und entdecke die Klarheit, den Fokus und die geistige Vitalit\u00e4t, die du gesucht hast. Entscheide dich f\u00fcr einen nat\u00fcrlichen Ansatz zur F\u00f6rderung deiner geistigen Gesundheit, denn ein sch\u00e4rferer Verstand f\u00fchrt zu einem aktiveren Leben.<\/p>\n<p>Bei Mind-treats fertigen und verpacken wir jedes Produkt sorgf\u00e4ltig mit umweltfreundlichen Materialien. Uns liegen Mensch und Natur am Herzen.<\/p>\n<p>Verpackungsdetails:<\/p>\n<p><img loading=\"lazy\" decoding=\"async\" class=\"alignnone wp-image-5334\" src=\"https:\/\/mind-treats.com\/wp-content\/uploads\/2023\/05\/EN13432-250x250.webp\" alt=\"kompostierbar\" width=\"60\" height=\"60\" srcset=\"https:\/\/mind-treats.com\/wp-content\/uploads\/2023\/05\/EN13432-250x250.webp 250w, https:\/\/mind-treats.com\/wp-content\/uploads\/2023\/05\/EN13432-300x300.webp 300w, https:\/\/mind-treats.com\/wp-content\/uploads\/2023\/05\/EN13432-100x100.webp 100w, https:\/\/mind-treats.com\/wp-content\/uploads\/2023\/05\/EN13432.webp 331w\" sizes=\"auto, (max-width: 60px) 100vw, 60px\" \/> <img loading=\"lazy\" decoding=\"async\" class=\"alignnone wp-image-5325\" src=\"https:\/\/mind-treats.com\/wp-content\/uploads\/2023\/05\/PET-250x250.webp\" alt=\"Pet\" width=\"60\" height=\"60\" srcset=\"https:\/\/mind-treats.com\/wp-content\/uploads\/2023\/05\/PET-250x250.webp 250w, https:\/\/mind-treats.com\/wp-content\/uploads\/2023\/05\/PET-300x300.webp 300w, https:\/\/mind-treats.com\/wp-content\/uploads\/2023\/05\/PET-100x100.webp 100w, https:\/\/mind-treats.com\/wp-content\/uploads\/2023\/05\/PET.webp 331w\" sizes=\"auto, (max-width: 60px) 100vw, 60px\" \/><img loading=\"lazy\" decoding=\"async\" class=\"alignnone wp-image-5328\" style=\"font-size: 14.4px;\" src=\"https:\/\/mind-treats.com\/wp-content\/uploads\/2023\/05\/ALU-250x250.webp\" alt=\"\" width=\"60\" height=\"60\" srcset=\"https:\/\/mind-treats.com\/wp-content\/uploads\/2023\/05\/ALU-250x250.webp 250w, https:\/\/mind-treats.com\/wp-content\/uploads\/2023\/05\/ALU-300x300.webp 300w, https:\/\/mind-treats.com\/wp-content\/uploads\/2023\/05\/ALU-100x100.webp 100w, https:\/\/mind-treats.com\/wp-content\/uploads\/2023\/05\/ALU.webp 331w\" sizes=\"auto, (max-width: 60px) 100vw, 60px\" \/><\/p>\n","protected":false},"excerpt":{"rendered":"<p>Erlebe gesteigerte geistige Klarheit und gesch\u00e4rfte Konzentration mit den leistungsstarken Lion&#8217;s Mane | FOKUS Kapseln. Mit 60 pflanzlichen Kapseln pro Flasche haben wir dieses Produkt sorgf\u00e4ltig entwickelt, um den Bed\u00fcrfnissen derjenigen zu entsprechen, die ihrer geistigen Gesundheit Priorit\u00e4t einr\u00e4umen.<\/p>\n<h4 data-wp-editing=\"1\"><span data-text-color=\"success\"><img loading=\"lazy\" decoding=\"async\" class=\"alignnone wp-image-4392\" src=\"https:\/\/mind-treats.com\/wp-content\/uploads\/2023\/10\/checkmark_web.png\" alt=\"\" width=\"30\" height=\"30\" srcset=\"https:\/\/mind-treats.com\/wp-content\/uploads\/2023\/10\/checkmark_web.png 242w, https:\/\/mind-treats.com\/wp-content\/uploads\/2023\/10\/checkmark_web-100x100.png 100w\" sizes=\"auto, (max-width: 30px) 100vw, 30px\" \/> Verbesserung der kognitiven F\u00e4higkeiten &#8211; unterst\u00fctzt den Neuro-Wachstums-Faktor.<\/span><\/h4>\n<h4 data-wp-editing=\"1\"><span data-text-color=\"success\"><img loading=\"lazy\" decoding=\"async\" class=\"alignnone wp-image-4392\" src=\"https:\/\/mind-treats.com\/wp-content\/uploads\/2023\/10\/checkmark_web.png\" alt=\"\" width=\"30\" height=\"30\" srcset=\"https:\/\/mind-treats.com\/wp-content\/uploads\/2023\/10\/checkmark_web.png 242w, https:\/\/mind-treats.com\/wp-content\/uploads\/2023\/10\/checkmark_web-100x100.png 100w\" sizes=\"auto, (max-width: 30px) 100vw, 30px\" \/> Unterst\u00fctzt Fokus und mentale Klarheit<\/span><\/h4>\n<h4 data-wp-editing=\"1\"><span data-text-color=\"success\"><img loading=\"lazy\" decoding=\"async\" class=\"alignnone wp-image-4392\" src=\"https:\/\/mind-treats.com\/wp-content\/uploads\/2023\/10\/checkmark_web.png\" alt=\"\" width=\"30\" height=\"30\" srcset=\"https:\/\/mind-treats.com\/wp-content\/uploads\/2023\/10\/checkmark_web.png 242w, https:\/\/mind-treats.com\/wp-content\/uploads\/2023\/10\/checkmark_web-100x100.png 100w\" sizes=\"auto, (max-width: 30px) 100vw, 30px\" \/> min. 30% Polysaccharide<\/span><\/h4>\n\t<div id=\"gap-1088885789\" class=\"gap-element clearfix\" style=\"display:block; height:auto;\">\n\t\t\n<style>\n#gap-1088885789 {\n  padding-top: 30px;\n}\n<\/style>\n\t<\/div>\n\t\n<div>\n<div class=\"row icon-row\"  id=\"row-1003234993\">\n\n\t<div id=\"col-1282210063\" class=\"col medium-1\/4 large-3\"  >\n\t\t\t\t<div class=\"col-inner\"  >\n\t\t\t\n\t\t\t\n\n\t\t<div class=\"icon-box featured-box icon-box icon-box-top text-left\"  >\n\t\t\t\t<div class=\"icon-box-text last-reset\">\n\t\t\t\t\t\t\t\t\t\n<p><img loading=\"lazy\" decoding=\"async\" class=\"aligncenter wp-image-5272\" src=\"https:\/\/mind-treats.com\/wp-content\/uploads\/2023\/11\/natural.webp\" alt=\"100% nat\u00fcrlich\" width=\"72\" height=\"72\" srcset=\"https:\/\/mind-treats.com\/wp-content\/uploads\/2023\/11\/natural.webp 195w, https:\/\/mind-treats.com\/wp-content\/uploads\/2023\/11\/natural-100x100.webp 100w\" sizes=\"auto, (max-width: 72px) 100vw, 72px\" \/><\/p>\n<h5 class=\"uppercase\" style=\"text-align: center;\"><span data-text-color=\"secondary\">100% Nat\u00fcrlich und Bio<\/span><\/h5>\n\t\t<\/div>\n\t<\/div>\n\t\n\t\n<p style=\"text-align: left;\">\t\t<\/div>\n\t\t\t\t\t<\/div>\n\n\t\n\n\t<div id=\"col-1956896808\" class=\"col medium-1\/4 large-3\"  >\n\t\t\t\t<div class=\"col-inner\"  >\n\t\t\t\n\t\t\t\n\n\t\t<div class=\"icon-box featured-box icon-box icon-box-top text-left\"  >\n\t\t\t\t<div class=\"icon-box-text last-reset\">\n\t\t\t\t\t\t\t\t\t\n<p><img loading=\"lazy\" decoding=\"async\" class=\"aligncenter wp-image-5263\" src=\"https:\/\/mind-treats.com\/wp-content\/uploads\/2023\/11\/ecofriendly-packaging.webp\" alt=\"umweltfreundliche verpackung erg\u00e4nzungen mikrodosierung tr\u00fcffel bundle set\" width=\"72\" height=\"72\" srcset=\"https:\/\/mind-treats.com\/wp-content\/uploads\/2023\/11\/ecofriendly-packaging.webp 195w, https:\/\/mind-treats.com\/wp-content\/uploads\/2023\/11\/ecofriendly-packaging-100x100.webp 100w\" sizes=\"auto, (max-width: 72px) 100vw, 72px\" \/><\/p>\n<h5 class=\"uppercase\" style=\"text-align: center;\"><span data-text-color=\"secondary\">Nachhaltige Verpackung<\/span><\/h5>\n\t\t<\/div>\n\t<\/div>\n\t\n\t\n\t\t<\/div>\n\t\t\t\t\t<\/div>\n\n\t\n\n\t<div id=\"col-748261514\" class=\"col medium-1\/4 large-3\"  >\n\t\t\t\t<div class=\"col-inner\"  >\n\t\t\t\n\t\t\t\n\n\t\t<div class=\"icon-box featured-box icon-box icon-box-top text-left\"  >\n\t\t\t\t<div class=\"icon-box-text last-reset\">\n\t\t\t\t\t\t\t\t\t\n<p><img loading=\"lazy\" decoding=\"async\" class=\"aligncenter wp-image-5281\" src=\"https:\/\/mind-treats.com\/wp-content\/uploads\/2023\/11\/vegan.webp\" alt=\"vegan\" width=\"72\" height=\"72\" srcset=\"https:\/\/mind-treats.com\/wp-content\/uploads\/2023\/11\/vegan.webp 195w, https:\/\/mind-treats.com\/wp-content\/uploads\/2023\/11\/vegan-100x100.webp 100w\" sizes=\"auto, (max-width: 72px) 100vw, 72px\" \/><\/p>\n<h5 class=\"uppercase\" style=\"text-align: center;\"><span data-text-color=\"secondary\">Vegan<\/span><\/h5>\n\t\t<\/div>\n\t<\/div>\n\t\n\t\n\t\t<\/div>\n\t\t\t\t\t<\/div>\n\n\t\n\n\t<div id=\"col-1660580193\" class=\"col medium-1\/4 large-3\"  >\n\t\t\t\t<div class=\"col-inner\"  >\n\t\t\t\n\t\t\t\n\n\t\t<div class=\"icon-box featured-box icon-box icon-box-top text-left\"  >\n\t\t\t\t<div class=\"icon-box-text last-reset\">\n\t\t\t\t\t\t\t\t\t\n<p><img loading=\"lazy\" decoding=\"async\" class=\"wp-image-5266 aligncenter\" src=\"https:\/\/mind-treats.com\/wp-content\/uploads\/2023\/11\/free-shipping.webp\" alt=\"schneller und kostenloser Versand Mikrodosierung Erg\u00e4nzungen B\u00fcndel Set\" width=\"72\" height=\"72\" srcset=\"https:\/\/mind-treats.com\/wp-content\/uploads\/2023\/11\/free-shipping.webp 195w, https:\/\/mind-treats.com\/wp-content\/uploads\/2023\/11\/free-shipping-100x100.webp 100w\" sizes=\"auto, (max-width: 72px) 100vw, 72px\" \/><\/p>\n<h5 class=\"uppercase\" style=\"text-align: center;\"><span data-text-color=\"secondary\">Kostenloser Versand ab 55\u20ac<\/span><\/h5>\n\t\t<\/div>\n\t<\/div>\n\t\n\t\n\t\t<\/div>\n\t\t\t\t\t<\/div>\n\n\t\n<\/div>\n<p>&nbsp;<\/p>\n<\/div>\n<h4 class=\"uppercase\"><span data-text-color=\"primary\"><strong>Mengenrabatt<\/strong><\/span><\/h4>\n<p>Du kannst <a href=\"https:\/\/mind-treats.com\/de\/produkt-kategorie\/adaptogen\/\">MYCOLOGY<\/a>-Produkte kombinieren, um Mengenrabatt zu erhalten!<\/p>\n","protected":false},"featured_media":5777,"template":"","meta":[],"product_brand":[],"product_cat":[88,92,98],"product_tag":[120,118,160],"class_list":{"0":"post-2249","1":"product","2":"type-product","3":"status-publish","4":"has-post-thumbnail","6":"product_cat-adaptogen","7":"product_cat-funktionelle-pilze","8":"product_cat-vitamine-und-erganzungen","9":"product_tag-funktioneller-pilz","10":"product_tag-kapseln","11":"product_tag-lions-mane-de","13":"first","14":"instock","15":"taxable","16":"shipping-taxable","17":"purchasable","18":"product-type-simple"},"yoast_head":"<!-- This site is optimized with the Yoast SEO plugin v26.4 - https:\/\/yoast.com\/wordpress\/plugins\/seo\/ -->\n<title>Lion&#039;s Mane FOKUS | Sch\u00e4rfe deinen Fokus auf nat\u00fcrliche Weise!<\/title>\n<meta name=\"description\" content=\"Starte deinen Tag mit Klarheit und Fokus! Steigere die Konzentration und mentale Klarheit auf ganz nat\u00fcrliche Weise mit Igel-Stachelbart Kapseln.\" \/>\n<meta name=\"robots\" content=\"index, follow, max-snippet:-1, max-image-preview:large, max-video-preview:-1\" \/>\n<link rel=\"canonical\" href=\"https:\/\/mind-treats.com\/de\/produkt\/lions-mane-focus\/\" \/>\n<meta property=\"og:locale\" content=\"de_DE\" \/>\n<meta property=\"og:type\" content=\"article\" \/>\n<meta property=\"og:title\" content=\"Lion&#039;s Mane FOKUS | Sch\u00e4rfe deinen Fokus auf nat\u00fcrliche Weise!\" \/>\n<meta property=\"og:description\" content=\"Starte deinen Tag mit Klarheit und Fokus! Steigere die Konzentration und mentale Klarheit auf ganz nat\u00fcrliche Weise mit Igel-Stachelbart Kapseln.\" \/>\n<meta property=\"og:url\" content=\"https:\/\/mind-treats.com\/de\/produkt\/lions-mane-focus\/\" \/>\n<meta property=\"og:site_name\" content=\"Mind-treats\" \/>\n<meta property=\"article:publisher\" content=\"https:\/\/www.facebook.com\/mind.treats.microdosing\" \/>\n<meta property=\"article:modified_time\" content=\"2026-02-06T16:45:44+00:00\" \/>\n<meta property=\"og:image\" content=\"https:\/\/mind-treats.com\/wp-content\/uploads\/2024\/01\/LM60_capsule_box_GER.webp\" \/>\n\t<meta property=\"og:image:width\" content=\"1000\" \/>\n\t<meta property=\"og:image:height\" content=\"1000\" \/>\n\t<meta property=\"og:image:type\" content=\"image\/webp\" \/>\n<meta name=\"twitter:card\" content=\"summary_large_image\" \/>\n<meta name=\"twitter:label1\" content=\"Gesch\u00e4tzte Lesezeit\" \/>\n\t<meta name=\"twitter:data1\" content=\"3\u00a0Minuten\" \/>\n<script type=\"application\/ld+json\" class=\"yoast-schema-graph\">{\"@context\":\"https:\/\/schema.org\",\"@graph\":[{\"@type\":[\"WebPage\",\"ItemPage\"],\"@id\":\"https:\/\/mind-treats.com\/de\/produkt\/lions-mane-focus\/\",\"url\":\"https:\/\/mind-treats.com\/de\/produkt\/lions-mane-focus\/\",\"name\":\"Lion's Mane FOKUS | Sch\u00e4rfe deinen Fokus auf nat\u00fcrliche Weise!\",\"isPartOf\":{\"@id\":\"https:\/\/mind-treats.com\/de\/#website\"},\"primaryImageOfPage\":{\"@id\":\"https:\/\/mind-treats.com\/de\/produkt\/lions-mane-focus\/#primaryimage\"},\"image\":{\"@id\":\"https:\/\/mind-treats.com\/de\/produkt\/lions-mane-focus\/#primaryimage\"},\"thumbnailUrl\":\"https:\/\/mind-treats.com\/wp-content\/uploads\/2024\/01\/LM60_capsule_box_GER.webp\",\"datePublished\":\"2023-05-03T09:14:47+00:00\",\"dateModified\":\"2026-02-06T16:45:44+00:00\",\"description\":\"Starte deinen Tag mit Klarheit und Fokus! Steigere die Konzentration und mentale Klarheit auf ganz nat\u00fcrliche Weise mit Igel-Stachelbart Kapseln.\",\"breadcrumb\":{\"@id\":\"https:\/\/mind-treats.com\/de\/produkt\/lions-mane-focus\/#breadcrumb\"},\"inLanguage\":\"de\",\"potentialAction\":[{\"@type\":\"ReadAction\",\"target\":[\"https:\/\/mind-treats.com\/de\/produkt\/lions-mane-focus\/\"]}]},{\"@type\":\"ImageObject\",\"inLanguage\":\"de\",\"@id\":\"https:\/\/mind-treats.com\/de\/produkt\/lions-mane-focus\/#primaryimage\",\"url\":\"https:\/\/mind-treats.com\/wp-content\/uploads\/2024\/01\/LM60_capsule_box_GER.webp\",\"contentUrl\":\"https:\/\/mind-treats.com\/wp-content\/uploads\/2024\/01\/LM60_capsule_box_GER.webp\",\"width\":1000,\"height\":1000,\"caption\":\"hericium erinaceus, igel-stachelbart focus mind 30% polyscchariden box kompostierbar vegane kapseln\"},{\"@type\":\"BreadcrumbList\",\"@id\":\"https:\/\/mind-treats.com\/de\/produkt\/lions-mane-focus\/#breadcrumb\",\"itemListElement\":[{\"@type\":\"ListItem\",\"position\":1,\"name\":\"Startseite\",\"item\":\"https:\/\/mind-treats.com\/de\/\"},{\"@type\":\"ListItem\",\"position\":2,\"name\":\"Online Shop\",\"item\":\"https:\/\/mind-treats.com\/de\/shop\/\"},{\"@type\":\"ListItem\",\"position\":3,\"name\":\"Adaptogene\",\"item\":\"https:\/\/mind-treats.com\/de\/produkt-kategorie\/adaptogen\/\"},{\"@type\":\"ListItem\",\"position\":4,\"name\":\"Mycology\",\"item\":\"https:\/\/mind-treats.com\/de\/produkt-kategorie\/adaptogen\/funktionelle-pilze\/\"},{\"@type\":\"ListItem\",\"position\":5,\"name\":\"Lion&#8217;s Mane | FOCUS\"}]},{\"@type\":\"WebSite\",\"@id\":\"https:\/\/mind-treats.com\/de\/#website\",\"url\":\"https:\/\/mind-treats.com\/de\/\",\"name\":\"Mind-treats\",\"description\":\"Treat yourself smart!\",\"publisher\":{\"@id\":\"https:\/\/mind-treats.com\/de\/#organization\"},\"alternateName\":\"Mind treats\",\"potentialAction\":[{\"@type\":\"SearchAction\",\"target\":{\"@type\":\"EntryPoint\",\"urlTemplate\":\"https:\/\/mind-treats.com\/de\/?s={search_term_string}\"},\"query-input\":{\"@type\":\"PropertyValueSpecification\",\"valueRequired\":true,\"valueName\":\"search_term_string\"}}],\"inLanguage\":\"de\"},{\"@type\":\"Organization\",\"@id\":\"https:\/\/mind-treats.com\/de\/#organization\",\"name\":\"Mind treats Microdosing\",\"alternateName\":\"Mind treats\",\"url\":\"https:\/\/mind-treats.com\/de\/\",\"logo\":{\"@type\":\"ImageObject\",\"inLanguage\":\"de\",\"@id\":\"https:\/\/mind-treats.com\/de\/#\/schema\/logo\/image\/\",\"url\":\"https:\/\/mind-treats.com\/wp-content\/uploads\/2023\/08\/mind-treats-logo_round.png\",\"contentUrl\":\"https:\/\/mind-treats.com\/wp-content\/uploads\/2023\/08\/mind-treats-logo_round.png\",\"width\":494,\"height\":494,\"caption\":\"Mind treats Microdosing\"},\"image\":{\"@id\":\"https:\/\/mind-treats.com\/de\/#\/schema\/logo\/image\/\"},\"sameAs\":[\"https:\/\/www.facebook.com\/mind.treats.microdosing\",\"https:\/\/www.instagram.com\/mind.treats\/\"]}]}<\/script>\n<!-- \/ Yoast SEO plugin. -->","yoast_head_json":{"title":"Lion's Mane FOKUS | Sch\u00e4rfe deinen Fokus auf nat\u00fcrliche Weise!","description":"Starte deinen Tag mit Klarheit und Fokus! Steigere die Konzentration und mentale Klarheit auf ganz nat\u00fcrliche Weise mit Igel-Stachelbart Kapseln.","robots":{"index":"index","follow":"follow","max-snippet":"max-snippet:-1","max-image-preview":"max-image-preview:large","max-video-preview":"max-video-preview:-1"},"canonical":"https:\/\/mind-treats.com\/de\/produkt\/lions-mane-focus\/","og_locale":"de_DE","og_type":"article","og_title":"Lion's Mane FOKUS | Sch\u00e4rfe deinen Fokus auf nat\u00fcrliche Weise!","og_description":"Starte deinen Tag mit Klarheit und Fokus! Steigere die Konzentration und mentale Klarheit auf ganz nat\u00fcrliche Weise mit Igel-Stachelbart Kapseln.","og_url":"https:\/\/mind-treats.com\/de\/produkt\/lions-mane-focus\/","og_site_name":"Mind-treats","article_publisher":"https:\/\/www.facebook.com\/mind.treats.microdosing","article_modified_time":"2026-02-06T16:45:44+00:00","og_image":[{"width":1000,"height":1000,"url":"https:\/\/mind-treats.com\/wp-content\/uploads\/2024\/01\/LM60_capsule_box_GER.webp","type":"image\/webp"}],"twitter_card":"summary_large_image","twitter_misc":{"Gesch\u00e4tzte Lesezeit":"3\u00a0Minuten"},"schema":{"@context":"https:\/\/schema.org","@graph":[{"@type":["WebPage","ItemPage"],"@id":"https:\/\/mind-treats.com\/de\/produkt\/lions-mane-focus\/","url":"https:\/\/mind-treats.com\/de\/produkt\/lions-mane-focus\/","name":"Lion's Mane FOKUS | Sch\u00e4rfe deinen Fokus auf nat\u00fcrliche Weise!","isPartOf":{"@id":"https:\/\/mind-treats.com\/de\/#website"},"primaryImageOfPage":{"@id":"https:\/\/mind-treats.com\/de\/produkt\/lions-mane-focus\/#primaryimage"},"image":{"@id":"https:\/\/mind-treats.com\/de\/produkt\/lions-mane-focus\/#primaryimage"},"thumbnailUrl":"https:\/\/mind-treats.com\/wp-content\/uploads\/2024\/01\/LM60_capsule_box_GER.webp","datePublished":"2023-05-03T09:14:47+00:00","dateModified":"2026-02-06T16:45:44+00:00","description":"Starte deinen Tag mit Klarheit und Fokus! Steigere die Konzentration und mentale Klarheit auf ganz nat\u00fcrliche Weise mit Igel-Stachelbart Kapseln.","breadcrumb":{"@id":"https:\/\/mind-treats.com\/de\/produkt\/lions-mane-focus\/#breadcrumb"},"inLanguage":"de","potentialAction":[{"@type":"ReadAction","target":["https:\/\/mind-treats.com\/de\/produkt\/lions-mane-focus\/"]}]},{"@type":"ImageObject","inLanguage":"de","@id":"https:\/\/mind-treats.com\/de\/produkt\/lions-mane-focus\/#primaryimage","url":"https:\/\/mind-treats.com\/wp-content\/uploads\/2024\/01\/LM60_capsule_box_GER.webp","contentUrl":"https:\/\/mind-treats.com\/wp-content\/uploads\/2024\/01\/LM60_capsule_box_GER.webp","width":1000,"height":1000,"caption":"hericium erinaceus, igel-stachelbart focus mind 30% polyscchariden box kompostierbar vegane kapseln"},{"@type":"BreadcrumbList","@id":"https:\/\/mind-treats.com\/de\/produkt\/lions-mane-focus\/#breadcrumb","itemListElement":[{"@type":"ListItem","position":1,"name":"Startseite","item":"https:\/\/mind-treats.com\/de\/"},{"@type":"ListItem","position":2,"name":"Online Shop","item":"https:\/\/mind-treats.com\/de\/shop\/"},{"@type":"ListItem","position":3,"name":"Adaptogene","item":"https:\/\/mind-treats.com\/de\/produkt-kategorie\/adaptogen\/"},{"@type":"ListItem","position":4,"name":"Mycology","item":"https:\/\/mind-treats.com\/de\/produkt-kategorie\/adaptogen\/funktionelle-pilze\/"},{"@type":"ListItem","position":5,"name":"Lion&#8217;s Mane | FOCUS"}]},{"@type":"WebSite","@id":"https:\/\/mind-treats.com\/de\/#website","url":"https:\/\/mind-treats.com\/de\/","name":"Mind-treats","description":"Treat yourself smart!","publisher":{"@id":"https:\/\/mind-treats.com\/de\/#organization"},"alternateName":"Mind treats","potentialAction":[{"@type":"SearchAction","target":{"@type":"EntryPoint","urlTemplate":"https:\/\/mind-treats.com\/de\/?s={search_term_string}"},"query-input":{"@type":"PropertyValueSpecification","valueRequired":true,"valueName":"search_term_string"}}],"inLanguage":"de"},{"@type":"Organization","@id":"https:\/\/mind-treats.com\/de\/#organization","name":"Mind treats Microdosing","alternateName":"Mind treats","url":"https:\/\/mind-treats.com\/de\/","logo":{"@type":"ImageObject","inLanguage":"de","@id":"https:\/\/mind-treats.com\/de\/#\/schema\/logo\/image\/","url":"https:\/\/mind-treats.com\/wp-content\/uploads\/2023\/08\/mind-treats-logo_round.png","contentUrl":"https:\/\/mind-treats.com\/wp-content\/uploads\/2023\/08\/mind-treats-logo_round.png","width":494,"height":494,"caption":"Mind treats Microdosing"},"image":{"@id":"https:\/\/mind-treats.com\/de\/#\/schema\/logo\/image\/"},"sameAs":["https:\/\/www.facebook.com\/mind.treats.microdosing","https:\/\/www.instagram.com\/mind.treats\/"]}]}},"_links":{"self":[{"href":"https:\/\/mind-treats.com\/de\/wp-json\/wp\/v2\/product\/2249","targetHints":{"allow":["GET"]}}],"collection":[{"href":"https:\/\/mind-treats.com\/de\/wp-json\/wp\/v2\/product"}],"about":[{"href":"https:\/\/mind-treats.com\/de\/wp-json\/wp\/v2\/types\/product"}],"wp:featuredmedia":[{"embeddable":true,"href":"https:\/\/mind-treats.com\/de\/wp-json\/wp\/v2\/media\/5777"}],"wp:attachment":[{"href":"https:\/\/mind-treats.com\/de\/wp-json\/wp\/v2\/media?parent=2249"}],"wp:term":[{"taxonomy":"product_brand","embeddable":true,"href":"https:\/\/mind-treats.com\/de\/wp-json\/wp\/v2\/product_brand?post=2249"},{"taxonomy":"product_cat","embeddable":true,"href":"https:\/\/mind-treats.com\/de\/wp-json\/wp\/v2\/product_cat?post=2249"},{"taxonomy":"product_tag","embeddable":true,"href":"https:\/\/mind-treats.com\/de\/wp-json\/wp\/v2\/product_tag?post=2249"}],"curies":[{"name":"wp","href":"https:\/\/api.w.org\/{rel}","templated":true}]}}