{"id":2586,"date":"2023-05-11T13:17:24","date_gmt":"2023-05-11T11:17:24","guid":{"rendered":"https:\/\/mind-treats.com\/cookie-richtlinie\/"},"modified":"2023-10-06T15:36:02","modified_gmt":"2023-10-06T13:36:02","slug":"cookie-richtlinie","status":"publish","type":"page","link":"https:\/\/mind-treats.com\/de\/cookie-richtlinie\/","title":{"rendered":"Cookie Richtlinie"},"content":{"rendered":"\n<div class=\"row\"  id=\"row-1580380146\">\n\n\n\t<div id=\"col-1904857767\" class=\"col small-12 large-12\"  >\n\t\t\t\t<div class=\"col-inner\"  >\n\t\t\t\n\t\t\t\n\n\t<div id=\"text-523712138\" class=\"text\">\n\t\t\n\n<h1>Cookie Richtlinie<\/h1>\n\t\t\n<style>\n#text-523712138 {\n  font-size: 1.5rem;\n  text-align: center;\n}\n<\/style>\n\t<\/div>\n\t\n<p><i>Diese Cookie-Richtlinie wurde zuletzt am 27. August 2023 aktualisiert und gilt f\u00fcr B\u00fcrger und rechtm\u00e4\u00dfige st\u00e4ndige Einwohner des Europ\u00e4ischen Wirtschaftsraums und der Schweiz.<\/i><\/p>\n<h2>1. Einleitung<\/h2>\n<p>Unsere Webseite,&nbsp;<a href=\"https:\/\/mind-treats.com\/de\/\">https:\/\/mind-treats.com<\/a>&nbsp;(im Folgenden: &#8222;die Website&#8220;) verwendet Cookies und andere verwandte Technologien (zur Vereinfachung werden alle Technologien als &#8222;Cookies&#8220; bezeichnet). Cookies werden auch von Dritten platziert, mit denen wir zusammenarbeiten. In dem folgenden Dokument informieren wir Sie \u00fcber die Verwendung von Cookies auf unserer Website.<\/p>\n<h2>2. Was sind Cookies?<\/h2>\n<p>Ein Cookie ist eine kleine, einfache Datei, die zusammen mit den Seiten dieser Website gesendet wird und von Ihrem Browser auf der Festplatte Ihres Computers oder einem anderen Ger\u00e4t gespeichert wird. Die darin gespeicherten Informationen k\u00f6nnen bei einem sp\u00e4teren Besuch an unsere Server oder an die Server der entsprechenden Drittanbieter zur\u00fcckgesendet werden.<\/p>\n<h2>3. Was ist ein Script?<\/h2>\n<p>Ein Skript ist ein St\u00fcck Programmcode, das verwendet wird, um sicherzustellen, dass unsere Website ordnungsgem\u00e4\u00df und interaktiv funktioniert. Dieser Code wird auf unserem Server oder auf Ihrem Ger\u00e4t ausgef\u00fchrt.<\/p>\n<h2>4. Was ist ein Web Beacon?<\/h2>\n<p>Ein Web-Beacon (oder ein Pixel-Tag) ist ein kleines, unsichtbares Text- oder Bildst\u00fcck auf einer Website, das dazu verwendet wird, den Datenverkehr auf einer Website zu \u00fcberwachen. Um dies zu erreichen, werden verschiedene Daten \u00fcber Sie mithilfe von Web-Beacons gespeichert.<\/p>\n<h2>5. Cookies<\/h2>\n<p class=\"cmplz-subtitle\">5.1 Technische oder funktionale Cookies<\/p>\n<p>Einige Cookies stellen sicher, dass bestimmte Teile der Website ordnungsgem\u00e4\u00df funktionieren und dass Ihre Benutzervorlieben bekannt bleiben. Durch das Platzieren von funktionalen Cookies erleichtern wir Ihnen den Besuch unserer Website. Auf diese Weise m\u00fcssen Sie nicht wiederholt die gleichen Informationen eingeben, wenn Sie unsere Website besuchen, und beispielsweise bleiben die Artikel in Ihrem Warenkorb, bis Sie bezahlt haben. Wir k\u00f6nnen diese Cookies ohne Ihre Zustimmung platzieren.<\/p>\n<p class=\"cmplz-subtitle\">5.2 Statistik Cookies<\/p>\n<p>Wir verwenden Statistik-Cookies, um das Website-Erlebnis f\u00fcr unsere Benutzer zu optimieren. Mit diesen Statistik-Cookies erhalten wir Einblicke in die Nutzung unserer Website. &nbsp;Wir bitten um Ihre Erlaubnis, Statistik-Cookies zu platzieren.<\/p>\n<h2>6. Platzierte Cookies<\/h2>\n<div id=\"cmplz-cookies-overview\"><details class=\"cmplz-dropdown cmplz-service-desc cmplz-dropdown-cookiepolicy \">\n<div>\n<h3>WooCommerce<\/h3>\n<p>Essentiell Die Cookies von WooCommerce sind f\u00fcr die Nutzung des Shops unerl\u00e4sslich. Das Einkaufen auf unserer Website ist nicht in voller Funktion m\u00f6glich, wenn Sie die Cookies von WooCommerce ablehnen.<\/p>\n<p><label class=\"cmplz_consent_per_service_label\" for=\"cmplz_service_woocommerce\"><span class=\"screen-reader-text\">Zustimmung zur Nutzung von WooCommerce-Diensten<\/span><\/label><\/p>\n<\/div>\n<\/details><details class=\"cmplz-dropdown cmplz-service-desc cmplz-dropdown-cookiepolicy \">\n<div>\n<h3>WordPress<\/h3>\n<p>Pr\u00e4ferenzen, funktionale Cookies.<\/p>\n<p><label class=\"cmplz_consent_per_service_label\" for=\"cmplz_service_wordpress\"><span class=\"screen-reader-text\">Zustimmung zur Nutzung von WordPress-Diensten<\/span><\/label><\/p>\n<\/div>\n<\/details><details class=\"cmplz-dropdown cmplz-service-desc cmplz-dropdown-cookiepolicy \">\n<div>\n<h3>MailChimp<\/h3>\n<p>Cookies von MailChimp sind funktional und dienen Marketingzwecken sowie statistischen Zwecken.<\/p>\n<p><label class=\"cmplz_consent_per_service_label\" for=\"cmplz_service_mailchimp\"><span class=\"screen-reader-text\">Zustimmung zur Nutzung von MailChimp-Diensten<\/span><\/label><\/p>\n<\/div>\n<\/details><details class=\"cmplz-dropdown cmplz-service-desc cmplz-dropdown-cookiepolicy \">\n<div>\n<h3>Google Analytics<\/h3>\n<p>Cookies von Google Analytics sind funktional und dienen Marketingzwecken sowie statistischen Zwecken.<\/p>\n<p><label class=\"cmplz_consent_per_service_label\" for=\"cmplz_service_mailchimp\"><span class=\"screen-reader-text\">Zustimmung zur Nutzung von Google Analytics-Diensten<br><\/span><\/label><\/p>\n<\/div>\n<\/details><\/div>\n<details class=\"cmplz-dropdown cmplz-service-desc cmplz-dropdown-cookiepolicy \">\n<div>\n<h3>Youtube<\/h3>\n<p>Youtube-Cookies sind funktional und erm\u00f6glichen Ihnen das Ansehen von Youtube-Videos, die in unsere Website eingebettet sind.<\/p>\n<p><label class=\"cmplz_consent_per_service_label\" for=\"cmplz_service_mailchimp\"><span class=\"screen-reader-text\">Zustimmung zur Nutzung von Youtube-Diensten<\/span><\/label><\/p>\n<\/div>\n<\/details>\n<h2>&nbsp;<\/h2>\n<h2>7. Zustimmung<\/h2>\n<p>Wenn Sie unsere Website zum ersten Mal besuchen, wird Ihnen ein Pop-up-Fenster mit einer Erkl\u00e4rung zu Cookies angezeigt. Sobald Sie auf &#8222;Einstellungen speichern&#8220; klicken, erkl\u00e4ren Sie sich damit einverstanden, dass wir die Kategorien von Cookies und Plug-ins verwenden, die Sie in dem Pop-up-Fenster ausgew\u00e4hlt haben, wie in dieser Cookie-Richtlinie beschrieben. Sie k\u00f6nnen die Verwendung von Cookies \u00fcber Ihren Browser deaktivieren, aber beachten Sie bitte, dass unsere Website dann m\u00f6glicherweise nicht mehr richtig funktioniert.<\/p>\n<p class=\"cmplz-subtitle\">7.1 Verwalten Sie Ihre Einwilligungseinstellungen<\/p>\n<div id=\"cmplz-manage-consent-container\" class=\"cmplz-manage-consent-container\">Wir haben ein Datenschutzsignal von Ihrem Browser erhalten. Aus diesem Grund haben wir Ihre Datenschutzeinstellungen auf dieser Website auf &#8222;unbedingt erforderlich&#8220; eingestellt. Wenn Sie die volle Funktionalit\u00e4t nutzen m\u00f6chten, sollten Sie https:\/\/mind-treats.com aus Ihren Datenschutzeinstellungen ausschlie\u00dfen.<\/div>\n<div>&nbsp;<\/div>\n<h2 class=\"cmplz-manage-consent-container\">8. Aktivieren\/Deaktivieren und L\u00f6schen von Cookies<\/h2>\n<p>Sie k\u00f6nnen Ihren Internet-Browser verwenden, um Cookies automatisch oder manuell zu l\u00f6schen. Sie k\u00f6nnen auch festlegen, dass bestimmte Cookies nicht gesetzt werden d\u00fcrfen. Eine weitere M\u00f6glichkeit besteht darin, die Einstellungen Ihres Internetbrowsers so zu \u00e4ndern, dass Sie jedes Mal eine Meldung erhalten, wenn ein Cookie gesetzt wird. Weitere Informationen zu diesen Optionen finden Sie in den Anweisungen im Hilfebereich Ihres Browsers.<\/p>\n<p>Bitte beachten Sie, dass unsere Website m\u00f6glicherweise nicht richtig funktioniert, wenn alle Cookies deaktiviert sind. Wenn Sie die Cookies in Ihrem Browser l\u00f6schen, werden sie nach Ihrem Einverst\u00e4ndnis bei einem erneuten Besuch unserer Website erneut gesetzt.<\/p>\n<h2>9. Ihre Rechte in Bezug auf personenbezogene Daten<\/h2>\n<p>Sie haben die folgenden Rechte in Bezug auf Ihre pers\u00f6nlichen Daten:<\/p>\n<ul>\n<li>Sie haben das Recht zu erfahren, wozu Ihre personenbezogenen Daten ben\u00f6tigt werden, was mit ihnen geschieht und wie lange sie gespeichert werden.<\/li>\n<li>Recht auf Zugang: Sie haben das Recht, auf Ihre uns bekannten personenbezogenen Daten zuzugreifen.<\/li>\n<li>Recht auf Berichtigung: Sie haben das Recht, Ihre personenbezogenen Daten zu erg\u00e4nzen, zu berichtigen, l\u00f6schen oder sperren zu lassen, wann immer Sie dies w\u00fcnschen.<\/li>\n<li>Wenn Sie uns Ihre Einwilligung zur Verarbeitung Ihrer Daten gegeben haben, haben Sie das Recht, diese Einwilligung zu widerrufen und Ihre personenbezogenen Daten l\u00f6schen zu lassen.<\/li>\n<li>Recht auf Daten\u00fcbertragbarkeit: Sie haben das Recht, alle Ihre personenbezogenen Daten von dem f\u00fcr die Verarbeitung Verantwortlichen anzufordern und sie in ihrer Gesamtheit an einen anderen f\u00fcr die Verarbeitung Verantwortlichen zu \u00fcbertragen.<\/li>\n<li>Widerspruchsrecht: Sie k\u00f6nnen der Verarbeitung Ihrer Daten widersprechen. Daran halten wir uns, es sei denn, es liegen berechtigte Gr\u00fcnde f\u00fcr die Verarbeitung vor.<\/li>\n<\/ul>\n<p>Um diese Rechte auszu\u00fcben, wenden Sie sich bitte an uns. Bitte beachten Sie die Kontaktinformationen am Ende dieser Cookie-Richtlinie. Wenn Sie sich dar\u00fcber beschweren m\u00f6chten, wie wir Ihre Daten behandeln, w\u00fcrden wir gerne von Ihnen h\u00f6ren, aber Sie haben auch das Recht, eine Beschwerde bei der Aufsichtsbeh\u00f6rde (der Datenschutzbeh\u00f6rde) einzureichen.<\/p>\n<h2>10. Kontaktdaten<\/h2>\n<p>Wenn Sie Fragen und\/oder Anmerkungen zu unserer Cookie-Richtlinie und dieser Erkl\u00e4rung haben, wenden Sie sich bitte an uns unter den folgenden Kontaktdaten:<\/p>\n<p><span class=\"cmplz-contact-address\">Marterkoog 7b<br>1822BK Alkmaar<br>The Netherlands<\/span><br><br>Webseite:&nbsp;<span class=\"cmplz-contact-domain\"><a href=\"https:\/\/mind-treats.com\/de\/\">https:\/\/mind-treats.com<\/a><\/span><br>Email:&nbsp;<span class=\"cmplz-contact-email\"><span class=\"cmplz-obfuscate\">office@ljk.9e7.myftpupload.com<\/span><\/span><\/p>\n<p>Diese Cookie-Richtlinie wurde synchronisiert mit&nbsp;<a href=\"https:\/\/cookiedatabase.org\/\" target=\"_blank\" rel=\"noopener\">cookiedatabase.org<\/a>&nbsp;am Mai 11, 2023.<\/p>\n\n\t\t<\/div>\n\t\t\t\t\t<\/div>\n\n\t\n\n\n<style>\n#row-1580380146 > .col > .col-inner {\n  padding: 66px 0px 0px 0px;\n}\n<\/style>\n<\/div>\n","protected":false},"excerpt":{"rendered":"","protected":false},"author":1,"featured_media":0,"parent":0,"menu_order":0,"comment_status":"closed","ping_status":"closed","template":"","meta":{"footnotes":""},"class_list":["post-2586","page","type-page","status-publish","hentry"],"yoast_head":"<!-- This site is optimized with the Yoast SEO plugin v26.4 - https:\/\/yoast.com\/wordpress\/plugins\/seo\/ -->\n<title>Cookie Richtlinie | Mind-treats<\/title>\n<meta name=\"robots\" content=\"noindex, nofollow\" \/>\n<meta property=\"og:locale\" content=\"de_DE\" \/>\n<meta property=\"og:type\" content=\"article\" \/>\n<meta property=\"og:title\" content=\"Cookie Richtlinie | Mind-treats\" \/>\n<meta property=\"og:url\" content=\"https:\/\/mind-treats.com\/de\/cookie-richtlinie\/\" \/>\n<meta property=\"og:site_name\" content=\"Mind-treats\" \/>\n<meta property=\"article:publisher\" content=\"https:\/\/www.facebook.com\/mind.treats.microdosing\" \/>\n<meta property=\"article:modified_time\" content=\"2023-10-06T13:36:02+00:00\" \/>\n<meta name=\"twitter:card\" content=\"summary_large_image\" \/>\n<meta name=\"twitter:label1\" content=\"Gesch\u00e4tzte Lesezeit\" \/>\n\t<meta name=\"twitter:data1\" content=\"5\u00a0Minuten\" \/>\n<script type=\"application\/ld+json\" class=\"yoast-schema-graph\">{\"@context\":\"https:\/\/schema.org\",\"@graph\":[{\"@type\":\"WebPage\",\"@id\":\"https:\/\/mind-treats.com\/de\/cookie-richtlinie\/\",\"url\":\"https:\/\/mind-treats.com\/de\/cookie-richtlinie\/\",\"name\":\"Cookie Richtlinie | Mind-treats\",\"isPartOf\":{\"@id\":\"https:\/\/mind-treats.com\/de\/#website\"},\"datePublished\":\"2023-05-11T11:17:24+00:00\",\"dateModified\":\"2023-10-06T13:36:02+00:00\",\"breadcrumb\":{\"@id\":\"https:\/\/mind-treats.com\/de\/cookie-richtlinie\/#breadcrumb\"},\"inLanguage\":\"de\",\"potentialAction\":[{\"@type\":\"ReadAction\",\"target\":[\"https:\/\/mind-treats.com\/de\/cookie-richtlinie\/\"]}]},{\"@type\":\"BreadcrumbList\",\"@id\":\"https:\/\/mind-treats.com\/de\/cookie-richtlinie\/#breadcrumb\",\"itemListElement\":[{\"@type\":\"ListItem\",\"position\":1,\"name\":\"Startseite\",\"item\":\"https:\/\/mind-treats.com\/de\/\"},{\"@type\":\"ListItem\",\"position\":2,\"name\":\"Cookie Richtlinie\"}]},{\"@type\":\"WebSite\",\"@id\":\"https:\/\/mind-treats.com\/de\/#website\",\"url\":\"https:\/\/mind-treats.com\/de\/\",\"name\":\"Mind-treats\",\"description\":\"Treat yourself smart!\",\"publisher\":{\"@id\":\"https:\/\/mind-treats.com\/de\/#organization\"},\"alternateName\":\"Mind treats\",\"potentialAction\":[{\"@type\":\"SearchAction\",\"target\":{\"@type\":\"EntryPoint\",\"urlTemplate\":\"https:\/\/mind-treats.com\/de\/?s={search_term_string}\"},\"query-input\":{\"@type\":\"PropertyValueSpecification\",\"valueRequired\":true,\"valueName\":\"search_term_string\"}}],\"inLanguage\":\"de\"},{\"@type\":\"Organization\",\"@id\":\"https:\/\/mind-treats.com\/de\/#organization\",\"name\":\"Mind treats Microdosing\",\"alternateName\":\"Mind treats\",\"url\":\"https:\/\/mind-treats.com\/de\/\",\"logo\":{\"@type\":\"ImageObject\",\"inLanguage\":\"de\",\"@id\":\"https:\/\/mind-treats.com\/de\/#\/schema\/logo\/image\/\",\"url\":\"https:\/\/mind-treats.com\/wp-content\/uploads\/2023\/08\/mind-treats-logo_round.png\",\"contentUrl\":\"https:\/\/mind-treats.com\/wp-content\/uploads\/2023\/08\/mind-treats-logo_round.png\",\"width\":494,\"height\":494,\"caption\":\"Mind treats Microdosing\"},\"image\":{\"@id\":\"https:\/\/mind-treats.com\/de\/#\/schema\/logo\/image\/\"},\"sameAs\":[\"https:\/\/www.facebook.com\/mind.treats.microdosing\",\"https:\/\/www.instagram.com\/mind.treats\/\"]}]}<\/script>\n<!-- \/ Yoast SEO plugin. -->","yoast_head_json":{"title":"Cookie Richtlinie | Mind-treats","robots":{"index":"noindex","follow":"nofollow"},"og_locale":"de_DE","og_type":"article","og_title":"Cookie Richtlinie | Mind-treats","og_url":"https:\/\/mind-treats.com\/de\/cookie-richtlinie\/","og_site_name":"Mind-treats","article_publisher":"https:\/\/www.facebook.com\/mind.treats.microdosing","article_modified_time":"2023-10-06T13:36:02+00:00","twitter_card":"summary_large_image","twitter_misc":{"Gesch\u00e4tzte Lesezeit":"5\u00a0Minuten"},"schema":{"@context":"https:\/\/schema.org","@graph":[{"@type":"WebPage","@id":"https:\/\/mind-treats.com\/de\/cookie-richtlinie\/","url":"https:\/\/mind-treats.com\/de\/cookie-richtlinie\/","name":"Cookie Richtlinie | Mind-treats","isPartOf":{"@id":"https:\/\/mind-treats.com\/de\/#website"},"datePublished":"2023-05-11T11:17:24+00:00","dateModified":"2023-10-06T13:36:02+00:00","breadcrumb":{"@id":"https:\/\/mind-treats.com\/de\/cookie-richtlinie\/#breadcrumb"},"inLanguage":"de","potentialAction":[{"@type":"ReadAction","target":["https:\/\/mind-treats.com\/de\/cookie-richtlinie\/"]}]},{"@type":"BreadcrumbList","@id":"https:\/\/mind-treats.com\/de\/cookie-richtlinie\/#breadcrumb","itemListElement":[{"@type":"ListItem","position":1,"name":"Startseite","item":"https:\/\/mind-treats.com\/de\/"},{"@type":"ListItem","position":2,"name":"Cookie Richtlinie"}]},{"@type":"WebSite","@id":"https:\/\/mind-treats.com\/de\/#website","url":"https:\/\/mind-treats.com\/de\/","name":"Mind-treats","description":"Treat yourself smart!","publisher":{"@id":"https:\/\/mind-treats.com\/de\/#organization"},"alternateName":"Mind treats","potentialAction":[{"@type":"SearchAction","target":{"@type":"EntryPoint","urlTemplate":"https:\/\/mind-treats.com\/de\/?s={search_term_string}"},"query-input":{"@type":"PropertyValueSpecification","valueRequired":true,"valueName":"search_term_string"}}],"inLanguage":"de"},{"@type":"Organization","@id":"https:\/\/mind-treats.com\/de\/#organization","name":"Mind treats Microdosing","alternateName":"Mind treats","url":"https:\/\/mind-treats.com\/de\/","logo":{"@type":"ImageObject","inLanguage":"de","@id":"https:\/\/mind-treats.com\/de\/#\/schema\/logo\/image\/","url":"https:\/\/mind-treats.com\/wp-content\/uploads\/2023\/08\/mind-treats-logo_round.png","contentUrl":"https:\/\/mind-treats.com\/wp-content\/uploads\/2023\/08\/mind-treats-logo_round.png","width":494,"height":494,"caption":"Mind treats Microdosing"},"image":{"@id":"https:\/\/mind-treats.com\/de\/#\/schema\/logo\/image\/"},"sameAs":["https:\/\/www.facebook.com\/mind.treats.microdosing","https:\/\/www.instagram.com\/mind.treats\/"]}]}},"_links":{"self":[{"href":"https:\/\/mind-treats.com\/de\/wp-json\/wp\/v2\/pages\/2586","targetHints":{"allow":["GET"]}}],"collection":[{"href":"https:\/\/mind-treats.com\/de\/wp-json\/wp\/v2\/pages"}],"about":[{"href":"https:\/\/mind-treats.com\/de\/wp-json\/wp\/v2\/types\/page"}],"author":[{"embeddable":true,"href":"https:\/\/mind-treats.com\/de\/wp-json\/wp\/v2\/users\/1"}],"replies":[{"embeddable":true,"href":"https:\/\/mind-treats.com\/de\/wp-json\/wp\/v2\/comments?post=2586"}],"version-history":[{"count":4,"href":"https:\/\/mind-treats.com\/de\/wp-json\/wp\/v2\/pages\/2586\/revisions"}],"predecessor-version":[{"id":3931,"href":"https:\/\/mind-treats.com\/de\/wp-json\/wp\/v2\/pages\/2586\/revisions\/3931"}],"wp:attachment":[{"href":"https:\/\/mind-treats.com\/de\/wp-json\/wp\/v2\/media?parent=2586"}],"curies":[{"name":"wp","href":"https:\/\/api.w.org\/{rel}","templated":true}]}}