{"id":2537,"date":"2023-05-04T08:29:19","date_gmt":"2023-05-04T06:29:19","guid":{"rendered":"https:\/\/mind-treats.com\/zahlung-und-versand\/"},"modified":"2024-01-09T19:14:30","modified_gmt":"2024-01-09T18:14:30","slug":"zahlung-und-versand","status":"publish","type":"page","link":"https:\/\/mind-treats.com\/de\/zahlung-und-versand\/","title":{"rendered":"Zahlung und Versand"},"content":{"rendered":"\n<div class=\"row\"  id=\"row-79105212\">\n\n\n\t<div id=\"col-1808948074\" class=\"col small-12 large-12\"  >\n\t\t\t\t<div class=\"col-inner\"  >\n\t\t\t\n\t\t\t\n\n\t<div id=\"gap-1900198001\" class=\"gap-element clearfix\" style=\"display:block; height:auto;\">\n\t\t\n<style>\n#gap-1900198001 {\n  padding-top: 66px;\n}\n<\/style>\n\t<\/div>\n\t\n\n\t<div id=\"text-2074862235\" class=\"text\">\n\t\t\n\n<h1>Zahlung und Versand<\/h1>\n\t\t\n<style>\n#text-2074862235 {\n  font-size: 1.5rem;\n  text-align: center;\n}\n<\/style>\n\t<\/div>\n\t\n<h2>Zahlung<\/h2>\n<p>Wir nehmen folgende Zahlungen an:<\/p>\n<div class=\"row align-bottom\"  id=\"row-374136167\">\n\n\n\t<div id=\"col-251116214\" class=\"col medium-3 small-6 large-3\"  >\n\t\t\t\t<div class=\"col-inner text-center\"  >\n\t\t\t\n\t\t\t\n\n\n\t\t<div class=\"icon-box featured-box icon-box-top text-left\"  >\n\t\t\t\t\t<div class=\"icon-box-img\" style=\"width: 60px\">\n\t\t\t\t<div class=\"icon\">\n\t\t\t\t\t<div class=\"icon-inner\" >\n\t\t\t\t\t\t<img loading=\"lazy\" decoding=\"async\" width=\"300\" height=\"300\" src=\"https:\/\/mind-treats.com\/wp-content\/uploads\/2023\/05\/ideal-logo-1024-300x300.png\" class=\"attachment-medium size-medium\" alt=\"\" srcset=\"https:\/\/mind-treats.com\/wp-content\/uploads\/2023\/05\/ideal-logo-1024-300x300.png 300w, https:\/\/mind-treats.com\/wp-content\/uploads\/2023\/05\/ideal-logo-1024-100x100.png 100w, https:\/\/mind-treats.com\/wp-content\/uploads\/2023\/05\/ideal-logo-1024-1000x1000.png 1000w, https:\/\/mind-treats.com\/wp-content\/uploads\/2023\/05\/ideal-logo-1024-1024x1024.png 1024w, https:\/\/mind-treats.com\/wp-content\/uploads\/2023\/05\/ideal-logo-1024-150x150.png 150w, https:\/\/mind-treats.com\/wp-content\/uploads\/2023\/05\/ideal-logo-1024-768x768.png 768w, https:\/\/mind-treats.com\/wp-content\/uploads\/2023\/05\/ideal-logo-1024.png 1040w\" sizes=\"auto, (max-width: 300px) 100vw, 300px\" \/>\t\t\t\t\t<\/div>\n\t\t\t\t<\/div>\n\t\t\t<\/div>\n\t\t\t\t<div class=\"icon-box-text last-reset\">\n\t\t\t\t\t\t\t\t\t\n\n\t<div id=\"text-2757445469\" class=\"text\">\n\t\t\n\n<h3><span data-text-color=\"primary\">iDeal<\/span><\/h3>\n\t\t\n<style>\n#text-2757445469 {\n  text-align: center;\n}\n<\/style>\n\t<\/div>\n\t\n\n\t\t<\/div>\n\t<\/div>\n\t\n\t\n\n\t\t<\/div>\n\t\t\t\t\t<\/div>\n\n\t\n\n\t<div id=\"col-2139736501\" class=\"col medium-3 small-6 large-3\"  >\n\t\t\t\t<div class=\"col-inner text-center\"  >\n\t\t\t\n\t\t\t\n\n\n\t\t<div class=\"icon-box featured-box icon-box-top text-left\"  >\n\t\t\t\t\t<div class=\"icon-box-img\" style=\"width: 109px\">\n\t\t\t\t<div class=\"icon\">\n\t\t\t\t\t<div class=\"icon-inner\" >\n\t\t\t\t\t\t<img loading=\"lazy\" decoding=\"async\" width=\"300\" height=\"162\" src=\"https:\/\/mind-treats.com\/wp-content\/uploads\/2023\/05\/sofort-banking-300x162.png\" class=\"attachment-medium size-medium\" alt=\"\" srcset=\"https:\/\/mind-treats.com\/wp-content\/uploads\/2023\/05\/sofort-banking-300x162.png 300w, https:\/\/mind-treats.com\/wp-content\/uploads\/2023\/05\/sofort-banking.png 502w\" sizes=\"auto, (max-width: 300px) 100vw, 300px\" \/>\t\t\t\t\t<\/div>\n\t\t\t\t<\/div>\n\t\t\t<\/div>\n\t\t\t\t<div class=\"icon-box-text last-reset\">\n\t\t\t\t\t\t\t\t\t\n\n\t<div id=\"text-4059601789\" class=\"text\">\n\t\t\n\n<h3><span data-text-color=\"primary\">SOFORT Banking<\/span><\/h3>\n\t\t\n<style>\n#text-4059601789 {\n  text-align: center;\n}\n<\/style>\n\t<\/div>\n\t\n\n\t\t<\/div>\n\t<\/div>\n\t\n\t\n\n\t\t<\/div>\n\t\t\t\t\t<\/div>\n\n\t\n\n\t<div id=\"col-1040626112\" class=\"col medium-3 small-6 large-3\"  >\n\t\t\t\t<div class=\"col-inner text-center\"  >\n\t\t\t\n\t\t\t\n\n\n\t\t<div class=\"icon-box featured-box icon-box-top text-left\"  >\n\t\t\t\t\t<div class=\"icon-box-img\" style=\"width: 74px\">\n\t\t\t\t<div class=\"icon\">\n\t\t\t\t\t<div class=\"icon-inner\" >\n\t\t\t\t\t\t<img loading=\"lazy\" decoding=\"async\" width=\"269\" height=\"173\" src=\"https:\/\/mind-treats.com\/wp-content\/uploads\/2023\/05\/320pxbancontact_logosvg-edited-1677688399994.webp\" class=\"attachment-medium size-medium\" alt=\"\" \/>\t\t\t\t\t<\/div>\n\t\t\t\t<\/div>\n\t\t\t<\/div>\n\t\t\t\t<div class=\"icon-box-text last-reset\">\n\t\t\t\t\t\t\t\t\t\n\n\t<div id=\"text-1939401824\" class=\"text\">\n\t\t\n\n<h3><span data-text-color=\"primary\">Bancontact<\/span><\/h3>\n\t\t\n<style>\n#text-1939401824 {\n  text-align: center;\n}\n<\/style>\n\t<\/div>\n\t\n\n\t\t<\/div>\n\t<\/div>\n\t\n\t\n\n\t\t<\/div>\n\t\t\t\t\t<\/div>\n\n\t\n\n\t<div id=\"col-728765546\" class=\"col medium-3 small-6 large-3\"  >\n\t\t\t\t<div class=\"col-inner text-center\"  >\n\t\t\t\n\t\t\t\n\n\n\t\t<div class=\"icon-box featured-box icon-box-top text-left\"  >\n\t\t\t\t\t<div class=\"icon-box-img\" style=\"width: 74px\">\n\t\t\t\t<div class=\"icon\">\n\t\t\t\t\t<div class=\"icon-inner\" >\n\t\t\t\t\t\t<img loading=\"lazy\" decoding=\"async\" width=\"300\" height=\"138\" src=\"https:\/\/mind-treats.com\/wp-content\/uploads\/2023\/05\/800px-giropaysvg-1677682658215-300x138.webp\" class=\"attachment-medium size-medium\" alt=\"\" srcset=\"https:\/\/mind-treats.com\/wp-content\/uploads\/2023\/05\/800px-giropaysvg-1677682658215-300x138.webp 300w, https:\/\/mind-treats.com\/wp-content\/uploads\/2023\/05\/800px-giropaysvg-1677682658215-600x277.webp 600w, https:\/\/mind-treats.com\/wp-content\/uploads\/2023\/05\/800px-giropaysvg-1677682658215-768x354.webp 768w, https:\/\/mind-treats.com\/wp-content\/uploads\/2023\/05\/800px-giropaysvg-1677682658215.webp 800w\" sizes=\"auto, (max-width: 300px) 100vw, 300px\" \/>\t\t\t\t\t<\/div>\n\t\t\t\t<\/div>\n\t\t\t<\/div>\n\t\t\t\t<div class=\"icon-box-text last-reset\">\n\t\t\t\t\t\t\t\t\t\n\n\t<div id=\"text-1592949925\" class=\"text\">\n\t\t\n\n<h3><span data-text-color=\"primary\">GiroPay<\/span><\/h3>\n\t\t\n<style>\n#text-1592949925 {\n  text-align: center;\n}\n<\/style>\n\t<\/div>\n\t\n\n\t\t<\/div>\n\t<\/div>\n\t\n\t\n\n\t\t<\/div>\n\t\t\t\t\t<\/div>\n\n\t\n\n\t<div id=\"col-1816838591\" class=\"col medium-3 small-12 large-3\"  >\n\t\t\t\t<div class=\"col-inner text-center\"  >\n\t\t\t\n\t\t\t\n\n\n\t\t<div class=\"icon-box featured-box icon-box-center text-center\"  >\n\t\t\t\t\t<div class=\"icon-box-img\" style=\"width: 74px\">\n\t\t\t\t<div class=\"icon\">\n\t\t\t\t\t<div class=\"icon-inner\" >\n\t\t\t\t\t\t<img loading=\"lazy\" decoding=\"async\" width=\"300\" height=\"208\" src=\"https:\/\/mind-treats.com\/wp-content\/uploads\/2023\/05\/Wire-TRansfer-e1683639162291-300x208.png\" class=\"attachment-medium size-medium\" alt=\"\" srcset=\"https:\/\/mind-treats.com\/wp-content\/uploads\/2023\/05\/Wire-TRansfer-e1683639162291-300x208.png 300w, https:\/\/mind-treats.com\/wp-content\/uploads\/2023\/05\/Wire-TRansfer-e1683639162291.png 512w\" sizes=\"auto, (max-width: 300px) 100vw, 300px\" \/>\t\t\t\t\t<\/div>\n\t\t\t\t<\/div>\n\t\t\t<\/div>\n\t\t\t\t<div class=\"icon-box-text last-reset\">\n\t\t\t\t\t\t\t\t\t\n\n\t<div id=\"text-864331442\" class=\"text\">\n\t\t\n\n<h3><span data-text-color=\"primary\">Manuelle Bank\u00fcberweisung<\/span><\/h3>\n\t\t\n<style>\n#text-864331442 {\n  text-align: center;\n}\n<\/style>\n\t<\/div>\n\t\n\n\t\t<\/div>\n\t<\/div>\n\t\n\t\n\n\t\t<\/div>\n\t\t\t\t\t<\/div>\n\n\t\n\n\t<div id=\"col-594747466\" class=\"col medium-3 small-12 large-3\"  >\n\t\t\t\t<div class=\"col-inner text-center\"  >\n\t\t\t\n\t\t\t\n\n\n\t\t<div class=\"icon-box featured-box icon-box-top text-left\"  >\n\t\t\t\t\t<div class=\"icon-box-img\" style=\"width: 109px\">\n\t\t\t\t<div class=\"icon\">\n\t\t\t\t\t<div class=\"icon-inner\" >\n\t\t\t\t\t\t<img loading=\"lazy\" decoding=\"async\" width=\"300\" height=\"109\" src=\"https:\/\/mind-treats.com\/wp-content\/uploads\/2023\/05\/onlineuberweisen-302x110-1-300x109.png\" class=\"attachment-medium size-medium\" alt=\"\" srcset=\"https:\/\/mind-treats.com\/wp-content\/uploads\/2023\/05\/onlineuberweisen-302x110-1-300x109.png 300w, https:\/\/mind-treats.com\/wp-content\/uploads\/2023\/05\/onlineuberweisen-302x110-1.png 302w\" sizes=\"auto, (max-width: 300px) 100vw, 300px\" \/>\t\t\t\t\t<\/div>\n\t\t\t\t<\/div>\n\t\t\t<\/div>\n\t\t\t\t<div class=\"icon-box-text last-reset\">\n\t\t\t\t\t\t\t\t\t\n\n\t<div id=\"text-936835893\" class=\"text\">\n\t\t\n\n<h3><span data-text-color=\"primary\">Online \u00dcberweisen<\/span><\/h3>\n\t\t\n<style>\n#text-936835893 {\n  text-align: center;\n}\n<\/style>\n\t<\/div>\n\t\n\n\t\t<\/div>\n\t<\/div>\n\t\n\t\n\n\t\t<\/div>\n\t\t\t\t\t<\/div>\n\n\t\n\n\t<div id=\"col-1694178890\" class=\"col medium-3 small-12 large-3\"  >\n\t\t\t\t<div class=\"col-inner text-center\"  >\n\t\t\t\n\t\t\t\n\n\n\t\t<div class=\"icon-box featured-box icon-box-top text-left\"  >\n\t\t\t\t\t<div class=\"icon-box-img\" style=\"width: 109px\">\n\t\t\t\t<div class=\"icon\">\n\t\t\t\t\t<div class=\"icon-inner\" >\n\t\t\t\t\t\t<img loading=\"lazy\" decoding=\"async\" width=\"300\" height=\"115\" src=\"https:\/\/mind-treats.com\/wp-content\/uploads\/2023\/05\/przelewy24-logo-300x115.png\" class=\"attachment-medium size-medium\" alt=\"\" srcset=\"https:\/\/mind-treats.com\/wp-content\/uploads\/2023\/05\/przelewy24-logo-300x115.png 300w, https:\/\/mind-treats.com\/wp-content\/uploads\/2023\/05\/przelewy24-logo-600x231.png 600w, https:\/\/mind-treats.com\/wp-content\/uploads\/2023\/05\/przelewy24-logo.png 650w\" sizes=\"auto, (max-width: 300px) 100vw, 300px\" \/>\t\t\t\t\t<\/div>\n\t\t\t\t<\/div>\n\t\t\t<\/div>\n\t\t\t\t<div class=\"icon-box-text last-reset\">\n\t\t\t\t\t\t\t\t\t\n\n\t<div id=\"text-310956152\" class=\"text\">\n\t\t\n\n<h3><span data-text-color=\"primary\">Przelewy24<\/span><\/h3>\n\t\t\n<style>\n#text-310956152 {\n  text-align: center;\n}\n<\/style>\n\t<\/div>\n\t\n\n\t\t<\/div>\n\t<\/div>\n\t\n\t\n\n\t\t<\/div>\n\t\t\t\t\t<\/div>\n\n\t\n\n\t<div id=\"col-1073450737\" class=\"col hide-for-medium medium-3 small-12 large-3\"  >\n\t\t\t\t<div class=\"col-inner text-center\"  >\n\t\t\t\n\t\t\t\n\n\n\t\t<\/div>\n\t\t\t\t\t<\/div>\n\n\t\n\n<\/div>\n\t<div id=\"gap-337945742\" class=\"gap-element clearfix\" style=\"display:block; height:auto;\">\n\t\t\n<style>\n#gap-337945742 {\n  padding-top: 66px;\n}\n<\/style>\n\t<\/div>\n\t\n\n<h2>Versand<\/h2>\n<p>Wir liefern nur innerhalb der EU, mit Ausnahme der Kanarischen Inseln, Finnland und Malta. Alle Pakete werden mit PostNL versandt.<br \/>Wir versenden nicht in L\u00e4nder au\u00dferhalb der EU oder in \u00dcbersee-L\u00e4nder, einschlie\u00dflich Nordirland, Norwegen, der Schweiz und dem Vereinigten K\u00f6nigreich.<\/p>\n<div class=\"row align-bottom\"  id=\"row-1148861455\">\n\n\n\t<div id=\"col-812679074\" class=\"col medium-8 small-12 large-8\"  >\n\t\t\t\t<div class=\"col-inner\"  >\n\t\t\t\n\t\t\t\n\n<h3>Versandkosten innerhalb der Niederlande<\/h3>\n<p>Alle Bestellungen werden von PostNL mit Sendungsverfolgung geliefert.<br \/>Die Versandkosten innerhalb der Niederlande betragen 6,95\u20ac.<\/p>\n<p><b>Bestellungen ab 55 \u20ac erhalten kostenlosen Versand!<\/b><\/p>\n\n\t\t<\/div>\n\t\t\t\t\t<\/div>\n\n\t\n\n\t<div id=\"col-410068730\" class=\"col medium-3 small-12 large-3\"  >\n\t\t\t\t<div class=\"col-inner text-left\"  >\n\t\t\t\n\t\t\t\n\n\t<div class=\"img has-hover x md-x lg-x y md-y lg-y\" id=\"image_1278732465\">\n\t\t\t\t\t\t\t\t<div class=\"img-inner dark\" >\n\t\t\t<img loading=\"lazy\" decoding=\"async\" width=\"300\" height=\"193\" src=\"https:\/\/mind-treats.com\/wp-content\/uploads\/2023\/05\/PostNL_Web_512px-300x193.jpg\" class=\"attachment-medium size-medium\" alt=\"\" srcset=\"https:\/\/mind-treats.com\/wp-content\/uploads\/2023\/05\/PostNL_Web_512px-300x193.jpg 300w, https:\/\/mind-treats.com\/wp-content\/uploads\/2023\/05\/PostNL_Web_512px-600x385.jpg 600w, https:\/\/mind-treats.com\/wp-content\/uploads\/2023\/05\/PostNL_Web_512px-768x493.jpg 768w, https:\/\/mind-treats.com\/wp-content\/uploads\/2023\/05\/PostNL_Web_512px.jpg 797w\" sizes=\"auto, (max-width: 300px) 100vw, 300px\" \/>\t\t\t\t\t\t\n\t\t\t\t\t<\/div>\n\t\t\t\t\t\t\t\t\n<style>\n#image_1278732465 {\n  width: 61%;\n}\n<\/style>\n\t<\/div>\n\t\n\n\n\t\t<\/div>\n\t\t\t\t\t<\/div>\n\n\t\n\n\n<style>\n#row-1148861455 > .col > .col-inner {\n  padding: 27px 0px 0px 0px;\n}\n<\/style>\n<\/div>\n<div class=\"row align-middle\"  id=\"row-1495217259\">\n\n\n\t<div id=\"col-1488353385\" class=\"col medium-2 small-12 large-2\"  >\n\t\t\t\t<div class=\"col-inner text-center\"  >\n\t\t\t\n\t\t\t\n\n\t<div class=\"img has-hover x md-x lg-x y md-y lg-y\" id=\"image_1275910241\">\n\t\t\t\t\t\t\t\t<div class=\"img-inner dark\" >\n\t\t\t<img loading=\"lazy\" decoding=\"async\" width=\"261\" height=\"300\" src=\"https:\/\/mind-treats.com\/wp-content\/uploads\/2023\/05\/postal-g8ba6bf7a5_640-261x300.png\" class=\"attachment-medium size-medium\" alt=\"\" srcset=\"https:\/\/mind-treats.com\/wp-content\/uploads\/2023\/05\/postal-g8ba6bf7a5_640-261x300.png 261w, https:\/\/mind-treats.com\/wp-content\/uploads\/2023\/05\/postal-g8ba6bf7a5_640-300x345.png 300w, https:\/\/mind-treats.com\/wp-content\/uploads\/2023\/05\/postal-g8ba6bf7a5_640.png 557w\" sizes=\"auto, (max-width: 261px) 100vw, 261px\" \/>\t\t\t\t\t\t\n\t\t\t\t\t<\/div>\n\t\t\t\t\t\t\t\t\n<style>\n#image_1275910241 {\n  width: 62%;\n}\n<\/style>\n\t<\/div>\n\t\n\n\n\t\t<\/div>\n\t\t\t\t\t<\/div>\n\n\t\n\n\t<div id=\"col-302614142\" class=\"col medium-9 small-12 large-9\"  >\n\t\t\t\t<div class=\"col-inner\"  >\n\t\t\t\n\t\t\t\n\n<h3>Versandkosten innerhalb der EU<\/h3>\n<p>Alle Bestellungen innerhalb der EU werden als Pakete versandt und von deinem \u00f6rtlichen Postdienst zugestellt. Du kannst <a href=\"https:\/\/jouw.postnl.nl\/track-and-trace\/?pst=sp-pnl-nav-ontv-ql1-track-and-trace\" target=\"_blank\" rel=\"noopener\">dein Paket \u00fcber PostNL verfolgen\u00a0<\/a>oder \u00fcber den\u00a0Link, den du in deiner E-Mail erh\u00e4ltst, nachdem deine Bestellung versandt wurde.\u00a0Wir versenden nur in die L\u00e4nder, die in der Liste beim Bestellabschluss aufgef\u00fchrt sind. Die Versandkosten variieren von Land zu Land und werden an der Kasse berechnet.\u00a0<\/p>\n<p><b>Bestellungen ab 149 \u20ac erhalten kostenlosen Versand!<\/b><\/p>\n\n\t\t<\/div>\n\t\t\t\t\t<\/div>\n\n\t\n\n<\/div>\n\t<div id=\"gap-2064954797\" class=\"gap-element clearfix\" style=\"display:block; height:auto;\">\n\t\t\n<style>\n#gap-2064954797 {\n  padding-top: 66px;\n}\n<\/style>\n\t<\/div>\n\t\n\n<h2>R\u00fcckgabe und R\u00fccksendung<\/h2>\n<p class=\"sc-bBHHxi fhourC pf-216_\" tabindex=\"0\" spellcheck=\"false\" data-pf-type=\"Paragraph3\">Wenn Produkte besch\u00e4digt bei dir ankommen (kaputtes Siegel, etc&#8230;) oder das Produkt nicht deinen Erwartungen entspricht, kannst du es innerhalb von 14 Tagen unge\u00f6ffnet und unbenutzt zur\u00fcckgeben. Die Versandkosten gehen zu Lasten des Kunden.<\/p>\n<p class=\"sc-bBHHxi fhourC pf-218_\" tabindex=\"0\" spellcheck=\"false\" data-pf-type=\"Paragraph3\">Verderbliche Produkte wie Magische Tr\u00fcffel (oder Grow-Kits) k\u00f6nnen jedoch nicht zur\u00fcckgegeben werden, da sie nicht mehr verkauft werden k\u00f6nnen und daher entsorgt werden m\u00fcssten. Diese Produkte haben eine sehr begrenzte Haltbarkeit und sind empfindlich gegen\u00fcber Licht und Temperaturen au\u00dferhalb des K\u00fchlschranks.<\/p>\n\n\n\t\t<\/div>\n\t\t\t\t\t<\/div>\n\n\t\n\n<\/div>\n\n","protected":false},"excerpt":{"rendered":"","protected":false},"author":1,"featured_media":0,"parent":0,"menu_order":0,"comment_status":"closed","ping_status":"closed","template":"","meta":{"footnotes":""},"class_list":["post-2537","page","type-page","status-publish","hentry"],"yoast_head":"<!-- This site is optimized with the Yoast SEO plugin v26.4 - https:\/\/yoast.com\/wordpress\/plugins\/seo\/ -->\n<title>Zahlung und Versand | Mind-treats<\/title>\n<meta name=\"description\" content=\"\u2714\ufe0f Authentische Mikrodosierwerkzeuge \u2714\ufe0f Bezahlen mit iDeal, Sofort, Giropay und mehr \u2714\ufe0f Schneller und diskreter Versand \u2714\ufe0f Kostenloser Versand innerhalb Europas\" \/>\n<meta name=\"robots\" content=\"index, follow, max-snippet:-1, max-image-preview:large, max-video-preview:-1\" \/>\n<link rel=\"canonical\" href=\"https:\/\/mind-treats.com\/de\/zahlung-und-versand\/\" \/>\n<meta property=\"og:locale\" content=\"de_DE\" \/>\n<meta property=\"og:type\" content=\"article\" \/>\n<meta property=\"og:title\" content=\"Zahlung und Versand | Mind-treats\" \/>\n<meta property=\"og:description\" content=\"\u2714\ufe0f Authentische Mikrodosierwerkzeuge \u2714\ufe0f Bezahlen mit iDeal, Sofort, Giropay und mehr \u2714\ufe0f Schneller und diskreter Versand \u2714\ufe0f Kostenloser Versand innerhalb Europas\" \/>\n<meta property=\"og:url\" content=\"https:\/\/mind-treats.com\/de\/zahlung-und-versand\/\" \/>\n<meta property=\"og:site_name\" content=\"Mind-treats\" \/>\n<meta property=\"article:publisher\" content=\"https:\/\/www.facebook.com\/mind.treats.microdosing\" \/>\n<meta property=\"article:modified_time\" content=\"2024-01-09T18:14:30+00:00\" \/>\n<meta name=\"twitter:card\" content=\"summary_large_image\" \/>\n<meta name=\"twitter:label1\" content=\"Gesch\u00e4tzte Lesezeit\" \/>\n\t<meta name=\"twitter:data1\" content=\"3\u00a0Minuten\" \/>\n<script type=\"application\/ld+json\" class=\"yoast-schema-graph\">{\"@context\":\"https:\/\/schema.org\",\"@graph\":[{\"@type\":\"WebPage\",\"@id\":\"https:\/\/mind-treats.com\/de\/zahlung-und-versand\/\",\"url\":\"https:\/\/mind-treats.com\/de\/zahlung-und-versand\/\",\"name\":\"Zahlung und Versand | Mind-treats\",\"isPartOf\":{\"@id\":\"https:\/\/mind-treats.com\/de\/#website\"},\"datePublished\":\"2023-05-04T06:29:19+00:00\",\"dateModified\":\"2024-01-09T18:14:30+00:00\",\"description\":\"\u2714\ufe0f Authentische Mikrodosierwerkzeuge \u2714\ufe0f Bezahlen mit iDeal, Sofort, Giropay und mehr \u2714\ufe0f Schneller und diskreter Versand \u2714\ufe0f Kostenloser Versand innerhalb Europas\",\"breadcrumb\":{\"@id\":\"https:\/\/mind-treats.com\/de\/zahlung-und-versand\/#breadcrumb\"},\"inLanguage\":\"de\",\"potentialAction\":[{\"@type\":\"ReadAction\",\"target\":[\"https:\/\/mind-treats.com\/de\/zahlung-und-versand\/\"]}]},{\"@type\":\"BreadcrumbList\",\"@id\":\"https:\/\/mind-treats.com\/de\/zahlung-und-versand\/#breadcrumb\",\"itemListElement\":[{\"@type\":\"ListItem\",\"position\":1,\"name\":\"Startseite\",\"item\":\"https:\/\/mind-treats.com\/de\/\"},{\"@type\":\"ListItem\",\"position\":2,\"name\":\"Zahlung und Versand\"}]},{\"@type\":\"WebSite\",\"@id\":\"https:\/\/mind-treats.com\/de\/#website\",\"url\":\"https:\/\/mind-treats.com\/de\/\",\"name\":\"Mind-treats\",\"description\":\"Treat yourself smart!\",\"publisher\":{\"@id\":\"https:\/\/mind-treats.com\/de\/#organization\"},\"alternateName\":\"Mind treats\",\"potentialAction\":[{\"@type\":\"SearchAction\",\"target\":{\"@type\":\"EntryPoint\",\"urlTemplate\":\"https:\/\/mind-treats.com\/de\/?s={search_term_string}\"},\"query-input\":{\"@type\":\"PropertyValueSpecification\",\"valueRequired\":true,\"valueName\":\"search_term_string\"}}],\"inLanguage\":\"de\"},{\"@type\":\"Organization\",\"@id\":\"https:\/\/mind-treats.com\/de\/#organization\",\"name\":\"Mind treats Microdosing\",\"alternateName\":\"Mind treats\",\"url\":\"https:\/\/mind-treats.com\/de\/\",\"logo\":{\"@type\":\"ImageObject\",\"inLanguage\":\"de\",\"@id\":\"https:\/\/mind-treats.com\/de\/#\/schema\/logo\/image\/\",\"url\":\"https:\/\/mind-treats.com\/wp-content\/uploads\/2023\/08\/mind-treats-logo_round.png\",\"contentUrl\":\"https:\/\/mind-treats.com\/wp-content\/uploads\/2023\/08\/mind-treats-logo_round.png\",\"width\":494,\"height\":494,\"caption\":\"Mind treats Microdosing\"},\"image\":{\"@id\":\"https:\/\/mind-treats.com\/de\/#\/schema\/logo\/image\/\"},\"sameAs\":[\"https:\/\/www.facebook.com\/mind.treats.microdosing\",\"https:\/\/www.instagram.com\/mind.treats\/\"]}]}<\/script>\n<!-- \/ Yoast SEO plugin. -->","yoast_head_json":{"title":"Zahlung und Versand | Mind-treats","description":"\u2714\ufe0f Authentische Mikrodosierwerkzeuge \u2714\ufe0f Bezahlen mit iDeal, Sofort, Giropay und mehr \u2714\ufe0f Schneller und diskreter Versand \u2714\ufe0f Kostenloser Versand innerhalb Europas","robots":{"index":"index","follow":"follow","max-snippet":"max-snippet:-1","max-image-preview":"max-image-preview:large","max-video-preview":"max-video-preview:-1"},"canonical":"https:\/\/mind-treats.com\/de\/zahlung-und-versand\/","og_locale":"de_DE","og_type":"article","og_title":"Zahlung und Versand | Mind-treats","og_description":"\u2714\ufe0f Authentische Mikrodosierwerkzeuge \u2714\ufe0f Bezahlen mit iDeal, Sofort, Giropay und mehr \u2714\ufe0f Schneller und diskreter Versand \u2714\ufe0f Kostenloser Versand innerhalb Europas","og_url":"https:\/\/mind-treats.com\/de\/zahlung-und-versand\/","og_site_name":"Mind-treats","article_publisher":"https:\/\/www.facebook.com\/mind.treats.microdosing","article_modified_time":"2024-01-09T18:14:30+00:00","twitter_card":"summary_large_image","twitter_misc":{"Gesch\u00e4tzte Lesezeit":"3\u00a0Minuten"},"schema":{"@context":"https:\/\/schema.org","@graph":[{"@type":"WebPage","@id":"https:\/\/mind-treats.com\/de\/zahlung-und-versand\/","url":"https:\/\/mind-treats.com\/de\/zahlung-und-versand\/","name":"Zahlung und Versand | Mind-treats","isPartOf":{"@id":"https:\/\/mind-treats.com\/de\/#website"},"datePublished":"2023-05-04T06:29:19+00:00","dateModified":"2024-01-09T18:14:30+00:00","description":"\u2714\ufe0f Authentische Mikrodosierwerkzeuge \u2714\ufe0f Bezahlen mit iDeal, Sofort, Giropay und mehr \u2714\ufe0f Schneller und diskreter Versand \u2714\ufe0f Kostenloser Versand innerhalb Europas","breadcrumb":{"@id":"https:\/\/mind-treats.com\/de\/zahlung-und-versand\/#breadcrumb"},"inLanguage":"de","potentialAction":[{"@type":"ReadAction","target":["https:\/\/mind-treats.com\/de\/zahlung-und-versand\/"]}]},{"@type":"BreadcrumbList","@id":"https:\/\/mind-treats.com\/de\/zahlung-und-versand\/#breadcrumb","itemListElement":[{"@type":"ListItem","position":1,"name":"Startseite","item":"https:\/\/mind-treats.com\/de\/"},{"@type":"ListItem","position":2,"name":"Zahlung und Versand"}]},{"@type":"WebSite","@id":"https:\/\/mind-treats.com\/de\/#website","url":"https:\/\/mind-treats.com\/de\/","name":"Mind-treats","description":"Treat yourself smart!","publisher":{"@id":"https:\/\/mind-treats.com\/de\/#organization"},"alternateName":"Mind treats","potentialAction":[{"@type":"SearchAction","target":{"@type":"EntryPoint","urlTemplate":"https:\/\/mind-treats.com\/de\/?s={search_term_string}"},"query-input":{"@type":"PropertyValueSpecification","valueRequired":true,"valueName":"search_term_string"}}],"inLanguage":"de"},{"@type":"Organization","@id":"https:\/\/mind-treats.com\/de\/#organization","name":"Mind treats Microdosing","alternateName":"Mind treats","url":"https:\/\/mind-treats.com\/de\/","logo":{"@type":"ImageObject","inLanguage":"de","@id":"https:\/\/mind-treats.com\/de\/#\/schema\/logo\/image\/","url":"https:\/\/mind-treats.com\/wp-content\/uploads\/2023\/08\/mind-treats-logo_round.png","contentUrl":"https:\/\/mind-treats.com\/wp-content\/uploads\/2023\/08\/mind-treats-logo_round.png","width":494,"height":494,"caption":"Mind treats Microdosing"},"image":{"@id":"https:\/\/mind-treats.com\/de\/#\/schema\/logo\/image\/"},"sameAs":["https:\/\/www.facebook.com\/mind.treats.microdosing","https:\/\/www.instagram.com\/mind.treats\/"]}]}},"_links":{"self":[{"href":"https:\/\/mind-treats.com\/de\/wp-json\/wp\/v2\/pages\/2537","targetHints":{"allow":["GET"]}}],"collection":[{"href":"https:\/\/mind-treats.com\/de\/wp-json\/wp\/v2\/pages"}],"about":[{"href":"https:\/\/mind-treats.com\/de\/wp-json\/wp\/v2\/types\/page"}],"author":[{"embeddable":true,"href":"https:\/\/mind-treats.com\/de\/wp-json\/wp\/v2\/users\/1"}],"replies":[{"embeddable":true,"href":"https:\/\/mind-treats.com\/de\/wp-json\/wp\/v2\/comments?post=2537"}],"version-history":[{"count":8,"href":"https:\/\/mind-treats.com\/de\/wp-json\/wp\/v2\/pages\/2537\/revisions"}],"predecessor-version":[{"id":5889,"href":"https:\/\/mind-treats.com\/de\/wp-json\/wp\/v2\/pages\/2537\/revisions\/5889"}],"wp:attachment":[{"href":"https:\/\/mind-treats.com\/de\/wp-json\/wp\/v2\/media?parent=2537"}],"curies":[{"name":"wp","href":"https:\/\/api.w.org\/{rel}","templated":true}]}}