{"id":2520,"date":"2023-05-04T08:29:36","date_gmt":"2023-05-04T06:29:36","guid":{"rendered":"https:\/\/mind-treats.com\/disclaimer-german\/"},"modified":"2023-10-06T15:38:17","modified_gmt":"2023-10-06T13:38:17","slug":"haftungsausschluss","status":"publish","type":"page","link":"https:\/\/mind-treats.com\/de\/haftungsausschluss\/","title":{"rendered":"Haftungsausschluss"},"content":{"rendered":"\n\n\t<section class=\"section\" id=\"section_884578514\">\n\t\t<div class=\"section-bg fill\" >\n\t\t\t\t\t\t\t\t\t\n\t\t\t\n\n\t\t<\/div>\n\n\t\t\n\n\t\t<div class=\"section-content relative\">\n\t\t\t\n\n<div class=\"row\"  id=\"row-1341338485\">\n\n\n\t<div id=\"col-873706602\" class=\"col small-12 large-12\"  >\n\t\t\t\t<div class=\"col-inner\"  >\n\t\t\t\n\t\t\t\n\n\t<div id=\"text-1171266669\" class=\"text\">\n\t\t\n\n<h2>Haftungsausschluss<\/h2>\n\t\t\n<style>\n#text-1171266669 {\n  font-size: 1.5rem;\n  text-align: center;\n}\n<\/style>\n\t<\/div>\n\t\n<p class=\"sc-bBHHxi fhourC pf-8_\" tabindex=\"0\" spellcheck=\"false\" data-pf-type=\"Paragraph3\">Diese Website wird von Mind-treats betrieben. Im gesamten Internetangebot beziehen sich die Begriffe &#8222;wir&#8220;, &#8222;uns&#8220; und &#8222;unser&#8220; auf Mind-treats.<\/p>\n<p class=\"sc-bBHHxi fhourC pf-10_\" tabindex=\"0\" spellcheck=\"false\" data-pf-type=\"Paragraph3\">Die auf Mind-treats (und den damit verbundenen Plattformen und Kommunikationskan\u00e4len) bereitgestellten Informationen dienen ausschlie\u00dflich zu Informations- und Bildungszwecken und garantieren keine G\u00fcltigkeit, Rechtm\u00e4\u00dfigkeit, Genauigkeit oder Richtigkeit. Mind-treats stellt Ressourcen f\u00fcr Erwachsene (ab 18 Jahren) bereit, die sich aus eigener Initiative und Verantwortung f\u00fcr das Mikrodosieren entschieden haben. Du handelst daher auf eigenes Risiko. <\/p>\n<p>Mind-treats bietet keine medizinische Beratung, medizinische Dienstleistungen oder medizinische Empfehlungen an. Du handelst daher vollst\u00e4ndig auf eigenes Risiko. Die Mikrodosierung ersetzt keine medizinische Hilfe oder angemessene Behandlung. Bei physiologischen oder psychologischen Beschwerden wende dich bitte an einen geeigneten Fachmann f\u00fcr eine medizinische Untersuchung und Behandlung. <\/p>\n<div class=\"row align-middle\"  id=\"row-254228501\">\n\n\n\t<div id=\"col-857380150\" class=\"col medium-3 small-12 large-3\"  >\n\t\t\t\t<div class=\"col-inner\"  >\n\t\t\t\n\t\t\t\n\n\t<div class=\"img has-hover x md-x lg-x y md-y lg-y\" id=\"image_2071594831\">\n\t\t\t\t\t\t\t\t<div class=\"img-inner image-cover dark\" style=\"padding-top:110%;\">\n\t\t\t<img loading=\"lazy\" decoding=\"async\" width=\"1020\" height=\"680\" src=\"https:\/\/mind-treats.com\/wp-content\/uploads\/2023\/05\/tingeyinjurylawfirmdzpc4uy8ztyunsplash-1676379849072-1024x683.webp\" class=\"attachment-large size-large\" alt=\"\" srcset=\"https:\/\/mind-treats.com\/wp-content\/uploads\/2023\/05\/tingeyinjurylawfirmdzpc4uy8ztyunsplash-1676379849072-1024x683.webp 1024w, https:\/\/mind-treats.com\/wp-content\/uploads\/2023\/05\/tingeyinjurylawfirmdzpc4uy8ztyunsplash-1676379849072-300x200.webp 300w, https:\/\/mind-treats.com\/wp-content\/uploads\/2023\/05\/tingeyinjurylawfirmdzpc4uy8ztyunsplash-1676379849072-scaled-1000x667.webp 1000w, https:\/\/mind-treats.com\/wp-content\/uploads\/2023\/05\/tingeyinjurylawfirmdzpc4uy8ztyunsplash-1676379849072-768x512.webp 768w, https:\/\/mind-treats.com\/wp-content\/uploads\/2023\/05\/tingeyinjurylawfirmdzpc4uy8ztyunsplash-1676379849072-1536x1024.webp 1536w, https:\/\/mind-treats.com\/wp-content\/uploads\/2023\/05\/tingeyinjurylawfirmdzpc4uy8ztyunsplash-1676379849072-2048x1365.webp 2048w\" sizes=\"auto, (max-width: 1020px) 100vw, 1020px\" \/>\t\t\t\t\t\t\n\t\t\t\t\t<\/div>\n\t\t\t\t\t\t\t\t\n<style>\n#image_2071594831 {\n  width: 100%;\n}\n<\/style>\n\t<\/div>\n\t\n\n\n\t\t<\/div>\n\t\t\t\t\t<\/div>\n\n\t\n\n\t<div id=\"col-162773697\" class=\"col medium-9 small-12 large-9\"  >\n\t\t\t\t<div class=\"col-inner\"  >\n\t\t\t\n\t\t\t\n\n<p>Der Verkauf und die Verwendung von frischen Sklerotien (&#8222;Magische Tr\u00fcffel&#8220;) ist in den Niederlanden legal. Es ist f\u00fcr den Freizeit- und Versuchsgebrauch sowie f\u00fcr Sitzungen (z. B. psychedelische Retreats) erlaubt. Die Verarbeitung von Sklerotien ist jedoch nicht erlaubt, was das Trocknen, Verkapseln, Extrahieren, usw. einschlie\u00dft&#8230; . Die Verarbeitung von Sklerotien wird daher f\u00fcr kommerzielle und private Zwecke als illegal angesehen. Magic Mushrooms sind verboten, Werkzeuge f\u00fcr den Anbau (Grow-Kits) sind jedoch erlaubt. Bitte beachte, dass Anbaus\u00e4tze in einigen europ\u00e4ischen L\u00e4ndern nicht erlaubt sind. Es liegt in deiner Verantwortung, sich \u00fcber den rechtlichen Status in deinem Land bzw. in dem Land, in das du deinPaket liefern lassen m\u00f6chten, zu informieren. <\/p>\n<p><br>Aufgrund der rechtlichen Situation in den Niederlanden kann Mind-treats nicht f\u00fcr illegale Handlungen oder f\u00fcr den Besitz illegaler Substanzen verantwortlich gemacht werden. <\/p>\n<p>Wir verf\u00fcgen nicht \u00fcber die Ressourcen, um rechtliche Beratung f\u00fcr jedes Land bereitzustellen. Daher liegt es in deiner vollen Verantwortung, den rechtlichen Status in deinem Land zu \u00fcberpr\u00fcfen, und du \u00fcbernimmst die volle Haftung f\u00fcr m\u00f6gliche Konsequenzen (rechtliche, physische, emotionale oder existenzielle), die aus bereitgestellten Informationsinhalten oder Produkten entstehen k\u00f6nnten. Weder das Unternehmen noch die Mitarbeiter des Unternehmens k\u00f6nnen f\u00fcr die Handlungen des Kunden (oder die sich daraus ergebenden Konsequenzen) verantwortlich gemacht werden. Wir tolerieren keine verbotenen Aktivit\u00e4ten. Daher behalten wir uns das Recht vor, dir den Zugang zu unseren Plattformen zu verweigern oder dich zu sperren, wenn der Verdacht auf Missbrauch oder illegale Aktivit\u00e4ten besteht. <\/p>\n\n\t\t<\/div>\n\t\t\t\t\t<\/div>\n\n\t\n\n<\/div>\n<div class=\"row\"  id=\"row-254592045\">\n\n\n\t<div id=\"col-2032521183\" class=\"col small-12 large-12\"  >\n\t\t\t\t<div class=\"col-inner\"  >\n\t\t\t\n\t\t\t\n\n<p>Psilocybin und Psilocin gelten als &#8222;Schedule 1&#8220; im Opiumgesetz, was die Fragilit\u00e4t der rechtlichen Situation betont, die sich jederzeit zum Besseren oder Schlechteren \u00e4ndern kann. Es liegt in deiner vollen Verantwortung, die rechtliche Situation in deinem Land zu recherchieren und seine Gesetze nicht zu \u00fcbertreten. Es wird empfohlen, sich \u00fcber den Gebrauch von Psilocybin oder anderen psychedelischen Substanzen gut zu informieren und vorsichtig zu sein. Wir sehen es als unsere Pflicht an, faktenbasierte Informationen bereitzustellen, und wir tun unser Bestes, um die Wissenschaft und Erfahrung f\u00fcr die angebotenen Werkzeuge zu teilen. Wir hoffen, dass die bereitgestellten Informationen die schwierige rechtliche Situation ausreichend klargestellt und deine Verantwortung in dieser Angelegenheit betont haben. <\/p>\n\n\t\t<\/div>\n\t\t\t\t\t<\/div>\n\n\t\n\n<\/div>\n\n\t\t<\/div>\n\t\t\t\t\t<\/div>\n\n\t\n\n<\/div>\n\n\t\t<\/div>\n\n\t\t\n<style>\n#section_884578514 {\n  padding-top: 30px;\n  padding-bottom: 30px;\n}\n<\/style>\n\t<\/section>\n\t\n\n","protected":false},"excerpt":{"rendered":"","protected":false},"author":1,"featured_media":0,"parent":0,"menu_order":0,"comment_status":"closed","ping_status":"closed","template":"","meta":{"footnotes":""},"class_list":["post-2520","page","type-page","status-publish","hentry"],"yoast_head":"<!-- This site is optimized with the Yoast SEO plugin v26.4 - https:\/\/yoast.com\/wordpress\/plugins\/seo\/ -->\n<title>Haftungsausschluss | Mind-treats<\/title>\n<meta name=\"robots\" content=\"index, follow, max-snippet:-1, max-image-preview:large, max-video-preview:-1\" \/>\n<link rel=\"canonical\" href=\"https:\/\/mind-treats.com\/de\/haftungsausschluss\/\" \/>\n<meta property=\"og:locale\" content=\"de_DE\" \/>\n<meta property=\"og:type\" content=\"article\" \/>\n<meta property=\"og:title\" content=\"Haftungsausschluss | Mind-treats\" \/>\n<meta property=\"og:url\" content=\"https:\/\/mind-treats.com\/de\/haftungsausschluss\/\" \/>\n<meta property=\"og:site_name\" content=\"Mind-treats\" \/>\n<meta property=\"article:publisher\" content=\"https:\/\/www.facebook.com\/mind.treats.microdosing\" \/>\n<meta property=\"article:modified_time\" content=\"2023-10-06T13:38:17+00:00\" \/>\n<meta name=\"twitter:card\" content=\"summary_large_image\" \/>\n<meta name=\"twitter:label1\" content=\"Gesch\u00e4tzte Lesezeit\" \/>\n\t<meta name=\"twitter:data1\" content=\"3\u00a0Minuten\" \/>\n<script type=\"application\/ld+json\" class=\"yoast-schema-graph\">{\"@context\":\"https:\/\/schema.org\",\"@graph\":[{\"@type\":\"WebPage\",\"@id\":\"https:\/\/mind-treats.com\/de\/haftungsausschluss\/\",\"url\":\"https:\/\/mind-treats.com\/de\/haftungsausschluss\/\",\"name\":\"Haftungsausschluss | Mind-treats\",\"isPartOf\":{\"@id\":\"https:\/\/mind-treats.com\/de\/#website\"},\"datePublished\":\"2023-05-04T06:29:36+00:00\",\"dateModified\":\"2023-10-06T13:38:17+00:00\",\"breadcrumb\":{\"@id\":\"https:\/\/mind-treats.com\/de\/haftungsausschluss\/#breadcrumb\"},\"inLanguage\":\"de\",\"potentialAction\":[{\"@type\":\"ReadAction\",\"target\":[\"https:\/\/mind-treats.com\/de\/haftungsausschluss\/\"]}]},{\"@type\":\"BreadcrumbList\",\"@id\":\"https:\/\/mind-treats.com\/de\/haftungsausschluss\/#breadcrumb\",\"itemListElement\":[{\"@type\":\"ListItem\",\"position\":1,\"name\":\"Startseite\",\"item\":\"https:\/\/mind-treats.com\/de\/\"},{\"@type\":\"ListItem\",\"position\":2,\"name\":\"Haftungsausschluss\"}]},{\"@type\":\"WebSite\",\"@id\":\"https:\/\/mind-treats.com\/de\/#website\",\"url\":\"https:\/\/mind-treats.com\/de\/\",\"name\":\"Mind-treats\",\"description\":\"Treat yourself smart!\",\"publisher\":{\"@id\":\"https:\/\/mind-treats.com\/de\/#organization\"},\"alternateName\":\"Mind treats\",\"potentialAction\":[{\"@type\":\"SearchAction\",\"target\":{\"@type\":\"EntryPoint\",\"urlTemplate\":\"https:\/\/mind-treats.com\/de\/?s={search_term_string}\"},\"query-input\":{\"@type\":\"PropertyValueSpecification\",\"valueRequired\":true,\"valueName\":\"search_term_string\"}}],\"inLanguage\":\"de\"},{\"@type\":\"Organization\",\"@id\":\"https:\/\/mind-treats.com\/de\/#organization\",\"name\":\"Mind treats Microdosing\",\"alternateName\":\"Mind treats\",\"url\":\"https:\/\/mind-treats.com\/de\/\",\"logo\":{\"@type\":\"ImageObject\",\"inLanguage\":\"de\",\"@id\":\"https:\/\/mind-treats.com\/de\/#\/schema\/logo\/image\/\",\"url\":\"https:\/\/mind-treats.com\/wp-content\/uploads\/2023\/08\/mind-treats-logo_round.png\",\"contentUrl\":\"https:\/\/mind-treats.com\/wp-content\/uploads\/2023\/08\/mind-treats-logo_round.png\",\"width\":494,\"height\":494,\"caption\":\"Mind treats Microdosing\"},\"image\":{\"@id\":\"https:\/\/mind-treats.com\/de\/#\/schema\/logo\/image\/\"},\"sameAs\":[\"https:\/\/www.facebook.com\/mind.treats.microdosing\",\"https:\/\/www.instagram.com\/mind.treats\/\"]}]}<\/script>\n<!-- \/ Yoast SEO plugin. -->","yoast_head_json":{"title":"Haftungsausschluss | Mind-treats","robots":{"index":"index","follow":"follow","max-snippet":"max-snippet:-1","max-image-preview":"max-image-preview:large","max-video-preview":"max-video-preview:-1"},"canonical":"https:\/\/mind-treats.com\/de\/haftungsausschluss\/","og_locale":"de_DE","og_type":"article","og_title":"Haftungsausschluss | Mind-treats","og_url":"https:\/\/mind-treats.com\/de\/haftungsausschluss\/","og_site_name":"Mind-treats","article_publisher":"https:\/\/www.facebook.com\/mind.treats.microdosing","article_modified_time":"2023-10-06T13:38:17+00:00","twitter_card":"summary_large_image","twitter_misc":{"Gesch\u00e4tzte Lesezeit":"3\u00a0Minuten"},"schema":{"@context":"https:\/\/schema.org","@graph":[{"@type":"WebPage","@id":"https:\/\/mind-treats.com\/de\/haftungsausschluss\/","url":"https:\/\/mind-treats.com\/de\/haftungsausschluss\/","name":"Haftungsausschluss | Mind-treats","isPartOf":{"@id":"https:\/\/mind-treats.com\/de\/#website"},"datePublished":"2023-05-04T06:29:36+00:00","dateModified":"2023-10-06T13:38:17+00:00","breadcrumb":{"@id":"https:\/\/mind-treats.com\/de\/haftungsausschluss\/#breadcrumb"},"inLanguage":"de","potentialAction":[{"@type":"ReadAction","target":["https:\/\/mind-treats.com\/de\/haftungsausschluss\/"]}]},{"@type":"BreadcrumbList","@id":"https:\/\/mind-treats.com\/de\/haftungsausschluss\/#breadcrumb","itemListElement":[{"@type":"ListItem","position":1,"name":"Startseite","item":"https:\/\/mind-treats.com\/de\/"},{"@type":"ListItem","position":2,"name":"Haftungsausschluss"}]},{"@type":"WebSite","@id":"https:\/\/mind-treats.com\/de\/#website","url":"https:\/\/mind-treats.com\/de\/","name":"Mind-treats","description":"Treat yourself smart!","publisher":{"@id":"https:\/\/mind-treats.com\/de\/#organization"},"alternateName":"Mind treats","potentialAction":[{"@type":"SearchAction","target":{"@type":"EntryPoint","urlTemplate":"https:\/\/mind-treats.com\/de\/?s={search_term_string}"},"query-input":{"@type":"PropertyValueSpecification","valueRequired":true,"valueName":"search_term_string"}}],"inLanguage":"de"},{"@type":"Organization","@id":"https:\/\/mind-treats.com\/de\/#organization","name":"Mind treats Microdosing","alternateName":"Mind treats","url":"https:\/\/mind-treats.com\/de\/","logo":{"@type":"ImageObject","inLanguage":"de","@id":"https:\/\/mind-treats.com\/de\/#\/schema\/logo\/image\/","url":"https:\/\/mind-treats.com\/wp-content\/uploads\/2023\/08\/mind-treats-logo_round.png","contentUrl":"https:\/\/mind-treats.com\/wp-content\/uploads\/2023\/08\/mind-treats-logo_round.png","width":494,"height":494,"caption":"Mind treats Microdosing"},"image":{"@id":"https:\/\/mind-treats.com\/de\/#\/schema\/logo\/image\/"},"sameAs":["https:\/\/www.facebook.com\/mind.treats.microdosing","https:\/\/www.instagram.com\/mind.treats\/"]}]}},"_links":{"self":[{"href":"https:\/\/mind-treats.com\/de\/wp-json\/wp\/v2\/pages\/2520","targetHints":{"allow":["GET"]}}],"collection":[{"href":"https:\/\/mind-treats.com\/de\/wp-json\/wp\/v2\/pages"}],"about":[{"href":"https:\/\/mind-treats.com\/de\/wp-json\/wp\/v2\/types\/page"}],"author":[{"embeddable":true,"href":"https:\/\/mind-treats.com\/de\/wp-json\/wp\/v2\/users\/1"}],"replies":[{"embeddable":true,"href":"https:\/\/mind-treats.com\/de\/wp-json\/wp\/v2\/comments?post=2520"}],"version-history":[{"count":13,"href":"https:\/\/mind-treats.com\/de\/wp-json\/wp\/v2\/pages\/2520\/revisions"}],"predecessor-version":[{"id":3933,"href":"https:\/\/mind-treats.com\/de\/wp-json\/wp\/v2\/pages\/2520\/revisions\/3933"}],"wp:attachment":[{"href":"https:\/\/mind-treats.com\/de\/wp-json\/wp\/v2\/media?parent=2520"}],"curies":[{"name":"wp","href":"https:\/\/api.w.org\/{rel}","templated":true}]}}