{"id":2512,"date":"2023-05-04T08:31:01","date_gmt":"2023-05-04T06:31:01","guid":{"rendered":"https:\/\/mind-treats.com\/contact-us-german\/"},"modified":"2025-11-11T10:58:51","modified_gmt":"2025-11-11T09:58:51","slug":"kontaktiere-uns","status":"publish","type":"page","link":"https:\/\/mind-treats.com\/de\/kontaktiere-uns\/","title":{"rendered":"Kontaktiere uns"},"content":{"rendered":"\n\n\t<section class=\"section\" id=\"section_2109088325\">\n\t\t<div class=\"section-bg fill\" >\n\t\t\t\t\t\t\t\t\t\n\t\t\t\n\n\t\t<\/div>\n\n\t\t\n\n\t\t<div class=\"section-content relative\">\n\t\t\t\n\n<div class=\"row\"  id=\"row-1142953401\">\n\n\n\t<div id=\"col-136785506\" class=\"col small-12 large-12\"  >\n\t\t\t\t<div class=\"col-inner\"  >\n\t\t\t\n\t\t\t\n\n<div class=\"row\"  id=\"row-475209500\">\n\n\n\t<div id=\"col-434161049\" class=\"col small-12 large-12\"  >\n\t\t\t\t<div class=\"col-inner\"  >\n\t\t\t\n\t\t\t\n\n\t<div id=\"text-1353031485\" class=\"text\">\n\t\t\n\n<h2>Kontaktiere uns<\/h2>\n\t\t\n<style>\n#text-1353031485 {\n  font-size: 1.5rem;\n  text-align: center;\n}\n<\/style>\n\t<\/div>\n\t\n\t<div id=\"text-201886970\" class=\"text\">\n\t\t\n\n<h3 class=\"sc-gSQFLo LTMAb pf-6_\" data-pf-type=\"Heading\"><span class=\"sc-dSfdvi hbFSvJ pf-8_\" data-pf-type=\"Text\">Hast du eine Frage,<\/span> <span class=\"sc-dSfdvi hbFSvJ pf-8_\" data-pf-type=\"Text\">eine Geschichte,<\/span> <span class=\"sc-dSfdvi hbFSvJ pf-8_\" data-pf-type=\"Text\">ein Lob, eine Beschwerde oder einen Vorschlag? <br> Wir h\u00f6ren gerne, was du zu sagen hast!<\/span><\/h3>\n<p class=\"sc-cLpAjG emERXo pf-9_\" data-pf-type=\"Paragraph\"><span class=\"sc-dSfdvi hbFSvJ pf-11_\" data-pf-type=\"Text\">*Wenn du eine Frage hast, lies dir bitte zuerst unsere <a href=\"https:\/\/mind-treats.com\/de\/faqs\/\">FAQs<\/a> durch. M\u00f6glicherweise ist deine Frage bereits dort beantwortet.<\/span><\/p>\n\t\t\n<style>\n#text-201886970 {\n  text-align: center;\n  color: rgb(0, 0, 0);\n}\n#text-201886970 > * {\n  color: rgb(0, 0, 0);\n}\n<\/style>\n\t<\/div>\n\t\n\n\t\t<\/div>\n\t\t\t\t\t<\/div>\n\n\t\n\n<\/div>\n<div class=\"row align-equal\"  id=\"row-1912674119\">\n\n\n\t<div id=\"col-2121928668\" class=\"col medium-4 small-12 large-4\"  >\n\t\t\t\t<div class=\"col-inner\"  >\n\t\t\t\n\t\t\t\n\n\t<div class=\"img has-hover x md-x lg-x y md-y lg-y\" id=\"image_762008112\">\n\t\t\t\t\t\t\t\t<div class=\"img-inner dark\" >\n\t\t\t<img loading=\"lazy\" decoding=\"async\" width=\"1009\" height=\"1024\" src=\"https:\/\/mind-treats.com\/wp-content\/uploads\/2023\/05\/mushroom-web-1-e1683199576755-1009x1024.jpg\" class=\"attachment-large size-large\" alt=\"\" srcset=\"https:\/\/mind-treats.com\/wp-content\/uploads\/2023\/05\/mushroom-web-1-e1683199576755-1009x1024.jpg 1009w, https:\/\/mind-treats.com\/wp-content\/uploads\/2023\/05\/mushroom-web-1-e1683199576755-300x304.jpg 300w, https:\/\/mind-treats.com\/wp-content\/uploads\/2023\/05\/mushroom-web-1-e1683199576755-100x100.jpg 100w, https:\/\/mind-treats.com\/wp-content\/uploads\/2023\/05\/mushroom-web-1-e1683199576755-1000x1015.jpg 1000w, https:\/\/mind-treats.com\/wp-content\/uploads\/2023\/05\/mushroom-web-1-e1683199576755-296x300.jpg 296w, https:\/\/mind-treats.com\/wp-content\/uploads\/2023\/05\/mushroom-web-1-e1683199576755-768x779.jpg 768w, https:\/\/mind-treats.com\/wp-content\/uploads\/2023\/05\/mushroom-web-1-e1683199576755-1513x1536.jpg 1513w, https:\/\/mind-treats.com\/wp-content\/uploads\/2023\/05\/mushroom-web-1-e1683199576755.jpg 1675w\" sizes=\"auto, (max-width: 1009px) 100vw, 1009px\" \/>\t\t\t\t\t\t\n\t\t\t\t\t<\/div>\n\t\t\t\t\t\t\t\t\n<style>\n#image_762008112 {\n  width: 100%;\n}\n<\/style>\n\t<\/div>\n\t\n\n<p>M\u00f6chtest du deine pers\u00f6nliche Geschichte teilen? Anstatt des Kontaktformulars sende uns bitte eine E-Mail an <a href=\"mailto:office@mind-treats.com\">office@mind-treats.com<\/a>.<\/p>\n\n\t\t<\/div>\n\t\t\t\t\t<\/div>\n\n\t\n\n\t<div id=\"col-2131765020\" class=\"col medium-8 small-12 large-8\"  >\n\t\t\t\t<div class=\"col-inner\"  >\n\t\t\t\n\t\t\t\n\n\n<div class=\"wpcf7 no-js\" id=\"wpcf7-f2533-o1\" lang=\"de-DE\" dir=\"ltr\" data-wpcf7-id=\"2533\">\n<div class=\"screen-reader-response\"><p role=\"status\" aria-live=\"polite\" aria-atomic=\"true\"><\/p> <ul><\/ul><\/div>\n<form action=\"\/de\/wp-json\/wp\/v2\/pages\/2512#wpcf7-f2533-o1\" method=\"post\" class=\"wpcf7-form init\" aria-label=\"Kontaktformular\" novalidate=\"novalidate\" data-status=\"init\">\n<fieldset class=\"hidden-fields-container\"><input type=\"hidden\" name=\"_wpcf7\" value=\"2533\" \/><input type=\"hidden\" name=\"_wpcf7_version\" value=\"6.1.5\" \/><input type=\"hidden\" name=\"_wpcf7_locale\" value=\"de_DE\" \/><input type=\"hidden\" name=\"_wpcf7_unit_tag\" value=\"wpcf7-f2533-o1\" \/><input type=\"hidden\" name=\"_wpcf7_container_post\" value=\"0\" \/><input type=\"hidden\" name=\"_wpcf7_posted_data_hash\" value=\"\" \/><input type=\"hidden\" name=\"_wpcf7cf_hidden_group_fields\" value=\"[]\" \/><input type=\"hidden\" name=\"_wpcf7cf_hidden_groups\" value=\"[]\" \/><input type=\"hidden\" name=\"_wpcf7cf_visible_groups\" value=\"[]\" \/><input type=\"hidden\" name=\"_wpcf7cf_repeaters\" value=\"[]\" \/><input type=\"hidden\" name=\"_wpcf7cf_steps\" value=\"{}\" \/><input type=\"hidden\" name=\"_wpcf7cf_options\" value=\"{&quot;form_id&quot;:2533,&quot;conditions&quot;:[],&quot;settings&quot;:{&quot;animation&quot;:&quot;yes&quot;,&quot;animation_intime&quot;:200,&quot;animation_outtime&quot;:200,&quot;conditions_ui&quot;:&quot;normal&quot;,&quot;notice_dismissed&quot;:false}}\" \/>\n<\/fieldset>\n<p><label> Dein Name<br \/>\n<span class=\"wpcf7-form-control-wrap\" data-name=\"your-name\"><input size=\"40\" maxlength=\"400\" class=\"wpcf7-form-control wpcf7-text wpcf7-validates-as-required\" autocomplete=\"name\" aria-required=\"true\" aria-invalid=\"false\" value=\"\" type=\"text\" name=\"your-name\" \/><\/span> <\/label>\n<\/p>\n<p><label> Deine Email<br \/>\n<span class=\"wpcf7-form-control-wrap\" data-name=\"your-email\"><input size=\"40\" maxlength=\"400\" class=\"wpcf7-form-control wpcf7-email wpcf7-validates-as-required wpcf7-text wpcf7-validates-as-email\" autocomplete=\"email\" aria-required=\"true\" aria-invalid=\"false\" value=\"\" type=\"email\" name=\"your-email\" \/><\/span> <\/label>\n<\/p>\n<p><label> Betreff<br \/>\n<span class=\"wpcf7-form-control-wrap\" data-name=\"your-subject\"><input size=\"40\" maxlength=\"400\" class=\"wpcf7-form-control wpcf7-text wpcf7-validates-as-required\" aria-required=\"true\" aria-invalid=\"false\" value=\"\" type=\"text\" name=\"your-subject\" \/><\/span> <\/label>\n<\/p>\n<p><label> Deine Nachricht<br \/>\n<span class=\"wpcf7-form-control-wrap\" data-name=\"your-message\"><textarea cols=\"40\" rows=\"10\" maxlength=\"2000\" class=\"wpcf7-form-control wpcf7-textarea wpcf7-validates-as-required\" aria-required=\"true\" aria-invalid=\"false\" name=\"your-message\"><\/textarea><\/span> <\/label>\n<\/p>\n<p><div class=\"cf7-cf-turnstile\" style=\"margin-top: 0px; margin-bottom: -15px;\"> <div id=\"cf-turnstile-cf7-2110498730\" class=\"cf-turnstile\" data-callback=\"turnstileCF7Callback\" data-sitekey=\"0x4AAAAAAAVfbJkDgw6NbIK_\" data-theme=\"light\" data-language=\"auto\" data-size=\"\" data-retry=\"auto\" data-retry-interval=\"1000\" data-refresh-expired=\"auto\" data-action=\"contact-form-7\" data-appearance=\"interaction-only\"><\/div> <style>.wpcf7-submit { pointer-events: none; opacity: 0.5; }<\/style> <script>document.addEventListener(\"DOMContentLoaded\", function() { setTimeout(function(){ var e=document.getElementById(\"cf-turnstile-cf7-2110498730\"); e&&!e.innerHTML.trim()&&(turnstile.remove(\"#cf-turnstile-cf7-2110498730\"), turnstile.render(\"#cf-turnstile-cf7-2110498730\", {sitekey:\"0x4AAAAAAAVfbJkDgw6NbIK_\"})); }, 100); });<\/script> <style>#cf-turnstile-cf7-2110498730 iframe { margin-bottom: 15px; }<\/style> <style>#cf-turnstile-cf7-2110498730 { margin-left: -15px; }<\/style> <script>document.addEventListener(\"DOMContentLoaded\",function(){document.querySelectorAll('.wpcf7-form').forEach(function(e){e.addEventListener('submit',function(){if(document.getElementById('cf-turnstile-cf7-2110498730')){setTimeout(function(){turnstile.reset('#cf-turnstile-cf7-2110498730');},1000)}})})});<\/script> <\/div><br\/><input class=\"wpcf7-form-control wpcf7-submit has-spinner\" type=\"submit\" value=\"Senden\" \/>\n<\/p><div class=\"wpcf7-response-output\" aria-hidden=\"true\"><\/div>\n<\/form>\n<\/div>\n\n\n\n\t\t<\/div>\n\t\t\t\t\n<style>\n#col-2131765020 > .col-inner {\n  padding: 0px 0px 0px 33px;\n}\n<\/style>\n\t<\/div>\n\n\t\n\n<\/div>\n<p>Du kannst uns per E-Mail unter <a href=\"mailto:office@mind-treats.com\">office@mind-treats.com<\/a>\u00a0kontaktieren oder sende eine WhatsApp Nachricht an +31 (0) 629 814817 und wir antworten innerhalb von 24 Stunden.<\/p>\n\n\t\t<\/div>\n\t\t\t\t\t<\/div>\n\n\t\n\n<\/div>\n\n\t\t<\/div>\n\n\t\t\n<style>\n#section_2109088325 {\n  padding-top: 30px;\n  padding-bottom: 30px;\n}\n<\/style>\n\t<\/section>\n\t\n\n","protected":false},"excerpt":{"rendered":"","protected":false},"author":1,"featured_media":0,"parent":0,"menu_order":0,"comment_status":"closed","ping_status":"closed","template":"","meta":{"footnotes":""},"class_list":["post-2512","page","type-page","status-publish","hentry"],"yoast_head":"<!-- This site is optimized with the Yoast SEO plugin v26.4 - https:\/\/yoast.com\/wordpress\/plugins\/seo\/ -->\n<title>Kontaktiere uns | Mind-treats<\/title>\n<meta name=\"description\" content=\"Hast du Fragen, W\u00fcnsche oder Anregungen? Wir h\u00f6ren gerne von dir! Kontaktiere Mind treats \u00fcber das Kontaktformular oder Email.\" \/>\n<meta name=\"robots\" content=\"noindex, follow\" \/>\n<meta property=\"og:locale\" content=\"de_DE\" \/>\n<meta property=\"og:type\" content=\"article\" \/>\n<meta property=\"og:title\" content=\"Kontaktiere uns | Mind-treats\" \/>\n<meta property=\"og:description\" content=\"Hast du Fragen, W\u00fcnsche oder Anregungen? Wir h\u00f6ren gerne von dir! Kontaktiere Mind treats \u00fcber das Kontaktformular oder Email.\" \/>\n<meta property=\"og:url\" content=\"https:\/\/mind-treats.com\/de\/kontaktiere-uns\/\" \/>\n<meta property=\"og:site_name\" content=\"Mind-treats\" \/>\n<meta property=\"article:publisher\" content=\"https:\/\/www.facebook.com\/mind.treats.microdosing\" \/>\n<meta property=\"article:modified_time\" content=\"2025-11-11T09:58:51+00:00\" \/>\n<meta name=\"twitter:card\" content=\"summary_large_image\" \/>\n<meta name=\"twitter:label1\" content=\"Gesch\u00e4tzte Lesezeit\" \/>\n\t<meta name=\"twitter:data1\" content=\"1\u00a0Minute\" \/>\n<script type=\"application\/ld+json\" class=\"yoast-schema-graph\">{\"@context\":\"https:\/\/schema.org\",\"@graph\":[{\"@type\":[\"WebPage\",\"ContactPage\"],\"@id\":\"https:\/\/mind-treats.com\/de\/kontaktiere-uns\/\",\"url\":\"https:\/\/mind-treats.com\/de\/kontaktiere-uns\/\",\"name\":\"Kontaktiere uns | Mind-treats\",\"isPartOf\":{\"@id\":\"https:\/\/mind-treats.com\/de\/#website\"},\"datePublished\":\"2023-05-04T06:31:01+00:00\",\"dateModified\":\"2025-11-11T09:58:51+00:00\",\"description\":\"Hast du Fragen, W\u00fcnsche oder Anregungen? Wir h\u00f6ren gerne von dir! Kontaktiere Mind treats \u00fcber das Kontaktformular oder Email.\",\"breadcrumb\":{\"@id\":\"https:\/\/mind-treats.com\/de\/kontaktiere-uns\/#breadcrumb\"},\"inLanguage\":\"de\",\"potentialAction\":[{\"@type\":\"ReadAction\",\"target\":[\"https:\/\/mind-treats.com\/de\/kontaktiere-uns\/\"]}]},{\"@type\":\"BreadcrumbList\",\"@id\":\"https:\/\/mind-treats.com\/de\/kontaktiere-uns\/#breadcrumb\",\"itemListElement\":[{\"@type\":\"ListItem\",\"position\":1,\"name\":\"Startseite\",\"item\":\"https:\/\/mind-treats.com\/de\/\"},{\"@type\":\"ListItem\",\"position\":2,\"name\":\"Kontaktiere uns\"}]},{\"@type\":\"WebSite\",\"@id\":\"https:\/\/mind-treats.com\/de\/#website\",\"url\":\"https:\/\/mind-treats.com\/de\/\",\"name\":\"Mind-treats\",\"description\":\"Treat yourself smart!\",\"publisher\":{\"@id\":\"https:\/\/mind-treats.com\/de\/#organization\"},\"alternateName\":\"Mind treats\",\"potentialAction\":[{\"@type\":\"SearchAction\",\"target\":{\"@type\":\"EntryPoint\",\"urlTemplate\":\"https:\/\/mind-treats.com\/de\/?s={search_term_string}\"},\"query-input\":{\"@type\":\"PropertyValueSpecification\",\"valueRequired\":true,\"valueName\":\"search_term_string\"}}],\"inLanguage\":\"de\"},{\"@type\":\"Organization\",\"@id\":\"https:\/\/mind-treats.com\/de\/#organization\",\"name\":\"Mind treats Microdosing\",\"alternateName\":\"Mind treats\",\"url\":\"https:\/\/mind-treats.com\/de\/\",\"logo\":{\"@type\":\"ImageObject\",\"inLanguage\":\"de\",\"@id\":\"https:\/\/mind-treats.com\/de\/#\/schema\/logo\/image\/\",\"url\":\"https:\/\/mind-treats.com\/wp-content\/uploads\/2023\/08\/mind-treats-logo_round.png\",\"contentUrl\":\"https:\/\/mind-treats.com\/wp-content\/uploads\/2023\/08\/mind-treats-logo_round.png\",\"width\":494,\"height\":494,\"caption\":\"Mind treats Microdosing\"},\"image\":{\"@id\":\"https:\/\/mind-treats.com\/de\/#\/schema\/logo\/image\/\"},\"sameAs\":[\"https:\/\/www.facebook.com\/mind.treats.microdosing\",\"https:\/\/www.instagram.com\/mind.treats\/\"]}]}<\/script>\n<!-- \/ Yoast SEO plugin. -->","yoast_head_json":{"title":"Kontaktiere uns | Mind-treats","description":"Hast du Fragen, W\u00fcnsche oder Anregungen? Wir h\u00f6ren gerne von dir! Kontaktiere Mind treats \u00fcber das Kontaktformular oder Email.","robots":{"index":"noindex","follow":"follow"},"og_locale":"de_DE","og_type":"article","og_title":"Kontaktiere uns | Mind-treats","og_description":"Hast du Fragen, W\u00fcnsche oder Anregungen? Wir h\u00f6ren gerne von dir! Kontaktiere Mind treats \u00fcber das Kontaktformular oder Email.","og_url":"https:\/\/mind-treats.com\/de\/kontaktiere-uns\/","og_site_name":"Mind-treats","article_publisher":"https:\/\/www.facebook.com\/mind.treats.microdosing","article_modified_time":"2025-11-11T09:58:51+00:00","twitter_card":"summary_large_image","twitter_misc":{"Gesch\u00e4tzte Lesezeit":"1\u00a0Minute"},"schema":{"@context":"https:\/\/schema.org","@graph":[{"@type":["WebPage","ContactPage"],"@id":"https:\/\/mind-treats.com\/de\/kontaktiere-uns\/","url":"https:\/\/mind-treats.com\/de\/kontaktiere-uns\/","name":"Kontaktiere uns | Mind-treats","isPartOf":{"@id":"https:\/\/mind-treats.com\/de\/#website"},"datePublished":"2023-05-04T06:31:01+00:00","dateModified":"2025-11-11T09:58:51+00:00","description":"Hast du Fragen, W\u00fcnsche oder Anregungen? Wir h\u00f6ren gerne von dir! Kontaktiere Mind treats \u00fcber das Kontaktformular oder Email.","breadcrumb":{"@id":"https:\/\/mind-treats.com\/de\/kontaktiere-uns\/#breadcrumb"},"inLanguage":"de","potentialAction":[{"@type":"ReadAction","target":["https:\/\/mind-treats.com\/de\/kontaktiere-uns\/"]}]},{"@type":"BreadcrumbList","@id":"https:\/\/mind-treats.com\/de\/kontaktiere-uns\/#breadcrumb","itemListElement":[{"@type":"ListItem","position":1,"name":"Startseite","item":"https:\/\/mind-treats.com\/de\/"},{"@type":"ListItem","position":2,"name":"Kontaktiere uns"}]},{"@type":"WebSite","@id":"https:\/\/mind-treats.com\/de\/#website","url":"https:\/\/mind-treats.com\/de\/","name":"Mind-treats","description":"Treat yourself smart!","publisher":{"@id":"https:\/\/mind-treats.com\/de\/#organization"},"alternateName":"Mind treats","potentialAction":[{"@type":"SearchAction","target":{"@type":"EntryPoint","urlTemplate":"https:\/\/mind-treats.com\/de\/?s={search_term_string}"},"query-input":{"@type":"PropertyValueSpecification","valueRequired":true,"valueName":"search_term_string"}}],"inLanguage":"de"},{"@type":"Organization","@id":"https:\/\/mind-treats.com\/de\/#organization","name":"Mind treats Microdosing","alternateName":"Mind treats","url":"https:\/\/mind-treats.com\/de\/","logo":{"@type":"ImageObject","inLanguage":"de","@id":"https:\/\/mind-treats.com\/de\/#\/schema\/logo\/image\/","url":"https:\/\/mind-treats.com\/wp-content\/uploads\/2023\/08\/mind-treats-logo_round.png","contentUrl":"https:\/\/mind-treats.com\/wp-content\/uploads\/2023\/08\/mind-treats-logo_round.png","width":494,"height":494,"caption":"Mind treats Microdosing"},"image":{"@id":"https:\/\/mind-treats.com\/de\/#\/schema\/logo\/image\/"},"sameAs":["https:\/\/www.facebook.com\/mind.treats.microdosing","https:\/\/www.instagram.com\/mind.treats\/"]}]}},"_links":{"self":[{"href":"https:\/\/mind-treats.com\/de\/wp-json\/wp\/v2\/pages\/2512","targetHints":{"allow":["GET"]}}],"collection":[{"href":"https:\/\/mind-treats.com\/de\/wp-json\/wp\/v2\/pages"}],"about":[{"href":"https:\/\/mind-treats.com\/de\/wp-json\/wp\/v2\/types\/page"}],"author":[{"embeddable":true,"href":"https:\/\/mind-treats.com\/de\/wp-json\/wp\/v2\/users\/1"}],"replies":[{"embeddable":true,"href":"https:\/\/mind-treats.com\/de\/wp-json\/wp\/v2\/comments?post=2512"}],"version-history":[{"count":22,"href":"https:\/\/mind-treats.com\/de\/wp-json\/wp\/v2\/pages\/2512\/revisions"}],"predecessor-version":[{"id":7576,"href":"https:\/\/mind-treats.com\/de\/wp-json\/wp\/v2\/pages\/2512\/revisions\/7576"}],"wp:attachment":[{"href":"https:\/\/mind-treats.com\/de\/wp-json\/wp\/v2\/media?parent=2512"}],"curies":[{"name":"wp","href":"https:\/\/api.w.org\/{rel}","templated":true}]}}